{"id":157,"date":"2021-01-19T22:41:34","date_gmt":"2021-01-19T21:41:34","guid":{"rendered":"https:\/\/semmelweis.hu\/dok\/?page_id=157"},"modified":"2024-02-28T11:31:46","modified_gmt":"2024-02-28T10:31:46","slug":"irj-nekunk","status":"publish","type":"page","link":"https:\/\/semmelweis.hu\/dok\/elerhetosegeink\/irj-nekunk\/","title":{"rendered":"\u00cdrj nek\u00fcnk!"},"content":{"rendered":"<p>\u00cdrj nek\u00fcnk a<strong><a href=\"https:\/\/m.me\/semmelweisdok\"> Messengeren\u00a0<\/a> vagy az al\u00e1bbi formon kereszt\u00fcl!<\/strong><\/p>\n\n<div class=\"wpcf7 no-js\" id=\"wpcf7-f167-o1\" lang=\"hu-HU\" dir=\"ltr\" data-wpcf7-id=\"167\">\n<div class=\"screen-reader-response\"><p role=\"status\" aria-live=\"polite\" aria-atomic=\"true\"><\/p> <ul><\/ul><\/div>\n<form action=\"\/dok\/wp-json\/wp\/v2\/pages\/157#wpcf7-f167-o1\" method=\"post\" class=\"wpcf7-form init\" aria-label=\"Kapcsolatfelv\u00e9teli \u0171rlap\" enctype=\"multipart\/form-data\" novalidate=\"novalidate\" data-status=\"init\">\n<div style=\"display: none;\">\n<input type=\"hidden\" name=\"_wpcf7\" value=\"167\" \/>\n<input type=\"hidden\" name=\"_wpcf7_version\" value=\"6.0.5\" \/>\n<input type=\"hidden\" name=\"_wpcf7_locale\" value=\"hu_HU\" \/>\n<input type=\"hidden\" name=\"_wpcf7_unit_tag\" value=\"wpcf7-f167-o1\" \/>\n<input type=\"hidden\" name=\"_wpcf7_container_post\" value=\"0\" \/>\n<input type=\"hidden\" name=\"_wpcf7_posted_data_hash\" value=\"\" \/>\n<input type=\"hidden\" name=\"_wpcf7_recaptcha_response\" value=\"\" \/>\n<\/div>\n<p><label> *N\u00e9v (k\u00f6telez\u0151)<br \/>\n<span class=\"wpcf7-form-control-wrap\" data-name=\"your-name\"><input size=\"40\" maxlength=\"400\" class=\"wpcf7-form-control wpcf7-text wpcf7-validates-as-required\" aria-required=\"true\" aria-invalid=\"false\" value=\"\" type=\"text\" name=\"your-name\" \/><\/span> <\/label>\n<\/p>\n<p><label> NEPTUN-k\u00f3d:<br \/>\n<span class=\"wpcf7-form-control-wrap\" data-name=\"neptun\"><input size=\"40\" maxlength=\"400\" class=\"wpcf7-form-control wpcf7-text\" aria-invalid=\"false\" value=\"\" type=\"text\" name=\"neptun\" \/><\/span> <\/label>\n<\/p>\n<p><label> *E-mail c\u00edm (k\u00f6telez\u0151)<br \/>\n<span class=\"wpcf7-form-control-wrap\" data-name=\"your-email\"><input size=\"40\" maxlength=\"400\" class=\"wpcf7-form-control wpcf7-email wpcf7-validates-as-required wpcf7-text wpcf7-validates-as-email\" aria-required=\"true\" aria-invalid=\"false\" value=\"\" type=\"email\" name=\"your-email\" \/><\/span> <\/label>\n<\/p>\n<p><label> *Doktori Tagozat (k\u00f6telez\u0151) <\/label><br \/>\n<span class=\"wpcf7-form-control-wrap\" data-name=\"menu-DI\"><select class=\"wpcf7-form-control wpcf7-select wpcf7-validates-as-required\" aria-required=\"true\" aria-invalid=\"false\" name=\"menu-DI\"><option value=\"\">&#8212; K\u00e9rj\u00fck, v\u00e1lasszon egy opci\u00f3t &#8212;<\/option><option value=\"Sz\u00edv- \u00e9s \u00c9rgy\u00f3gy\u00e1szati Tagozat\">Sz\u00edv- \u00e9s \u00c9rgy\u00f3gy\u00e1szati Tagozat<\/option><option value=\"Elm\u00e9leti \u00e9s Transzl\u00e1ci\u00f3s Orvostudom\u00e1nyi Tagozat\">Elm\u00e9leti \u00e9s Transzl\u00e1ci\u00f3s Orvostudom\u00e1nyi Tagozat<\/option><option value=\"Fogorvostudom\u00e1nyi Tagozat\">Fogorvostudom\u00e1nyi Tagozat<\/option><option value=\"Operat\u00edv Orvostudom\u00e1nyi Tagozat\">Operat\u00edv Orvostudom\u00e1nyi Tagozat<\/option><option value=\"R\u00e1cz K\u00e1roly Konzervat\u00edv Orvostudom\u00e1nyi Tagozat\">R\u00e1cz K\u00e1roly Konzervat\u00edv Orvostudom\u00e1nyi Tagozat<\/option><option value=\"Gy\u00f3gyszertudom\u00e1nyok \u00e9s Eg\u00e9szs\u00e9g\u00fcgyi Technol\u00f3gi\u00e1k Tagozat\">Gy\u00f3gyszertudom\u00e1nyok \u00e9s Eg\u00e9szs\u00e9g\u00fcgyi Technol\u00f3gi\u00e1k Tagozat<\/option><option value=\"Ment\u00e1lis Eg\u00e9szs\u00e9gtudom\u00e1nyi Tagozat\">Ment\u00e1lis Eg\u00e9szs\u00e9gtudom\u00e1nyi Tagozat<\/option><option value=\"Eg\u00e9szs\u00e9gtudom\u00e1nyi Tagozat\">Eg\u00e9szs\u00e9gtudom\u00e1nyi Tagozat<\/option><option value=\"Szent\u00e1gothai J\u00e1nos Idegtudom\u00e1nyi Tagozat\">Szent\u00e1gothai J\u00e1nos Idegtudom\u00e1nyi Tagozat<\/option><option value=\"Molekul\u00e1ris Orvostudom\u00e1nyi Tagozat\">Molekul\u00e1ris Orvostudom\u00e1nyi Tagozat<\/option><option value=\"Patol\u00f3gia \u00e9s Onkol\u00f3gia Tagozat\">Patol\u00f3gia \u00e9s Onkol\u00f3gia Tagozat<\/option><\/select><\/span>\n<\/p>\n<p><label> *T\u00e1rgy (k\u00f6telez\u0151)<br \/>\n<span class=\"wpcf7-form-control-wrap\" data-name=\"your-subject\"><input size=\"40\" maxlength=\"400\" class=\"wpcf7-form-control wpcf7-text wpcf7-validates-as-required\" aria-required=\"true\" aria-invalid=\"false\" value=\"\" type=\"text\" name=\"your-subject\" \/><\/span> <\/label>\n<\/p>\n<p><label> *\u00dczenet (k\u00f6telez\u0151)<br \/>\n<span class=\"wpcf7-form-control-wrap\" data-name=\"your-message\"><textarea cols=\"40\" rows=\"10\" maxlength=\"2000\" class=\"wpcf7-form-control wpcf7-textarea wpcf7-validates-as-required\" aria-required=\"true\" aria-invalid=\"false\" name=\"your-message\"><\/textarea><\/span> <\/label>\n<\/p>\n<p><span class=\"wpcf7-form-control-wrap\" data-name=\"file-1\"><input size=\"40\" class=\"wpcf7-form-control wpcf7-file\" accept=\"audio\/*,video\/*,image\/*\" aria-invalid=\"false\" type=\"file\" name=\"file-1\" \/><\/span>\n<\/p>\n<p><input class=\"wpcf7-form-control wpcf7-submit has-spinner\" type=\"submit\" value=\"K\u00fcld\u00e9s\" \/>\n<\/p><div class=\"wpcf7-response-output\" aria-hidden=\"true\"><\/div>\n<\/form>\n<\/div>\n\n","protected":false},"excerpt":{"rendered":"<p>\u00cdrj nek\u00fcnk a<a href=\"https:\/\/m.me\/semmelweisdok\"> Messengeren\u00a0<\/a> vagy az al\u00e1bbi formon kereszt\u00fcl!<\/p>\n","protected":false},"author":101158,"featured_media":0,"parent":629,"menu_order":2,"comment_status":"closed","ping_status":"closed","template":"","meta":{"_acf_changed":false,"footnotes":""},"categories":[],"tags":[],"class_list":["post-157","page","type-page","status-publish","hentry"],"acf":[],"_links":{"self":[{"href":"https:\/\/semmelweis.hu\/dok\/wp-json\/wp\/v2\/pages\/157","targetHints":{"allow":["GET"]}}],"collection":[{"href":"https:\/\/semmelweis.hu\/dok\/wp-json\/wp\/v2\/pages"}],"about":[{"href":"https:\/\/semmelweis.hu\/dok\/wp-json\/wp\/v2\/types\/page"}],"author":[{"embeddable":true,"href":"https:\/\/semmelweis.hu\/dok\/wp-json\/wp\/v2\/users\/101158"}],"replies":[{"embeddable":true,"href":"https:\/\/semmelweis.hu\/dok\/wp-json\/wp\/v2\/comments?post=157"}],"version-history":[{"count":11,"href":"https:\/\/semmelweis.hu\/dok\/wp-json\/wp\/v2\/pages\/157\/revisions"}],"predecessor-version":[{"id":729,"href":"https:\/\/semmelweis.hu\/dok\/wp-json\/wp\/v2\/pages\/157\/revisions\/729"}],"up":[{"embeddable":true,"href":"https:\/\/semmelweis.hu\/dok\/wp-json\/wp\/v2\/pages\/629"}],"wp:attachment":[{"href":"https:\/\/semmelweis.hu\/dok\/wp-json\/wp\/v2\/media?parent=157"}],"wp:term":[{"taxonomy":"category","embeddable":true,"href":"https:\/\/semmelweis.hu\/dok\/wp-json\/wp\/v2\/categories?post=157"},{"taxonomy":"post_tag","embeddable":true,"href":"https:\/\/semmelweis.hu\/dok\/wp-json\/wp\/v2\/tags?post=157"}],"curies":[{"name":"wp","href":"https:\/\/api.w.org\/{rel}","templated":true}]}}