{"id":1290,"date":"2025-11-13T16:25:43","date_gmt":"2025-11-13T15:25:43","guid":{"rendered":"https:\/\/semmelweis.hu\/dok\/?page_id=1290"},"modified":"2025-11-29T22:12:56","modified_gmt":"2025-11-29T21:12:56","slug":"anonim-visszajelzo-felulet","status":"publish","type":"page","link":"https:\/\/semmelweis.hu\/dok\/elerhetosegeink\/anonim-visszajelzo-felulet\/","title":{"rendered":"Anonim visszajelz\u0151 fel\u00fclet"},"content":{"rendered":"<p>Ez a fel\u00fclet kiz\u00e1r\u00f3lag a Semmelweis Egyetem PhD-hallgat\u00f3i sz\u00e1m\u00e1ra k\u00e9sz\u00fclt anonim probl\u00e9ma-bejelent\u00e9sre.<br \/>A megosztott inform\u00e1ci\u00f3kat probl\u00e9m\u00e1k azonos\u00edt\u00e1s\u00e1ra \u00e9s a k\u00e9pz\u00e9s min\u0151s\u00e9g\u00e9nek jav\u00edt\u00e1s\u00e1ra haszn\u00e1ljuk fel.<br \/>A honlap \u00e1ltal t\u00e1rolt, bek\u00fcld\u00e9shez k\u00f6thet\u0151 napl\u00f3z\u00e1si adatokat a D\u00d6K harmadik f\u00e9l r\u00e9sz\u00e9re nem adja ki.<\/p>\n\n<div class=\"wpcf7 no-js\" id=\"wpcf7-f1291-o1\" lang=\"hu-HU\" dir=\"ltr\" data-wpcf7-id=\"1291\">\n<div class=\"screen-reader-response\"><p role=\"status\" aria-live=\"polite\" aria-atomic=\"true\"><\/p> <ul><\/ul><\/div>\n<form action=\"\/dok\/wp-json\/wp\/v2\/pages\/1290#wpcf7-f1291-o1\" method=\"post\" class=\"wpcf7-form init\" aria-label=\"Kapcsolatfelv\u00e9teli \u0171rlap\" novalidate=\"novalidate\" data-status=\"init\">\n<div style=\"display: none;\">\n<input type=\"hidden\" name=\"_wpcf7\" value=\"1291\" \/>\n<input type=\"hidden\" name=\"_wpcf7_version\" value=\"6.0.5\" \/>\n<input type=\"hidden\" name=\"_wpcf7_locale\" value=\"hu_HU\" \/>\n<input type=\"hidden\" name=\"_wpcf7_unit_tag\" value=\"wpcf7-f1291-o1\" \/>\n<input type=\"hidden\" name=\"_wpcf7_container_post\" value=\"0\" \/>\n<input type=\"hidden\" name=\"_wpcf7_posted_data_hash\" value=\"\" \/>\n<input type=\"hidden\" name=\"_wpcf7_recaptcha_response\" value=\"\" \/>\n<\/div>\n<p><label> Visszajelz\u00e9s t\u00e9m\u00e1ja* (k\u00f6telez\u0151)<br \/>\n<span class=\"wpcf7-form-control-wrap\" data-name=\"topic\"><select class=\"wpcf7-form-control wpcf7-select\" aria-invalid=\"false\" name=\"topic\"><option value=\"T\u00e9mavezet\u00e9s\/mentor\u00e1l\u00e1s\">T\u00e9mavezet\u00e9s\/mentor\u00e1l\u00e1s<\/option><option value=\"Er\u0151forr\u00e1sok \u00e9s infrastrukt\u00fara\">Er\u0151forr\u00e1sok \u00e9s infrastrukt\u00fara<\/option><option value=\"K\u00e9pz\u00e9s\/kurzusok\">K\u00e9pz\u00e9s\/kurzusok<\/option><option value=\"\u00c9rt\u00e9kel\u00e9s, b\u00edr\u00e1lat \u00e9s v\u00e9d\u00e9s\">\u00c9rt\u00e9kel\u00e9s, b\u00edr\u00e1lat \u00e9s v\u00e9d\u00e9s<\/option><option value=\"Finansz\u00edroz\u00e1s \u00e9s \u00f6szt\u00f6nd\u00edjak\">Finansz\u00edroz\u00e1s \u00e9s \u00f6szt\u00f6nd\u00edjak<\/option><option value=\"Kutat\u00e1si egy\u00fcttm\u0171k\u00f6d\u00e9s\/nemzetk\u00f6zi mobilit\u00e1s\">Kutat\u00e1si egy\u00fcttm\u0171k\u00f6d\u00e9s\/nemzetk\u00f6zi mobilit\u00e1s<\/option><option value=\"Publik\u00e1ci\u00f3s t\u00e1mogat\u00e1s\">Publik\u00e1ci\u00f3s t\u00e1mogat\u00e1s<\/option><option value=\"Adminisztrat\u00edv folyamatok\">Adminisztrat\u00edv folyamatok<\/option><option value=\"Etika\/kutat\u00e1sintegrit\u00e1s\">Etika\/kutat\u00e1sintegrit\u00e1s<\/option><option value=\"Ment\u00e1lis eg\u00e9szs\u00e9g\/munka-mag\u00e1n\u00e9let egyens\u00faly\">Ment\u00e1lis eg\u00e9szs\u00e9g\/munka-mag\u00e1n\u00e9let egyens\u00faly<\/option><option value=\"Zaklat\u00e1s\/diszkrimin\u00e1ci\u00f3\">Zaklat\u00e1s\/diszkrimin\u00e1ci\u00f3<\/option><option value=\"Egy\u00e9b\">Egy\u00e9b<\/option><\/select><\/span> <\/label>\n<\/p>\n<p><label> Visszajelz\u00e9s sz\u00f6vege* (k\u00f6telez\u0151)<br \/>\n<span class=\"wpcf7-form-control-wrap\" data-name=\"your-message\"><textarea cols=\"50\" rows=\"6\" maxlength=\"2000\" class=\"wpcf7-form-control wpcf7-textarea wpcf7-validates-as-required\" aria-required=\"true\" aria-invalid=\"false\" placeholder=\"\" name=\"your-message\"><\/textarea><\/span> <\/label>\n<\/p>\n<p><input class=\"wpcf7-form-control wpcf7-submit has-spinner\" type=\"submit\" value=\"Bek\u00fcld\u00e9s\" \/>\n<\/p><div class=\"wpcf7-response-output\" aria-hidden=\"true\"><\/div>\n<\/form>\n<\/div>\n\n","protected":false},"excerpt":{"rendered":"<p>Ez a fel\u00fclet kiz\u00e1r\u00f3lag a Semmelweis Egyetem PhD-hallgat\u00f3i sz\u00e1m\u00e1ra k\u00e9sz\u00fclt anonim probl\u00e9ma-bejelent\u00e9sre.A megosztott inform\u00e1ci\u00f3kat probl\u00e9m\u00e1k azonos\u00edt\u00e1s\u00e1ra \u00e9s a k\u00e9pz\u00e9s min\u0151s\u00e9g\u00e9nek jav\u00edt\u00e1s\u00e1ra haszn\u00e1ljuk fel.A honlap \u00e1ltal t\u00e1rolt, bek\u00fcld\u00e9shez k\u00f6thet\u0151 napl\u00f3z\u00e1si adatokat a D\u00d6K harmadik f\u00e9l r\u00e9sz\u00e9re nem adja ki.<\/p>\n","protected":false},"author":101798,"featured_media":0,"parent":629,"menu_order":0,"comment_status":"closed","ping_status":"closed","template":"","meta":{"_acf_changed":false,"footnotes":""},"categories":[],"tags":[],"class_list":["post-1290","page","type-page","status-publish","hentry"],"acf":[],"_links":{"self":[{"href":"https:\/\/semmelweis.hu\/dok\/wp-json\/wp\/v2\/pages\/1290","targetHints":{"allow":["GET"]}}],"collection":[{"href":"https:\/\/semmelweis.hu\/dok\/wp-json\/wp\/v2\/pages"}],"about":[{"href":"https:\/\/semmelweis.hu\/dok\/wp-json\/wp\/v2\/types\/page"}],"author":[{"embeddable":true,"href":"https:\/\/semmelweis.hu\/dok\/wp-json\/wp\/v2\/users\/101798"}],"replies":[{"embeddable":true,"href":"https:\/\/semmelweis.hu\/dok\/wp-json\/wp\/v2\/comments?post=1290"}],"version-history":[{"count":10,"href":"https:\/\/semmelweis.hu\/dok\/wp-json\/wp\/v2\/pages\/1290\/revisions"}],"predecessor-version":[{"id":1325,"href":"https:\/\/semmelweis.hu\/dok\/wp-json\/wp\/v2\/pages\/1290\/revisions\/1325"}],"up":[{"embeddable":true,"href":"https:\/\/semmelweis.hu\/dok\/wp-json\/wp\/v2\/pages\/629"}],"wp:attachment":[{"href":"https:\/\/semmelweis.hu\/dok\/wp-json\/wp\/v2\/media?parent=1290"}],"wp:term":[{"taxonomy":"category","embeddable":true,"href":"https:\/\/semmelweis.hu\/dok\/wp-json\/wp\/v2\/categories?post=1290"},{"taxonomy":"post_tag","embeddable":true,"href":"https:\/\/semmelweis.hu\/dok\/wp-json\/wp\/v2\/tags?post=1290"}],"curies":[{"name":"wp","href":"https:\/\/api.w.org\/{rel}","templated":true}]}}