{"id":1203,"date":"2025-08-29T11:50:46","date_gmt":"2025-08-29T09:50:46","guid":{"rendered":"https:\/\/semmelweis.hu\/dok\/?page_id=1203"},"modified":"2026-03-13T16:38:54","modified_gmt":"2026-03-13T15:38:54","slug":"valasztmanyi-tagvalasztas-2025-2026","status":"publish","type":"page","link":"https:\/\/semmelweis.hu\/dok\/valasztmanyi-tagvalasztas-2025-2026\/","title":{"rendered":"V\u00e1lasztm\u00e1nyi tagv\u00e1laszt\u00e1s 2025\/2026"},"content":{"rendered":"<h1 style=\"text-align: center\" data-start=\"213\" data-end=\"278\">v\u00e1lasztm\u00e1nyi tagv\u00e1laszt\u00e1s 2025\/2026<\/h1>\n<p>&nbsp;<\/p>\n<p style=\"text-align: center\"><span style=\"font-family: Montserrat\"><strong>Jel\u00f6ltek<\/strong><\/span><\/p>\n<table style=\"border-collapse: collapse;width: 100%;height: 753px\">\n<tbody>\n<tr style=\"height: 64px\">\n<td style=\"width: 49.9443%;height: 64px\" width=\"317\"><span style=\"font-family: Montserrat\">Elm\u00e9leti \u00e9s Transzl\u00e1ci\u00f3s Orvostudom\u00e1nyi Tagozat<\/span><\/td>\n<td style=\"width: 49.9443%;height: 64px\" width=\"170\"><a href=\"https:\/\/semmelweis.hu\/dok\/files\/2026\/01\/Jelololap-Sz-Attila.pdf\"><span style=\"font-family: Montserrat\">Dr. Szappanos Attila<\/span><\/a><\/td>\n<\/tr>\n<tr style=\"height: 33px\">\n<td style=\"width: 49.9443%;height: 33px\"><span style=\"font-family: Montserrat\">Eg\u00e9szs\u00e9gtudom\u00e1nyi Tagozat<\/span><\/td>\n<td style=\"width: 49.9443%;height: 33px\"><a href=\"https:\/\/semmelweis.hu\/dok\/files\/2026\/01\/Jelololap-KozakOrsolya.pdf\"><span style=\"font-family: Montserrat\">Koz\u00e1k Orsolya<\/span><\/a><\/td>\n<\/tr>\n<tr style=\"height: 33px\">\n<td style=\"width: 49.9443%;height: 33px\"><span style=\"font-family: Montserrat\">Fogorvostudom\u00e1nyi Tagozat<\/span><\/td>\n<td style=\"width: 49.9443%;height: 33px\"><a href=\"https:\/\/semmelweis.hu\/dok\/files\/2026\/01\/Jelololap_baloghjulia.pdf\"><span style=\"font-family: Montserrat\">Dr. Balogh J\u00falia Emma<\/span><\/a><\/td>\n<\/tr>\n<tr style=\"height: 33px\">\n<td style=\"width: 49.9443%;height: 33px\"><span style=\"font-family: Montserrat\">\u00a0<\/span><\/td>\n<td style=\"width: 49.9443%;height: 33px\"><a href=\"https:\/\/semmelweis.hu\/dok\/files\/2026\/01\/Jelololap_BorbolaDaniel_2025.pdf\"><span style=\"font-family: Montserrat\">Dr. Borbola D\u00e1niel J\u00f3zsef<\/span><\/a><\/td>\n<\/tr>\n<tr style=\"height: 33px\">\n<td style=\"width: 49.9443%;height: 33px\"><span style=\"font-family: Montserrat\">\u00a0<\/span><\/td>\n<td style=\"width: 49.9443%;height: 33px\"><a href=\"https:\/\/semmelweis.hu\/dok\/files\/2026\/01\/Jelololap_HKS.pdf\"><span style=\"font-family: Montserrat\">Dr. Haba Kata S\u00e1ra<\/span><\/a><\/td>\n<\/tr>\n<tr style=\"height: 33px\">\n<td style=\"width: 49.9443%;height: 33px\"><span style=\"font-family: Montserrat\">\u00a0<\/span><\/td>\n<td style=\"width: 49.9443%;height: 33px\"><a href=\"https:\/\/semmelweis.hu\/dok\/files\/2026\/01\/Dr_Keskeny_Gyorgy_Arpad_Jelololap.pdf\"><span style=\"font-family: Montserrat\">Dr. Keskeny Gy\u00f6rgy \u00c1rp\u00e1d<\/span><\/a><\/td>\n<\/tr>\n<tr style=\"height: 33px\">\n<td style=\"width: 49.9443%;height: 33px\"><span style=\"font-family: Montserrat\">\u00a0<\/span><\/td>\n<td style=\"width: 49.9443%;height: 33px\"><a href=\"https:\/\/semmelweis.hu\/dok\/files\/2026\/01\/Jelololap_MAE.pdf\"><span style=\"font-family: Montserrat\">Dr. M\u00f3zes Ad\u00e9l Eszter<\/span><\/a><\/td>\n<\/tr>\n<tr style=\"height: 33px\">\n<td style=\"width: 49.9443%;height: 33px\" width=\"317\"><span style=\"font-family: Montserrat\">\u00a0<\/span><\/td>\n<td style=\"width: 49.9443%;height: 33px\" width=\"170\"><a href=\"https:\/\/semmelweis.hu\/dok\/files\/2026\/01\/Jelololap_SzellAdrienn.pdf\"><span style=\"font-family: Montserrat\">Dr. Sz\u00e9ll Adrienn<\/span><\/a><\/td>\n<\/tr>\n<tr style=\"height: 64px\">\n<td style=\"width: 49.9443%;height: 64px\" width=\"317\"><span style=\"font-family: Montserrat\">Gy\u00f3gyszertudom\u00e1nyok \u00e9s Eg\u00e9szs\u00e9g\u00fcgyi Technol\u00f3gi\u00e1k Tagozat<\/span><\/td>\n<td style=\"width: 49.9443%;height: 64px\"><a href=\"https:\/\/semmelweis.hu\/dok\/files\/2026\/01\/Jelololap_Artner_Anna.pdf\"><span style=\"font-family: Montserrat\">Dr. Artner Anna<\/span><\/a><\/td>\n<\/tr>\n<tr style=\"height: 33px\">\n<td style=\"width: 49.9443%;height: 33px\"><span style=\"font-family: Montserrat\">Molekul\u00e1ris Orvostudom\u00e1nyok Tagozat<\/span><\/td>\n<td style=\"width: 49.9443%;height: 33px\"><a href=\"https:\/\/semmelweis.hu\/dok\/files\/2026\/01\/Jelololap_SA.pdf\"><span style=\"font-family: Montserrat\">So\u00f3s \u00c1d\u00e1m<\/span><\/a><\/td>\n<\/tr>\n<tr style=\"height: 33px\">\n<td style=\"width: 49.9443%;height: 33px\" width=\"317\"><span style=\"font-family: Montserrat\">Patol\u00f3gia \u00e9s Onkol\u00f3gia Tagozat<\/span><\/td>\n<td style=\"width: 49.9443%;height: 33px\" width=\"170\"><a href=\"https:\/\/semmelweis.hu\/dok\/files\/2026\/01\/Jelololap_Sz_P.pdf\"><span style=\"font-family: Montserrat\">Szab\u00f3 Patrik J\u00f3zsef<\/span><\/a><\/td>\n<\/tr>\n<tr style=\"height: 64px\">\n<td style=\"width: 49.9443%;height: 64px\"><span style=\"font-family: Montserrat\">R\u00e1cz K\u00e1roly Konzervat\u00edv Orvostudom\u00e1nyi Tagozat<\/span><\/td>\n<td style=\"width: 49.9443%;height: 64px\"><a href=\"https:\/\/semmelweis.hu\/dok\/files\/2026\/01\/Jelololap_Sipos_Botond.pdf\"><span style=\"font-family: Montserrat\">Sipos Botond<\/span><\/a><\/td>\n<\/tr>\n<tr style=\"height: 33px\">\n<td style=\"width: 49.9443%;height: 33px\"><span style=\"font-family: Montserrat\">\u00a0<\/span><\/td>\n<td style=\"width: 49.9443%;height: 33px\"><a href=\"https:\/\/semmelweis.hu\/dok\/files\/2026\/01\/Jelololap_YK.pdf\"><span style=\"font-family: Montserrat\">Dr. Yahya Kamel<\/span><\/a><\/td>\n<\/tr>\n<tr style=\"height: 33px\">\n<td style=\"width: 49.9443%;height: 33px\"><span style=\"font-family: Montserrat\">\u00a0<\/span><\/td>\n<td style=\"width: 49.9443%;height: 33px\"><a href=\"https:\/\/semmelweis.hu\/dok\/files\/2026\/01\/Jelololap_Farkas-Emese.pdf\"><span style=\"font-family: Montserrat\">Farkas Emese Vivien<\/span><\/a><\/td>\n<\/tr>\n<tr style=\"height: 33px\">\n<td style=\"width: 49.9443%;height: 33px\"><span style=\"font-family: Montserrat\">\u00a0<\/span><\/td>\n<td style=\"width: 49.9443%;height: 33px\"><a href=\"https:\/\/semmelweis.hu\/dok\/files\/2026\/01\/Jelololap_PM.pdf\"><span style=\"font-family: Montserrat\">Dr. Posta M\u00e1t\u00e9<\/span><\/a><\/td>\n<\/tr>\n<tr style=\"height: 33px\">\n<td style=\"width: 49.9443%;height: 33px\"><span style=\"font-family: Montserrat\">\u00a0<\/span><\/td>\n<td style=\"width: 49.9443%;height: 33px\"><a href=\"https:\/\/semmelweis.hu\/dok\/files\/2026\/01\/Jelololap-Janko-Arpad.pdf\"><span style=\"font-family: Montserrat\">Dr. Jank\u00f3 \u00c1rp\u00e1d \u00c1goston<\/span><\/a><\/td>\n<\/tr>\n<tr style=\"height: 33px\">\n<td style=\"width: 49.9443%;height: 33px\"><span style=\"font-family: Montserrat\">Szent\u00e1gothai J\u00e1nos Idegtudom\u00e1nyi Tagozat<\/span><\/td>\n<td style=\"width: 49.9443%;height: 33px\"><a href=\"https:\/\/semmelweis.hu\/dok\/files\/2026\/01\/Jelololap_Dr_Vizi_Peter_Mark.pdf\"><span style=\"font-family: Montserrat\">Dr. Vizi P\u00e9ter M\u00e1rk<\/span><\/a><\/td>\n<\/tr>\n<tr style=\"height: 33px\">\n<td style=\"width: 49.9443%;height: 33px\"><span style=\"font-family: Montserrat\">\u00a0<\/span><\/td>\n<td style=\"width: 49.9443%;height: 33px\"><a href=\"https:\/\/semmelweis.hu\/dok\/files\/2026\/01\/Jelololap_BAV.pdf\"><span style=\"font-family: Montserrat\">Bakacsi Anna Vir\u00e1g<\/span><\/a><\/td>\n<\/tr>\n<tr style=\"height: 33px\">\n<td style=\"width: 49.9443%;height: 33px\"><span style=\"font-family: Montserrat\">Sz\u00edv- \u00e9s \u00c9rgy\u00f3gy\u00e1szati Tagozat<\/span><\/td>\n<td style=\"width: 49.9443%;height: 33px\"><a href=\"https:\/\/semmelweis.hu\/dok\/files\/2026\/01\/Jelololap_Dr.-Orban-Gabor_nem-alairt.pdf\"><span style=\"font-family: Montserrat\">Dr. Orb\u00e1n G\u00e1bor<\/span><\/a><\/td>\n<\/tr>\n<tr style=\"height: 33px\">\n<td style=\"width: 49.9443%;height: 33px\"><span style=\"font-family: Montserrat\">\u00a0<\/span><\/td>\n<td style=\"width: 49.9443%;height: 33px\"><a href=\"https:\/\/semmelweis.hu\/dok\/files\/2026\/01\/Jelololap-Dr.-Tolvaj-Mate-Balazs.pdf\"><span style=\"font-family: Montserrat\">Dr. Tolvaj M\u00e1t\u00e9<\/span><\/a><\/td>\n<\/tr>\n<\/tbody>\n<\/table>\n<div>\u00a0<\/div>\n<div>\u00a0<\/div>\n<div>\u00a0<\/div>\n<div class=\"fontos_div\">\n<p><strong>Kedves Doktoranduszok\/Doktorjel\u00f6ltek!<\/strong><\/p>\n<p>&nbsp;<\/p>\n<p>A Doktorandusz \u00d6nkorm\u00e1nyzat hat\u00e1lyos alapszab\u00e1ly\u00e1nak \u00e9rtelm\u00e9ben v\u00e1lasztm\u00e1nyi v\u00e1laszt\u00e1st \u00edr ki a leend\u0151 tagok sz\u00e1m\u00e1ra:<\/p>\n<p>&nbsp;<\/p>\n<p>A v\u00e1laszt\u00e1s sor\u00e1n a szervezet mand\u00e1tumainak megfelel\u0151 sz\u00e1m\u00fa tag, jelen esetben maximum tizenkilenc f\u0151 ker\u00fclhet megv\u00e1laszt\u00e1sra. (D\u00d6K alapszab\u00e1ly IV.1. 13. \u00a7 (3))<\/p>\n<p>A v\u00e1laszt\u00e1s MEGHOSSZABB\u00cdTOTT id\u0151szakai az al\u00e1bbiak:<\/p>\n<p>&nbsp;<\/p>\n<ul>\n<li>jel\u00f6l\u0151 id\u0151szak: 2025. december\u00a0 20 \u2013 2026. janu\u00e1r 13. 23:59<\/li>\n<li>szavaz\u00e1si id\u0151szak: 2026. janu\u00e1r 16 \u2013 2026. m\u00e1rcius 31.<\/li>\n<\/ul>\n<p>A szavaz\u00e1si id\u0151szak mindaddig meghosszabbodik, ameddig az Nftv. \u00e1ltal meghat\u00e1rozott \u00e9rv\u00e9nyess\u00e9gi felt\u00e9tel nem teljes\u00fclt.<\/p>\n<p>&nbsp;<\/p>\n<p>A jel\u00f6l\u0151id\u0151szakot k\u00f6vet\u0151en a v\u00e1laszt\u00e1son indul\u00f3 jel\u00f6ltek bemutatkoz\u00e1s\u00e1t a D\u00d6K k\u00f6zz\u00e9teszi honlapj\u00e1n. \u00cdgy a jel\u00f6lteket megismerve, terveik, c\u00e9ljaik ismeret\u00e9ben szavazhatnak a r\u00e9sztvev\u0151k.<\/p>\n<p>&nbsp;<\/p>\n<p>A v\u00e1laszt\u00e1s lebonyol\u00edt\u00e1sa:<\/p>\n<p>&nbsp;<\/p>\n<p>A v\u00e1laszt\u00e1s az alapszab\u00e1lyban meghat\u00e1rozott, v\u00e1laszt\u00e1sra vonatkoz\u00f3 elj\u00e1r\u00e1srenddel ker\u00fcl megszervez\u00e9sre az e c\u00e9lb\u00f3l l\u00e9trehozott V\u00e1laszt\u00e1si Bizotts\u00e1g \u00e1ltal.<\/p>\n<p>A szavaz\u00e1s elektronikus \u00faton t\u00f6rt\u00e9nik a NEPTUN UniPoll rendszer\u00e9n kereszt\u00fcl.<\/p>\n<p>Minden doktorandusz \u00e9s doktorjel\u00f6lt az \u00f6sszes jel\u00f6lt k\u00f6z\u00fcl legfeljebb 19 f\u0151re szavazhat.<\/p>\n<p>&nbsp;<\/p>\n<p>Szavazategyenl\u0151s\u00e9g eset\u00e9n, amennyiben az a mand\u00e1tum megszerz\u00e9s\u00e9t befoly\u00e1solja, a V\u00e1laszt\u00e1si Bizotts\u00e1g \u00e1ltal vezetett sorsol\u00e1ssal ker\u00fcl meghat\u00e1roz\u00e1sra a mand\u00e1tumot elnyer\u0151 jel\u00f6lt vagy jel\u00f6ltek szem\u00e9lye.<\/p>\n<p>&nbsp;<\/p>\n<p>A szavaz\u00e1s \u00e9rv\u00e9nyes, amennyiben a doktori iskola akt\u00edv hallgat\u00f3ja\/predoktora jelzi szavaz\u00e1si sz\u00e1nd\u00e9k\u00e1t az online rendszeren kereszt\u00fcl.<\/p>\n<p>&nbsp;<\/p>\n<p>A jogorvoslat szab\u00e1lyait az Alapszab\u00e1ly tartalmazza.<\/p>\n<p>&nbsp;<\/p>\n<p>A V\u00e1laszt\u00e1si Bizotts\u00e1g tagjai: Dr. Posta M\u00e1t\u00e9, Koz\u00e1k Orsolya, So\u00f3s \u00c1d\u00e1m<\/p>\n<p>A v\u00e1laszt\u00e1ssal kapcsolatban a V\u00e1laszt\u00e1si Bizotts\u00e1g tagjai az al\u00e1bbi email c\u00edmen el\u00e9rhet\u0151k: dok@semmelweis.hu<\/p>\n<p>&nbsp;<\/p>\n<p>Jel\u00f6l\u00e9s:<\/p>\n<p>&nbsp;<\/p>\n<p>A Semmelweis Egyetem Doktori Iskol\u00e1j\u00e1nak minden felvett \u00e9s akt\u00edv jogviszonnyal vagy doktorjel\u00f6lti jogviszonnyal rendelkez\u0151 doktorandusza vagy doktorjel\u00f6ltje jel\u00f6lheti mag\u00e1t.<\/p>\n<p>&nbsp;<\/p>\n<p>A jel\u00f6l\u00e9s a dok@semmelweis.hu email c\u00edmre k\u00fcld\u00f6tt\u00a0<a href=\"https:\/\/semmelweis.hu\/dok\/files\/2026\/01\/Adatlap-Valasztmanyi-Valasztas.docx\">adatlap<\/a> (n\u00e9v, doktori tagozat neve, egy \u00f6nmag\u00e1r\u00f3l k\u00e9sz\u00fclt f\u00e9nyk\u00e9p, telefonsz\u00e1m, email-c\u00edm), <a href=\"https:\/\/semmelweis.hu\/dok\/files\/2025\/07\/Jelololap.docx\">jel\u00f6l\u0151lap<\/a> (n\u00e9v, r\u00f6vid bemutatkoz\u00e1s, illetve egy motiv\u00e1ci\u00f3kat, c\u00e9lokat \u00e9s terveket ismertet\u0151 bekezd\u00e9s, \u00f6sszesen legfeljebb 2 A4-es oldal terjedelemben) \u00e9s <a href=\"https:\/\/semmelweis.hu\/dok\/files\/2025\/12\/Adatkezelesi-Nyilatkozat.docx\">adatkezel\u00e9si nyilatkozat<\/a> hi\u00e1nytalan kit\u00f6lt\u00e9s\u00e9vel \u00e9s h\u00e1rom, k\u00fcl\u00f6n PDF dokumentumk\u00e9nt t\u00f6rt\u00e9n\u0151 bek\u00fcld\u00e9s\u00e9vel t\u00f6rt\u00e9nik. A dokumentumok mint\u00e1ja el\u00e9rhet\u0151 a fenti linkeken.<\/p>\n<p>&nbsp;<\/p>\n<p>A honlapon a jel\u00f6l\u0151lap ker\u00fcl k\u00f6zz\u00e9t\u00e9telre, az adatlapot a D\u00d6K bizalmasan kezeli. Formai hib\u00e1k eset\u00e9n valamennyi \u00e9rintett sz\u00e1m\u00e1ra azonos felt\u00e9telek mellett, egyszeri alkalommal hi\u00e1nyp\u00f3tl\u00e1s ker\u00fclhet biztos\u00edt\u00e1sra, de ez nem k\u00f6telez\u0151.<\/p>\n<p>V\u00e1runk minden jel\u00f6ltet, \u00e9s buzd\u00edtjuk a Doktori Iskola minden Doktorandusz\u00e1t \u00e9s Doktorjel\u00f6ltj\u00e9t a v\u00e1laszt\u00e1sra!<\/p>\n<p>&nbsp;<\/p>\n<p>Budapest, 2025. december 20.<\/p>\n<p><em>Dr. Kreuter Patrik Kriszti\u00e1n<\/em><\/p>\n<p>eln\u00f6k, SE D\u00d6K<\/p>\n<\/div>\n<p>&nbsp;<\/p>\n<p style=\"text-align: center\">\u00a0<\/p>\n","protected":false},"excerpt":{"rendered":"<p>v\u00e1lasztm\u00e1nyi tagv\u00e1laszt\u00e1s 2025\/2026 &nbsp; Jel\u00f6ltek Elm\u00e9leti \u00e9s Transzl\u00e1ci\u00f3s Orvostudom\u00e1nyi Tagozat <a href=\"https:\/\/semmelweis.hu\/dok\/files\/2026\/01\/Jelololap-Sz-Attila.pdf\">Dr. Szappanos Attila<\/a> Eg\u00e9szs\u00e9gtudom\u00e1nyi Tagozat <a href=\"https:\/\/semmelweis.hu\/dok\/files\/2026\/01\/Jelololap-KozakOrsolya.pdf\">Koz\u00e1k Orsolya<\/a> Fogorvostudom\u00e1nyi Tagozat <a href=\"https:\/\/semmelweis.hu\/dok\/files\/2026\/01\/Jelololap_baloghjulia.pdf\">Dr. Balogh J\u00falia Emma<\/a> \u00a0 <a href=\"https:\/\/semmelweis.hu\/dok\/files\/2026\/01\/Jelololap_BorbolaDaniel_2025.pdf\">Dr. Borbola D\u00e1niel J\u00f3zsef<\/a> \u00a0 <a href=\"https:\/\/semmelweis.hu\/dok\/files\/2026\/01\/Jelololap_HKS.pdf\">Dr. Haba Kata S\u00e1ra<\/a> \u00a0 <a href=\"https:\/\/semmelweis.hu\/dok\/files\/2026\/01\/Dr_Keskeny_Gyorgy_Arpad_Jelololap.pdf\">Dr. Keskeny Gy\u00f6rgy \u00c1rp\u00e1d<\/a> \u00a0 <a href=\"https:\/\/semmelweis.hu\/dok\/files\/2026\/01\/Jelololap_MAE.pdf\">Dr. M\u00f3zes Ad\u00e9l Eszter<\/a> \u00a0 <a href=\"https:\/\/semmelweis.hu\/dok\/files\/2026\/01\/Jelololap_SzellAdrienn.pdf\">Dr. Sz\u00e9ll Adrienn<\/a> Gy\u00f3gyszertudom\u00e1nyok \u00e9s Eg\u00e9szs\u00e9g\u00fcgyi Technol\u00f3gi\u00e1k Tagozat <a href=\"https:\/\/semmelweis.hu\/dok\/files\/2026\/01\/Jelololap_Artner_Anna.pdf\">Dr. Artner Anna<\/a> Molekul\u00e1ris Orvostudom\u00e1nyok Tagozat <a href=\"https:\/\/semmelweis.hu\/dok\/files\/2026\/01\/Jelololap_SA.pdf\">So\u00f3s \u00c1d\u00e1m<\/a> Patol\u00f3gia \u00e9s Onkol\u00f3gia Tagozat <a href=\"https:\/\/semmelweis.hu\/dok\/files\/2026\/01\/Jelololap_Sz_P.pdf\">Szab\u00f3 Patrik J\u00f3zsef<\/a> R\u00e1cz K\u00e1roly Konzervat\u00edv Orvostudom\u00e1nyi Tagozat <a href=\"https:\/\/semmelweis.hu\/dok\/files\/2026\/01\/Jelololap_Sipos_Botond.pdf\">Sipos Botond<\/a> \u00a0 <a href=\"https:\/\/semmelweis.hu\/dok\/files\/2026\/01\/Jelololap_YK.pdf\">Dr. Yahya Kamel<\/a> \u00a0 <a href=\"https:\/\/semmelweis.hu\/dok\/files\/2026\/01\/Jelololap_Farkas-Emese.pdf\">Farkas Emese Vivien<\/a> \u00a0 <a href=\"https:\/\/semmelweis.hu\/dok\/files\/2026\/01\/Jelololap_PM.pdf\">Dr. Posta M\u00e1t\u00e9<\/a> \u00a0 <a href=\"https:\/\/semmelweis.hu\/dok\/files\/2026\/01\/Jelololap-Janko-Arpad.pdf\">Dr. Jank\u00f3 \u00c1rp\u00e1d \u00c1goston<\/a> Szent\u00e1gothai J\u00e1nos Idegtudom\u00e1nyi Tagozat <a href=\"https:\/\/semmelweis.hu\/dok\/files\/2026\/01\/Jelololap_Dr_Vizi_Peter_Mark.pdf\">Dr. Vizi P\u00e9ter M\u00e1rk<\/a> \u00a0 <a href=\"https:\/\/semmelweis.hu\/dok\/files\/2026\/01\/Jelololap_BAV.pdf\">Bakacsi Anna Vir\u00e1g<\/a> Sz\u00edv- \u00e9s \u00c9rgy\u00f3gy\u00e1szati Tagozat <a href=\"https:\/\/semmelweis.hu\/dok\/files\/2026\/01\/Jelololap_Dr.-Orban-Gabor_nem-alairt.pdf\">Dr. Orb\u00e1n G\u00e1bor<\/a> \u00a0 <a href=\"https:\/\/semmelweis.hu\/dok\/files\/2026\/01\/Jelololap-Dr.-Tolvaj-Mate-Balazs.pdf\">Dr. Tolvaj M\u00e1t\u00e9<\/a> \u00a0 \u00a0 \u00a0 Kedves Doktoranduszok\/Doktorjel\u00f6ltek! &hellip;<\/p>\n","protected":false},"author":101798,"featured_media":0,"parent":0,"menu_order":0,"comment_status":"closed","ping_status":"closed","template":"","meta":{"_acf_changed":false,"footnotes":""},"categories":[1],"tags":[],"class_list":["post-1203","page","type-page","status-publish","hentry","category-hirek"],"acf":[],"_links":{"self":[{"href":"https:\/\/semmelweis.hu\/dok\/wp-json\/wp\/v2\/pages\/1203","targetHints":{"allow":["GET"]}}],"collection":[{"href":"https:\/\/semmelweis.hu\/dok\/wp-json\/wp\/v2\/pages"}],"about":[{"href":"https:\/\/semmelweis.hu\/dok\/wp-json\/wp\/v2\/types\/page"}],"author":[{"embeddable":true,"href":"https:\/\/semmelweis.hu\/dok\/wp-json\/wp\/v2\/users\/101798"}],"replies":[{"embeddable":true,"href":"https:\/\/semmelweis.hu\/dok\/wp-json\/wp\/v2\/comments?post=1203"}],"version-history":[{"count":10,"href":"https:\/\/semmelweis.hu\/dok\/wp-json\/wp\/v2\/pages\/1203\/revisions"}],"predecessor-version":[{"id":1518,"href":"https:\/\/semmelweis.hu\/dok\/wp-json\/wp\/v2\/pages\/1203\/revisions\/1518"}],"wp:attachment":[{"href":"https:\/\/semmelweis.hu\/dok\/wp-json\/wp\/v2\/media?parent=1203"}],"wp:term":[{"taxonomy":"category","embeddable":true,"href":"https:\/\/semmelweis.hu\/dok\/wp-json\/wp\/v2\/categories?post=1203"},{"taxonomy":"post_tag","embeddable":true,"href":"https:\/\/semmelweis.hu\/dok\/wp-json\/wp\/v2\/tags?post=1203"}],"curies":[{"name":"wp","href":"https:\/\/api.w.org\/{rel}","templated":true}]}}