{"id":109,"date":"2021-01-19T19:49:44","date_gmt":"2021-01-19T18:49:44","guid":{"rendered":"https:\/\/semmelweis.hu\/dok\/?page_id=109"},"modified":"2024-02-19T08:59:12","modified_gmt":"2024-02-19T07:59:12","slug":"modositasok-kiegeszitesek","status":"publish","type":"page","link":"https:\/\/semmelweis.hu\/dok\/dokumentumok\/alapszabaly\/modositasok-kiegeszitesek\/","title":{"rendered":"M\u00f3dos\u00edt\u00e1sok, kieg\u00e9sz\u00edt\u00e9sek"},"content":{"rendered":"<p style=\"text-align: center\"><em>A <strong>17\/2020 (07.14)<\/strong> SE D\u00d6K V\u00e1lasztm\u00e1ny hat\u00e1rozata \u00e9s a Semmelweis Egyetem Szen\u00e1tus\u00e1nak kapcsol\u00f3d\u00f3 hat\u00e1rozata:<\/em><\/p>\n<p><iframe loading=\"lazy\" src=\"https:\/\/drive.google.com\/file\/d\/1Tm_XpqxvZ8HRfk3EaPOW994wTl0f2W-R\/preview\" width=\"100%\" height=\"1080\"><span data-mce-type=\"bookmark\" style=\"width: 0px;overflow: hidden;line-height: 0\" class=\"mce_SELRES_start\">\ufeff<\/span><\/iframe><\/p>\n<p>&nbsp;<\/p>\n<p><iframe loading=\"lazy\" src=\"https:\/\/drive.google.com\/file\/d\/18dTSUSHVfWuhbINfAN0nHkQWL1nXc3DQ\/preview\" width=\"100%\" height=\"1080\"><span data-mce-type=\"bookmark\" style=\"width: 0px;overflow: hidden;line-height: 0\" class=\"mce_SELRES_start\">\ufeff<\/span><\/iframe><\/p>\n","protected":false},"excerpt":{"rendered":"<p>A 17\/2020 (07.14) SE D\u00d6K V\u00e1lasztm\u00e1ny hat\u00e1rozata \u00e9s a Semmelweis Egyetem Szen\u00e1tus\u00e1nak kapcsol\u00f3d\u00f3 hat\u00e1rozata:<br \/>\n\ufeff<br \/>\n&nbsp;<br \/>\n\ufeff<\/p>\n","protected":false},"author":101158,"featured_media":0,"parent":86,"menu_order":1,"comment_status":"closed","ping_status":"closed","template":"","meta":{"_acf_changed":false,"footnotes":""},"categories":[],"tags":[],"class_list":["post-109","page","type-page","status-publish","hentry"],"acf":[],"_links":{"self":[{"href":"https:\/\/semmelweis.hu\/dok\/wp-json\/wp\/v2\/pages\/109","targetHints":{"allow":["GET"]}}],"collection":[{"href":"https:\/\/semmelweis.hu\/dok\/wp-json\/wp\/v2\/pages"}],"about":[{"href":"https:\/\/semmelweis.hu\/dok\/wp-json\/wp\/v2\/types\/page"}],"author":[{"embeddable":true,"href":"https:\/\/semmelweis.hu\/dok\/wp-json\/wp\/v2\/users\/101158"}],"replies":[{"embeddable":true,"href":"https:\/\/semmelweis.hu\/dok\/wp-json\/wp\/v2\/comments?post=109"}],"version-history":[{"count":8,"href":"https:\/\/semmelweis.hu\/dok\/wp-json\/wp\/v2\/pages\/109\/revisions"}],"predecessor-version":[{"id":128,"href":"https:\/\/semmelweis.hu\/dok\/wp-json\/wp\/v2\/pages\/109\/revisions\/128"}],"up":[{"embeddable":true,"href":"https:\/\/semmelweis.hu\/dok\/wp-json\/wp\/v2\/pages\/86"}],"wp:attachment":[{"href":"https:\/\/semmelweis.hu\/dok\/wp-json\/wp\/v2\/media?parent=109"}],"wp:term":[{"taxonomy":"category","embeddable":true,"href":"https:\/\/semmelweis.hu\/dok\/wp-json\/wp\/v2\/categories?post=109"},{"taxonomy":"post_tag","embeddable":true,"href":"https:\/\/semmelweis.hu\/dok\/wp-json\/wp\/v2\/tags?post=109"}],"curies":[{"name":"wp","href":"https:\/\/api.w.org\/{rel}","templated":true}]}}