{"id":8,"date":"2021-01-12T11:53:39","date_gmt":"2021-01-12T10:53:39","guid":{"rendered":"https:\/\/semmelweis.hu\/digitalhealth\/?page_id=8"},"modified":"2023-05-08T16:00:23","modified_gmt":"2023-05-08T14:00:23","slug":"elerhetosegek","status":"publish","type":"page","link":"https:\/\/semmelweis.hu\/digitalhealth\/elerhetosegek\/","title":{"rendered":"El\u00e9rhet\u0151s\u00e9gek"},"content":{"rendered":"<p style=\"font-weight: 400\">Keressen Minket!<img loading=\"lazy\" decoding=\"async\" class=\" wp-image-17 alignright\" src=\"https:\/\/semmelweis.hu\/digitalhealth\/files\/2021\/01\/20130426-IMG_8849-NET-kulso-web-400x267.jpg\" alt=\"\" width=\"373\" height=\"249\" srcset=\"https:\/\/semmelweis.hu\/digitalhealth\/files\/2021\/01\/20130426-IMG_8849-NET-kulso-web-400x267.jpg 400w, https:\/\/semmelweis.hu\/digitalhealth\/files\/2021\/01\/20130426-IMG_8849-NET-kulso-web-768x512.jpg 768w, https:\/\/semmelweis.hu\/digitalhealth\/files\/2021\/01\/20130426-IMG_8849-NET-kulso-web-753x502.jpg 753w, https:\/\/semmelweis.hu\/digitalhealth\/files\/2021\/01\/20130426-IMG_8849-NET-kulso-web-203x135.jpg 203w, https:\/\/semmelweis.hu\/digitalhealth\/files\/2021\/01\/20130426-IMG_8849-NET-kulso-web.jpg 900w\" sizes=\"auto, (max-width: 373px) 100vw, 373px\" \/><\/p>\n<ul style=\"list-style-type: square\">\n<li style=\"font-weight: 400\"><a href=\"mailto:gyorffy.zsuzsanna@med.semmelweis-univ.hu\">gyorffy.zsuzsanna@med.semmelweis-univ.hu<\/a><\/li>\n<li style=\"font-weight: 400\"><a href=\"mailto:girasek.edmond@semmelweis-univ.hu\">girasek.edmond@semmelweis-univ.hu<\/a><\/li>\n<li style=\"font-weight: 400\"><a href=\"mailto:dobrossy.bence@med.semmelweis-univ.hu\">dobrossy.bence@med.semmelweis-univ.hu<\/a><\/li>\n<li style=\"font-weight: 400\"><a href=\"mailto:boros.julianna@med.semmelweis-univ.hu\">boros.julianna@med.semmelweis-univ.hu<\/a><\/li>\n<\/ul>\n","protected":false},"excerpt":{"rendered":"<p>Keressen Minket!<\/p>\n<p><a href=\"mailto:gyorffy.zsuzsanna@med.semmelweis-univ.hu\">gyorffy.zsuzsanna@med.semmelweis-univ.hu<\/a><br \/>\n<a href=\"mailto:girasek.edmond@semmelweis-univ.hu\">girasek.edmond@semmelweis-univ.hu<\/a><br \/>\n<a href=\"mailto:dobrossy.bence@med.semmelweis-univ.hu\">dobrossy.bence@med.semmelweis-univ.hu<\/a><br \/>\n<a href=\"mailto:boros.julianna@med.semmelweis-univ.hu\">boros.julianna@med.semmelweis-univ.hu<\/a><\/p>\n","protected":false},"author":12,"featured_media":0,"parent":0,"menu_order":8,"comment_status":"closed","ping_status":"closed","template":"","meta":{"_acf_changed":false,"footnotes":""},"categories":[],"tags":[],"class_list":["post-8","page","type-page","status-publish","hentry"],"acf":[],"_links":{"self":[{"href":"https:\/\/semmelweis.hu\/digitalhealth\/wp-json\/wp\/v2\/pages\/8","targetHints":{"allow":["GET"]}}],"collection":[{"href":"https:\/\/semmelweis.hu\/digitalhealth\/wp-json\/wp\/v2\/pages"}],"about":[{"href":"https:\/\/semmelweis.hu\/digitalhealth\/wp-json\/wp\/v2\/types\/page"}],"author":[{"embeddable":true,"href":"https:\/\/semmelweis.hu\/digitalhealth\/wp-json\/wp\/v2\/users\/12"}],"replies":[{"embeddable":true,"href":"https:\/\/semmelweis.hu\/digitalhealth\/wp-json\/wp\/v2\/comments?post=8"}],"version-history":[{"count":8,"href":"https:\/\/semmelweis.hu\/digitalhealth\/wp-json\/wp\/v2\/pages\/8\/revisions"}],"predecessor-version":[{"id":229,"href":"https:\/\/semmelweis.hu\/digitalhealth\/wp-json\/wp\/v2\/pages\/8\/revisions\/229"}],"wp:attachment":[{"href":"https:\/\/semmelweis.hu\/digitalhealth\/wp-json\/wp\/v2\/media?parent=8"}],"wp:term":[{"taxonomy":"category","embeddable":true,"href":"https:\/\/semmelweis.hu\/digitalhealth\/wp-json\/wp\/v2\/categories?post=8"},{"taxonomy":"post_tag","embeddable":true,"href":"https:\/\/semmelweis.hu\/digitalhealth\/wp-json\/wp\/v2\/tags?post=8"}],"curies":[{"name":"wp","href":"https:\/\/api.w.org\/{rel}","templated":true}]}}