{"id":70,"date":"2021-01-18T12:10:37","date_gmt":"2021-01-18T11:10:37","guid":{"rendered":"https:\/\/semmelweis.hu\/digitalhealth\/?page_id=70"},"modified":"2021-01-25T09:15:08","modified_gmt":"2021-01-25T08:15:08","slug":"egyuttmukodesben","status":"publish","type":"page","link":"https:\/\/semmelweis.hu\/digitalhealth\/egyuttmukodesben\/","title":{"rendered":"Egy\u00fcttm\u0171k\u0151d\u00e9sben"},"content":{"rendered":"<p><strong>M\u00e1ltai Szeretetszolg\u00e1lat Eg\u00e9szs\u00e9g\u00fcgyi Centrum<\/strong><\/p>\n<p><img loading=\"lazy\" decoding=\"async\" class=\"wp-image-71 alignleft\" style=\"font-size: 1rem;\" src=\"https:\/\/semmelweis.hu\/digitalhealth\/files\/2021\/01\/1200px-Insignia_Malta_Order_Sovereign_Military_Order_of_Malta.svg_-373x400.png\" alt=\"\" width=\"90\" height=\"97\" srcset=\"https:\/\/semmelweis.hu\/digitalhealth\/files\/2021\/01\/1200px-Insignia_Malta_Order_Sovereign_Military_Order_of_Malta.svg_-373x400.png 373w, https:\/\/semmelweis.hu\/digitalhealth\/files\/2021\/01\/1200px-Insignia_Malta_Order_Sovereign_Military_Order_of_Malta.svg_-956x1024.png 956w, https:\/\/semmelweis.hu\/digitalhealth\/files\/2021\/01\/1200px-Insignia_Malta_Order_Sovereign_Military_Order_of_Malta.svg_-768x823.png 768w, https:\/\/semmelweis.hu\/digitalhealth\/files\/2021\/01\/1200px-Insignia_Malta_Order_Sovereign_Military_Order_of_Malta.svg_-753x807.png 753w, https:\/\/semmelweis.hu\/digitalhealth\/files\/2021\/01\/1200px-Insignia_Malta_Order_Sovereign_Military_Order_of_Malta.svg_.png 1200w\" sizes=\"auto, (max-width: 90px) 100vw, 90px\" \/><\/p>\n<p>K\u00f6z\u00f6s munk\u00e1nkban a Magyar M\u00e1ltai Szeretetszolg\u00e1lattal egy\u00fcttm\u0171k\u00f6dve tanulm\u00e1nyozzuk egy h\u00e1tr\u00e1nyos helyzet\u0171 popul\u00e1ci\u00f3 digit\u00e1lis eg\u00e9szs\u00e9ggel, telemedicin\u00e1val kapcsolatos attit\u0171djeit \u00e9s az eredm\u00e9nyek alapj\u00e1n \u00e9s k\u00f6zrem\u0171k\u00f6d\u00fcnk egy kr\u00f3nikus betegek gondoz\u00e1s\u00e1ra ir\u00e1nyul\u00f3 telemedicina program kidolgoz\u00e1s\u00e1ban \u00e9s megval\u00f3s\u00edt\u00e1s\u00e1ban. \u00d6nk\u00e9ntes seg\u00edt\u0151k\u00e9nt, t\u00f6bb helysz\u00ednen r\u00e9szt vesz\u00fcnk a program technikai \u00e9s szakmai megval\u00f3s\u00edt\u00e1s\u00e1ban.<\/p>\n<p><strong>E-Med4All Europe Kft. Pulzoxim\u00e9ter a h\u00e1ziorvosi praxisokban<\/strong><\/p>\n<p><strong><img loading=\"lazy\" decoding=\"async\" class=\"wp-image-78 alignleft\" src=\"https:\/\/semmelweis.hu\/digitalhealth\/files\/2021\/01\/infografika-2.png\" alt=\"\" width=\"260\" height=\"159\" \/><\/strong><\/p>\n<p>2020 december\u00e9t\u0151l a h\u00e1ziorvosi praxisok sz\u00e1m\u00e1ra 180 db SCN4ALL okos pulzoxim\u00e9ter rendszer ker\u00fclt bevezet\u00e9sre, mely a koronav\u00edrusos betegek otthoni monitoroz\u00e1s\u00e1t teszi lehet\u0151v\u00e9. A pulzoxim\u00e9ter \u00e1ltal szolg\u00e1ltatott adatok birtok\u00e1ban az orvos k\u00f6nnyebben eld\u00f6ntheti: maradjon-e otthon\u00e1ban a covidos betege, vagy az \u00e1llapota k\u00f3rh\u00e1zi ell\u00e1t\u00e1st ig\u00e9nyel. E projektben csapatunk orvos \u00e9s p\u00e1ciensoldalr\u00f3l is k\u00e9sz\u00edt kvantitat\u00edv \u00e9s kvalitat\u00edv felm\u00e9r\u00e9seket a rendszer m\u0171k\u00f6d\u00e9s\u00e9t, hat\u00e9konys\u00e1g\u00e1t monitorozva.<\/p>\n<p><strong>ELTE BTK Alkalmazott Nyelv\u00e9szeti \u00e9s Fonetikai Tansz\u00e9k \u2013 telemedicn\u00e1lis vizitek megfigyel\u00e9se<\/strong><\/p>\n<p><img loading=\"lazy\" decoding=\"async\" class=\"wp-image-73 alignleft\" src=\"https:\/\/semmelweis.hu\/digitalhealth\/files\/2021\/01\/eltebtk-400x370.jpg\" alt=\"\" width=\"107\" height=\"99\" srcset=\"https:\/\/semmelweis.hu\/digitalhealth\/files\/2021\/01\/eltebtk-400x370.jpg 400w, https:\/\/semmelweis.hu\/digitalhealth\/files\/2021\/01\/eltebtk.jpg 512w\" sizes=\"auto, (max-width: 107px) 100vw, 107px\" \/>Kr\u00f3nikus betegek \u00e9s kezel\u0151orvosaik k\u00f6z\u00f6tti kommunik\u00e1ci\u00f3 vizsg\u00e1lata \u201ehagyom\u00e1nyos\u201d, szem\u00e9lyes konzult\u00e1ci\u00f3n \u00e9s telemedicin\u00e1lis k\u00f6zegben. Kiemelt c\u00e9l azoknak a nyelvi \u00e9s t\u00e1rsas t\u00e9nyez\u0151knek a felt\u00e1r\u00e1sa, amely a k\u00e9t f\u00e9l hossz\u00fa t\u00e1v\u00fa egy\u00fcttm\u0171k\u00f6d\u00e9s\u00e9t t\u00e1mogatja. Tov\u00e1bb\u00e1 c\u00e9l a telemedicin\u00e1lis \u00e9s a szem\u00e9lyes konzult\u00e1ci\u00f3k reflex\u00edv \u00f6sszevet\u00e9se, hat\u00e9kony alkalmaz\u00e1si lehet\u0151s\u00e9geinek a vizsg\u00e1lata \u00e9s az eredm\u00e9nyek be\u00e9p\u00edt\u00e9se az oktat\u00e1si, valamint a gy\u00f3gy\u00edt\u00e1si gyakorlatba.<\/p>\n<p>&nbsp;<\/p>\n<p>&nbsp;<\/p>\n<p>&nbsp;<\/p>\n<p>&nbsp;<\/p>\n","protected":false},"excerpt":{"rendered":"<p>M\u00e1ltai Szeretetszolg\u00e1lat Eg\u00e9szs\u00e9g\u00fcgyi Centrum K\u00f6z\u00f6s munk\u00e1nkban a Magyar M\u00e1ltai Szeretetszolg\u00e1lattal egy\u00fcttm\u0171k\u00f6dve tanulm\u00e1nyozzuk egy h\u00e1tr\u00e1nyos helyzet\u0171 popul\u00e1ci\u00f3 digit\u00e1lis eg\u00e9szs\u00e9ggel, telemedicin\u00e1val kapcsolatos attit\u0171djeit \u00e9s az eredm\u00e9nyek alapj\u00e1n \u00e9s k\u00f6zrem\u0171k\u00f6d\u00fcnk egy kr\u00f3nikus betegek gondoz\u00e1s\u00e1ra ir\u00e1nyul\u00f3 telemedicina program kidolgoz\u00e1s\u00e1ban \u00e9s megval\u00f3s\u00edt\u00e1s\u00e1ban. \u00d6nk\u00e9ntes seg\u00edt\u0151k\u00e9nt, t\u00f6bb helysz\u00ednen r\u00e9szt vesz\u00fcnk a program technikai \u00e9s szakmai megval\u00f3s\u00edt\u00e1s\u00e1ban. E-Med4All Europe Kft. Pulzoxim\u00e9ter a h\u00e1ziorvosi &hellip;<\/p>\n","protected":false},"author":101861,"featured_media":0,"parent":0,"menu_order":0,"comment_status":"closed","ping_status":"closed","template":"","meta":{"_acf_changed":false,"footnotes":""},"categories":[],"tags":[],"class_list":["post-70","page","type-page","status-publish","hentry"],"acf":[],"_links":{"self":[{"href":"https:\/\/semmelweis.hu\/digitalhealth\/wp-json\/wp\/v2\/pages\/70","targetHints":{"allow":["GET"]}}],"collection":[{"href":"https:\/\/semmelweis.hu\/digitalhealth\/wp-json\/wp\/v2\/pages"}],"about":[{"href":"https:\/\/semmelweis.hu\/digitalhealth\/wp-json\/wp\/v2\/types\/page"}],"author":[{"embeddable":true,"href":"https:\/\/semmelweis.hu\/digitalhealth\/wp-json\/wp\/v2\/users\/101861"}],"replies":[{"embeddable":true,"href":"https:\/\/semmelweis.hu\/digitalhealth\/wp-json\/wp\/v2\/comments?post=70"}],"version-history":[{"count":5,"href":"https:\/\/semmelweis.hu\/digitalhealth\/wp-json\/wp\/v2\/pages\/70\/revisions"}],"predecessor-version":[{"id":93,"href":"https:\/\/semmelweis.hu\/digitalhealth\/wp-json\/wp\/v2\/pages\/70\/revisions\/93"}],"wp:attachment":[{"href":"https:\/\/semmelweis.hu\/digitalhealth\/wp-json\/wp\/v2\/media?parent=70"}],"wp:term":[{"taxonomy":"category","embeddable":true,"href":"https:\/\/semmelweis.hu\/digitalhealth\/wp-json\/wp\/v2\/categories?post=70"},{"taxonomy":"post_tag","embeddable":true,"href":"https:\/\/semmelweis.hu\/digitalhealth\/wp-json\/wp\/v2\/tags?post=70"}],"curies":[{"name":"wp","href":"https:\/\/api.w.org\/{rel}","templated":true}]}}