{"id":5,"date":"2021-01-12T11:53:15","date_gmt":"2021-01-12T10:53:15","guid":{"rendered":"https:\/\/semmelweis.hu\/digitalhealth\/?page_id=5"},"modified":"2023-05-05T15:13:50","modified_gmt":"2023-05-05T13:13:50","slug":"a-projektrol","status":"publish","type":"page","link":"https:\/\/semmelweis.hu\/digitalhealth\/a-projektrol\/","title":{"rendered":"A Projektr\u0151l"},"content":{"rendered":"<h1>Digit\u00e1lis eg\u00e9szs\u00e9g\u00fcgyi megold\u00e1sok az orvosl\u00e1sban (D.E.M.O.) projekt<\/h1>\n<p>Kutat\u00e1sunkban v\u00e1laszt keres\u00fcnk arra, hogy az orvosok \u00e9s a betegek mik\u00e9nt haszn\u00e1lj\u00e1k a digit\u00e1lis eg\u00e9szs\u00e9g eszk\u00f6zt\u00e1r\u00e1t, milyen el\u0151ny\u00f6ket, h\u00e1tr\u00e1nyokat jelent ezeknek a technol\u00f3gi\u00e1knak a bevezet\u00e9se \u00e9s alkalmaz\u00e1sa, \u00e9s hogyan alak\u00edtja \u00e1t mindez az orvos\u2013beteg kapcsolatot. Megvizsg\u00e1ljuk, hogy a digit\u00e1lis eg\u00e9szs\u00e9ggel kapcsolatos lehet\u0151s\u00e9gek sikeres implement\u00e1ci\u00f3j\u00e1hoz milyen felt\u00e9telek sz\u00fcks\u00e9gesek orvosi \u00e9s betegoldalr\u00f3l. \u00c1ttekint\u0151 review seg\u00edts\u00e9g\u00e9vel k\u00e9pet szeretn\u00e9nk alkotni arr\u00f3l, hogy a digit\u00e1lis technol\u00f3gi\u00e1k eg\u00e9szs\u00e9gpolitikai megfontol\u00e1sai hogyan adapt\u00e1lhat\u00f3ak a hazai viszonyokra. Az online betegcsoportokban megjelen\u0151 kommunik\u00e1ci\u00f3 elemz\u00e9s\u00e9vel nemcsak a v\u00e9leked\u00e9sek, hanem a val\u00f3s cselekv\u00e9sek is le\u00edrhat\u00f3ak lesznek. E komplex elemz\u00e9si keretben lefolytatott vizsg\u00e1latok eredm\u00e9nyei j\u00f3 kiindul\u00f3pontj\u00e1ul szolg\u00e1lhatnak az orvosk\u00e9pz\u00e9s \u00e9s orvos tov\u00e1bbk\u00e9pz\u00e9s tervez\u00e9s\u00e9hez, illetve az eg\u00e9szs\u00e9g\u00fcgy egyes ter\u00fcletein a digit\u00e1lis \u00e1talakul\u00e1s koncepci\u00f3j\u00e1nak kialak\u00edt\u00e1s\u00e1hoz \u00e9s kivitelez\u00e9s\u00e9hez.<\/p>\n<p>A COVID-19 pand\u00e9mia hihetetlen sebess\u00e9ggel kataliz\u00e1lta a digit\u00e1lis eg\u00e9szs\u00e9g\u00fcgyi megold\u00e1sok fejleszt\u00e9s\u00e9t, haszn\u00e1lat\u00e1t \u00e9s elterjed\u00e9s\u00e9t. Kutat\u00e1si c\u00e9lkit\u0171z\u00e9seink k\u00f6z\u00f6tt szerepel, hogy megvizsg\u00e1ljuk a koronav\u00edrus j\u00e1rv\u00e1ny hat\u00e1sait\/\u00e1talak\u00edt\u00f3 szerep\u00e9t az eg\u00e9szs\u00e9g\u00fcgy digitaliz\u00e1ci\u00f3j\u00e1ra vonatkoz\u00f3an.<\/p>\n<p><strong>KUTAT\u00c1SI C\u00c9LKIT\u0170Z\u00c9SEINK a 2020-2024-es id\u0151szakban<\/strong><img loading=\"lazy\" decoding=\"async\" class=\"size-medium wp-image-63 alignright\" src=\"https:\/\/semmelweis.hu\/digitalhealth\/files\/2021\/01\/icon-1691338_640-400x400.png\" alt=\"\" width=\"400\" height=\"400\" srcset=\"https:\/\/semmelweis.hu\/digitalhealth\/files\/2021\/01\/icon-1691338_640-400x400.png 400w, https:\/\/semmelweis.hu\/digitalhealth\/files\/2021\/01\/icon-1691338_640-150x150.png 150w, https:\/\/semmelweis.hu\/digitalhealth\/files\/2021\/01\/icon-1691338_640.png 640w\" sizes=\"auto, (max-width: 400px) 100vw, 400px\" \/><\/p>\n<ol>\n<li>Felm\u00e9rni a magyar szakorvosok \u00e9s rezidensek digit\u00e1lis eg\u00e9szs\u00e9ggel kapcsolatos<br \/>tud\u00e1s\u00e1t, ismereteit, attit\u0171djeit, \u00e9s lehet\u0151s\u00e9geit.\u00a0\u00a0<br \/>Megismerni hogyan lehet a digit\u00e1lis eg\u00e9szs\u00e9g bev\u00e1lt m\u00f3dszereit felhaszn\u00e1lni a<br \/>prevent\u00edv munk\u00e1ban \u00e9s a kr\u00f3nikus betegell\u00e1t\u00e1sban<br \/>Felm\u00e9rni milyen k\u00e9szs\u00e9gek, kompetenci\u00e1k \u00e9s kor\u00e1bbi tapasztalatok fontosak a<br \/>digit\u00e1lis megold\u00e1sok gyakorlati alkalmaz\u00e1s\u00e1hoz.\u00a0\u00a0<br \/>Inform\u00e1ci\u00f3t gy\u0171jteni a digit\u00e1lis eg\u00e9szs\u00e9g megold\u00e1sok lehets\u00e9ges szerep\u00e9r\u0151l az<br \/>eg\u00e9szs\u00e9g\u00fcgyh\u00f6z val\u00f3 hozz\u00e1f\u00e9r\u00e9si egyenl\u0151tlens\u00e9gek cs\u00f6kkent\u00e9s\u00e9ben\u00a0\u00a0<\/li>\n<li>Az orvostanhallgat\u00f3k eg\u00e9szs\u00e9g\u00fcggyel kapcsolatos tud\u00e1s\u00e1nak, attit\u0171djeinek \u00e9s<br \/>elv\u00e1r\u00e1snak felt\u00e9rk\u00e9pez\u00e9se. Az orvostanhallgat\u00f3k felm\u00e9r\u00e9se k\u00fcl\u00f6n\u00f6sen fontos,<br \/>mivel \u0151k lesznek a k\u00f6zelj\u00f6v\u0151 orvosai, \u00edgy a t\u0151l\u00fck gy\u0171jt\u00f6tt inform\u00e1ci\u00f3k \u00e9s az ez<br \/>alapj\u00e1n t\u00f6rt\u00e9n\u0151 esetleges beavatkoz\u00e1sok hat\u00e9konyan seg\u00edthetik el\u0151 a digit\u00e1lis<br \/>eg\u00e9szs\u00e9g\u00fcgyi megold\u00e1sok min\u00e9l sz\u00e9lesebb k\u00f6r\u0171 \u00e9s k\u00edv\u00e1natos elterjed\u00e9s\u00e9t.\u00a0<\/li>\n<li>Felm\u00e9rni a magyar lakoss\u00e1g digit\u00e1lis eg\u00e9szs\u00e9ggel kapcsolatos tud\u00e1s\u00e1t, ismereteit,<br \/>attit\u0171djeit, \u00e9s sz\u00fcks\u00e9gleteit.\u00a0\u00a0<\/li>\n<li>K\u00f6z\u00f6ss\u00e9gi m\u00e9dia tartalomelemz\u00e9sen kereszt\u00fcl felm\u00e9rni kr\u00f3nikus beteg popul\u00e1ci\u00f3k<br \/>digit\u00e1lis eg\u00e9szs\u00e9g sz\u00fcks\u00e9gleteit.\u00a0<\/li>\n<li>K\u00fcl\u00f6nb\u00f6z\u0151 orsz\u00e1gok digit\u00e1lis strat\u00e9gi\u00e1it, policy reportjait elemezve megismerni a<br \/>legjobban bev\u00e1lt gyakorlatokat (best practices) \u00e9s tanulm\u00e1nyozni m\u00e1s orsz\u00e1gok<br \/>digit\u00e1lis transzform\u00e1ci\u00f3 folyamat\u00e1t.<\/li>\n<li>A Magyar M\u00e1ltai Szeretetszolg\u00e1lattal egy\u00fcttm\u0171k\u00f6dve tanulm\u00e1nyozni egy<br \/>h\u00e1tr\u00e1nyos helyzet\u0171 popul\u00e1ci\u00f3 digit\u00e1lis eg\u00e9szs\u00e9ggel, telemedicin\u00e1val kapcsolatos<br \/>attit\u0171djeit \u00e9s az eredm\u00e9nyek alapj\u00e1n egy potenci\u00e1lis telemedicina program<br \/>megval\u00f3s\u00edt\u00e1s\u00e1t egy h\u00e1tr\u00e1nyos helyzet\u0171 popul\u00e1ci\u00f3 p\u00e9ld\u00e1in kereszt\u00fcl.<\/li>\n<\/ol>\n","protected":false},"excerpt":{"rendered":"<p>A v\u00e1lasztott oldal \u00fan. kivonat mez\u0151j\u00e9b\u0151l j\u00f6n ide  asz\u00f6veg + a k\u00e9p a kiemelt k\u00e9p<\/p>\n","protected":false},"author":12,"featured_media":6,"parent":0,"menu_order":0,"comment_status":"closed","ping_status":"closed","template":"","meta":{"_acf_changed":false,"footnotes":""},"categories":[],"tags":[],"class_list":["post-5","page","type-page","status-publish","has-post-thumbnail","hentry"],"acf":[],"_links":{"self":[{"href":"https:\/\/semmelweis.hu\/digitalhealth\/wp-json\/wp\/v2\/pages\/5","targetHints":{"allow":["GET"]}}],"collection":[{"href":"https:\/\/semmelweis.hu\/digitalhealth\/wp-json\/wp\/v2\/pages"}],"about":[{"href":"https:\/\/semmelweis.hu\/digitalhealth\/wp-json\/wp\/v2\/types\/page"}],"author":[{"embeddable":true,"href":"https:\/\/semmelweis.hu\/digitalhealth\/wp-json\/wp\/v2\/users\/12"}],"replies":[{"embeddable":true,"href":"https:\/\/semmelweis.hu\/digitalhealth\/wp-json\/wp\/v2\/comments?post=5"}],"version-history":[{"count":8,"href":"https:\/\/semmelweis.hu\/digitalhealth\/wp-json\/wp\/v2\/pages\/5\/revisions"}],"predecessor-version":[{"id":217,"href":"https:\/\/semmelweis.hu\/digitalhealth\/wp-json\/wp\/v2\/pages\/5\/revisions\/217"}],"wp:featuredmedia":[{"embeddable":true,"href":"https:\/\/semmelweis.hu\/digitalhealth\/wp-json\/wp\/v2\/media\/6"}],"wp:attachment":[{"href":"https:\/\/semmelweis.hu\/digitalhealth\/wp-json\/wp\/v2\/media?parent=5"}],"wp:term":[{"taxonomy":"category","embeddable":true,"href":"https:\/\/semmelweis.hu\/digitalhealth\/wp-json\/wp\/v2\/categories?post=5"},{"taxonomy":"post_tag","embeddable":true,"href":"https:\/\/semmelweis.hu\/digitalhealth\/wp-json\/wp\/v2\/tags?post=5"}],"curies":[{"name":"wp","href":"https:\/\/api.w.org\/{rel}","templated":true}]}}