{"id":338,"date":"2025-03-21T17:21:09","date_gmt":"2025-03-21T16:21:09","guid":{"rendered":"https:\/\/semmelweis.hu\/digitalhealth\/?page_id=338"},"modified":"2025-03-27T17:02:50","modified_gmt":"2025-03-27T16:02:50","slug":"mi-az-a-d-e-m-o-projekt","status":"publish","type":"page","link":"https:\/\/semmelweis.hu\/digitalhealth\/mi-az-a-d-e-m-o-projekt\/","title":{"rendered":"Mi az a D.E.M.O projekt?"},"content":{"rendered":"<p>2020 november\u00e9ben indult kutat\u00e1sunk, amelyben a hazai eg\u00e9szs\u00e9g\u00fcgy digit\u00e1lis \u00e1talakul\u00e1s\u00e1t igyeksz\u00fcnk vizsg\u00e1lni. T\u00f6bb nagy reprezentat\u00edv p\u00e1ciensi felm\u00e9r\u00e9ssel \u00e9s az ell\u00e1t\u00f3i oldal tapasztalatainak bemutat\u00e1s\u00e1val igyeksz\u00fcnk bemutatni a hazaidigit\u00e1lis \u00e1talakul\u00e1s folyamat\u00e1t. T\u00f6bb kutat\u00e1sunk k\u00f6z\u00e9ppontj\u00e1ban a \u201edigit\u00e1lis eg\u00e9szs\u00e9gparadoxon\u201d k\u00e9rd\u00e9se \u00e1llt, sz\u00e1mos elemz\u00e9s\u00fcnkben igyekezt\u00fcnk a digit\u00e1lis inkl\u00fazi\u00f3t vizsg\u00e1lni, els\u0151sorban s\u00e9r\u00fcl\u00e9keny t\u00e1rsadalmi csoportok eset\u00e9ben (65 \u00e9ven fel\u00fcliek, fogyat\u00e9koss\u00e1ggal, hajl\u00e9ktalans\u00e1ggal \u00e9l\u0151k), hiszen a digit\u00e1lis eg\u00e9szs\u00e9g\u00fcgyi megold\u00e1sok haszn\u00e1lata e csoportokn\u00e1l k\u00fcl\u00f6n\u00f6sen fontos lehet az eg\u00e9szs\u00e9g\u00fcgyi ell\u00e1t\u00e1shoz val\u00f3 hozz\u00e1f\u00e9r\u00e9s n\u00f6vel\u00e9s\u00e9ben.<\/p>\n","protected":false},"excerpt":{"rendered":"<p>2020 november\u00e9ben indult kutat\u00e1sunk, amelyben a hazai eg\u00e9szs\u00e9g\u00fcgy digit\u00e1lis \u00e1talakul\u00e1s\u00e1t igyeksz\u00fcnk vizsg\u00e1lni. T\u00f6bb nagy reprezentat\u00edv p\u00e1ciensi felm\u00e9r\u00e9ssel \u00e9s az ell\u00e1t\u00f3i oldal tapasztalatainak bemutat\u00e1s\u00e1val igyeksz\u00fcnk bemutatni a hazaidigit\u00e1lis \u00e1talakul\u00e1s folyamat\u00e1t. T\u00f6bb kutat\u00e1sunk k\u00f6z\u00e9ppontj\u00e1ban a \u201edigit\u00e1lis eg\u00e9szs\u00e9gparadoxon\u201d k\u00e9rd\u00e9se \u00e1llt, sz\u00e1mos elemz\u00e9s\u00fcnkben igyekezt\u00fcnk a digit\u00e1lis inkl\u00fazi\u00f3t vizsg\u00e1lni, els\u0151sorban s\u00e9r\u00fcl\u00e9keny t\u00e1rsadalmi csoportok eset\u00e9ben (65 \u00e9ven fel\u00fcliek, fogyat\u00e9koss\u00e1ggal, hajl\u00e9ktalans\u00e1ggal \u00e9l\u0151k), &hellip;<\/p>\n","protected":false},"author":101861,"featured_media":364,"parent":0,"menu_order":0,"comment_status":"closed","ping_status":"closed","template":"","meta":{"_acf_changed":false,"footnotes":""},"categories":[],"tags":[],"class_list":["post-338","page","type-page","status-publish","has-post-thumbnail","hentry"],"acf":[],"_links":{"self":[{"href":"https:\/\/semmelweis.hu\/digitalhealth\/wp-json\/wp\/v2\/pages\/338","targetHints":{"allow":["GET"]}}],"collection":[{"href":"https:\/\/semmelweis.hu\/digitalhealth\/wp-json\/wp\/v2\/pages"}],"about":[{"href":"https:\/\/semmelweis.hu\/digitalhealth\/wp-json\/wp\/v2\/types\/page"}],"author":[{"embeddable":true,"href":"https:\/\/semmelweis.hu\/digitalhealth\/wp-json\/wp\/v2\/users\/101861"}],"replies":[{"embeddable":true,"href":"https:\/\/semmelweis.hu\/digitalhealth\/wp-json\/wp\/v2\/comments?post=338"}],"version-history":[{"count":4,"href":"https:\/\/semmelweis.hu\/digitalhealth\/wp-json\/wp\/v2\/pages\/338\/revisions"}],"predecessor-version":[{"id":371,"href":"https:\/\/semmelweis.hu\/digitalhealth\/wp-json\/wp\/v2\/pages\/338\/revisions\/371"}],"wp:featuredmedia":[{"embeddable":true,"href":"https:\/\/semmelweis.hu\/digitalhealth\/wp-json\/wp\/v2\/media\/364"}],"wp:attachment":[{"href":"https:\/\/semmelweis.hu\/digitalhealth\/wp-json\/wp\/v2\/media?parent=338"}],"wp:term":[{"taxonomy":"category","embeddable":true,"href":"https:\/\/semmelweis.hu\/digitalhealth\/wp-json\/wp\/v2\/categories?post=338"},{"taxonomy":"post_tag","embeddable":true,"href":"https:\/\/semmelweis.hu\/digitalhealth\/wp-json\/wp\/v2\/tags?post=338"}],"curies":[{"name":"wp","href":"https:\/\/api.w.org\/{rel}","templated":true}]}}