{"id":324,"date":"2025-02-07T10:51:37","date_gmt":"2025-02-07T09:51:37","guid":{"rendered":"https:\/\/semmelweis.hu\/digitalhealth\/?page_id=324"},"modified":"2025-02-10T16:10:12","modified_gmt":"2025-02-10T15:10:12","slug":"kutatasaink-osszefoglalo-eredmenyei","status":"publish","type":"page","link":"https:\/\/semmelweis.hu\/digitalhealth\/kutatasaink-osszefoglalo-eredmenyei\/","title":{"rendered":"Eredm\u00e9nyeink"},"content":{"rendered":"<p><strong>E-orvosok \u00e9s e-p\u00e1ciensek Magyarorsz\u00e1gon \u2013 Kutat\u00e1si \u00f6sszefoglal\u00f3<\/strong><\/p>\n<p>\u00d6sszefoglal\u00f3 anyagunkban 8 \u00e1llom\u00e1son kereszt\u00fcl mutatjuk be 4 \u00e9ves alapkutat\u00e1si projekt\u00fcnket, amelyben az eg\u00e9szs\u00e9g\u00fcgy digitaliz\u00e1ci\u00f3j\u00e1nak lehet\u0151s\u00e9geit vizsg\u00e1ltuk.<\/p>\n<p>Munk\u00e1nkra jelent\u0151s hat\u00e1ssal b\u00edrta a COVID-19 j\u00e1rv\u00e1ny \u00e9s a ChatGPT 2022-es megjelen\u00e9se, \u00edgy a kutat\u00e1st \u00e9s az elemz\u00e9st a v\u00e1ltoz\u00f3 trendeknek megfelel\u0151en t\u00f6bbsz\u00f6r \u00fajratervezt\u00fck. Minden neh\u00e9zs\u00e9g ellen\u00e9re, ugyanakkor a digitaliz\u00e1ci\u00f3 legintenz\u00edvebb pillanataiban tudtuk megfigyelni a v\u00e1ltoz\u00e1sokat.<\/p>\n<p>Let\u00f6lthet\u0151 anyagunkban a p\u00e1ciensi oldal \u00e9s az ell\u00e1t\u00f3i oldal tapasztalatait \u00e9s attit\u0171djeit vizsg\u00e1ltuk, nagy hangs\u00falyt fektetve a s\u00e9r\u00fcl\u00e9keny t\u00e1rsadalmi csoportok helyzet\u00e9nek megismer\u00e9s\u00e9re \u00e9s a j\u00f6v\u0151 orvosgener\u00e1ci\u00f3j\u00e1nak v\u00e9leked\u00e9seire \u00e9s elv\u00e1r\u00e1saira. Nyomon k\u00f6vett\u00fck a t\u00f6rv\u00e9nyi szab\u00e1lyoz\u00e1s alakul\u00e1s\u00e1t \u00e9s egy\u00fcttm\u0171k\u00f6dt\u00fcnk a Magyar M\u00e1ltai Szeretetszolg\u00e1lattal k\u00f6z\u00f6s kutat\u00e1sokban, valamint egy telemedicin\u00e1lis projekt monitoroz\u00e1s\u00e1ban.<\/p>\n<p>B\u00edzunk benne, hogy munk\u00e1nk az eg\u00e9szs\u00e9g\u00fcgy minden szerepl\u0151je sz\u00e1m\u00e1ra hasznos inform\u00e1ci\u00f3forr\u00e1sul szolg\u00e1lhat, hiszen ahhoz, hogy el tudjunk indulni az \u00faton, tudnunk kell, hogy hol \u00e1llunk a t\u00e9rk\u00e9pen.<\/p>\n<p><a href=\"https:\/\/semmelweis.hu\/digitalhealth\/files\/2025\/02\/DEMO_Kutatasi_osszefoglalo.pdf\">\u00d6sszefoglal\u00f3 jelent\u00e9s let\u00f6lthet\u0151 innen<\/a><\/p>\n<p><a href=\"https:\/\/semmelweis.hu\/digitalhealth\/e-patients-and-e-physicians-in-hungary\/\">A projekt z\u00e1r\u00f3k\u00f6tete pedig el\u00e9rhet\u0151 itt<\/a><\/p>\n<hr \/>\n<p>Tov\u00e1bb\u00e1 al\u00e1bbiakban megtal\u00e1lhat\u00f3ak a projektben bel\u00fcl megval\u00f3s\u00edtott egyes kutat\u00e1saink r\u00f6vid \u00f6sszefoglal\u00f3i.\u00a0<\/p>\n<ul>\n<li><a href=\"https:\/\/semmelweis.hu\/digitalhealth\/lakossagi-felmeres\/\">Lakoss\u00e1gi kutat\u00e1s 2021<\/a><\/li>\n<li><a href=\"https:\/\/semmelweis.hu\/digitalhealth\/lakossagi-kutatas-2024\/\">Lakoss\u00e1gi kutat\u00e1s 2024<\/a><\/li>\n<li><a href=\"https:\/\/semmelweis.hu\/digitalhealth\/orvoskutatas\/\">Orvosi kutat\u00e1s<\/a><\/li>\n<li><a href=\"https:\/\/semmelweis.hu\/digitalhealth\/hallgatoi-felmeres\/\">Hallgat\u00f3i felm\u00e9r\u00e9s<\/a><\/li>\n<li><a href=\"https:\/\/semmelweis.hu\/digitalhealth\/hajlektalan-kutatas\/\">Hajl\u00e9ktalan kutat\u00e1s\u00a0<\/a><\/li>\n<li><a href=\"https:\/\/semmelweis.hu\/digitalhealth\/idoskutatas\/\">Id\u0151skutat\u00e1s<\/a><\/li>\n<\/ul>\n","protected":false},"excerpt":{"rendered":"<p>E-orvosok \u00e9s e-p\u00e1ciensek Magyarorsz\u00e1gon \u2013 Kutat\u00e1si \u00f6sszefoglal\u00f3 \u00d6sszefoglal\u00f3 anyagunkban 8 \u00e1llom\u00e1son kereszt\u00fcl mutatjuk be 4 \u00e9ves alapkutat\u00e1si projekt\u00fcnket, amelyben az eg\u00e9szs\u00e9g\u00fcgy digitaliz\u00e1ci\u00f3j\u00e1nak lehet\u0151s\u00e9geit vizsg\u00e1ltuk. Munk\u00e1nkra jelent\u0151s hat\u00e1ssal b\u00edrta a COVID-19 j\u00e1rv\u00e1ny \u00e9s a ChatGPT 2022-es megjelen\u00e9se, \u00edgy a kutat\u00e1st \u00e9s az elemz\u00e9st a v\u00e1ltoz\u00f3 trendeknek megfelel\u0151en t\u00f6bbsz\u00f6r \u00fajratervezt\u00fck. Minden neh\u00e9zs\u00e9g ellen\u00e9re, ugyanakkor a digitaliz\u00e1ci\u00f3 legintenz\u00edvebb &hellip;<\/p>\n","protected":false},"author":101861,"featured_media":0,"parent":0,"menu_order":0,"comment_status":"closed","ping_status":"closed","template":"","meta":{"_acf_changed":false,"footnotes":""},"categories":[],"tags":[],"class_list":["post-324","page","type-page","status-publish","hentry"],"acf":[],"_links":{"self":[{"href":"https:\/\/semmelweis.hu\/digitalhealth\/wp-json\/wp\/v2\/pages\/324","targetHints":{"allow":["GET"]}}],"collection":[{"href":"https:\/\/semmelweis.hu\/digitalhealth\/wp-json\/wp\/v2\/pages"}],"about":[{"href":"https:\/\/semmelweis.hu\/digitalhealth\/wp-json\/wp\/v2\/types\/page"}],"author":[{"embeddable":true,"href":"https:\/\/semmelweis.hu\/digitalhealth\/wp-json\/wp\/v2\/users\/101861"}],"replies":[{"embeddable":true,"href":"https:\/\/semmelweis.hu\/digitalhealth\/wp-json\/wp\/v2\/comments?post=324"}],"version-history":[{"count":9,"href":"https:\/\/semmelweis.hu\/digitalhealth\/wp-json\/wp\/v2\/pages\/324\/revisions"}],"predecessor-version":[{"id":335,"href":"https:\/\/semmelweis.hu\/digitalhealth\/wp-json\/wp\/v2\/pages\/324\/revisions\/335"}],"wp:attachment":[{"href":"https:\/\/semmelweis.hu\/digitalhealth\/wp-json\/wp\/v2\/media?parent=324"}],"wp:term":[{"taxonomy":"category","embeddable":true,"href":"https:\/\/semmelweis.hu\/digitalhealth\/wp-json\/wp\/v2\/categories?post=324"},{"taxonomy":"post_tag","embeddable":true,"href":"https:\/\/semmelweis.hu\/digitalhealth\/wp-json\/wp\/v2\/tags?post=324"}],"curies":[{"name":"wp","href":"https:\/\/api.w.org\/{rel}","templated":true}]}}