{"id":25,"date":"2021-01-13T18:12:48","date_gmt":"2021-01-13T17:12:48","guid":{"rendered":"https:\/\/semmelweis.hu\/digitalhealth\/?page_id=25"},"modified":"2023-05-08T15:56:05","modified_gmt":"2023-05-08T13:56:05","slug":"kik-vagyunk","status":"publish","type":"page","link":"https:\/\/semmelweis.hu\/digitalhealth\/kik-vagyunk\/","title":{"rendered":"Kik vagyunk"},"content":{"rendered":"<h4><strong>Dr. habil. Gy\u0151rffy Zsuzsa PhD<\/strong> a kutat\u00f3csoport vezet\u0151je:<\/h4>\n<p><em style=\"font-size: 1rem\"><img loading=\"lazy\" decoding=\"async\" class=\" wp-image-48 alignleft\" src=\"https:\/\/semmelweis.hu\/digitalhealth\/files\/2021\/01\/K\u00e9p1.png\" alt=\"\" width=\"135\" height=\"203\" \/><\/em>Digit\u00e1lis eg\u00e9szs\u00e9g\u00fcgyi szak\u00e9rt\u0151, a Semmelweis Egyetem Magatart\u00e1studom\u00e1nyi Int\u00e9zet\u00e9nek docense, az Orvosi Szociol\u00f3gia r\u00e9szleg vezet\u0151je. \u201e<em>A digit\u00e1lis eg\u00e9szs\u00e9g\u00fcgy messze t\u00falmutat a technol\u00f3gi\u00e1n: a modern medicina lehet\u0151s\u00e9get ad a\u00a0 k\u00f6zrem\u0171k\u00f6d\u0151 orvosl\u00e1sra,\u00a0 ahol a betegek t\u00f6bb\u00e9 nem passz\u00edv r\u00e9sztvev\u0151k, hanem egyre ink\u00e1bb e-p\u00e1ciens<\/em><em style=\"font-size: 1rem\">k\u00e9nt\u00a0 elk\u00f6telezettek, \u00e9rdekeltek \u00e9s j\u00f3l inform\u00e1ltak saj\u00e1t gy\u00f3gyul\u00e1sukban, az orvos-beteg tal\u00e1lkoz\u00e1sra felk\u00e9sz\u00fclnek, \u00e9s a megosztott d\u00f6nt\u00e9shozatalt prefer\u00e1lj\u00e1k. A digit\u00e1lis eg\u00e9szs\u00e9g\u00fcggyel kapcsolatos k\u00e9rd\u00e9sek \u00faj kih\u00edv\u00e1sokat fogalmaznak meg a hivat\u00e1s gyakorl\u00f3i fel\u00e9: a technol\u00f3giai j\u00e1rtass\u00e1g mellett a kritikus gondolkod\u00e1s, az inform\u00e1ci\u00f3kezel\u00e9s, a kommunik\u00e1ci\u00f3s k\u00e9szs\u00e9gek, a kreativit\u00e1s \u00e9s a csapatmunka kulcsszerep\u0171<\/em><em style=\"font-size: 1rem\">v\u00e9 v\u00e1lik\u201d <\/em><em style=\"font-size: 1rem\">\u00a0\u00a0<\/em><\/p>\n<hr \/>\n<p><em style=\"font-size: 1rem\"><img loading=\"lazy\" decoding=\"async\" class=\" wp-image-51 alignleft\" src=\"https:\/\/semmelweis.hu\/digitalhealth\/files\/2021\/01\/K\u00e9p4.png\" alt=\"\" width=\"135\" height=\"180\" \/><\/em><\/p>\n<p><span style=\"font-size: 18pt\"><strong>Girasek\u00a0<\/strong><strong>Edmond<\/strong><\/span> PhD, Semmelweis Egyetem Magatart\u00e1studom\u00e1nyi Int\u00e9zet\u00e9nek adjunktusa, kiemelten foglalkozik az adatok \u00e9s a mesters\u00e9ges intelligencia jelent\u0151s\u00e9g\u00e9vel az orvosl\u00e1sban \u00e9s az eg\u00e9szs\u00e9g\u00fcgyi ell\u00e1t\u00f3rendszerben. <em>\u201cAz adatok megfelel\u0151 felhaszn\u00e1l\u00e1sa \u00e9s a mesters\u00e9ges intelligencia alapvet\u0151en forradalmas\u00edtj\u00e1k az \u00e9let sz\u00e1m<\/em><em>os ter\u00fclet\u00e9t, ezen bel\u00fcl kiemelten az orvosl\u00e1st \u00e9s a sz\u00e9lesebb \u00e9rtelemben vett eg\u00e9szs\u00e9g\u00fcgyet. Ezek a technol\u00f3gi\u00e1k azonban akkor tudj\u00e1k \u00e9rdemben jav\u00edtani az ell\u00e1t\u00e1st, ha a mindennapi gyakorlatban is el\u00e9rhet\u0151ek \u00e9s haszn\u00e1lhat\u00f3ak. C\u00e9l ezen technol\u00f3gi\u00e1k el\u00e9rhet\u0151v\u00e9 t\u00e9tele a mindennapi orvosl\u00e1sban, illetve foglalkozni ezek szociol\u00f3giai, jogi \u00e9s etikai vonatkoz\u00e1saival.\u201d<\/em><\/p>\n<hr \/>\n<p><em style=\"font-size: 1rem\"><img loading=\"lazy\" decoding=\"async\" class=\" wp-image-52 alignleft\" src=\"https:\/\/semmelweis.hu\/digitalhealth\/files\/2021\/01\/K\u00e9p5.png\" alt=\"\" width=\"136\" height=\"170\" \/><\/em><span style=\"font-size: 18pt\"><strong>D\u00f6br\u00f6ssy Bence<\/strong><\/span>, tan\u00e1rseg\u00e9d, a Semmelweis Egyetem Magatart\u00e1studom\u00e1nyi Int\u00e9zet\u00e9ben. Kutat\u00e1si ter\u00fclete az eg\u00e9szs\u00e9gfejleszt\u00e9s lehet\u0151s\u00e9gei a k\u00f6z\u00f6ss\u00e9gi m\u00e9di\u00e1ban. &#8222;<em>Hiszem, hogy megfelel\u0151 odafigyel\u00e9ssel a k\u00f6z\u00f6ss\u00e9gi m\u00e9dia nagyon hasznos sz\u00edntere lehet az eg\u00e9szs\u00e9gv\u00e9delemnek. Interakt\u00edv, informat\u00edv \u00e9s k\u00f6z\u00f6ss\u00e9gform\u00e1l\u00f3 is lehet. De ez nem megy mag\u00e1t\u00f3l&#8221;<\/em><\/p>\n<hr \/>\n<p><em style=\"font-size: 1rem\"><img loading=\"lazy\" decoding=\"async\" class=\"wp-image-54 alignleft\" src=\"https:\/\/semmelweis.hu\/digitalhealth\/files\/2021\/01\/Nora-Rado_2018-Paris-320x400.jpg\" alt=\"\" width=\"135\" height=\"169\" srcset=\"https:\/\/semmelweis.hu\/digitalhealth\/files\/2021\/01\/Nora-Rado_2018-Paris-320x400.jpg 320w, https:\/\/semmelweis.hu\/digitalhealth\/files\/2021\/01\/Nora-Rado_2018-Paris-819x1024.jpg 819w, https:\/\/semmelweis.hu\/digitalhealth\/files\/2021\/01\/Nora-Rado_2018-Paris-768x960.jpg 768w, https:\/\/semmelweis.hu\/digitalhealth\/files\/2021\/01\/Nora-Rado_2018-Paris-753x941.jpg 753w, https:\/\/semmelweis.hu\/digitalhealth\/files\/2021\/01\/Nora-Rado_2018-Paris.jpg 1080w\" sizes=\"auto, (max-width: 135px) 100vw, 135px\" \/><\/em><\/p>\n<p><span style=\"font-size: 18pt\"><strong>Rad\u00f3 N\u00f3ra<\/strong> <\/span>PhD hallgat\u00f3 kutat\u00e1saiban a technol\u00f3gia orvostudom\u00e1nyra kifejtett hat\u00e1s\u00e1val foglalkozik, a Qubit tudom\u00e1nyos ismeretterjeszt\u0151 magazin \u00e1lland\u00f3 szerz\u0151je, a Contemplate projekt t\u00e1rsalap\u00edt\u00f3ja a CEU Innovation Lab keret\u00e9ben. \u201e<em>Munk\u00e1mban a mesters\u00e9ges intelligencia megker\u00fclhetetlen &#8211; az ember j\u00f6v\u0151j\u00e9nek egyik legnagyobb hat\u00e1s\u00fa technol\u00f3gi\u00e1ja. Emiatt van sz\u00fcks\u00e9g arra, hogy felt\u00e9rk\u00e9pezz\u00fck a technol\u00f3gi\u00e1ra vonatkoz\u00f3 filoz\u00f3fiai, etikai, k\u00f6rnyezetpolitikai \u00e9s egy\u00e9b t\u00e1rsadalomtudom\u00e1nyi dilemm\u00e1kat, \u00e9s ezekre miel\u0151bb megold\u00e1sokat tal\u00e1ljunk.&#8221;<\/em><\/p>\n<hr \/>\n<p><em style=\"font-size: 1rem\"><img loading=\"lazy\" decoding=\"async\" class=\"wp-image-55 alignleft\" src=\"https:\/\/semmelweis.hu\/digitalhealth\/files\/2023\/05\/bj.png\" alt=\"\" width=\"135\" height=\"202\" \/><\/em><\/p>\n<p><span style=\"font-size: 18pt\"><strong>Boros Julianna<\/strong> <\/span> PhD szociol\u00f3gus, epidemiol\u00f3gus. A Semmelweis Egyetem Magatart\u00e1studom\u00e1nyi Int\u00e9zete mellett a KSH N\u00e9pess\u00e9gtudom\u00e1nyi Int\u00e9zetben dolgozik kutat\u00f3k\u00e9nt. \u201e<em>Az ut\u00f3bbi \u00e9vekben tapasztalt digit\u00e1lis forradalom, a mesters\u00e9ges intelligencia el\u0151ret\u00f6r\u00e9se az \u00e9let m\u00e1s ter\u00fcletei mellett az eg\u00e9szs\u00e9g- \u00e9s a t\u00e1rsadalomtudom\u00e1ny ter\u00fclet\u00e9n is alapvet\u0151 v\u00e1ltoz\u00e1sokat hoz mag\u00e1val: az MI lehet\u0151v\u00e9 teszi a kor\u00e1bban el\u00e9rhetetlennek t\u0171n\u0151 adatmennyis\u00e9g \u00e9s komplexit\u00e1s feldolgoz\u00e1s\u00e1t, \u00e9s az eg\u00e9szs\u00e9g\u00fcgyi ell\u00e1t\u00e1s min\u0151s\u00e9g\u00e9nek, hat\u00e9konys\u00e1g\u00e1nak \u00e9s eredm\u00e9nyess\u00e9g\u00e9nek jav\u00edt\u00e1s\u00e1t, valamint a t\u00e1rsadalmi jelens\u00e9gek \u00e9s folyamatok hat\u00e9konyabb \u00e9s r\u00e9szletesebb meg\u00e9rt\u00e9s\u00e9t, el\u0151seg\u00edtve a t\u00e1rsadalmi probl\u00e9m\u00e1k megold\u00e1s\u00e1t.&#8221;<\/em><\/p>\n<hr \/>\n<p><strong>CSAPATUNK K\u00dcLS\u0150 TAGJAI \u2013 ORVOS SZAK\u00c9RT\u0150INK<\/strong><\/p>\n<ul style=\"list-style-type: square\">\n<li><strong>Dr. Horv\u00e1th Tam\u00e1s <\/strong>PhD F\u00fcl- orr- g\u00e9g\u00e9sz szakorvos<\/li>\n<li><strong>Dr. Varga Zsuzsa <\/strong>F\u00fcl- orr- g\u00e9g\u00e9sz szakorvos<\/li>\n<li><strong>Dr. N\u00e9meth Orsolya <\/strong>PhD igazgat\u00f3, SE\u00a0 Fog\u00e1szati \u00e9s Sz\u00e1jseb\u00e9szeti Oktat\u00f3 Int\u00e9zet<\/li>\n<li><strong>Dr. B\u00e9k\u00e1si S\u00e1ndor, <\/strong>h\u00e1ziorvos<\/li>\n<li><strong>Dr. Altorjai P\u00e9ter <\/strong>h\u00e1zi gyermekorvos<\/li>\n<\/ul>\n","protected":false},"excerpt":{"rendered":"<p>Dr. habil. Gy\u0151rffy Zsuzsa PhD a kutat\u00f3csoport vezet\u0151je: Digit\u00e1lis eg\u00e9szs\u00e9g\u00fcgyi szak\u00e9rt\u0151, a Semmelweis Egyetem Magatart\u00e1studom\u00e1nyi Int\u00e9zet\u00e9nek docense, az Orvosi Szociol\u00f3gia r\u00e9szleg vezet\u0151je. \u201eA digit\u00e1lis eg\u00e9szs\u00e9g\u00fcgy messze t\u00falmutat a technol\u00f3gi\u00e1n: a modern medicina lehet\u0151s\u00e9get ad a\u00a0 k\u00f6zrem\u0171k\u00f6d\u0151 orvosl\u00e1sra,\u00a0 ahol a betegek t\u00f6bb\u00e9 nem passz\u00edv r\u00e9sztvev\u0151k, hanem egyre ink\u00e1bb e-p\u00e1ciensk\u00e9nt\u00a0 elk\u00f6telezettek, \u00e9rdekeltek \u00e9s j\u00f3l inform\u00e1ltak saj\u00e1t gy\u00f3gyul\u00e1sukban, &hellip;<\/p>\n","protected":false},"author":101861,"featured_media":0,"parent":0,"menu_order":0,"comment_status":"closed","ping_status":"closed","template":"","meta":{"_acf_changed":false,"footnotes":""},"categories":[],"tags":[],"class_list":["post-25","page","type-page","status-publish","hentry"],"acf":[],"_links":{"self":[{"href":"https:\/\/semmelweis.hu\/digitalhealth\/wp-json\/wp\/v2\/pages\/25","targetHints":{"allow":["GET"]}}],"collection":[{"href":"https:\/\/semmelweis.hu\/digitalhealth\/wp-json\/wp\/v2\/pages"}],"about":[{"href":"https:\/\/semmelweis.hu\/digitalhealth\/wp-json\/wp\/v2\/types\/page"}],"author":[{"embeddable":true,"href":"https:\/\/semmelweis.hu\/digitalhealth\/wp-json\/wp\/v2\/users\/101861"}],"replies":[{"embeddable":true,"href":"https:\/\/semmelweis.hu\/digitalhealth\/wp-json\/wp\/v2\/comments?post=25"}],"version-history":[{"count":10,"href":"https:\/\/semmelweis.hu\/digitalhealth\/wp-json\/wp\/v2\/pages\/25\/revisions"}],"predecessor-version":[{"id":228,"href":"https:\/\/semmelweis.hu\/digitalhealth\/wp-json\/wp\/v2\/pages\/25\/revisions\/228"}],"wp:attachment":[{"href":"https:\/\/semmelweis.hu\/digitalhealth\/wp-json\/wp\/v2\/media?parent=25"}],"wp:term":[{"taxonomy":"category","embeddable":true,"href":"https:\/\/semmelweis.hu\/digitalhealth\/wp-json\/wp\/v2\/categories?post=25"},{"taxonomy":"post_tag","embeddable":true,"href":"https:\/\/semmelweis.hu\/digitalhealth\/wp-json\/wp\/v2\/tags?post=25"}],"curies":[{"name":"wp","href":"https:\/\/api.w.org\/{rel}","templated":true}]}}