{"id":222,"date":"2023-05-07T19:28:03","date_gmt":"2023-05-07T17:28:03","guid":{"rendered":"https:\/\/semmelweis.hu\/digitalhealth\/?page_id=222"},"modified":"2023-05-09T15:58:08","modified_gmt":"2023-05-09T13:58:08","slug":"idoskutatas","status":"publish","type":"page","link":"https:\/\/semmelweis.hu\/digitalhealth\/idoskutatas\/","title":{"rendered":"Id\u0151skutat\u00e1s"},"content":{"rendered":"<p><img loading=\"lazy\" decoding=\"async\" class=\"wp-image-165  alignleft\" src=\"https:\/\/semmelweis.hu\/digitalhealth\/files\/2023\/05\/Idoskutatas-2023_Boritokep_1240x1754.jpg\" alt=\"\" width=\"507\" height=\"717\" \/><\/p>\n<p style=\"text-align: center\"><a href=\"https:\/\/semmelweis.hu\/digitalhealth\/files\/2023\/05\/Idoskutatas-2023_2023-03-31.pdf\">Id\u0151skutat\u00e1s let\u00f6lt\u00e9se<\/a><\/p>\n<p>&nbsp;<\/p>\n<p>&nbsp;<\/p>\n<p>&nbsp;<\/p>\n<p>&nbsp;<\/p>\n<p>&nbsp;<\/p>\n<p>&nbsp;<\/p>\n<p>&nbsp;<\/p>\n<p>&nbsp;<\/p>\n<p>&nbsp;<\/p>\n<p>&nbsp;<\/p>\n<p>&nbsp;<\/p>\n<p>&nbsp;<\/p>\n<p>&nbsp;<\/p>\n","protected":false},"excerpt":{"rendered":"<p><a href=\"https:\/\/semmelweis.hu\/digitalhealth\/files\/2023\/05\/Idoskutatas-2023_2023-03-31.pdf\">Id\u0151skutat\u00e1s let\u00f6lt\u00e9se<\/a><br \/>\n&nbsp;<br \/>\n&nbsp;<br \/>\n&nbsp;<br \/>\n&nbsp;<br \/>\n&nbsp;<br \/>\n&nbsp;<br \/>\n&nbsp;<br \/>\n&nbsp;<br \/>\n&nbsp;<br \/>\n&nbsp;<br \/>\n&nbsp;<br \/>\n&nbsp;<br \/>\n&nbsp;<\/p>\n","protected":false},"author":101861,"featured_media":0,"parent":0,"menu_order":0,"comment_status":"closed","ping_status":"closed","template":"","meta":{"_acf_changed":false,"footnotes":""},"categories":[],"tags":[],"class_list":["post-222","page","type-page","status-publish","hentry"],"acf":[],"_links":{"self":[{"href":"https:\/\/semmelweis.hu\/digitalhealth\/wp-json\/wp\/v2\/pages\/222","targetHints":{"allow":["GET"]}}],"collection":[{"href":"https:\/\/semmelweis.hu\/digitalhealth\/wp-json\/wp\/v2\/pages"}],"about":[{"href":"https:\/\/semmelweis.hu\/digitalhealth\/wp-json\/wp\/v2\/types\/page"}],"author":[{"embeddable":true,"href":"https:\/\/semmelweis.hu\/digitalhealth\/wp-json\/wp\/v2\/users\/101861"}],"replies":[{"embeddable":true,"href":"https:\/\/semmelweis.hu\/digitalhealth\/wp-json\/wp\/v2\/comments?post=222"}],"version-history":[{"count":3,"href":"https:\/\/semmelweis.hu\/digitalhealth\/wp-json\/wp\/v2\/pages\/222\/revisions"}],"predecessor-version":[{"id":232,"href":"https:\/\/semmelweis.hu\/digitalhealth\/wp-json\/wp\/v2\/pages\/222\/revisions\/232"}],"wp:attachment":[{"href":"https:\/\/semmelweis.hu\/digitalhealth\/wp-json\/wp\/v2\/media?parent=222"}],"wp:term":[{"taxonomy":"category","embeddable":true,"href":"https:\/\/semmelweis.hu\/digitalhealth\/wp-json\/wp\/v2\/categories?post=222"},{"taxonomy":"post_tag","embeddable":true,"href":"https:\/\/semmelweis.hu\/digitalhealth\/wp-json\/wp\/v2\/tags?post=222"}],"curies":[{"name":"wp","href":"https:\/\/api.w.org\/{rel}","templated":true}]}}