{"id":164,"date":"2022-04-21T15:11:30","date_gmt":"2022-04-21T13:11:30","guid":{"rendered":"https:\/\/semmelweis.hu\/digitalhealth\/?page_id=164"},"modified":"2022-04-21T15:21:46","modified_gmt":"2022-04-21T13:21:46","slug":"hallgatoi-felmeres","status":"publish","type":"page","link":"https:\/\/semmelweis.hu\/digitalhealth\/hallgatoi-felmeres\/","title":{"rendered":"Hallgat\u00f3i felm\u00e9r\u00e9s"},"content":{"rendered":"<p><img loading=\"lazy\" decoding=\"async\" class=\"wp-image-165  alignleft\" src=\"https:\/\/semmelweis.hu\/digitalhealth\/files\/2022\/04\/Hallgatoi-felmeres_2021-2022-web-20220414_pages-to-jpg-0001.jpg\" alt=\"\" width=\"507\" height=\"717\" srcset=\"https:\/\/semmelweis.hu\/digitalhealth\/files\/2022\/04\/Hallgatoi-felmeres_2021-2022-web-20220414_pages-to-jpg-0001.jpg 1241w, https:\/\/semmelweis.hu\/digitalhealth\/files\/2022\/04\/Hallgatoi-felmeres_2021-2022-web-20220414_pages-to-jpg-0001-283x400.jpg 283w, https:\/\/semmelweis.hu\/digitalhealth\/files\/2022\/04\/Hallgatoi-felmeres_2021-2022-web-20220414_pages-to-jpg-0001-725x1024.jpg 725w, https:\/\/semmelweis.hu\/digitalhealth\/files\/2022\/04\/Hallgatoi-felmeres_2021-2022-web-20220414_pages-to-jpg-0001-768x1085.jpg 768w, https:\/\/semmelweis.hu\/digitalhealth\/files\/2022\/04\/Hallgatoi-felmeres_2021-2022-web-20220414_pages-to-jpg-0001-1087x1536.jpg 1087w, https:\/\/semmelweis.hu\/digitalhealth\/files\/2022\/04\/Hallgatoi-felmeres_2021-2022-web-20220414_pages-to-jpg-0001-753x1064.jpg 753w\" sizes=\"auto, (max-width: 507px) 100vw, 507px\" \/><\/p>\n<p style=\"text-align: center\"><a href=\"https:\/\/semmelweis.hu\/digitalhealth\/files\/2022\/04\/Hallgatoi-felmeres_2021-2022-web-20220414.pdf\">Hallgat\u00f3i felm\u00e9r\u00e9s let\u00f6lt\u00e9se<\/a><\/p>\n<p>&nbsp;<\/p>\n<p>&nbsp;<\/p>\n<p>&nbsp;<\/p>\n<p>&nbsp;<\/p>\n<p>&nbsp;<\/p>\n<p>&nbsp;<\/p>\n<p>&nbsp;<\/p>\n<p>&nbsp;<\/p>\n<p>&nbsp;<\/p>\n<p>&nbsp;<\/p>\n<p>&nbsp;<\/p>\n<p>&nbsp;<\/p>\n<p>&nbsp;<\/p>\n","protected":false},"excerpt":{"rendered":"<p><a href=\"https:\/\/semmelweis.hu\/digitalhealth\/files\/2022\/04\/Hallgatoi-felmeres_2021-2022-web-20220414.pdf\">Hallgat\u00f3i felm\u00e9r\u00e9s let\u00f6lt\u00e9se<\/a><br \/>\n&nbsp;<br \/>\n&nbsp;<br \/>\n&nbsp;<br \/>\n&nbsp;<br \/>\n&nbsp;<br \/>\n&nbsp;<br \/>\n&nbsp;<br \/>\n&nbsp;<br \/>\n&nbsp;<br \/>\n&nbsp;<br \/>\n&nbsp;<br \/>\n&nbsp;<br \/>\n&nbsp;<\/p>\n","protected":false},"author":101861,"featured_media":0,"parent":0,"menu_order":0,"comment_status":"closed","ping_status":"closed","template":"","meta":{"_acf_changed":false,"footnotes":""},"categories":[],"tags":[],"class_list":["post-164","page","type-page","status-publish","hentry"],"acf":[],"_links":{"self":[{"href":"https:\/\/semmelweis.hu\/digitalhealth\/wp-json\/wp\/v2\/pages\/164","targetHints":{"allow":["GET"]}}],"collection":[{"href":"https:\/\/semmelweis.hu\/digitalhealth\/wp-json\/wp\/v2\/pages"}],"about":[{"href":"https:\/\/semmelweis.hu\/digitalhealth\/wp-json\/wp\/v2\/types\/page"}],"author":[{"embeddable":true,"href":"https:\/\/semmelweis.hu\/digitalhealth\/wp-json\/wp\/v2\/users\/101861"}],"replies":[{"embeddable":true,"href":"https:\/\/semmelweis.hu\/digitalhealth\/wp-json\/wp\/v2\/comments?post=164"}],"version-history":[{"count":2,"href":"https:\/\/semmelweis.hu\/digitalhealth\/wp-json\/wp\/v2\/pages\/164\/revisions"}],"predecessor-version":[{"id":177,"href":"https:\/\/semmelweis.hu\/digitalhealth\/wp-json\/wp\/v2\/pages\/164\/revisions\/177"}],"wp:attachment":[{"href":"https:\/\/semmelweis.hu\/digitalhealth\/wp-json\/wp\/v2\/media?parent=164"}],"wp:term":[{"taxonomy":"category","embeddable":true,"href":"https:\/\/semmelweis.hu\/digitalhealth\/wp-json\/wp\/v2\/categories?post=164"},{"taxonomy":"post_tag","embeddable":true,"href":"https:\/\/semmelweis.hu\/digitalhealth\/wp-json\/wp\/v2\/tags?post=164"}],"curies":[{"name":"wp","href":"https:\/\/api.w.org\/{rel}","templated":true}]}}