{"id":124,"date":"2021-12-20T17:42:36","date_gmt":"2021-12-20T16:42:36","guid":{"rendered":"https:\/\/semmelweis.hu\/digitalhealth\/?page_id=124"},"modified":"2022-04-21T15:14:10","modified_gmt":"2022-04-21T13:14:10","slug":"lakossagi-felmeres","status":"publish","type":"page","link":"https:\/\/semmelweis.hu\/digitalhealth\/lakossagi-felmeres\/","title":{"rendered":"Lakoss\u00e1gi Felm\u00e9r\u00e9s"},"content":{"rendered":"<p><a href=\"https:\/\/semmelweis.hu\/digitalhealth\/files\/2021\/12\/E-paciensek-Magyarorszagon-web-20211220.pdf\"><img loading=\"lazy\" decoding=\"async\" class=\"wp-image-128  alignleft\" src=\"https:\/\/semmelweis.hu\/digitalhealth\/files\/2021\/12\/lakossagifelmeres_page-0001-724x1024.jpg\" alt=\"\" width=\"507\" height=\"717\" srcset=\"https:\/\/semmelweis.hu\/digitalhealth\/files\/2021\/12\/lakossagifelmeres_page-0001-724x1024.jpg 724w, https:\/\/semmelweis.hu\/digitalhealth\/files\/2021\/12\/lakossagifelmeres_page-0001-283x400.jpg 283w, https:\/\/semmelweis.hu\/digitalhealth\/files\/2021\/12\/lakossagifelmeres_page-0001-768x1086.jpg 768w, https:\/\/semmelweis.hu\/digitalhealth\/files\/2021\/12\/lakossagifelmeres_page-0001-1086x1536.jpg 1086w, https:\/\/semmelweis.hu\/digitalhealth\/files\/2021\/12\/lakossagifelmeres_page-0001-753x1065.jpg 753w, https:\/\/semmelweis.hu\/digitalhealth\/files\/2021\/12\/lakossagifelmeres_page-0001.jpg 1241w\" sizes=\"auto, (max-width: 507px) 100vw, 507px\" \/><\/a><\/p>\n<p style=\"text-align: center\"><a href=\"https:\/\/semmelweis.hu\/digitalhealth\/files\/2022\/02\/E-paciensek-Magyarorszagon-web-20220127.pdf\">Lakoss\u00e1gi felm\u00e9r\u00e9s let\u00f6lt\u00e9se<\/a><\/p>\n<p style=\"text-align: center\"><a href=\"https:\/\/semmelweis.hu\/digitalhealth\/files\/2022\/02\/Lakossagi-kerdoiv_final.pdf\">K\u00e9rd\u0151\u00edv let\u00f6lt\u00e9se<\/a><\/p>\n<p>&nbsp;<\/p>\n<p>&nbsp;<\/p>\n<p>&nbsp;<\/p>\n<p>&nbsp;<\/p>\n<p>&nbsp;<\/p>\n<p>&nbsp;<\/p>\n<p>&nbsp;<\/p>\n<p>&nbsp;<\/p>\n<p>&nbsp;<\/p>\n<p>&nbsp;<\/p>\n<p>&nbsp;<\/p>\n<p>&amp;nbsp;<\/p>\n<p>&nbsp;<\/p>\n","protected":false},"excerpt":{"rendered":"<p><a href=\"https:\/\/semmelweis.hu\/digitalhealth\/files\/2021\/12\/E-paciensek-Magyarorszagon-web-20211220.pdf\"><\/a><br \/>\n<a href=\"https:\/\/semmelweis.hu\/digitalhealth\/files\/2022\/02\/E-paciensek-Magyarorszagon-web-20220127.pdf\">Lakoss\u00e1gi felm\u00e9r\u00e9s let\u00f6lt\u00e9se<\/a><br \/>\n<a href=\"https:\/\/semmelweis.hu\/digitalhealth\/files\/2022\/02\/Lakossagi-kerdoiv_final.pdf\">K\u00e9rd\u0151\u00edv let\u00f6lt\u00e9se<\/a><br \/>\n&nbsp;<br \/>\n&nbsp;<br \/>\n&nbsp;<br \/>\n&nbsp;<br \/>\n&nbsp;<br \/>\n&nbsp;<br \/>\n&nbsp;<br \/>\n&nbsp;<br \/>\n&nbsp;<br \/>\n&nbsp;<br \/>\n&nbsp;<br \/>\n&amp;nbsp;<br \/>\n&nbsp;<\/p>\n","protected":false},"author":101861,"featured_media":0,"parent":0,"menu_order":0,"comment_status":"closed","ping_status":"closed","template":"","meta":{"_acf_changed":false,"footnotes":""},"categories":[],"tags":[],"class_list":["post-124","page","type-page","status-publish","hentry"],"acf":[],"_links":{"self":[{"href":"https:\/\/semmelweis.hu\/digitalhealth\/wp-json\/wp\/v2\/pages\/124","targetHints":{"allow":["GET"]}}],"collection":[{"href":"https:\/\/semmelweis.hu\/digitalhealth\/wp-json\/wp\/v2\/pages"}],"about":[{"href":"https:\/\/semmelweis.hu\/digitalhealth\/wp-json\/wp\/v2\/types\/page"}],"author":[{"embeddable":true,"href":"https:\/\/semmelweis.hu\/digitalhealth\/wp-json\/wp\/v2\/users\/101861"}],"replies":[{"embeddable":true,"href":"https:\/\/semmelweis.hu\/digitalhealth\/wp-json\/wp\/v2\/comments?post=124"}],"version-history":[{"count":5,"href":"https:\/\/semmelweis.hu\/digitalhealth\/wp-json\/wp\/v2\/pages\/124\/revisions"}],"predecessor-version":[{"id":170,"href":"https:\/\/semmelweis.hu\/digitalhealth\/wp-json\/wp\/v2\/pages\/124\/revisions\/170"}],"wp:attachment":[{"href":"https:\/\/semmelweis.hu\/digitalhealth\/wp-json\/wp\/v2\/media?parent=124"}],"wp:term":[{"taxonomy":"category","embeddable":true,"href":"https:\/\/semmelweis.hu\/digitalhealth\/wp-json\/wp\/v2\/categories?post=124"},{"taxonomy":"post_tag","embeddable":true,"href":"https:\/\/semmelweis.hu\/digitalhealth\/wp-json\/wp\/v2\/tags?post=124"}],"curies":[{"name":"wp","href":"https:\/\/api.w.org\/{rel}","templated":true}]}}