{"id":115,"date":"2021-09-20T10:51:02","date_gmt":"2021-09-20T08:51:02","guid":{"rendered":"https:\/\/semmelweis.hu\/digitalhealth\/?page_id=115"},"modified":"2021-09-20T10:55:40","modified_gmt":"2021-09-20T08:55:40","slug":"e-konyv","status":"publish","type":"page","link":"https:\/\/semmelweis.hu\/digitalhealth\/e-konyv\/","title":{"rendered":"E-K\u00f6nyv"},"content":{"rendered":"<p><strong>Megjelent a Digit\u00e1lis eg\u00e9szs\u00e9g a mindennapi orvosi gyakorlatban e-k\u00f6nyv\u00fcnk!<\/strong><\/p>\n<p>Egyszer\u0171 \u00e9s praktikus tudnival\u00f3k a digit\u00e1lis eg\u00e9szs\u00e9g vil\u00e1g\u00e1b\u00f3l. Kezd\u0151knek \u00e9s halad\u00f3knak csup\u00e1n egy kattint\u00e1sra. A let\u00f6lt\u00e9se \u00e9s haszn\u00e1lata term\u00e9szetesen ingyenes!<\/p>\n<p><img loading=\"lazy\" decoding=\"async\" class=\"size-medium wp-image-119 alignright\" src=\"https:\/\/semmelweis.hu\/digitalhealth\/files\/2021\/09\/ACFrOgD1soQAQQhq09cLGsloYJPg0Ka-moLnCE84Zp1_VJ1XjHsO5c8trxDz0VHBZmFuAt_uoZtfwWmsnhogn7NsMJIDaNaTxhUHdi92bT94T_RCjgkKpC-CS32LioYZLvsWAopq7JOX-ipLgi5k_page-0001-400x300.jpeg\" alt=\"\" width=\"400\" height=\"300\" srcset=\"https:\/\/semmelweis.hu\/digitalhealth\/files\/2021\/09\/ACFrOgD1soQAQQhq09cLGsloYJPg0Ka-moLnCE84Zp1_VJ1XjHsO5c8trxDz0VHBZmFuAt_uoZtfwWmsnhogn7NsMJIDaNaTxhUHdi92bT94T_RCjgkKpC-CS32LioYZLvsWAopq7JOX-ipLgi5k_page-0001-400x300.jpeg 400w, https:\/\/semmelweis.hu\/digitalhealth\/files\/2021\/09\/ACFrOgD1soQAQQhq09cLGsloYJPg0Ka-moLnCE84Zp1_VJ1XjHsO5c8trxDz0VHBZmFuAt_uoZtfwWmsnhogn7NsMJIDaNaTxhUHdi92bT94T_RCjgkKpC-CS32LioYZLvsWAopq7JOX-ipLgi5k_page-0001-1024x768.jpeg 1024w, https:\/\/semmelweis.hu\/digitalhealth\/files\/2021\/09\/ACFrOgD1soQAQQhq09cLGsloYJPg0Ka-moLnCE84Zp1_VJ1XjHsO5c8trxDz0VHBZmFuAt_uoZtfwWmsnhogn7NsMJIDaNaTxhUHdi92bT94T_RCjgkKpC-CS32LioYZLvsWAopq7JOX-ipLgi5k_page-0001-768x576.jpeg 768w, https:\/\/semmelweis.hu\/digitalhealth\/files\/2021\/09\/ACFrOgD1soQAQQhq09cLGsloYJPg0Ka-moLnCE84Zp1_VJ1XjHsO5c8trxDz0VHBZmFuAt_uoZtfwWmsnhogn7NsMJIDaNaTxhUHdi92bT94T_RCjgkKpC-CS32LioYZLvsWAopq7JOX-ipLgi5k_page-0001-753x565.jpeg 753w, https:\/\/semmelweis.hu\/digitalhealth\/files\/2021\/09\/ACFrOgD1soQAQQhq09cLGsloYJPg0Ka-moLnCE84Zp1_VJ1XjHsO5c8trxDz0VHBZmFuAt_uoZtfwWmsnhogn7NsMJIDaNaTxhUHdi92bT94T_RCjgkKpC-CS32LioYZLvsWAopq7JOX-ipLgi5k_page-0001.jpeg 1388w\" sizes=\"auto, (max-width: 400px) 100vw, 400px\" \/><a href=\"https:\/\/digitalisegeszseg.hu\/\">https:\/\/digitalisegeszseg.hu\/<\/a><\/p>\n<p>A koronav\u00edrus-j\u00e1rv\u00e1ny megmutatta, hogy a digit\u00e1lis eszk\u00f6z\u00f6k n\u00e9lk\u00fcl\u00f6zhetetlenek a mindennapi orvosi gyakorlatban. B\u00e1r k\u00f6nyv\u00fcnket m\u00e9g a j\u00e1rv\u00e1ny el\u0151tt kezdt\u00fck el \u00edrni, fejezeteinkben igyeksz\u00fcnk reflekt\u00e1lni az el\u0151z\u0151 m\u00e1sf\u00e9l \u00e9v tapasztataira. A digit\u00e1lis \u00e1talakul\u00e1s mindeddig az eg\u00e9szs\u00e9g\u00fcgyi k\u00e9pz\u00e9s \u201evakfoltja\u201d volt \u2013 k\u00f6nyv\u00fcnkkel teh\u00e1t hi\u00e1nyp\u00f3tl\u00f3 feladatot v\u00e1llalunk: szeretn\u00e9nk orvos \u00e9s eg\u00e9szs\u00e9g\u00fcgyi szakdolgoz\u00f3 koll\u00e9g\u00e1ink, valamint minden \u00e9rdekl\u0151d\u0151 kez\u00e9be egy olyan haszn\u00e1lhat\u00f3, interakt\u00edv kiadv\u00e1nyt adni, amelyben naprak\u00e9sz inform\u00e1ci\u00f3kkal l\u00e1tjuk el \u0151ket az alapszint\u0171 digit\u00e1lis k\u00e9rd\u00e9sekkel kapcsolatban.<\/p>\n<p>\u00d3ri\u00e1si k\u00f6sz\u00f6net a szerz\u0151knek, a szakmai lektoroknak \u00e9s a t\u00e1mogat\u00f3knak!<\/p>\n","protected":false},"excerpt":{"rendered":"<p>Megjelent a Digit\u00e1lis eg\u00e9szs\u00e9g a mindennapi orvosi gyakorlatban e-k\u00f6nyv\u00fcnk! Egyszer\u0171 \u00e9s praktikus tudnival\u00f3k a digit\u00e1lis eg\u00e9szs\u00e9g vil\u00e1g\u00e1b\u00f3l. Kezd\u0151knek \u00e9s halad\u00f3knak csup\u00e1n egy kattint\u00e1sra. A let\u00f6lt\u00e9se \u00e9s haszn\u00e1lata term\u00e9szetesen ingyenes! <a href=\"https:\/\/digitalisegeszseg.hu\/\">https:\/\/digitalisegeszseg.hu\/<\/a> A koronav\u00edrus-j\u00e1rv\u00e1ny megmutatta, hogy a digit\u00e1lis eszk\u00f6z\u00f6k n\u00e9lk\u00fcl\u00f6zhetetlenek a mindennapi orvosi gyakorlatban. B\u00e1r k\u00f6nyv\u00fcnket m\u00e9g a j\u00e1rv\u00e1ny el\u0151tt kezdt\u00fck el \u00edrni, fejezeteinkben igyeksz\u00fcnk reflekt\u00e1lni az el\u0151z\u0151 &hellip;<\/p>\n","protected":false},"author":101861,"featured_media":0,"parent":0,"menu_order":0,"comment_status":"closed","ping_status":"closed","template":"","meta":{"_acf_changed":false,"footnotes":""},"categories":[],"tags":[],"class_list":["post-115","page","type-page","status-publish","hentry"],"acf":[],"_links":{"self":[{"href":"https:\/\/semmelweis.hu\/digitalhealth\/wp-json\/wp\/v2\/pages\/115","targetHints":{"allow":["GET"]}}],"collection":[{"href":"https:\/\/semmelweis.hu\/digitalhealth\/wp-json\/wp\/v2\/pages"}],"about":[{"href":"https:\/\/semmelweis.hu\/digitalhealth\/wp-json\/wp\/v2\/types\/page"}],"author":[{"embeddable":true,"href":"https:\/\/semmelweis.hu\/digitalhealth\/wp-json\/wp\/v2\/users\/101861"}],"replies":[{"embeddable":true,"href":"https:\/\/semmelweis.hu\/digitalhealth\/wp-json\/wp\/v2\/comments?post=115"}],"version-history":[{"count":5,"href":"https:\/\/semmelweis.hu\/digitalhealth\/wp-json\/wp\/v2\/pages\/115\/revisions"}],"predecessor-version":[{"id":122,"href":"https:\/\/semmelweis.hu\/digitalhealth\/wp-json\/wp\/v2\/pages\/115\/revisions\/122"}],"wp:attachment":[{"href":"https:\/\/semmelweis.hu\/digitalhealth\/wp-json\/wp\/v2\/media?parent=115"}],"wp:term":[{"taxonomy":"category","embeddable":true,"href":"https:\/\/semmelweis.hu\/digitalhealth\/wp-json\/wp\/v2\/categories?post=115"},{"taxonomy":"post_tag","embeddable":true,"href":"https:\/\/semmelweis.hu\/digitalhealth\/wp-json\/wp\/v2\/tags?post=115"}],"curies":[{"name":"wp","href":"https:\/\/api.w.org\/{rel}","templated":true}]}}