{"id":110,"date":"2021-04-18T11:44:27","date_gmt":"2021-04-18T09:44:27","guid":{"rendered":"https:\/\/semmelweis.hu\/digitalhealth\/?page_id=110"},"modified":"2021-04-18T11:46:32","modified_gmt":"2021-04-18T09:46:32","slug":"rolunk-irtak","status":"publish","type":"page","link":"https:\/\/semmelweis.hu\/digitalhealth\/rolunk-irtak\/","title":{"rendered":"R\u00f3lunk \u00edrt\u00e1k"},"content":{"rendered":"<ul>\n<li><a href=\"https:\/\/semmelweis.hu\/digitalhealth\/files\/2021\/04\/interju.pdf\">Szinapszis interj\u00fa (2020 november)<\/a><\/li>\n<\/ul>\n","protected":false},"excerpt":{"rendered":"<p><a href=\"https:\/\/semmelweis.hu\/digitalhealth\/files\/2021\/04\/interju.pdf\">Szinapszis interj\u00fa (2020 november)<\/a><\/p>\n","protected":false},"author":101861,"featured_media":0,"parent":0,"menu_order":0,"comment_status":"closed","ping_status":"closed","template":"","meta":{"_acf_changed":false,"footnotes":""},"categories":[],"tags":[],"class_list":["post-110","page","type-page","status-publish","hentry"],"acf":[],"_links":{"self":[{"href":"https:\/\/semmelweis.hu\/digitalhealth\/wp-json\/wp\/v2\/pages\/110","targetHints":{"allow":["GET"]}}],"collection":[{"href":"https:\/\/semmelweis.hu\/digitalhealth\/wp-json\/wp\/v2\/pages"}],"about":[{"href":"https:\/\/semmelweis.hu\/digitalhealth\/wp-json\/wp\/v2\/types\/page"}],"author":[{"embeddable":true,"href":"https:\/\/semmelweis.hu\/digitalhealth\/wp-json\/wp\/v2\/users\/101861"}],"replies":[{"embeddable":true,"href":"https:\/\/semmelweis.hu\/digitalhealth\/wp-json\/wp\/v2\/comments?post=110"}],"version-history":[{"count":2,"href":"https:\/\/semmelweis.hu\/digitalhealth\/wp-json\/wp\/v2\/pages\/110\/revisions"}],"predecessor-version":[{"id":113,"href":"https:\/\/semmelweis.hu\/digitalhealth\/wp-json\/wp\/v2\/pages\/110\/revisions\/113"}],"wp:attachment":[{"href":"https:\/\/semmelweis.hu\/digitalhealth\/wp-json\/wp\/v2\/media?parent=110"}],"wp:term":[{"taxonomy":"category","embeddable":true,"href":"https:\/\/semmelweis.hu\/digitalhealth\/wp-json\/wp\/v2\/categories?post=110"},{"taxonomy":"post_tag","embeddable":true,"href":"https:\/\/semmelweis.hu\/digitalhealth\/wp-json\/wp\/v2\/tags?post=110"}],"curies":[{"name":"wp","href":"https:\/\/api.w.org\/{rel}","templated":true}]}}