{"id":9448,"date":"2025-01-21T09:36:34","date_gmt":"2025-01-21T08:36:34","guid":{"rendered":"https:\/\/semmelweis.hu\/dft\/?page_id=9448"},"modified":"2026-01-07T14:25:04","modified_gmt":"2026-01-07T13:25:04","slug":"praxislabor-latogatas","status":"publish","type":"page","link":"https:\/\/semmelweis.hu\/dft\/3-evfolyam\/6-felev\/praxislabor-latogatas\/","title":{"rendered":"Praxislabor l\u00e1togat\u00e1s"},"content":{"rendered":"<div class=\"keretes w-100\">\n<p><strong>Gyakorlatok helye:<\/strong> Digit\u00e1lis rendel\u0151k, laborok \u00e9s forgalmaz\u00f3k<\/p>\n<p><strong>Gyakorlatok ideje:<\/strong> 2026.02.06., 2026.03.09., 2026.03.13.<\/p>\n<\/div>\n<h3>Dokumentumok:<\/h3>\n<ul style=\"list-style-type: square\">\n<li>Tant\u00e1rgyi program<\/li>\n<li>Beadand\u00f3 t\u00e9m\u00e1k<\/li>\n<li>Tematika<\/li>\n<\/ul>\n<h5><span style=\"color: #ff0000\">Febru\u00e1r<\/span><\/h5>\n<table style=\"border-collapse: collapse;width: 100%;height: 165px\">\n<thead>\n<tr style=\"height: 33px\">\n<td style=\"width: 7.83636%;height: 33px;text-align: center\"><strong>D\u00e1tum<\/strong><\/td>\n<td style=\"width: 9.29087%;height: 33px;text-align: center\"><strong>Id\u0151pont<\/strong><\/td>\n<td style=\"width: 12.7091%;height: 33px;text-align: center\"><strong>El\u0151ad\u00f3<\/strong><\/td>\n<td style=\"width: 70.1636%;height: 33px;text-align: center\"><strong>El\u0151ad\u00e1s c\u00edme<\/strong><\/td>\n<\/tr>\n<\/thead>\n<tbody>\n<tr style=\"height: 33px\">\n<td style=\"width: 7.83636%;height: 33px\">2026.02.06.<\/td>\n<td style=\"width: 9.29087%;height: 33px\">8:00-8:45<\/td>\n<td style=\"width: 12.7091%;height: 33px\">\u00a0<\/td>\n<td style=\"width: 70.1636%;height: 33px\">\u00a0<\/td>\n<\/tr>\n<tr style=\"height: 33px\">\n<td style=\"width: 7.83636%;height: 33px\">2026.02.06.<\/td>\n<td style=\"width: 9.29087%;height: 33px\">9:00-9:45<\/td>\n<td style=\"width: 12.7091%;height: 33px\">\u00a0<\/td>\n<td style=\"width: 70.1636%;height: 33px\">\u00a0<\/td>\n<\/tr>\n<tr style=\"height: 33px\">\n<td style=\"width: 7.83636%;height: 33px\">2026.02.06.<\/td>\n<td style=\"width: 9.29087%;height: 33px\">10:00-10:45<\/td>\n<td style=\"width: 12.7091%;height: 33px\">\u00a0<\/td>\n<td style=\"width: 70.1636%;height: 33px\">\u00a0<\/td>\n<\/tr>\n<tr style=\"height: 33px\">\n<td style=\"width: 7.83636%;height: 33px\">2026.02.06.<\/td>\n<td style=\"width: 9.29087%;height: 33px\">11:00-11:45<\/td>\n<td style=\"width: 12.7091%;height: 33px\">\u00a0<\/td>\n<td style=\"width: 70.1636%;height: 33px\">\u00a0<\/td>\n<\/tr>\n<tr>\n<td style=\"width: 7.83636%\">2026.02.06.<\/td>\n<td style=\"width: 9.29087%\">12:00-12:45<\/td>\n<td style=\"width: 12.7091%\">\u00a0<\/td>\n<td style=\"width: 70.1636%\">\u00a0<\/td>\n<\/tr>\n<tr>\n<td style=\"width: 7.83636%\">2026.02.06.<\/td>\n<td style=\"width: 9.29087%\">13:00-13:45<\/td>\n<td style=\"width: 12.7091%\">\u00a0<\/td>\n<td style=\"width: 70.1636%\">\u00a0<\/td>\n<\/tr>\n<tr>\n<td style=\"width: 7.83636%\">2026.02.06.<\/td>\n<td style=\"width: 9.29087%\">14:00-14:45<\/td>\n<td style=\"width: 12.7091%\">\u00a0<\/td>\n<td style=\"width: 70.1636%\">\u00a0<\/td>\n<\/tr>\n<\/tbody>\n<\/table>\n<h5>\u00a0<\/h5>\n<h5><span style=\"color: #ff0000\">M\u00e1rcius<\/span><\/h5>\n<table style=\"border-collapse: collapse;width: 100%;height: 132px\">\n<thead>\n<tr style=\"height: 33px\">\n<td style=\"width: 7.83636%;height: 33px;text-align: center\"><strong>D\u00e1tum<\/strong><\/td>\n<td style=\"width: 9.29087%;height: 33px;text-align: center\"><strong>Id\u0151pont<\/strong><\/td>\n<td style=\"width: 12.7091%;height: 33px;text-align: center\"><strong>El\u0151ad\u00f3<\/strong><\/td>\n<td style=\"width: 70.1636%;height: 33px;text-align: center\"><strong>El\u0151ad\u00e1s c\u00edme<\/strong><\/td>\n<\/tr>\n<\/thead>\n<tbody>\n<tr style=\"height: 33px\">\n<td style=\"width: 7.83636%;height: 33px\">2026.03.09.<\/td>\n<td style=\"width: 9.29087%;height: 33px\">12:00-12:45<\/td>\n<td style=\"width: 12.7091%;height: 33px\">\u00a0<\/td>\n<td style=\"width: 70.1636%;height: 33px\">\u00a0<\/td>\n<\/tr>\n<tr>\n<td style=\"width: 7.83636%\">2026.03.09.<\/td>\n<td style=\"width: 9.29087%\">13:00-13:45<\/td>\n<td style=\"width: 12.7091%\">\u00a0<\/td>\n<td style=\"width: 70.1636%\">\u00a0<\/td>\n<\/tr>\n<tr>\n<td style=\"width: 7.83636%\">2026.03.09.<\/td>\n<td style=\"width: 9.29087%\">14:00-14:45<\/td>\n<td style=\"width: 12.7091%\">\u00a0<\/td>\n<td style=\"width: 70.1636%\">\u00a0<\/td>\n<\/tr>\n<tr>\n<td style=\"width: 7.83636%\">2026.03.09.<\/td>\n<td style=\"width: 9.29087%\">15:00-15:45<\/td>\n<td style=\"width: 12.7091%\">\u00a0<\/td>\n<td style=\"width: 70.1636%\">\u00a0<\/td>\n<\/tr>\n<\/tbody>\n<\/table>\n<h5>\u00a0<\/h5>\n<table style=\"border-collapse: collapse;width: 100%;height: 132px\">\n<thead>\n<tr style=\"height: 33px\">\n<td style=\"width: 7.83636%;height: 33px;text-align: center\"><strong>D\u00e1tum<\/strong><\/td>\n<td style=\"width: 9.29087%;height: 33px;text-align: center\"><strong>Id\u0151pont<\/strong><\/td>\n<td style=\"width: 12.7091%;height: 33px;text-align: center\"><strong>El\u0151ad\u00f3<\/strong><\/td>\n<td style=\"width: 70.1636%;height: 33px;text-align: center\"><strong>El\u0151ad\u00e1s c\u00edme<\/strong><\/td>\n<\/tr>\n<\/thead>\n<tbody>\n<tr style=\"height: 33px\">\n<td style=\"width: 7.83636%;height: 33px\">2026.03.13.<\/td>\n<td style=\"width: 9.29087%;height: 33px\">8:00-8:45<\/td>\n<td style=\"width: 12.7091%;height: 33px\">\u00a0<\/td>\n<td style=\"width: 70.1636%;height: 33px\">\u00a0<\/td>\n<\/tr>\n<tr style=\"height: 33px\">\n<td style=\"width: 7.83636%;height: 33px\">2026.03.13.<\/td>\n<td style=\"width: 9.29087%;height: 33px\">9:00-9:45<\/td>\n<td style=\"width: 12.7091%;height: 33px\">\u00a0<\/td>\n<td style=\"width: 70.1636%;height: 33px\">\u00a0<\/td>\n<\/tr>\n<tr style=\"height: 33px\">\n<td style=\"width: 7.83636%;height: 33px\">2026.03.13.<\/td>\n<td style=\"width: 9.29087%;height: 33px\">10:00-10:45<\/td>\n<td style=\"width: 12.7091%;height: 33px\">\u00a0<\/td>\n<td style=\"width: 70.1636%;height: 33px\">\u00a0<\/td>\n<\/tr>\n<tr>\n<td style=\"width: 7.83636%\">2026.03.13.<\/td>\n<td style=\"width: 9.29087%\">11:00-11:45<\/td>\n<td style=\"width: 12.7091%\">\u00a0<\/td>\n<td style=\"width: 70.1636%\">\u00a0<\/td>\n<\/tr>\n<tr>\n<td style=\"width: 7.83636%\">2026.03.13.<\/td>\n<td style=\"width: 9.29087%\">12:00-12:45<\/td>\n<td style=\"width: 12.7091%\">\u00a0<\/td>\n<td style=\"width: 70.1636%\">\u00a0<\/td>\n<\/tr>\n<tr>\n<td style=\"width: 7.83636%\">2026.03.13.<\/td>\n<td style=\"width: 9.29087%\">13:00-13:45<\/td>\n<td style=\"width: 12.7091%\">\u00a0<\/td>\n<td style=\"width: 70.1636%\">\u00a0<\/td>\n<\/tr>\n<tr>\n<td style=\"width: 7.83636%\">2026.03.13.<\/td>\n<td style=\"width: 9.29087%\">14:00-14:45<\/td>\n<td style=\"width: 12.7091%\">\u00a0<\/td>\n<td style=\"width: 70.1636%\">\u00a0<\/td>\n<\/tr>\n<\/tbody>\n<\/table>\n","protected":false},"excerpt":{"rendered":"<p>Gyakorlatok helye: Digit\u00e1lis rendel\u0151k, laborok \u00e9s forgalmaz\u00f3k Gyakorlatok ideje: 2026.02.06., 2026.03.09., 2026.03.13. Dokumentumok: Tant\u00e1rgyi program Beadand\u00f3 t\u00e9m\u00e1k Tematika Febru\u00e1r D\u00e1tum Id\u0151pont El\u0151ad\u00f3 El\u0151ad\u00e1s c\u00edme 2026.02.06. 8:00-8:45 \u00a0 \u00a0 2026.02.06. 9:00-9:45 \u00a0 \u00a0 2026.02.06. 10:00-10:45 \u00a0 \u00a0 2026.02.06. 11:00-11:45 \u00a0 \u00a0 2026.02.06. 12:00-12:45 \u00a0 \u00a0 2026.02.06. 13:00-13:45 \u00a0 \u00a0 2026.02.06. 14:00-14:45 \u00a0 \u00a0 \u00a0 M\u00e1rcius D\u00e1tum &hellip;<\/p>\n","protected":false},"author":101231,"featured_media":0,"parent":9425,"menu_order":0,"comment_status":"closed","ping_status":"closed","template":"","meta":{"_acf_changed":false,"footnotes":""},"categories":[],"tags":[],"class_list":["post-9448","page","type-page","status-publish","hentry"],"acf":[],"_links":{"self":[{"href":"https:\/\/semmelweis.hu\/dft\/wp-json\/wp\/v2\/pages\/9448","targetHints":{"allow":["GET"]}}],"collection":[{"href":"https:\/\/semmelweis.hu\/dft\/wp-json\/wp\/v2\/pages"}],"about":[{"href":"https:\/\/semmelweis.hu\/dft\/wp-json\/wp\/v2\/types\/page"}],"author":[{"embeddable":true,"href":"https:\/\/semmelweis.hu\/dft\/wp-json\/wp\/v2\/users\/101231"}],"replies":[{"embeddable":true,"href":"https:\/\/semmelweis.hu\/dft\/wp-json\/wp\/v2\/comments?post=9448"}],"version-history":[{"count":4,"href":"https:\/\/semmelweis.hu\/dft\/wp-json\/wp\/v2\/pages\/9448\/revisions"}],"predecessor-version":[{"id":9688,"href":"https:\/\/semmelweis.hu\/dft\/wp-json\/wp\/v2\/pages\/9448\/revisions\/9688"}],"up":[{"embeddable":true,"href":"https:\/\/semmelweis.hu\/dft\/wp-json\/wp\/v2\/pages\/9425"}],"wp:attachment":[{"href":"https:\/\/semmelweis.hu\/dft\/wp-json\/wp\/v2\/media?parent=9448"}],"wp:term":[{"taxonomy":"category","embeddable":true,"href":"https:\/\/semmelweis.hu\/dft\/wp-json\/wp\/v2\/categories?post=9448"},{"taxonomy":"post_tag","embeddable":true,"href":"https:\/\/semmelweis.hu\/dft\/wp-json\/wp\/v2\/tags?post=9448"}],"curies":[{"name":"wp","href":"https:\/\/api.w.org\/{rel}","templated":true}]}}