{"id":9446,"date":"2025-01-21T09:35:55","date_gmt":"2025-01-21T08:35:55","guid":{"rendered":"https:\/\/semmelweis.hu\/dft\/?page_id=9446"},"modified":"2026-02-11T11:32:58","modified_gmt":"2026-02-11T10:32:58","slug":"fogaszati-anyagtan-es-odontotechnologia-vi","status":"publish","type":"page","link":"https:\/\/semmelweis.hu\/dft\/3-evfolyam\/6-felev\/fogaszati-anyagtan-es-odontotechnologia-vi\/","title":{"rendered":"Fog\u00e1szati Anyagtan \u00e9s Odontotechnol\u00f3gia VI."},"content":{"rendered":"<div class=\"keretes w-100\">\n<p><strong>Gyakorlatok helye:<\/strong> Semmelweis Egyetem Fogorvostudom\u00e1nyi Kar Oktat\u00e1si Centrum V. emelet kis digit\u00e1lis laborat\u00f3rium<br \/>\n(1088 Budapest, Szentkir\u00e1lyi u. 47., V. emelet)<\/p>\n<p><strong>Gyakorlatok ideje:<\/strong> 2026.02.04-05. \u00e9s 2026.03.12.<\/p>\n<\/div>\n<h3>Dokumentumok:<\/h3>\n<ul style=\"list-style-type: square\">\n<li><a href=\"https:\/\/semmelweis.hu\/dft\/files\/2025\/01\/FAOT-VI-tantargyi-program-2025.pdf\">Tant\u00e1rgyi program<\/a><\/li>\n<li><a href=\"https:\/\/semmelweis.hu\/dft\/files\/2025\/04\/FAOT-VI-szigorlati-tetelek.pdf\">T\u00e9telsor<\/a><\/li>\n<\/ul>\n<h5><span style=\"color: #ff0000\">Febru\u00e1r<\/span><\/h5>\n<table style=\"border-collapse: collapse;width: 100%;height: 198px\">\n<thead>\n<tr style=\"height: 33px\">\n<td style=\"width: 7.83636%;height: 33px;text-align: center\"><strong>D\u00e1tum<\/strong><\/td>\n<td style=\"width: 9.29087%;height: 33px;text-align: center\"><strong>Id\u0151pont<\/strong><\/td>\n<td style=\"width: 15.9818%;height: 33px;text-align: center\"><strong>El\u0151ad\u00f3<\/strong><\/td>\n<td style=\"width: 66.8909%;height: 33px;text-align: center\"><strong>El\u0151ad\u00e1s c\u00edme<\/strong><\/td>\n<\/tr>\n<\/thead>\n<tbody>\n<tr style=\"height: 33px\">\n<td style=\"width: 7.83636%;height: 33px\">2026.02.04.<\/td>\n<td style=\"width: 9.29087%;height: 33px\">8:00-8:45<\/td>\n<td style=\"width: 15.9818%;height: 33px\">Dr. Qian Xinyi<\/td>\n<td style=\"width: 66.8909%;height: 33px\">Digit\u00e1lis implant\u00e1ci\u00f3s protetika<\/td>\n<\/tr>\n<tr style=\"height: 33px\">\n<td style=\"width: 7.83636%;height: 33px\">2026.02.04.<\/td>\n<td style=\"width: 9.29087%;height: 33px\">9:00-9:45<\/td>\n<td style=\"width: 15.9818%;height: 33px\">Dr. Qian Xinyi<\/td>\n<td style=\"width: 66.8909%;height: 33px\">Digit\u00e1lis implant\u00e1ci\u00f3s protetika<\/td>\n<\/tr>\n<tr style=\"height: 33px\">\n<td style=\"width: 7.83636%;height: 33px\">2026.02.04.<\/td>\n<td style=\"width: 9.29087%;height: 33px\">10:00-10:45<\/td>\n<td style=\"width: 15.9818%;height: 33px\">Dr. K\u00f6nig J\u00e1nos<br \/>\nDr. Palaszk\u00f3 D\u00e9nes<\/td>\n<td style=\"width: 66.8909%;height: 33px\">Digit\u00e1lis implant\u00e1ci\u00f3s protetika<\/td>\n<\/tr>\n<tr style=\"height: 33px\">\n<td style=\"width: 7.83636%;height: 33px\">2026.02.04.<\/td>\n<td style=\"width: 9.29087%;height: 33px\">11:00-11:45<\/td>\n<td style=\"width: 15.9818%;height: 33px\">Dr. K\u00f6nig J\u00e1nos<br \/>\nDr. Palaszk\u00f3 D\u00e9nes<\/td>\n<td style=\"width: 66.8909%;height: 33px\">Digit\u00e1lis implant\u00e1ci\u00f3s protetika<\/td>\n<\/tr>\n<tr style=\"height: 33px\">\n<td style=\"width: 7.83636%;height: 33px\">2026.02.04.<\/td>\n<td style=\"width: 9.29087%;height: 33px\">12:00-12:45<\/td>\n<td style=\"width: 15.9818%;height: 33px\">Dr. K\u00f6nig J\u00e1nos<br \/>\nDr. Palaszk\u00f3 D\u00e9nes<\/td>\n<td style=\"width: 66.8909%;height: 33px\">Digit\u00e1lis implant\u00e1ci\u00f3s protetika<\/td>\n<\/tr>\n<\/tbody>\n<\/table>\n<h5>\u00a0<\/h5>\n<table style=\"border-collapse: collapse;width: 100%;height: 99px\">\n<thead>\n<tr style=\"height: 33px\">\n<td style=\"width: 7.85455%;height: 33px;text-align: center\"><strong>D\u00e1tum<\/strong><\/td>\n<td style=\"width: 9.30909%;height: 33px;text-align: center\"><strong>Id\u0151pont<\/strong><\/td>\n<td style=\"width: 16.4364%;height: 33px;text-align: center\"><strong>El\u0151ad\u00f3<\/strong><\/td>\n<td style=\"width: 66.4%;height: 33px;text-align: center\"><strong>El\u0151ad\u00e1s c\u00edme<\/strong><\/td>\n<\/tr>\n<\/thead>\n<tbody>\n<tr style=\"height: 33px\">\n<td style=\"width: 7.85455%;height: 33px\">2026.02.05.<\/td>\n<td style=\"width: 9.30909%;height: 33px\">11:00-11:45<\/td>\n<td style=\"width: 16.4364%;height: 33px\">Dr. K\u00f6nig J\u00e1nos<br \/>\nDr. Palaszk\u00f3 D\u00e9nes<\/td>\n<td style=\"width: 66.4%;height: 33px\">Digit\u00e1lis implant\u00e1ci\u00f3s protetika<\/td>\n<\/tr>\n<tr style=\"height: 33px\">\n<td style=\"width: 7.85455%;height: 33px\">2026.02.05.<\/td>\n<td style=\"width: 9.30909%;height: 33px\">12:00-12:45<\/td>\n<td style=\"width: 16.4364%;height: 33px\">Dr. K\u00f6nig J\u00e1nos<br \/>\nDr. Palaszk\u00f3 D\u00e9nes<\/td>\n<td style=\"width: 66.4%;height: 33px\">Digit\u00e1lis implant\u00e1ci\u00f3s protetika<\/td>\n<\/tr>\n<\/tbody>\n<\/table>\n<h5>\u00a0<\/h5>\n<h5><span style=\"color: #ff0000\">M\u00e1rcius<\/span><\/h5>\n<table style=\"border-collapse: collapse;width: 100%;height: 231px\">\n<thead>\n<tr style=\"height: 33px\">\n<td style=\"width: 7.83636%;height: 33px;text-align: center\"><strong>D\u00e1tum<\/strong><\/td>\n<td style=\"width: 9.29087%;height: 33px;text-align: center\"><strong>Id\u0151pont<\/strong><\/td>\n<td style=\"width: 16.1273%;height: 33px;text-align: center\"><strong>El\u0151ad\u00f3<\/strong><\/td>\n<td style=\"width: 66.7454%;height: 33px;text-align: center\"><strong>El\u0151ad\u00e1s c\u00edme<\/strong><\/td>\n<\/tr>\n<\/thead>\n<tbody>\n<tr style=\"height: 33px\">\n<td style=\"width: 7.83636%;height: 33px\">2026.03.12.<\/td>\n<td style=\"width: 9.29087%;height: 33px\">8:00-8:45<\/td>\n<td style=\"width: 16.1273%;height: 33px\">Dr. V\u00e1nkos Boldizs\u00e1r<\/td>\n<td style=\"width: 66.7454%;height: 33px\">Digit\u00e1lis implant\u00e1ci\u00f3s protetika<\/td>\n<\/tr>\n<tr style=\"height: 33px\">\n<td style=\"width: 7.83636%;height: 33px\">2026.03.12.<\/td>\n<td style=\"width: 9.29087%;height: 33px\">9:00-9:45<\/td>\n<td style=\"width: 16.1273%;height: 33px\">Dr. V\u00e1nkos Boldizs\u00e1r<\/td>\n<td style=\"width: 66.7454%;height: 33px\">Digit\u00e1lis implant\u00e1ci\u00f3s protetika<\/td>\n<\/tr>\n<tr style=\"height: 33px\">\n<td style=\"width: 7.83636%;height: 33px\">2026.03.12.<\/td>\n<td style=\"width: 9.29087%;height: 33px\">10:00-10:45<\/td>\n<td style=\"width: 16.1273%;height: 33px\">Dr. V\u00e1nkos Boldizs\u00e1r<\/td>\n<td style=\"width: 66.7454%;height: 33px\">Digit\u00e1lis implant\u00e1ci\u00f3s protetika<\/td>\n<\/tr>\n<tr style=\"height: 33px\">\n<td style=\"width: 7.83636%;height: 33px\">2026.03.12.<\/td>\n<td style=\"width: 9.29087%;height: 33px\">11:00-11:45<\/td>\n<td style=\"width: 16.1273%;height: 33px\">Dr. V\u00e1nkos Boldizs\u00e1r<\/td>\n<td style=\"width: 66.7454%;height: 33px\">Digit\u00e1lis implant\u00e1ci\u00f3s protetika<\/td>\n<\/tr>\n<tr style=\"height: 33px\">\n<td style=\"width: 7.83636%;height: 33px\">2026.03.12.<\/td>\n<td style=\"width: 9.29087%;height: 33px\">12:00-12:45<\/td>\n<td style=\"width: 16.1273%;height: 33px\">Dr. V\u00e1nkos Boldizs\u00e1r<\/td>\n<td style=\"width: 66.7454%;height: 33px\">Digit\u00e1lis implant\u00e1ci\u00f3s protetika<\/td>\n<\/tr>\n<tr style=\"height: 33px\">\n<td style=\"width: 7.83636%;height: 33px\">2026.03.12.<\/td>\n<td style=\"width: 9.29087%;height: 33px\">13:00-13:45<\/td>\n<td style=\"width: 16.1273%;height: 33px\">Dr. V\u00e1nkos Boldizs\u00e1r<\/td>\n<td style=\"width: 66.7454%;height: 33px\">Digit\u00e1lis implant\u00e1ci\u00f3s protetika<\/td>\n<\/tr>\n<\/tbody>\n<\/table>\n<h5>\u00a0<\/h5>\n","protected":false},"excerpt":{"rendered":"<p>Gyakorlatok helye: Semmelweis Egyetem Fogorvostudom\u00e1nyi Kar Oktat\u00e1si Centrum V. emelet kis digit\u00e1lis laborat\u00f3rium (1088 Budapest, Szentkir\u00e1lyi u. 47., V. emelet) Gyakorlatok ideje: 2026.02.04-05. \u00e9s 2026.03.12. Dokumentumok: <a href=\"https:\/\/semmelweis.hu\/dft\/files\/2025\/01\/FAOT-VI-tantargyi-program-2025.pdf\">Tant\u00e1rgyi program<\/a> <a href=\"https:\/\/semmelweis.hu\/dft\/files\/2025\/04\/FAOT-VI-szigorlati-tetelek.pdf\">T\u00e9telsor<\/a> Febru\u00e1r D\u00e1tum Id\u0151pont El\u0151ad\u00f3 El\u0151ad\u00e1s c\u00edme 2026.02.04. 8:00-8:45 Dr. Qian Xinyi Digit\u00e1lis implant\u00e1ci\u00f3s protetika 2026.02.04. 9:00-9:45 Dr. Qian Xinyi Digit\u00e1lis implant\u00e1ci\u00f3s protetika 2026.02.04. 10:00-10:45 Dr. K\u00f6nig J\u00e1nos Dr. Palaszk\u00f3 &hellip;<\/p>\n","protected":false},"author":101231,"featured_media":0,"parent":9425,"menu_order":0,"comment_status":"closed","ping_status":"closed","template":"","meta":{"_acf_changed":false,"footnotes":""},"categories":[],"tags":[],"class_list":["post-9446","page","type-page","status-publish","hentry"],"acf":[],"_links":{"self":[{"href":"https:\/\/semmelweis.hu\/dft\/wp-json\/wp\/v2\/pages\/9446","targetHints":{"allow":["GET"]}}],"collection":[{"href":"https:\/\/semmelweis.hu\/dft\/wp-json\/wp\/v2\/pages"}],"about":[{"href":"https:\/\/semmelweis.hu\/dft\/wp-json\/wp\/v2\/types\/page"}],"author":[{"embeddable":true,"href":"https:\/\/semmelweis.hu\/dft\/wp-json\/wp\/v2\/users\/101231"}],"replies":[{"embeddable":true,"href":"https:\/\/semmelweis.hu\/dft\/wp-json\/wp\/v2\/comments?post=9446"}],"version-history":[{"count":9,"href":"https:\/\/semmelweis.hu\/dft\/wp-json\/wp\/v2\/pages\/9446\/revisions"}],"predecessor-version":[{"id":9730,"href":"https:\/\/semmelweis.hu\/dft\/wp-json\/wp\/v2\/pages\/9446\/revisions\/9730"}],"up":[{"embeddable":true,"href":"https:\/\/semmelweis.hu\/dft\/wp-json\/wp\/v2\/pages\/9425"}],"wp:attachment":[{"href":"https:\/\/semmelweis.hu\/dft\/wp-json\/wp\/v2\/media?parent=9446"}],"wp:term":[{"taxonomy":"category","embeddable":true,"href":"https:\/\/semmelweis.hu\/dft\/wp-json\/wp\/v2\/categories?post=9446"},{"taxonomy":"post_tag","embeddable":true,"href":"https:\/\/semmelweis.hu\/dft\/wp-json\/wp\/v2\/tags?post=9446"}],"curies":[{"name":"wp","href":"https:\/\/api.w.org\/{rel}","templated":true}]}}