{"id":9444,"date":"2025-01-21T09:35:22","date_gmt":"2025-01-21T08:35:22","guid":{"rendered":"https:\/\/semmelweis.hu\/dft\/?page_id=9444"},"modified":"2026-01-23T09:20:08","modified_gmt":"2026-01-23T08:20:08","slug":"digitalis-munkafolyamatok-ii","status":"publish","type":"page","link":"https:\/\/semmelweis.hu\/dft\/3-evfolyam\/6-felev\/digitalis-munkafolyamatok-ii\/","title":{"rendered":"Digit\u00e1lis munkafolyamatok II."},"content":{"rendered":"<div class=\"keretes w-100\">\n<p><strong>Szemin\u00e1riumok helye:<\/strong> Semmelweis Egyetem Fogorvostudom\u00e1nyi Kar Oktat\u00e1si Centrum V. emelet nagy digit\u00e1lis labor<br \/>\n(1088 Budapest, Szentkir\u00e1lyi u. 47., V. emelet)<\/p>\n<p><strong>Szemin\u00e1riumok ideje:<\/strong> 2026.02.02., 2026.03.09.\u00a0<\/p>\n<p><strong>Gyakorlatok helye:<\/strong> Semmelweis Egyetem Fogorvostudom\u00e1nyi Kar Oktat\u00e1si Centrum V. emelet kis digit\u00e1lis labor<br \/>\n(1088 Budapest, Szentkir\u00e1lyi u. 47., V. emelet)<\/p>\n<p><strong>Gyakorlatok ideje:<\/strong> 2026.03.11.\u00a0<\/p>\n<\/div>\n<h3>Dokumentumok:<\/h3>\n<ul style=\"list-style-type: square\">\n<li>Tant\u00e1rgyi program<\/li>\n<li>Beadand\u00f3 t\u00e9m\u00e1k<\/li>\n<li>Tematika<\/li>\n<li><a href=\"https:\/\/semmelweis.hu\/dft\/files\/2025\/04\/Tetelsor-Digitalis-Munkafolyamatok-II.pdf\">T\u00e9telsor<\/a><\/li>\n<\/ul>\n<h5><span style=\"color: #ff0000\">Febru\u00e1r<\/span><\/h5>\n<table style=\"border-collapse: collapse;width: 100%;height: 198px\">\n<thead>\n<tr style=\"height: 33px\">\n<td style=\"width: 7.83636%;height: 33px;text-align: center\"><strong>D\u00e1tum<\/strong><\/td>\n<td style=\"width: 9.29087%;height: 33px;text-align: center\"><strong>Id\u0151pont<\/strong><\/td>\n<td style=\"width: 12.7091%;height: 33px;text-align: center\"><strong>El\u0151ad\u00f3<\/strong><\/td>\n<td style=\"width: 70.1636%;height: 33px;text-align: center\"><strong>El\u0151ad\u00e1s c\u00edme<\/strong><\/td>\n<\/tr>\n<\/thead>\n<tbody>\n<tr style=\"height: 33px\">\n<td style=\"width: 7.83636%;height: 33px\">2026.02.02.<\/td>\n<td style=\"width: 9.29087%;height: 33px\">8:00-8:45<\/td>\n<td style=\"width: 12.7091%;height: 33px\">Dr. N\u00e9meth Anna<\/td>\n<td style=\"width: 70.1636%;height: 33px\">Az alapokt\u00f3l a gyakorlatig: 3D nyomtat\u00e1s a modern fog\u00e1szatban<\/td>\n<\/tr>\n<tr style=\"height: 33px\">\n<td style=\"width: 7.83636%;height: 33px\">2026.02.02.<\/td>\n<td style=\"width: 9.29087%;height: 33px\">9:00-9:45<\/td>\n<td style=\"width: 12.7091%;height: 33px\">Dr. Tajti P\u00e9ter<\/td>\n<td style=\"width: 70.1636%;height: 33px\">A navig\u00e1ci\u00f3s sablonok tervez\u00e9se \u00e9s nyomtat\u00e1sa<\/td>\n<\/tr>\n<tr style=\"height: 33px\">\n<td style=\"width: 7.83636%;height: 33px\">2026.02.02.<\/td>\n<td style=\"width: 9.29087%;height: 33px\">10:00-10:45<\/td>\n<td style=\"width: 12.7091%;height: 33px\">Dr. P\u00e1l Adrienn<\/td>\n<td style=\"width: 70.1636%;height: 33px\">A digit\u00e1lis workflow alapja: Medit intraor\u00e1lis szkennel\u00e9s<\/td>\n<\/tr>\n<tr style=\"height: 33px\">\n<td style=\"width: 7.83636%;height: 33px\">2026.02.02.<\/td>\n<td style=\"width: 9.29087%;height: 33px\">11:00-11:45<\/td>\n<td style=\"width: 12.7091%;height: 33px\">Dr. Antal Melinda<\/td>\n<td style=\"width: 70.1636%;height: 33px\">TRIOS gener\u00e1ci\u00f3k \u2014 az elm\u00e9lett\u0151l eg\u00e9szen a fog\u00e1szati sz\u00e9kig<\/td>\n<\/tr>\n<tr style=\"height: 33px\">\n<td style=\"width: 7.83636%;height: 33px\">2026.02.02.<\/td>\n<td style=\"width: 9.29087%;height: 33px\">12:00-12:45<\/td>\n<td style=\"width: 12.7091%;height: 33px\">Dr. G\u00e1sp\u00e1r Orsolya<\/td>\n<td style=\"width: 70.1636%;height: 33px\">Intraor\u00e1lis szkennerek klinikai \u00e9rt\u00e9kel\u00e9se k\u00fcl\u00f6nb\u00f6z\u0151 indik\u00e1ci\u00f3k alapj\u00e1n<\/td>\n<\/tr>\n<\/tbody>\n<\/table>\n<h5>\u00a0<\/h5>\n<h5><span style=\"color: #ff0000\">M\u00e1rcius<\/span><\/h5>\n<p>Modell\u00a0 scannel\u00e9se Medit \u00e9s Trios scannerekkel<\/p>\n<ul>\n<li>Elm\u00e9leti oktat\u00e1s a scannel\u00e9si strat\u00e9gi\u00e1r\u00f3l<\/li>\n<li>Medit \u00e9s Trios szoftver ismertet\u00e9se<\/li>\n<li>Modellek scannel\u00e9se<\/li>\n<\/ul>\n<table style=\"border-collapse: collapse;width: 100%;height: 99px\">\n<thead>\n<tr style=\"height: 33px\">\n<td style=\"width: 7.83636%;height: 33px;text-align: center\"><strong>D\u00e1tum<\/strong><\/td>\n<td style=\"width: 9.29087%;height: 33px;text-align: center\"><strong>Id\u0151pont<\/strong><\/td>\n<td style=\"width: 12.7091%;height: 33px;text-align: center\"><strong>El\u0151ad\u00f3<\/strong><\/td>\n<td style=\"width: 70.1636%;height: 33px;text-align: center\"><strong>El\u0151ad\u00e1s c\u00edme<\/strong><\/td>\n<\/tr>\n<\/thead>\n<tbody>\n<tr style=\"height: 33px\">\n<td style=\"width: 7.83636%;height: 33px\">2026.03.09.<\/td>\n<td style=\"width: 9.29087%;height: 33px\">8:00-8:45<\/td>\n<td style=\"width: 12.7091%;height: 33px\">Dr. P\u00e1l Adrienn<\/td>\n<td style=\"width: 70.1636%;height: 33px\">Intraor\u00e1lis szkennel\u00e9s gyakorlat<\/td>\n<\/tr>\n<tr>\n<td style=\"width: 7.83636%\">2026.03.09.<\/td>\n<td style=\"width: 9.29087%\">9:00-9:45<\/td>\n<td style=\"width: 12.7091%\">Dr. Antal Melinda<\/td>\n<td style=\"width: 70.1636%\">Intraor\u00e1lis szkennel\u00e9s gyakorlat<\/td>\n<\/tr>\n<tr style=\"height: 33px\">\n<td style=\"width: 7.83636%;height: 33px\">2026.03.09.<\/td>\n<td style=\"width: 9.29087%;height: 33px\">10:00-10:45<\/td>\n<td style=\"width: 12.7091%;height: 33px\">Dr. G\u00e1sp\u00e1r Orsolya<\/td>\n<td style=\"width: 70.1636%;height: 33px\">Intraor\u00e1lis szkennel\u00e9s gyakorlat<\/td>\n<\/tr>\n<\/tbody>\n<\/table>\n<p>\n3D nyomtat\u00e1s gyakorlat<\/p>\n<table style=\"border-collapse: collapse;width: 100%;height: 132px\">\n<thead>\n<tr style=\"height: 33px\">\n<td style=\"width: 7.83636%;height: 33px;text-align: center\"><strong>D\u00e1tum<\/strong><\/td>\n<td style=\"width: 9.29087%;height: 33px;text-align: center\"><strong>Id\u0151pont<\/strong><\/td>\n<td style=\"width: 12.7091%;height: 33px;text-align: center\"><strong>El\u0151ad\u00f3<\/strong><\/td>\n<td style=\"width: 70.1636%;height: 33px;text-align: center\"><strong>El\u0151ad\u00e1s c\u00edme<\/strong><\/td>\n<\/tr>\n<\/thead>\n<tbody>\n<tr style=\"height: 33px\">\n<td style=\"width: 7.83636%;height: 33px\">2026.03.11.<\/td>\n<td style=\"width: 9.29087%;height: 33px\">8:00-8:45<\/td>\n<td style=\"width: 12.7091%;height: 33px\">Dr. N\u00e9meth Anna<\/td>\n<td style=\"width: 70.1636%;height: 33px\">Modell, korona nyomtat\u00e1s <br \/>\n\u2022 Medit szoftverben tervez\u00e9s: szkenek import\u00e1l\u00e1sa, modell\/korona tervez\u00e9se<br \/>\n\u2022 Modell el\u0151k\u00e9sz\u00edt\u00e9se nyomtat\u00e1shoz \u2013 Asiga, Chitubox, sz\u00f3l\u00f3 korona el\u0151k\u00e9sz\u00edt\u00e9se nyomtat\u00e1shoz \u2013 Formlabs, PreForm<\/td>\n<\/tr>\n<tr style=\"height: 33px\">\n<td style=\"width: 7.83636%;height: 33px\">2026.03.11.<\/td>\n<td style=\"width: 9.29087%;height: 33px\">9:00-9:45<\/td>\n<td style=\"width: 12.7091%;height: 33px\">Dr. N\u00e9meth Anna<\/td>\n<td style=\"width: 70.1636%;height: 33px\">Modell, korona nyomtat\u00e1s <br \/>\n\u2022 Medit szoftverben tervez\u00e9s: szkenek import\u00e1l\u00e1sa, modell\/korona tervez\u00e9se<br \/>\n\u2022 Modell el\u0151k\u00e9sz\u00edt\u00e9se nyomtat\u00e1shoz \u2013 Asiga, Chitubox, sz\u00f3l\u00f3 korona el\u0151k\u00e9sz\u00edt\u00e9se nyomtat\u00e1shoz \u2013 Formlabs, PreForm<\/td>\n<\/tr>\n<tr style=\"height: 33px\">\n<td style=\"width: 7.83636%;height: 33px\">2026.03.11.<\/td>\n<td style=\"width: 9.29087%;height: 33px\">10:00-10:45<\/td>\n<td style=\"width: 12.7091%;height: 33px\">Dr. Tajti P\u00e9ter<\/td>\n<td style=\"width: 70.1636%;height: 33px\">F\u00far\u00f3sablon nyomtat\u00e1s <br \/>\n\u2022 F\u00f3r\u00fasablon tervez\u00e9se, f\u00far\u00f3sablon el\u0151k\u00e9sz\u00edt\u00e9se nyomtat\u00e1shoz, nyomtat\u00e1s ind\u00edt\u00e1sa &#8211; Formlabs<\/td>\n<\/tr>\n<tr>\n<td style=\"width: 7.83636%\">2026.03.11.<\/td>\n<td style=\"width: 9.29087%\">11:00-11:45<\/td>\n<td style=\"width: 12.7091%\">Dr. Tajti P\u00e9ter<\/td>\n<td style=\"width: 70.1636%\">F\u00far\u00f3sablon nyomtat\u00e1s <br \/>\n\u2022 F\u00f3r\u00fasablon tervez\u00e9se, f\u00far\u00f3sablon el\u0151k\u00e9sz\u00edt\u00e9se nyomtat\u00e1shoz, nyomtat\u00e1s ind\u00edt\u00e1sa &#8211; Formlabs<\/td>\n<\/tr>\n<tr>\n<td style=\"width: 7.83636%\">2026.03.11.<\/td>\n<td style=\"width: 9.29087%\">12:00-12:45<\/td>\n<td style=\"width: 12.7091%\">\u00a0<\/td>\n<td style=\"width: 70.1636%\">Ut\u00f3kezel\u00e9s<br \/>\n\u2022 Korona, minta \u00e9s f\u00far\u00f3sablon ut\u00f3kezel\u00e9se: mos\u00e1s, levil\u00e1g\u00edt\u00e1s, szupportok elt\u00e1vol\u00edt\u00e1sa<\/td>\n<\/tr>\n<\/tbody>\n<\/table>\n<h5>\u00a0<\/h5>\n","protected":false},"excerpt":{"rendered":"<p>Szemin\u00e1riumok helye: Semmelweis Egyetem Fogorvostudom\u00e1nyi Kar Oktat\u00e1si Centrum V. emelet nagy digit\u00e1lis labor (1088 Budapest, Szentkir\u00e1lyi u. 47., V. emelet) Szemin\u00e1riumok ideje: 2026.02.02., 2026.03.09.\u00a0 Gyakorlatok helye: Semmelweis Egyetem Fogorvostudom\u00e1nyi Kar Oktat\u00e1si Centrum V. emelet kis digit\u00e1lis labor (1088 Budapest, Szentkir\u00e1lyi u. 47., V. emelet) Gyakorlatok ideje: 2026.03.11.\u00a0 Dokumentumok: Tant\u00e1rgyi program Beadand\u00f3 t\u00e9m\u00e1k Tematika <a href=\"https:\/\/semmelweis.hu\/dft\/files\/2025\/04\/Tetelsor-Digitalis-Munkafolyamatok-II.pdf\">T\u00e9telsor<\/a> Febru\u00e1r D\u00e1tum &hellip;<\/p>\n","protected":false},"author":101231,"featured_media":0,"parent":9425,"menu_order":0,"comment_status":"closed","ping_status":"closed","template":"","meta":{"_acf_changed":false,"footnotes":""},"categories":[],"tags":[],"class_list":["post-9444","page","type-page","status-publish","hentry"],"acf":[],"_links":{"self":[{"href":"https:\/\/semmelweis.hu\/dft\/wp-json\/wp\/v2\/pages\/9444","targetHints":{"allow":["GET"]}}],"collection":[{"href":"https:\/\/semmelweis.hu\/dft\/wp-json\/wp\/v2\/pages"}],"about":[{"href":"https:\/\/semmelweis.hu\/dft\/wp-json\/wp\/v2\/types\/page"}],"author":[{"embeddable":true,"href":"https:\/\/semmelweis.hu\/dft\/wp-json\/wp\/v2\/users\/101231"}],"replies":[{"embeddable":true,"href":"https:\/\/semmelweis.hu\/dft\/wp-json\/wp\/v2\/comments?post=9444"}],"version-history":[{"count":10,"href":"https:\/\/semmelweis.hu\/dft\/wp-json\/wp\/v2\/pages\/9444\/revisions"}],"predecessor-version":[{"id":9711,"href":"https:\/\/semmelweis.hu\/dft\/wp-json\/wp\/v2\/pages\/9444\/revisions\/9711"}],"up":[{"embeddable":true,"href":"https:\/\/semmelweis.hu\/dft\/wp-json\/wp\/v2\/pages\/9425"}],"wp:attachment":[{"href":"https:\/\/semmelweis.hu\/dft\/wp-json\/wp\/v2\/media?parent=9444"}],"wp:term":[{"taxonomy":"category","embeddable":true,"href":"https:\/\/semmelweis.hu\/dft\/wp-json\/wp\/v2\/categories?post=9444"},{"taxonomy":"post_tag","embeddable":true,"href":"https:\/\/semmelweis.hu\/dft\/wp-json\/wp\/v2\/tags?post=9444"}],"curies":[{"name":"wp","href":"https:\/\/api.w.org\/{rel}","templated":true}]}}