{"id":9425,"date":"2025-01-15T11:28:02","date_gmt":"2025-01-15T10:28:02","guid":{"rendered":"https:\/\/semmelweis.hu\/dft\/?page_id=9425"},"modified":"2026-01-09T11:04:39","modified_gmt":"2026-01-09T10:04:39","slug":"6-felev","status":"publish","type":"page","link":"https:\/\/semmelweis.hu\/dft\/3-evfolyam\/6-felev\/","title":{"rendered":"6. f\u00e9l\u00e9v"},"content":{"rendered":"<h1>2025\/2026-os tan\u00e9v II. f\u00e9l\u00e9v<\/h1>\n<h2>Tant\u00e1rgyak<\/h2>\n<table style=\"border-collapse: collapse;width: 100%;height: 228px\">\n<thead>\n<tr style=\"height: 33px\">\n<td style=\"width: 14.2857%;height: 33px;text-align: center\"><strong>Tant\u00e1rgy neve<\/strong><\/td>\n<td style=\"width: 12.1039%;height: 33px;text-align: center\"><strong>Felv\u00e9tel t\u00edpusa<\/strong><\/td>\n<td style=\"width: 16.4675%;height: 33px;text-align: center\"><strong>Tant\u00e1rgy felel\u0151se<\/strong><\/td>\n<td style=\"width: 14.2857%;height: 33px;text-align: center\"><strong>Kredit\u00e9rt\u00e9k<\/strong><\/td>\n<td style=\"width: 14.2857%;height: 33px;text-align: center\"><strong>Kontakt \u00f3rasz\u00e1m<\/strong><\/td>\n<td style=\"width: 14.2857%;height: 33px;text-align: center\"><strong>Vizsgaforma<\/strong><\/td>\n<td style=\"width: 14.2857%;height: 33px;text-align: center\"><strong>Kurzusk\u00f3d<\/strong><\/td>\n<\/tr>\n<\/thead>\n<tbody>\n<tr style=\"height: 33px\">\n<td style=\"width: 14.2857%;height: 33px\">CAD\/CAM fogorvosi oldal (digit\u00e1lis lenyomatok, sz\u00e9k melletti rendszerek)<\/td>\n<td style=\"width: 12.1039%;height: 33px;text-align: center\">k\u00f6telez\u0151<\/td>\n<td style=\"width: 16.4675%;height: 33px\">Prof. Dr. V\u00e1g J\u00e1nos<\/td>\n<td style=\"width: 14.2857%;height: 33px;text-align: center\">3<\/td>\n<td style=\"width: 14.2857%;height: 33px\">8 szemin\u00e1rium, <br \/>\n5 gyakorlat<\/td>\n<td style=\"width: 14.2857%;height: 33px\">kollokvium<\/td>\n<td style=\"width: 14.2857%;height: 33px\">FODKOKFK019_1M<\/td>\n<\/tr>\n<tr style=\"height: 63px\">\n<td style=\"width: 14.2857%;height: 63px\">Digit\u00e1lis munkafolyamatok II.<\/td>\n<td style=\"width: 12.1039%;height: 63px;text-align: center\">k\u00f6telez\u0151<\/td>\n<td style=\"width: 16.4675%;height: 63px\">Prof. Dr. Borb\u00e9ly Judit<\/td>\n<td style=\"width: 14.2857%;height: 63px;text-align: center\">3<\/td>\n<td style=\"width: 14.2857%;height: 63px\">8 szemin\u00e1rium, <br \/>\n5 gyakorlat<\/td>\n<td style=\"width: 14.2857%;height: 63px\">szigorlat<\/td>\n<td style=\"width: 14.2857%;height: 63px\" width=\"165\">FODKOFPK013_2M<\/td>\n<\/tr>\n<tr style=\"height: 33px\">\n<td style=\"width: 14.2857%;height: 33px\">Fog\u00e1szati Anyagtan \u00e9s Odontotechnol\u00f3gia VI.<\/td>\n<td style=\"width: 12.1039%;height: 33px;text-align: center\">k\u00f6telez\u0151<\/td>\n<td style=\"width: 16.4675%;height: 33px\">Prof. Dr. Hermann P\u00e9ter<\/td>\n<td style=\"width: 14.2857%;height: 33px;text-align: center\">3<\/td>\n<td style=\"width: 14.2857%;height: 33px\">13 gyakorlat<\/td>\n<td style=\"width: 14.2857%;height: 33px\">szigorlat<\/td>\n<td style=\"width: 14.2857%;height: 33px\">FODKOFPK003_6M<\/td>\n<\/tr>\n<tr style=\"height: 33px\">\n<td style=\"width: 14.2857%;height: 33px\">Praxislabor l\u00e1togat\u00e1s<\/td>\n<td style=\"width: 12.1039%;text-align: center;height: 33px\">k\u00f6telez\u0151en v\u00e1laszthat\u00f3<\/td>\n<td style=\"width: 16.4675%;height: 33px\">Prof. Dr. Hermann P\u00e9ter<\/td>\n<td style=\"width: 14.2857%;text-align: center;height: 33px\">5<\/td>\n<td style=\"width: 14.2857%;height: 33px\">18 gyakorlat<\/td>\n<td style=\"width: 14.2857%;height: 33px\">gyakorlati jegy<\/td>\n<td style=\"width: 14.2857%;height: 33px\">FODKVFPK020_1M<\/td>\n<\/tr>\n<tr style=\"height: 33px\">\n<td style=\"width: 14.2857%;height: 33px\">Szakdolgozat \u00edr\u00e1s \u00e9s v\u00e9d\u00e9s<\/td>\n<td style=\"width: 12.1039%;text-align: center;height: 33px\">\u00a0<\/td>\n<td style=\"width: 16.4675%;height: 33px\">\u00a0<\/td>\n<td style=\"width: 14.2857%;text-align: center;height: 33px\">12<\/td>\n<td style=\"width: 14.2857%;height: 33px\">\u00a0<\/td>\n<td style=\"width: 14.2857%;height: 33px\">z\u00e1r\u00f3vizsga<\/td>\n<td style=\"width: 14.2857%;height: 33px\">FODKOSZD018_1M<\/td>\n<\/tr>\n<\/tbody>\n<\/table>\n<h2>\u00d3rarend<\/h2>\n<h5><span style=\"color: #ff0000\">Febru\u00e1r<\/span><\/h5>\n<table style=\"border-collapse: collapse;width: 100%;height: 573px\">\n<tbody>\n<tr style=\"height: 33px\">\n<td style=\"width: 9.03034%;height: 33px\">\u00a0<\/td>\n<td style=\"width: 18.194%;height: 33px;text-align: center\">2026.02.02.<\/td>\n<td style=\"width: 18.5576%;height: 33px;text-align: center\">2026.02.03.<\/td>\n<td style=\"width: 18.8485%;height: 33px;text-align: center\">2026.02.04.<\/td>\n<td style=\"width: 17.9031%;height: 33px;text-align: center\">2026.02.05.<\/td>\n<td style=\"width: 17.4667%;height: 33px;text-align: center\">2026.02.06.<\/td>\n<\/tr>\n<tr style=\"height: 63px\">\n<td style=\"width: 9.03034%;height: 63px\">8:00-8:45<\/td>\n<td style=\"width: 18.194%;height: 63px\">Digit\u00e1lis munkafolyamatok II. szemin\u00e1rium 1.<\/td>\n<td style=\"width: 18.5576%;height: 63px\">CAD\/CAM fogorvosi oldal szemin\u00e1rium 1.<\/td>\n<td style=\"width: 18.8485%;height: 63px\">Fog\u00e1szati Anyagtan \u00e9s Odontotechnol\u00f3gia VI. gyakorlat 1.<\/td>\n<td style=\"width: 17.9031%;height: 63px\">CAD\/CAM fogorvosi oldal szemin\u00e1rium 6.<\/td>\n<td style=\"width: 17.4667%;height: 63px\">Praxislabor l\u00e1togat\u00e1s gyakorlat 1.<\/td>\n<\/tr>\n<tr style=\"height: 63px\">\n<td style=\"width: 9.03034%;height: 63px\">9:00-9:45<\/td>\n<td style=\"width: 18.194%;height: 63px\">Digit\u00e1lis munkafolyamatok II. szemin\u00e1rium 2.<\/td>\n<td style=\"width: 18.5576%;height: 63px\">CAD\/CAM fogorvosi oldal szemin\u00e1rium 2.<\/td>\n<td style=\"width: 18.8485%;height: 63px\">Fog\u00e1szati Anyagtan \u00e9s Odontotechnol\u00f3gia VI. gyakorlat 2.<\/td>\n<td style=\"width: 17.9031%;height: 63px\">CAD\/CAM fogorvosi oldal szemin\u00e1rium 7.<\/td>\n<td style=\"width: 17.4667%;height: 63px\">Praxislabor l\u00e1togat\u00e1s gyakorlat 2.<\/td>\n<\/tr>\n<tr style=\"height: 63px\">\n<td style=\"width: 9.03034%;height: 63px\">10:00-10:45<\/td>\n<td style=\"width: 18.194%;height: 63px\">Digit\u00e1lis munkafolyamatok II. szemin\u00e1rium 3.<\/td>\n<td style=\"width: 18.5576%;height: 63px\">CAD\/CAM fogorvosi oldal szemin\u00e1rium 3.<\/td>\n<td style=\"width: 18.8485%;height: 63px\">Fog\u00e1szati Anyagtan \u00e9s Odontotechnol\u00f3gia VI. gyakorlat 3.<\/td>\n<td style=\"width: 17.9031%;height: 63px\">CAD\/CAM fogorvosi oldal szemin\u00e1rium 8.<\/td>\n<td style=\"width: 17.4667%;height: 63px\">Praxislabor l\u00e1togat\u00e1s gyakorlat 3.<\/td>\n<\/tr>\n<tr style=\"height: 63px\">\n<td style=\"width: 9.03034%;height: 63px\">11:00-11:45<\/td>\n<td style=\"width: 18.194%;height: 63px\">Digit\u00e1lis munkafolyamatok II. szemin\u00e1rium 4.<\/td>\n<td style=\"width: 18.5576%;height: 63px\">CAD\/CAM fogorvosi oldal szemin\u00e1rium 4.<\/td>\n<td style=\"width: 18.8485%;height: 63px\">Fog\u00e1szati Anyagtan \u00e9s Odontotechnol\u00f3gia VI. gyakorlat 4.<\/td>\n<td style=\"width: 17.9031%;height: 63px\">Fog\u00e1szati Anyagtan \u00e9s Odontotechnol\u00f3gia VI. gyakorlat 6.<\/td>\n<td style=\"width: 17.4667%;height: 63px\">Praxislabor l\u00e1togat\u00e1s gyakorlat 4.<\/td>\n<\/tr>\n<tr style=\"height: 72px\">\n<td style=\"width: 9.03034%;height: 72px\">12:00-12:45<\/td>\n<td style=\"width: 18.194%;height: 72px\">Digit\u00e1lis munkafolyamatok II. szemin\u00e1rium 5.<\/td>\n<td style=\"width: 18.5576%;height: 72px\">CAD\/CAM fogorvosi oldal szemin\u00e1rium 5.<\/td>\n<td style=\"width: 18.8485%;height: 72px\">Fog\u00e1szati Anyagtan \u00e9s Odontotechnol\u00f3gia VI. gyakorlat 5.<\/td>\n<td style=\"width: 17.9031%;height: 72px\">Fog\u00e1szati Anyagtan \u00e9s Odontotechnol\u00f3gia VI. gyakorlat 7.<\/td>\n<td style=\"width: 17.4667%;height: 72px\">Praxislabor l\u00e1togat\u00e1s gyakorlat 5.<\/td>\n<\/tr>\n<tr style=\"height: 72px\">\n<td style=\"width: 9.03034%;height: 72px\">13:00-13:45<\/td>\n<td style=\"width: 18.194%;height: 72px\">\u00a0<\/td>\n<td style=\"width: 18.5576%;height: 72px\">\u00a0<\/td>\n<td style=\"width: 18.8485%;height: 72px\">\u00a0<\/td>\n<td style=\"width: 17.9031%;height: 72px\">\u00a0<\/td>\n<td style=\"width: 17.4667%;height: 72px\">Praxislabor l\u00e1togat\u00e1s gyakorlat 6.<\/td>\n<\/tr>\n<tr style=\"height: 72px\">\n<td style=\"width: 9.03034%;height: 72px\">14:00-14:45<\/td>\n<td style=\"width: 18.194%;height: 72px\">\u00a0<\/td>\n<td style=\"width: 18.5576%;height: 72px\">\u00a0<\/td>\n<td style=\"width: 18.8485%;height: 72px\">\u00a0<\/td>\n<td style=\"width: 17.9031%;height: 72px\">\u00a0<\/td>\n<td style=\"width: 17.4667%;height: 72px\">Praxislabor l\u00e1togat\u00e1s gyakorlat 7.<\/td>\n<\/tr>\n<\/tbody>\n<\/table>\n<p>&nbsp;<\/p>\n<h5><span style=\"color: #ff0000\">M\u00e1rcius<\/span><\/h5>\n<table style=\"border-collapse: collapse;width: 100%;height: 327px\">\n<tbody>\n<tr style=\"height: 33px\">\n<td style=\"width: 9.10306%;height: 33px\">\u00a0<\/td>\n<td style=\"width: 18.4121%;height: 33px;text-align: center\">2026.03.09.<\/td>\n<td style=\"width: 18.4849%;height: 33px;text-align: center\">2026.03.10.<\/td>\n<td style=\"width: 18.8485%;height: 33px;text-align: center\">2026.03.11.<\/td>\n<td style=\"width: 18.4849%;height: 33px;text-align: center\">2026.03.12.<\/td>\n<td style=\"width: 16.6667%;height: 33px;text-align: center\">2026.03.13.<\/td>\n<\/tr>\n<tr style=\"height: 33px\">\n<td style=\"width: 9.10306%;height: 33px\">8:00-8:45<\/td>\n<td style=\"width: 18.4121%;height: 33px\">Digit\u00e1lis munkafolyamatok II. szemin\u00e1rium 6.<\/td>\n<td style=\"width: 18.4849%;height: 33px\">CAD\/CAM fogorvosi oldal gyakorlat 1.<\/td>\n<td style=\"width: 18.8485%;height: 33px\">Digit\u00e1lis munkafolyamatok II. gyakorlat 1.<\/td>\n<td style=\"width: 18.4849%;height: 33px\">Fog\u00e1szati Anyagtan \u00e9s Odontotechnol\u00f3gia VI. gyakorlat 8.<\/td>\n<td style=\"width: 16.6667%;height: 33px\">Praxislabor l\u00e1togat\u00e1s gyakorlat 12.<\/td>\n<\/tr>\n<tr style=\"height: 33px\">\n<td style=\"width: 9.10306%;height: 33px\">9:00-9:45<\/td>\n<td style=\"width: 18.4121%;height: 33px\">Digit\u00e1lis munkafolyamatok II. szemin\u00e1rium 7.<\/td>\n<td style=\"width: 18.4849%;height: 33px\">CAD\/CAM fogorvosi oldal gyakorlat 2.<\/td>\n<td style=\"width: 18.8485%;height: 33px\">Digit\u00e1lis munkafolyamatok II. gyakorlat 2.<\/td>\n<td style=\"width: 18.4849%;height: 33px\">Fog\u00e1szati Anyagtan \u00e9s Odontotechnol\u00f3gia VI. gyakorlat 9.<\/td>\n<td style=\"width: 16.6667%;height: 33px\">Praxislabor l\u00e1togat\u00e1s gyakorlat 13.<\/td>\n<\/tr>\n<tr style=\"height: 33px\">\n<td style=\"width: 9.10306%;height: 33px\">10:00-10:45<\/td>\n<td style=\"width: 18.4121%;height: 33px\">Digit\u00e1lis munkafolyamatok II. szemin\u00e1rium 8.<\/td>\n<td style=\"width: 18.4849%;height: 33px\">CAD\/CAM fogorvosi oldal gyakorlat 3.<\/td>\n<td style=\"width: 18.8485%;height: 33px\">Digit\u00e1lis munkafolyamatok II. gyakorlat 3.<\/td>\n<td style=\"width: 18.4849%;height: 33px\">Fog\u00e1szati Anyagtan \u00e9s Odontotechnol\u00f3gia VI. gyakorlat 10.<\/td>\n<td style=\"width: 16.6667%;height: 33px\">Praxislabor l\u00e1togat\u00e1s gyakorlat 14.<\/td>\n<\/tr>\n<tr style=\"height: 33px\">\n<td style=\"width: 9.10306%;height: 33px\">11:00-11:45<\/td>\n<td style=\"width: 18.4121%;height: 33px\">\u00a0<\/td>\n<td style=\"width: 18.4849%;height: 33px\">CAD\/CAM fogorvosi oldal gyakorlat 4.<\/td>\n<td style=\"width: 18.8485%;height: 33px\">Digit\u00e1lis munkafolyamatok II. gyakorlat 4.<\/td>\n<td style=\"width: 18.4849%;height: 33px\">Fog\u00e1szati Anyagtan \u00e9s Odontotechnol\u00f3gia VI. gyakorlat 11.<\/td>\n<td style=\"width: 16.6667%;height: 33px\">Praxislabor l\u00e1togat\u00e1s gyakorlat 15.<\/td>\n<\/tr>\n<tr style=\"height: 33px\">\n<td style=\"width: 9.10306%;height: 33px\">12:00-12:45<\/td>\n<td style=\"width: 18.4121%;height: 33px\">Praxislabor l\u00e1togat\u00e1s gyakorlat 8.<\/td>\n<td style=\"width: 18.4849%;height: 33px\">CAD\/CAM fogorvosi oldal gyakorlat 5.<\/td>\n<td style=\"width: 18.8485%;height: 33px\">Digit\u00e1lis munkafolyamatok II. gyakorlat 5.<\/td>\n<td style=\"width: 18.4849%;height: 33px\">Fog\u00e1szati Anyagtan \u00e9s Odontotechnol\u00f3gia VI. gyakorlat 12.<\/td>\n<td style=\"height: 33px;width: 16.6667%\">Praxislabor l\u00e1togat\u00e1s gyakorlat 16.<\/td>\n<\/tr>\n<tr style=\"height: 33px\">\n<td style=\"width: 9.10306%;height: 33px\">13:00-13:45<\/td>\n<td style=\"width: 18.4121%;height: 33px\">Praxislabor l\u00e1togat\u00e1s gyakorlat 9.<\/td>\n<td style=\"width: 18.4849%;height: 33px\">\u00a0<\/td>\n<td style=\"width: 18.8485%;height: 33px\">\u00a0<\/td>\n<td style=\"width: 18.4849%;height: 33px\">Fog\u00e1szati Anyagtan \u00e9s Odontotechnol\u00f3gia VI. gyakorlat 13.<\/td>\n<td style=\"width: 16.6667%;height: 33px\">Praxislabor l\u00e1togat\u00e1s gyakorlat 17.<\/td>\n<\/tr>\n<tr style=\"height: 33px\">\n<td style=\"width: 9.10306%;height: 33px\">14:00-14:45<\/td>\n<td style=\"width: 18.4121%;height: 33px\">Praxislabor l\u00e1togat\u00e1s gyakorlat 10.<\/td>\n<td style=\"width: 18.4849%;height: 33px\">\u00a0<\/td>\n<td style=\"width: 18.8485%;height: 33px\">\u00a0<\/td>\n<td style=\"width: 18.4849%;height: 33px\">\u00a0<\/td>\n<td style=\"width: 16.6667%;height: 33px\">Praxislabor l\u00e1togat\u00e1s gyakorlat 18.<\/td>\n<\/tr>\n<tr style=\"height: 63px\">\n<td style=\"width: 9.10306%;height: 63px\">15:00-15:45<\/td>\n<td style=\"width: 18.4121%;height: 63px\">Praxislabor l\u00e1togat\u00e1s gyakorlat 11.<\/td>\n<td style=\"width: 18.4849%;height: 63px\">\u00a0<\/td>\n<td style=\"width: 18.8485%;height: 63px\">\u00a0<\/td>\n<td style=\"width: 18.4849%;height: 63px\">\u00a0<\/td>\n<td style=\"width: 16.6667%;height: 63px\">\u00a0<\/td>\n<\/tr>\n<\/tbody>\n<\/table>\n<p>&nbsp;<\/p>\n<h2>Terembeoszt\u00e1s<\/h2>\n<table style=\"border-collapse: collapse;width: 100%;height: 330px\">\n<tbody>\n<tr style=\"height: 33px\">\n<td style=\"width: 50%;height: 33px\">Digit\u00e1lis munkafolyamatok II. szemin\u00e1rium<\/td>\n<td style=\"width: 50%;height: 33px\">Semmelweis Egyetem Fogorvostudom\u00e1nyi Kar Oktat\u00e1si CentrumV. emelet nagy digit\u00e1lis labor<\/td>\n<\/tr>\n<tr style=\"height: 33px\">\n<td style=\"width: 50%;height: 33px\">Digit\u00e1lis munkafolyamatok II. gyakorlat<\/td>\n<td style=\"width: 50%;height: 33px\">Semmelweis Egyetem Fogorvostudom\u00e1nyi Kar Oktat\u00e1si Centrum V. emelet kis digit\u00e1lis labor<\/td>\n<\/tr>\n<tr style=\"height: 33px\">\n<td style=\"width: 50%;height: 33px\">CAD\/CAM fogorvosi oldal szemin\u00e1rium<\/td>\n<td style=\"width: 50%;height: 33px\">Semmelweis Egyetem Fogorvostudom\u00e1nyi Kar Oktat\u00e1si Centrum Helyre\u00e1ll\u00edt\u00f3 Fog\u00e1szati \u00e9s Endodonciai Klinika refer\u00e1l\u00f3 terme<\/td>\n<\/tr>\n<tr style=\"height: 33px\">\n<td style=\"width: 50%;height: 33px\">CAD\/CAM fogorvosi oldal gyakorlat<\/td>\n<td style=\"width: 50%;height: 33px\">Semmelweis Egyetem Fogorvostudom\u00e1nyi Kar Oktat\u00e1si Centrum Helyre\u00e1ll\u00edt\u00f3 Fog\u00e1szati \u00e9s Endodonciai Klinika<\/td>\n<\/tr>\n<tr style=\"height: 33px\">\n<td style=\"width: 50%;height: 33px\">Fog\u00e1szati Anyagtan \u00e9s Odontotechnol\u00f3gia VI. gyakorlat<\/td>\n<td style=\"width: 50%;height: 33px\">Semmelweis Egyetem Fogorvostudom\u00e1nyi Kar Oktat\u00e1si Centrum V. emelet kis digit\u00e1lis labor<\/td>\n<\/tr>\n<tr style=\"height: 33px\">\n<td style=\"width: 50%;height: 33px\">Praxislabor l\u00e1togat\u00e1s gyakorlat<\/td>\n<td style=\"width: 50%;height: 33px\">Digit\u00e1lis rendel\u0151k, laborok \u00e9s forgalmaz\u00f3k<\/td>\n<\/tr>\n<\/tbody>\n<\/table>\n<p>&nbsp;<\/p>\n<p>Kontakt \u00f3r\u00e1k id\u0151pontja a Neumann J\u00e1nos Egyetemen: 2026. \u00e1prilis 7-10.<\/p>\n","protected":false},"excerpt":{"rendered":"<p>2025\/2026-os tan\u00e9v II. f\u00e9l\u00e9v Tant\u00e1rgyak Tant\u00e1rgy neve Felv\u00e9tel t\u00edpusa Tant\u00e1rgy felel\u0151se Kredit\u00e9rt\u00e9k Kontakt \u00f3rasz\u00e1m Vizsgaforma Kurzusk\u00f3d CAD\/CAM fogorvosi oldal (digit\u00e1lis lenyomatok, sz\u00e9k melletti rendszerek) k\u00f6telez\u0151 Prof. Dr. V\u00e1g J\u00e1nos 3 8 szemin\u00e1rium, 5 gyakorlat kollokvium FODKOKFK019_1M Digit\u00e1lis munkafolyamatok II. k\u00f6telez\u0151 Prof. Dr. Borb\u00e9ly Judit 3 8 szemin\u00e1rium, 5 gyakorlat szigorlat FODKOFPK013_2M Fog\u00e1szati Anyagtan \u00e9s Odontotechnol\u00f3gia &hellip;<\/p>\n","protected":false},"author":101231,"featured_media":0,"parent":9193,"menu_order":2,"comment_status":"closed","ping_status":"closed","template":"","meta":{"_acf_changed":false,"footnotes":""},"categories":[],"tags":[],"class_list":["post-9425","page","type-page","status-publish","hentry"],"acf":[],"_links":{"self":[{"href":"https:\/\/semmelweis.hu\/dft\/wp-json\/wp\/v2\/pages\/9425","targetHints":{"allow":["GET"]}}],"collection":[{"href":"https:\/\/semmelweis.hu\/dft\/wp-json\/wp\/v2\/pages"}],"about":[{"href":"https:\/\/semmelweis.hu\/dft\/wp-json\/wp\/v2\/types\/page"}],"author":[{"embeddable":true,"href":"https:\/\/semmelweis.hu\/dft\/wp-json\/wp\/v2\/users\/101231"}],"replies":[{"embeddable":true,"href":"https:\/\/semmelweis.hu\/dft\/wp-json\/wp\/v2\/comments?post=9425"}],"version-history":[{"count":9,"href":"https:\/\/semmelweis.hu\/dft\/wp-json\/wp\/v2\/pages\/9425\/revisions"}],"predecessor-version":[{"id":9691,"href":"https:\/\/semmelweis.hu\/dft\/wp-json\/wp\/v2\/pages\/9425\/revisions\/9691"}],"up":[{"embeddable":true,"href":"https:\/\/semmelweis.hu\/dft\/wp-json\/wp\/v2\/pages\/9193"}],"wp:attachment":[{"href":"https:\/\/semmelweis.hu\/dft\/wp-json\/wp\/v2\/media?parent=9425"}],"wp:term":[{"taxonomy":"category","embeddable":true,"href":"https:\/\/semmelweis.hu\/dft\/wp-json\/wp\/v2\/categories?post=9425"},{"taxonomy":"post_tag","embeddable":true,"href":"https:\/\/semmelweis.hu\/dft\/wp-json\/wp\/v2\/tags?post=9425"}],"curies":[{"name":"wp","href":"https:\/\/api.w.org\/{rel}","templated":true}]}}