{"id":9297,"date":"2024-08-29T14:28:55","date_gmt":"2024-08-29T12:28:55","guid":{"rendered":"https:\/\/semmelweis.hu\/dft\/?page_id=9297"},"modified":"2026-01-07T13:56:43","modified_gmt":"2026-01-07T12:56:43","slug":"fogaszati-anyagtan-es-odontotechnologia-iii","status":"publish","type":"page","link":"https:\/\/semmelweis.hu\/dft\/2-evfolyam\/3-felev\/fogaszati-anyagtan-es-odontotechnologia-iii\/","title":{"rendered":"Fog\u00e1szati anyagtan \u00e9s odontotechnol\u00f3gia III"},"content":{"rendered":"<div class=\"keretes w-100\">\n<p><strong>Szemin\u00e1riumok helye:<\/strong> Semmelweis Egyetem Fogorvostudom\u00e1nyi Kar Oktat\u00e1si Centrum <span style=\"font-size: 14pt\">V. emelet \u00faj tanlabor<\/span><br \/>\n<span style=\"font-size: 14pt\">(1088 Budapest, Szentkir\u00e1lyi u. 47., V. emelet)<\/span><\/p>\n<p><strong>Szemin\u00e1riumok ideje:<\/strong> 2025.09.17., 2025.10.06-09., 2025.11.05.<\/p>\n<p><strong>Gyakorlatok helye:<\/strong> Semmelweis Egyetem Fogorvostudom\u00e1nyi Kar Oktat\u00e1si Centrum Dr. F\u00f6ldv\u00e1ri Imre tanlaborat\u00f3rium<br \/>\n(1088 Budapest, Szentkir\u00e1lyi u. 47. II. emelet)<\/p>\n<p><strong>Gyakorlatok ideje:<\/strong> 2025.10.06-09<\/p>\n<\/div>\n<h3>Dokumentumok<\/h3>\n<ul style=\"list-style-type: square\">\n<li><a href=\"https:\/\/semmelweis.hu\/dft\/files\/2024\/08\/DFT-FAOT-III-Tantargyi-kovetelmeny.pdf\">Tant\u00e1rgyi program<\/a><\/li>\n<li><a href=\"https:\/\/semmelweis.hu\/dft\/files\/2024\/08\/FAOT-III-Kollokvium-tAtelsor.pdf\">T\u00e9telsor<\/a><\/li>\n<\/ul>\n<h6><strong>Elm\u00e9leti tematika:<\/strong><\/h6>\n<h5><span style=\"color: #ff0000\">Szeptember<\/span><\/h5>\n<table style=\"border-collapse: collapse;width: 100%;height: 165px\">\n<thead>\n<tr style=\"height: 33px\">\n<td style=\"width: 12.5%;text-align: center;height: 33px\"><strong>D\u00e1tum<\/strong><\/td>\n<td style=\"width: 13.9545%;text-align: center;height: 33px\"><strong>Id\u0151pont<\/strong><\/td>\n<td style=\"width: 23.5455%;text-align: center;height: 33px\"><strong>El\u0151ad\u00f3<\/strong><\/td>\n<td style=\"text-align: center;height: 33px;width: 49.9636%\"><strong>El\u0151ad\u00e1s c\u00edme<\/strong><\/td>\n<\/tr>\n<\/thead>\n<tbody>\n<tr style=\"height: 33px\">\n<td style=\"width: 12.5%;height: 33px\">2025.09.17.<\/td>\n<td style=\"height: 33px;width: 13.9545%\">8.00-8.45<\/td>\n<td style=\"height: 33px;width: 23.5455%\">R\u00f3th Lajos ftm.<\/td>\n<td style=\"height: 33px;width: 49.9636%\">F\u00e9mmentes fogp\u00f3tl\u00e1sok anyagtana<\/td>\n<\/tr>\n<tr style=\"height: 33px\">\n<td style=\"width: 12.5%;height: 33px\">2025.09.17.<\/td>\n<td style=\"height: 33px;width: 13.9545%\">9.00-9.45<\/td>\n<td style=\"height: 33px;width: 23.5455%\">R\u00f3th Lajos ftm.<\/td>\n<td style=\"height: 33px;width: 49.9636%\">F\u00e9mmentes fogp\u00f3tl\u00e1sok anyagtana<\/td>\n<\/tr>\n<tr style=\"height: 33px\">\n<td style=\"width: 12.5%;height: 33px\">2025.09.17.<\/td>\n<td style=\"height: 33px;width: 13.9545%\">10.00-10.45<\/td>\n<td style=\"height: 33px;width: 23.5455%\">K\u00f3nya J\u00e1nos<\/td>\n<td style=\"height: 33px;width: 49.9636%\">Prec\u00edzi\u00f3s \u00f6nt\u00e9si technol\u00f3gi\u00e1val \u00e9s pr\u00e9sel\u00e9ssel feldolgozhat\u00f3 anyagok<\/td>\n<\/tr>\n<tr style=\"height: 33px\">\n<td style=\"width: 12.5%;height: 33px\">2025.09.17.<\/td>\n<td style=\"height: 33px;width: 13.9545%\">11.00-11.45<\/td>\n<td style=\"height: 33px;width: 23.5455%\">K\u00f3nya J\u00e1nos<\/td>\n<td style=\"height: 33px;width: 49.9636%\">Prec\u00edzi\u00f3s \u00f6nt\u00e9si technol\u00f3gi\u00e1val \u00e9s pr\u00e9sel\u00e9ssel feldolgozhat\u00f3 anyagok<\/td>\n<\/tr>\n<tr>\n<td style=\"width: 12.5%\">2025.09.17.<\/td>\n<td style=\"width: 13.9545%\">11:45-13:00<\/td>\n<td style=\"width: 23.5455%\">K\u00f3nya J\u00e1nos<\/td>\n<td style=\"width: 49.9636%\">Prec\u00edzi\u00f3s \u00f6nt\u00e9si technol\u00f3gi\u00e1val \u00e9s pr\u00e9sel\u00e9ssel feldolgozhat\u00f3 anyagok<\/td>\n<\/tr>\n<\/tbody>\n<\/table>\n<p>&nbsp;<\/p>\n<h5><span style=\"color: #ff0000\">Okt\u00f3ber<\/span><\/h5>\n<table style=\"border-collapse: collapse;width: 100%;height: 165px\">\n<thead>\n<tr style=\"height: 33px\">\n<td style=\"width: 12.5%;text-align: center;height: 33px\"><strong>D\u00e1tum<\/strong><\/td>\n<td style=\"width: 13.9545%;text-align: center;height: 33px\"><strong>Id\u0151pont<\/strong><\/td>\n<td style=\"width: 23.5455%;text-align: center;height: 33px\"><strong>El\u0151ad\u00f3<\/strong><\/td>\n<td style=\"text-align: center;height: 33px;width: 49.9636%\"><strong>El\u0151ad\u00e1s c\u00edme<\/strong><\/td>\n<\/tr>\n<\/thead>\n<tbody>\n<tr style=\"height: 33px\">\n<td style=\"width: 12.5%;height: 33px\">2025.10.06.<\/td>\n<td style=\"height: 33px;width: 13.9545%\">15:00-16:45<\/td>\n<td style=\"height: 33px;width: 23.5455%\">Dr. K\u00f6nig J\u00e1nos<br \/>\nDr. Palaszk\u00f3 D\u00e9nes<\/td>\n<td style=\"height: 33px;width: 49.9636%\">MOD bet\u00e9t az 16 fogba<\/td>\n<\/tr>\n<tr style=\"height: 33px\">\n<td style=\"width: 12.5%;height: 33px\">2025.10.07.<\/td>\n<td style=\"height: 33px;width: 13.9545%\">15:00-16:45<\/td>\n<td style=\"height: 33px;width: 23.5455%\">Dr. K\u00f6nig J\u00e1nos<br \/>\nDr. Palaszk\u00f3 D\u00e9nes<\/td>\n<td style=\"height: 33px;width: 49.9636%\">11 fogba teljes ker\u00e1mia<\/td>\n<\/tr>\n<tr style=\"height: 33px\">\n<td style=\"width: 12.5%;height: 33px\">2025.10.08.<\/td>\n<td style=\"height: 33px;width: 13.9545%\">15:00-16:45<\/td>\n<td style=\"height: 33px;width: 23.5455%\">Dr. K\u00f6nig J\u00e1nos<br \/>\nDr. Palaszk\u00f3 D\u00e9nes<\/td>\n<td style=\"height: 33px;width: 49.9636%\">25-27 h\u00e1romtag\u00fa h\u00edd<\/td>\n<\/tr>\n<tr style=\"height: 33px\">\n<td style=\"width: 12.5%;height: 33px\">2025.10.09.<\/td>\n<td style=\"height: 33px;width: 13.9545%\">15:00-16:45<\/td>\n<td style=\"height: 33px;width: 23.5455%\">Dr. K\u00f6nig J\u00e1nos<br \/>\nDr. Palaszk\u00f3 D\u00e9nes<\/td>\n<td style=\"height: 33px;width: 49.9636%\">25-27 h\u00e1romtag\u00fa h\u00eddv\u00e1z<\/td>\n<\/tr>\n<\/tbody>\n<\/table>\n<p>&nbsp;<\/p>\n<h5><span style=\"color: #ff0000\">November<\/span><\/h5>\n<table style=\"border-collapse: collapse;width: 100%;height: 132px\">\n<thead>\n<tr style=\"height: 33px\">\n<td style=\"width: 12.5%;text-align: center;height: 33px\"><strong>D\u00e1tum<\/strong><\/td>\n<td style=\"width: 13.9545%;text-align: center;height: 33px\"><strong>Id\u0151pont<\/strong><\/td>\n<td style=\"width: 23.5455%;text-align: center;height: 33px\"><strong>El\u0151ad\u00f3<\/strong><\/td>\n<td style=\"text-align: center;height: 33px;width: 49.9636%\"><strong>El\u0151ad\u00e1s c\u00edme<\/strong><\/td>\n<\/tr>\n<\/thead>\n<tbody>\n<tr style=\"height: 33px\">\n<td style=\"width: 12.5%;height: 33px\">2025.11.05.<\/td>\n<td style=\"height: 33px;width: 13.9545%\">8.00-8.45<\/td>\n<td style=\"height: 33px;width: 23.5455%\">Sztojanov Kriszti\u00e1n<\/td>\n<td style=\"height: 33px;width: 49.9636%\">Addit\u00edv technol\u00f3gi\u00e1k: a filament t\u00edpus\u00fa 3D nyomtat\u00e1s anyagai \u00e9s specifik\u00e1l\u00e1suk<\/td>\n<\/tr>\n<tr style=\"height: 33px\">\n<td style=\"width: 12.5%;height: 33px\">2025.11.05.<\/td>\n<td style=\"height: 33px;width: 13.9545%\">9.00-9.45<\/td>\n<td style=\"height: 33px;width: 23.5455%\">Sztojanov Kriszti\u00e1n<\/td>\n<td style=\"height: 33px;width: 49.9636%\">Addit\u00edv technol\u00f3gi\u00e1k: a filament t\u00edpus\u00fa 3D nyomtat\u00e1s anyagai \u00e9s specifik\u00e1l\u00e1suk<\/td>\n<\/tr>\n<tr style=\"height: 33px\">\n<td style=\"width: 12.5%;height: 33px\">2025.11.05.<\/td>\n<td style=\"height: 33px;width: 13.9545%\">10.00-10.45<\/td>\n<td style=\"height: 33px;width: 23.5455%\">Sztojanov Kriszti\u00e1n<\/td>\n<td style=\"height: 33px;width: 49.9636%\">Addit\u00edv technol\u00f3gi\u00e1k: a filament t\u00edpus\u00fa 3D nyomtat\u00e1s anyagai \u00e9s specifik\u00e1l\u00e1suk<\/td>\n<\/tr>\n<\/tbody>\n<\/table>\n","protected":false},"excerpt":{"rendered":"<p>Szemin\u00e1riumok helye: Semmelweis Egyetem Fogorvostudom\u00e1nyi Kar Oktat\u00e1si Centrum V. emelet \u00faj tanlabor (1088 Budapest, Szentkir\u00e1lyi u. 47., V. emelet) Szemin\u00e1riumok ideje: 2025.09.17., 2025.10.06-09., 2025.11.05. Gyakorlatok helye: Semmelweis Egyetem Fogorvostudom\u00e1nyi Kar Oktat\u00e1si Centrum Dr. F\u00f6ldv\u00e1ri Imre tanlaborat\u00f3rium (1088 Budapest, Szentkir\u00e1lyi u. 47. II. emelet) Gyakorlatok ideje: 2025.10.06-09 Dokumentumok <a href=\"https:\/\/semmelweis.hu\/dft\/files\/2024\/08\/DFT-FAOT-III-Tantargyi-kovetelmeny.pdf\">Tant\u00e1rgyi program<\/a> <a href=\"https:\/\/semmelweis.hu\/dft\/files\/2024\/08\/FAOT-III-Kollokvium-tAtelsor.pdf\">T\u00e9telsor<\/a> Elm\u00e9leti tematika: Szeptember D\u00e1tum Id\u0151pont El\u0151ad\u00f3 El\u0151ad\u00e1s c\u00edme &hellip;<\/p>\n","protected":false},"author":101231,"featured_media":0,"parent":8745,"menu_order":0,"comment_status":"closed","ping_status":"closed","template":"","meta":{"_acf_changed":false,"footnotes":""},"categories":[],"tags":[],"class_list":["post-9297","page","type-page","status-publish","hentry"],"acf":[],"_links":{"self":[{"href":"https:\/\/semmelweis.hu\/dft\/wp-json\/wp\/v2\/pages\/9297","targetHints":{"allow":["GET"]}}],"collection":[{"href":"https:\/\/semmelweis.hu\/dft\/wp-json\/wp\/v2\/pages"}],"about":[{"href":"https:\/\/semmelweis.hu\/dft\/wp-json\/wp\/v2\/types\/page"}],"author":[{"embeddable":true,"href":"https:\/\/semmelweis.hu\/dft\/wp-json\/wp\/v2\/users\/101231"}],"replies":[{"embeddable":true,"href":"https:\/\/semmelweis.hu\/dft\/wp-json\/wp\/v2\/comments?post=9297"}],"version-history":[{"count":10,"href":"https:\/\/semmelweis.hu\/dft\/wp-json\/wp\/v2\/pages\/9297\/revisions"}],"predecessor-version":[{"id":9667,"href":"https:\/\/semmelweis.hu\/dft\/wp-json\/wp\/v2\/pages\/9297\/revisions\/9667"}],"up":[{"embeddable":true,"href":"https:\/\/semmelweis.hu\/dft\/wp-json\/wp\/v2\/pages\/8745"}],"wp:attachment":[{"href":"https:\/\/semmelweis.hu\/dft\/wp-json\/wp\/v2\/media?parent=9297"}],"wp:term":[{"taxonomy":"category","embeddable":true,"href":"https:\/\/semmelweis.hu\/dft\/wp-json\/wp\/v2\/categories?post=9297"},{"taxonomy":"post_tag","embeddable":true,"href":"https:\/\/semmelweis.hu\/dft\/wp-json\/wp\/v2\/tags?post=9297"}],"curies":[{"name":"wp","href":"https:\/\/api.w.org\/{rel}","templated":true}]}}