{"id":9243,"date":"2024-06-14T15:24:16","date_gmt":"2024-06-14T13:24:16","guid":{"rendered":"https:\/\/semmelweis.hu\/dft\/?page_id=9243"},"modified":"2025-07-09T14:15:34","modified_gmt":"2025-07-09T12:15:34","slug":"fogaszati-anyagtan-es-odontotechnologia-v","status":"publish","type":"page","link":"https:\/\/semmelweis.hu\/dft\/3-evfolyam\/5-felev\/fogaszati-anyagtan-es-odontotechnologia-v\/","title":{"rendered":"Fog\u00e1szati anyagtan \u00e9s odontotechnol\u00f3gia V."},"content":{"rendered":"<div class=\"keretes w-100\">\n<p><strong>Szemin\u00e1riumok helye:<\/strong> Fogorvostudom\u00e1nyi Kar Oktat\u00e1si Centrum Dr. F\u00f6ldv\u00e1ri Imre tanlaborat\u00f3rium\u00a0<br \/>\n(1088 Budapest, Szentkir\u00e1lyi u. 47., II. emelet)<\/p>\n<p><strong>Szemin\u00e1riumok ideje:<\/strong> 2024.05.22-25., 2025.10.13-14.<\/p>\n<\/div>\n<h3>Dokumentumok:<\/h3>\n<ul style=\"list-style-type: square\">\n<li><a href=\"https:\/\/semmelweis.hu\/dft\/files\/2024\/08\/DFT-FAOT-5-Tantargyi-kovetelmeny-kesz.pdf\">Tant\u00e1rgyi program<\/a><\/li>\n<li><a href=\"https:\/\/semmelweis.hu\/dft\/files\/2024\/08\/DFT-FAOT-V-beadandok.pdf\">Beadand\u00f3 t\u00e9m\u00e1k<\/a>\u00a0<\/li>\n<li>T\u00e9telsor\u00a0<\/li>\n<\/ul>\n","protected":false},"excerpt":{"rendered":"<p>Szemin\u00e1riumok helye: Fogorvostudom\u00e1nyi Kar Oktat\u00e1si Centrum Dr. F\u00f6ldv\u00e1ri Imre tanlaborat\u00f3rium\u00a0<br \/>\n(1088 Budapest, Szentkir\u00e1lyi u. 47., II. emelet)<br \/>\nSzemin\u00e1riumok ideje: 2024.05.22-25., 2025.10.13-14.<\/p>\n<p>Dokumentumok:<\/p>\n<p><a href=\"https:\/\/semmelweis.hu\/dft\/files\/2024\/08\/DFT-FAOT-5-Tantargyi-kovetelmeny-kesz.pdf\">Tant\u00e1rgyi program<\/a><br \/>\n<a href=\"https:\/\/semmelweis.hu\/dft\/files\/2024\/08\/DFT-FAOT-V-beadandok.pdf\">Beadand\u00f3 t\u00e9m\u00e1k<\/a>\u00a0<br \/>\nT\u00e9telsor\u00a0<\/p>\n","protected":false},"author":101231,"featured_media":0,"parent":9180,"menu_order":0,"comment_status":"closed","ping_status":"closed","template":"","meta":{"_acf_changed":false,"footnotes":""},"categories":[],"tags":[],"class_list":["post-9243","page","type-page","status-publish","hentry"],"acf":[],"_links":{"self":[{"href":"https:\/\/semmelweis.hu\/dft\/wp-json\/wp\/v2\/pages\/9243","targetHints":{"allow":["GET"]}}],"collection":[{"href":"https:\/\/semmelweis.hu\/dft\/wp-json\/wp\/v2\/pages"}],"about":[{"href":"https:\/\/semmelweis.hu\/dft\/wp-json\/wp\/v2\/types\/page"}],"author":[{"embeddable":true,"href":"https:\/\/semmelweis.hu\/dft\/wp-json\/wp\/v2\/users\/101231"}],"replies":[{"embeddable":true,"href":"https:\/\/semmelweis.hu\/dft\/wp-json\/wp\/v2\/comments?post=9243"}],"version-history":[{"count":6,"href":"https:\/\/semmelweis.hu\/dft\/wp-json\/wp\/v2\/pages\/9243\/revisions"}],"predecessor-version":[{"id":9568,"href":"https:\/\/semmelweis.hu\/dft\/wp-json\/wp\/v2\/pages\/9243\/revisions\/9568"}],"up":[{"embeddable":true,"href":"https:\/\/semmelweis.hu\/dft\/wp-json\/wp\/v2\/pages\/9180"}],"wp:attachment":[{"href":"https:\/\/semmelweis.hu\/dft\/wp-json\/wp\/v2\/media?parent=9243"}],"wp:term":[{"taxonomy":"category","embeddable":true,"href":"https:\/\/semmelweis.hu\/dft\/wp-json\/wp\/v2\/categories?post=9243"},{"taxonomy":"post_tag","embeddable":true,"href":"https:\/\/semmelweis.hu\/dft\/wp-json\/wp\/v2\/tags?post=9243"}],"curies":[{"name":"wp","href":"https:\/\/api.w.org\/{rel}","templated":true}]}}