{"id":9239,"date":"2024-06-14T15:10:23","date_gmt":"2024-06-14T13:10:23","guid":{"rendered":"https:\/\/semmelweis.hu\/dft\/?page_id=9239"},"modified":"2025-07-09T10:21:28","modified_gmt":"2025-07-09T08:21:28","slug":"uzleti-tervezes","status":"publish","type":"page","link":"https:\/\/semmelweis.hu\/dft\/3-evfolyam\/5-felev\/uzleti-tervezes\/","title":{"rendered":"\u00dczleti tervez\u00e9s"},"content":{"rendered":"<div class=\"keretes w-100\">\n<p><strong>Szemin\u00e1riumok helye:<\/strong> Fogorvostudom\u00e1nyi Kar Oktat\u00e1si Centrum Dr. Schranz D\u00e9nes tan\u00e1csterem\u00a0<br \/>\n(1088 Budapest, Szentkir\u00e1lyi u. 47., VI. emelet 647-es szoba)<\/p>\n<p><strong>Szemin\u00e1riumok ideje:<\/strong> 2025.10.13., 2025.10.15-17.<\/p>\n<\/div>\n<h3>Dokumentumok:<\/h3>\n<ul style=\"list-style-type: square\">\n<li><a href=\"https:\/\/semmelweis.hu\/dft\/files\/2024\/09\/Uzleti_tervezes_szeminariumok.pdf\">Tant\u00e1rgyi program \u00e9s beadand\u00f3 t\u00e9m\u00e1k<\/a><\/li>\n<\/ul>\n<h5><span style=\"color: #ff0000\">Okt\u00f3ber<\/span><\/h5>\n<table style=\"border-collapse: collapse;width: 100%;height: 165px\">\n<thead>\n<tr style=\"height: 33px\">\n<td style=\"width: 7.83636%;height: 33px;text-align: center\"><strong>D\u00e1tum<\/strong><\/td>\n<td style=\"width: 9.29087%;height: 33px;text-align: center\"><strong>Id\u0151pont<\/strong><\/td>\n<td style=\"width: 23.6909%;height: 33px;text-align: center\"><strong>El\u0151ad\u00f3<\/strong><\/td>\n<td style=\"width: 59.1818%;height: 33px;text-align: center\"><strong>El\u0151ad\u00e1s c\u00edme<\/strong><\/td>\n<\/tr>\n<\/thead>\n<tbody>\n<tr style=\"height: 33px\">\n<td style=\"width: 7.83636%;height: 33px\">2025.10.13.<\/td>\n<td style=\"width: 9.29087%;height: 33px\">13:00 &#8211; 13:45<\/td>\n<td style=\"width: 23.6909%;height: 33px\">Dr. Sztrilich Andr\u00e1s<\/td>\n<td style=\"width: 59.1818%;height: 33px\">Az \u00fczleti tervez\u00e9s<\/td>\n<\/tr>\n<tr style=\"height: 33px\">\n<td style=\"width: 7.83636%;height: 33px\">2025.10.13.<\/td>\n<td style=\"width: 9.29087%;height: 33px\">14:00 &#8211; 14:45<\/td>\n<td style=\"width: 23.6909%;height: 33px\">Dr. Sztrilich Andr\u00e1s<\/td>\n<td style=\"width: 59.1818%;height: 33px\">A praxisok makro k\u00f6rnyezet\u00e9nek elemz\u00e9se<\/td>\n<\/tr>\n<tr style=\"height: 33px\">\n<td style=\"width: 7.83636%;height: 33px\">2025.10.13.<\/td>\n<td style=\"width: 9.29087%;height: 33px\">15:00 &#8211; 15:45<\/td>\n<td style=\"width: 23.6909%;height: 33px\">Dr. Sztrilich Andr\u00e1s<\/td>\n<td style=\"width: 59.1818%;height: 33px\">A praxisok mikrok\u00f6rnyezet\u00e9nek elemz\u00e9se<\/td>\n<\/tr>\n<tr style=\"height: 33px\">\n<td style=\"width: 7.83636%;height: 33px\">2025.10.13.<\/td>\n<td style=\"width: 9.29087%;height: 33px\">16:00 &#8211; 16:45<\/td>\n<td style=\"width: 23.6909%;height: 33px\">Dr. Sztrilich Andr\u00e1s<\/td>\n<td style=\"width: 59.1818%;height: 33px\">A praxisok bels\u0151 k\u00f6rnyezet\u00e9nek elemz\u00e9se<\/td>\n<\/tr>\n<tr>\n<td style=\"width: 7.83636%\">2025.10.15.<\/td>\n<td style=\"width: 9.29087%\">16:00 &#8211; 16:45<\/td>\n<td style=\"width: 23.6909%\">Dr. Sztrilich Andr\u00e1s<\/td>\n<td style=\"width: 59.1818%\">K\u00f6lts\u00e9gek tipiz\u00e1l\u00e1sa<\/td>\n<\/tr>\n<tr>\n<td style=\"width: 7.83636%\">2025.10.15.<\/td>\n<td style=\"width: 9.29087%\">17:00 &#8211; 17:45<\/td>\n<td style=\"width: 23.6909%\">Dr. Sztrilich Andr\u00e1s<\/td>\n<td style=\"width: 59.1818%\">Fedezeti pont meghat\u00e1roz\u00e1sa<\/td>\n<\/tr>\n<tr>\n<td style=\"width: 7.83636%\">2025.10.16.<\/td>\n<td style=\"width: 9.29087%\">16:00 &#8211; 16:45<\/td>\n<td style=\"width: 23.6909%\">Dr. Sztrilich Andr\u00e1s<\/td>\n<td style=\"width: 59.1818%\">Marketing alapfogalmak<\/td>\n<\/tr>\n<tr>\n<td style=\"width: 7.83636%\">2025.10.16.<\/td>\n<td style=\"width: 9.29087%\">16:00 &#8211; 16:45<\/td>\n<td style=\"width: 23.6909%\">Dr. Sztrilich Andr\u00e1s<\/td>\n<td style=\"width: 59.1818%\">Marketing helyzet\u00e9rt\u00e9kel\u00e9si m\u00f3dszerek<\/td>\n<\/tr>\n<tr>\n<td style=\"width: 7.83636%\">2025.10.17.<\/td>\n<td style=\"width: 9.29087%\">13:00 &#8211; 13:45<\/td>\n<td style=\"width: 23.6909%\">Dr. Sztrilich Andr\u00e1s<\/td>\n<td style=\"width: 59.1818%\">Term\u00e9k\u00e9letciklus<\/td>\n<\/tr>\n<tr>\n<td style=\"width: 7.83636%\">2025.10.17.<\/td>\n<td style=\"width: 9.29087%\">14:00 &#8211; 14:45<\/td>\n<td style=\"width: 23.6909%\">Dr. Sztrilich Andr\u00e1s<\/td>\n<td style=\"width: 59.1818%\">Term\u00e9kmarketing<\/td>\n<\/tr>\n<tr>\n<td style=\"width: 7.83636%\">2025.10.17.<\/td>\n<td style=\"width: 9.29087%\">15:00 &#8211; 15:45<\/td>\n<td style=\"width: 23.6909%\">Dr. Sztrilich Andr\u00e1s<\/td>\n<td style=\"width: 59.1818%\">Szolg\u00e1ltat\u00e1smarketing<\/td>\n<\/tr>\n<tr>\n<td style=\"width: 7.83636%\">2025.10.17.<\/td>\n<td style=\"width: 9.29087%\">16:00 &#8211; 16:45<\/td>\n<td style=\"width: 23.6909%\">Dr. Sztrilich Andr\u00e1s<\/td>\n<td style=\"width: 59.1818%\">P\u00e9nz\u00fcgyi tervez\u00e9s<\/td>\n<\/tr>\n<tr>\n<td style=\"width: 7.83636%\">2025.10.17.<\/td>\n<td style=\"width: 9.29087%\">17:00 &#8211; 17:45<\/td>\n<td style=\"width: 23.6909%\">Dr. Sztrilich Andr\u00e1s<\/td>\n<td style=\"width: 59.1818%\">Kock\u00e1zat\u00e9rt\u00e9kel\u00e9s<\/td>\n<\/tr>\n<\/tbody>\n<\/table>\n","protected":false},"excerpt":{"rendered":"<p>Szemin\u00e1riumok helye: Fogorvostudom\u00e1nyi Kar Oktat\u00e1si Centrum Dr. Schranz D\u00e9nes tan\u00e1csterem\u00a0 (1088 Budapest, Szentkir\u00e1lyi u. 47., VI. emelet 647-es szoba) Szemin\u00e1riumok ideje: 2025.10.13., 2025.10.15-17. Dokumentumok: <a href=\"https:\/\/semmelweis.hu\/dft\/files\/2024\/09\/Uzleti_tervezes_szeminariumok.pdf\">Tant\u00e1rgyi program \u00e9s beadand\u00f3 t\u00e9m\u00e1k<\/a> Okt\u00f3ber D\u00e1tum Id\u0151pont El\u0151ad\u00f3 El\u0151ad\u00e1s c\u00edme 2025.10.13. 13:00 &#8211; 13:45 Dr. Sztrilich Andr\u00e1s Az \u00fczleti tervez\u00e9s 2025.10.13. 14:00 &#8211; 14:45 Dr. Sztrilich Andr\u00e1s A praxisok makro k\u00f6rnyezet\u00e9nek elemz\u00e9se 2025.10.13. 15:00 &#8211; &hellip;<\/p>\n","protected":false},"author":101231,"featured_media":0,"parent":9180,"menu_order":0,"comment_status":"closed","ping_status":"closed","template":"","meta":{"_acf_changed":false,"footnotes":""},"categories":[],"tags":[],"class_list":["post-9239","page","type-page","status-publish","hentry"],"acf":[],"_links":{"self":[{"href":"https:\/\/semmelweis.hu\/dft\/wp-json\/wp\/v2\/pages\/9239","targetHints":{"allow":["GET"]}}],"collection":[{"href":"https:\/\/semmelweis.hu\/dft\/wp-json\/wp\/v2\/pages"}],"about":[{"href":"https:\/\/semmelweis.hu\/dft\/wp-json\/wp\/v2\/types\/page"}],"author":[{"embeddable":true,"href":"https:\/\/semmelweis.hu\/dft\/wp-json\/wp\/v2\/users\/101231"}],"replies":[{"embeddable":true,"href":"https:\/\/semmelweis.hu\/dft\/wp-json\/wp\/v2\/comments?post=9239"}],"version-history":[{"count":8,"href":"https:\/\/semmelweis.hu\/dft\/wp-json\/wp\/v2\/pages\/9239\/revisions"}],"predecessor-version":[{"id":9566,"href":"https:\/\/semmelweis.hu\/dft\/wp-json\/wp\/v2\/pages\/9239\/revisions\/9566"}],"up":[{"embeddable":true,"href":"https:\/\/semmelweis.hu\/dft\/wp-json\/wp\/v2\/pages\/9180"}],"wp:attachment":[{"href":"https:\/\/semmelweis.hu\/dft\/wp-json\/wp\/v2\/media?parent=9239"}],"wp:term":[{"taxonomy":"category","embeddable":true,"href":"https:\/\/semmelweis.hu\/dft\/wp-json\/wp\/v2\/categories?post=9239"},{"taxonomy":"post_tag","embeddable":true,"href":"https:\/\/semmelweis.hu\/dft\/wp-json\/wp\/v2\/tags?post=9239"}],"curies":[{"name":"wp","href":"https:\/\/api.w.org\/{rel}","templated":true}]}}