{"id":9234,"date":"2024-06-14T14:50:39","date_gmt":"2024-06-14T12:50:39","guid":{"rendered":"https:\/\/semmelweis.hu\/dft\/?page_id=9234"},"modified":"2025-07-11T13:41:06","modified_gmt":"2025-07-11T11:41:06","slug":"praxismenedzsment","status":"publish","type":"page","link":"https:\/\/semmelweis.hu\/dft\/3-evfolyam\/5-felev\/praxismenedzsment\/","title":{"rendered":"Praxismenedzsment"},"content":{"rendered":"<div class=\"keretes w-100\">\n<p><strong>Szemin\u00e1riumok helye:<\/strong> Fogorvostudom\u00e1nyi Kar Oktat\u00e1si Centrum Dr. Schranz D\u00e9nes tan\u00e1csterem<br \/>\n(1088 Budapest, Szentkir\u00e1lyi u. 47., VI. emelet 647-es szoba)<\/p>\n<p><strong>Szemin\u00e1riumok ideje:<\/strong> 2025.09.25., 2025.10.16., 2025.12.04-05.\u00a0<\/p>\n<\/div>\n<h3>Dokumentumok:<\/h3>\n<ul style=\"list-style-type: square\">\n<li><a href=\"https:\/\/semmelweis.hu\/dft\/files\/2024\/09\/Praxismenedzsment_szeminariumok.pdf\">Tant\u00e1rgyi program \u00e9s beadand\u00f3 t\u00e9m\u00e1k<\/a><\/li>\n<\/ul>\n<h5><span style=\"color: #ff0000\">Szeptember<\/span><\/h5>\n<table style=\"border-collapse: collapse;width: 100%;height: 132px\">\n<thead>\n<tr style=\"height: 33px\">\n<td style=\"width: 7.83636%;height: 33px;text-align: center\"><strong>D\u00e1tum<\/strong><\/td>\n<td style=\"width: 9.29087%;height: 33px;text-align: center\"><strong>Id\u0151pont<\/strong><\/td>\n<td style=\"width: 19.6182%;height: 33px;text-align: center\"><strong>El\u0151ad\u00f3<\/strong><\/td>\n<td style=\"width: 63.2545%;height: 33px;text-align: center\"><strong>El\u0151ad\u00e1s c\u00edme<\/strong><\/td>\n<\/tr>\n<\/thead>\n<tbody>\n<tr style=\"height: 33px\">\n<td style=\"width: 7.83636%;height: 33px\">2025.09.25.<\/td>\n<td style=\"width: 9.29087%;height: 33px\">13:00 &#8211; 13:45<\/td>\n<td style=\"width: 19.6182%;height: 33px\">Dr. Sztrilich Andr\u00e1s<\/td>\n<td style=\"width: 63.2545%;height: 33px\">Praxisok az eg\u00e9szs\u00e9g\u00fcgyben<\/td>\n<\/tr>\n<tr style=\"height: 33px\">\n<td style=\"width: 7.83636%;height: 33px\">2025.09.25.<\/td>\n<td style=\"width: 9.29087%;height: 33px\">14:00 &#8211; 14:45<\/td>\n<td style=\"width: 19.6182%;height: 33px\">Dr. Sztrilich Andr\u00e1s<\/td>\n<td style=\"width: 63.2545%;height: 33px\">A praxisok k\u00fcls\u0151 k\u00f6rnyezet\u00e9nek elemz\u00e9se<\/td>\n<\/tr>\n<tr style=\"height: 33px\">\n<td style=\"width: 7.83636%;height: 33px\">2025.09.25.<\/td>\n<td style=\"width: 9.29087%;height: 33px\">15:00 &#8211; 15:45<\/td>\n<td style=\"width: 19.6182%;height: 33px\">Dr. Sztrilich Andr\u00e1s<\/td>\n<td style=\"width: 63.2545%;height: 33px\">A praxisok bels\u0151 k\u00f6rnyezet\u00e9nek elemz\u00e9se<\/td>\n<\/tr>\n<\/tbody>\n<\/table>\n<h5>\u00a0<\/h5>\n<h5><span style=\"color: #ff0000\">Okt\u00f3ber<\/span><\/h5>\n<table style=\"border-collapse: collapse;width: 100%;height: 132px\">\n<thead>\n<tr style=\"height: 33px\">\n<td style=\"width: 7.83636%;height: 33px;text-align: center\"><strong>D\u00e1tum<\/strong><\/td>\n<td style=\"width: 9.29087%;height: 33px;text-align: center\"><strong>Id\u0151pont<\/strong><\/td>\n<td style=\"width: 19.5454%;height: 33px;text-align: center\"><strong>El\u0151ad\u00f3<\/strong><\/td>\n<td style=\"width: 63.3273%;height: 33px;text-align: center\"><strong>El\u0151ad\u00e1s c\u00edme<\/strong><\/td>\n<\/tr>\n<\/thead>\n<tbody>\n<tr style=\"height: 33px\">\n<td style=\"width: 7.83636%;height: 33px\">2025.10.16.<\/td>\n<td style=\"width: 9.29087%;height: 33px\">13:00 &#8211; 13:45<\/td>\n<td style=\"width: 19.5454%;height: 33px\">Dr. Sztrilich Andr\u00e1s<\/td>\n<td style=\"width: 63.3273%;height: 33px\">A praxisind\u00edt\u00e1s k\u00e9rd\u00e9sei<\/td>\n<\/tr>\n<tr style=\"height: 33px\">\n<td style=\"width: 7.83636%;height: 33px\">2025.10.16.<\/td>\n<td style=\"width: 9.29087%;height: 33px\">14:00 &#8211; 14:45<\/td>\n<td style=\"width: 19.5454%;height: 33px\">Dr. Sztrilich Andr\u00e1s<\/td>\n<td style=\"width: 63.3273%;height: 33px\">A praxis m\u0171k\u00f6dtet\u00e9shez kapcsol\u00f3d\u00f3d jogi- \u00e9s ad\u00f3z\u00e1si lehet\u0151s\u00e9gek<\/td>\n<\/tr>\n<tr style=\"height: 33px\">\n<td style=\"width: 7.83636%;height: 33px\">2025.10.16.<\/td>\n<td style=\"width: 9.29087%;height: 33px\">15:00 &#8211; 15:45<\/td>\n<td style=\"width: 19.5454%;height: 33px\">Dr. Sztrilich Andr\u00e1s<\/td>\n<td style=\"width: 63.3273%;height: 33px\">Folyamatmenedzsment<\/td>\n<\/tr>\n<\/tbody>\n<\/table>\n<h5>\u00a0<\/h5>\n<h5><span style=\"color: #ff0000\">December<\/span><\/h5>\n<table style=\"border-collapse: collapse;width: 99.9273%;height: 264px\">\n<thead>\n<tr style=\"height: 33px\">\n<td style=\"width: 7.83636%;text-align: center;height: 33px\"><strong>D\u00e1tum<\/strong><\/td>\n<td style=\"width: 9.29087%;text-align: center;height: 33px\"><strong>Id\u0151pont<\/strong><\/td>\n<td style=\"width: 19.6189%;text-align: center;height: 33px\"><strong>El\u0151ad\u00f3<\/strong><\/td>\n<td style=\"width: 63.2538%;text-align: center;height: 33px\"><strong>El\u0151ad\u00e1s c\u00edme<\/strong><\/td>\n<\/tr>\n<\/thead>\n<tbody>\n<tr style=\"height: 33px\">\n<td style=\"width: 7.83636%;height: 33px\">2025.12.04.<\/td>\n<td style=\"width: 9.29087%;height: 33px\">8:00 &#8211; 8:45<\/td>\n<td style=\"width: 19.6189%;height: 33px\">Dr. Sztrilich Andr\u00e1s<\/td>\n<td style=\"width: 63.2538%;height: 33px\">Az eg\u00e9szs\u00e9g\u00fcgyi ell\u00e1t\u00e1sok finansz\u00edroz\u00e1s\u00e1nak m\u00f3dszerei<\/td>\n<\/tr>\n<tr style=\"height: 33px\">\n<td style=\"width: 7.83636%;height: 33px\">2025.12.04.<\/td>\n<td style=\"width: 9.29087%;height: 33px\">9:00 &#8211; 9:45<\/td>\n<td style=\"width: 19.6189%;height: 33px\">Dr. Sztrilich Andr\u00e1s<\/td>\n<td style=\"width: 63.2538%;height: 33px\">A biztos\u00edt\u00e1si logika<\/td>\n<\/tr>\n<tr style=\"height: 33px\">\n<td style=\"width: 7.83636%;height: 33px\">2025.12.04.<\/td>\n<td style=\"width: 9.29087%;height: 33px\">10:00 &#8211; 10:45<\/td>\n<td style=\"width: 19.6189%;height: 33px\">Dr. Sztrilich Andr\u00e1s<\/td>\n<td style=\"width: 63.2538%;height: 33px\">T\u00e1rsadalombiztos\u00edt\u00e1s<\/td>\n<\/tr>\n<tr style=\"height: 33px\">\n<td style=\"width: 7.83636%;height: 33px\">2025.12.04.<\/td>\n<td style=\"width: 9.29087%;height: 33px\">11:00 &#8211; 11:45<\/td>\n<td style=\"width: 19.6189%;height: 33px\">Dr. Sztrilich Andr\u00e1s<\/td>\n<td style=\"width: 63.2538%;height: 33px\">A fogorvosi praxisok k\u00f6zfinansz\u00edroz\u00e1sa<\/td>\n<\/tr>\n<tr style=\"height: 33px\">\n<td style=\"width: 7.83636%;height: 33px\">2025.12.04.<\/td>\n<td style=\"width: 9.29087%;height: 33px\">12:00 &#8211; 12:45<\/td>\n<td style=\"width: 19.6189%;height: 33px\">Dr. Sztrilich Andr\u00e1s<\/td>\n<td style=\"width: 63.2538%;height: 33px\">A min\u0151s\u00e9g menedzsment alapjai<\/td>\n<\/tr>\n<tr style=\"height: 33px\">\n<td style=\"width: 7.83636%;height: 33px\">2025.12.05.<\/td>\n<td style=\"width: 9.29087%;height: 33px\">8:00 &#8211; 8:45<\/td>\n<td style=\"width: 19.6189%;height: 33px\">Dr. Sztrilich Andr\u00e1s<\/td>\n<td style=\"width: 63.2538%;height: 33px\">Csoportok az eg\u00e9szs\u00e9g\u00fcgyben<\/td>\n<\/tr>\n<tr style=\"height: 33px\">\n<td style=\"width: 7.83636%;height: 33px\">2025.12.05.<\/td>\n<td style=\"width: 9.29087%;height: 33px\">9:00 &#8211; 9:45<\/td>\n<td style=\"width: 19.6189%;height: 33px\">Dr. Sztrilich Andr\u00e1s<\/td>\n<td style=\"width: 63.2538%;height: 33px\">Csoportszerepek<\/td>\n<\/tr>\n<\/tbody>\n<\/table>\n<p>&nbsp;<\/p>\n","protected":false},"excerpt":{"rendered":"<p>Szemin\u00e1riumok helye: Fogorvostudom\u00e1nyi Kar Oktat\u00e1si Centrum Dr. Schranz D\u00e9nes tan\u00e1csterem (1088 Budapest, Szentkir\u00e1lyi u. 47., VI. emelet 647-es szoba) Szemin\u00e1riumok ideje: 2025.09.25., 2025.10.16., 2025.12.04-05.\u00a0 Dokumentumok: <a href=\"https:\/\/semmelweis.hu\/dft\/files\/2024\/09\/Praxismenedzsment_szeminariumok.pdf\">Tant\u00e1rgyi program \u00e9s beadand\u00f3 t\u00e9m\u00e1k<\/a> Szeptember D\u00e1tum Id\u0151pont El\u0151ad\u00f3 El\u0151ad\u00e1s c\u00edme 2025.09.25. 13:00 &#8211; 13:45 Dr. Sztrilich Andr\u00e1s Praxisok az eg\u00e9szs\u00e9g\u00fcgyben 2025.09.25. 14:00 &#8211; 14:45 Dr. Sztrilich Andr\u00e1s A praxisok k\u00fcls\u0151 k\u00f6rnyezet\u00e9nek elemz\u00e9se 2025.09.25. 15:00 &hellip;<\/p>\n","protected":false},"author":101231,"featured_media":0,"parent":9180,"menu_order":0,"comment_status":"closed","ping_status":"closed","template":"","meta":{"_acf_changed":false,"footnotes":""},"categories":[],"tags":[],"class_list":["post-9234","page","type-page","status-publish","hentry"],"acf":[],"_links":{"self":[{"href":"https:\/\/semmelweis.hu\/dft\/wp-json\/wp\/v2\/pages\/9234","targetHints":{"allow":["GET"]}}],"collection":[{"href":"https:\/\/semmelweis.hu\/dft\/wp-json\/wp\/v2\/pages"}],"about":[{"href":"https:\/\/semmelweis.hu\/dft\/wp-json\/wp\/v2\/types\/page"}],"author":[{"embeddable":true,"href":"https:\/\/semmelweis.hu\/dft\/wp-json\/wp\/v2\/users\/101231"}],"replies":[{"embeddable":true,"href":"https:\/\/semmelweis.hu\/dft\/wp-json\/wp\/v2\/comments?post=9234"}],"version-history":[{"count":10,"href":"https:\/\/semmelweis.hu\/dft\/wp-json\/wp\/v2\/pages\/9234\/revisions"}],"predecessor-version":[{"id":9571,"href":"https:\/\/semmelweis.hu\/dft\/wp-json\/wp\/v2\/pages\/9234\/revisions\/9571"}],"up":[{"embeddable":true,"href":"https:\/\/semmelweis.hu\/dft\/wp-json\/wp\/v2\/pages\/9180"}],"wp:attachment":[{"href":"https:\/\/semmelweis.hu\/dft\/wp-json\/wp\/v2\/media?parent=9234"}],"wp:term":[{"taxonomy":"category","embeddable":true,"href":"https:\/\/semmelweis.hu\/dft\/wp-json\/wp\/v2\/categories?post=9234"},{"taxonomy":"post_tag","embeddable":true,"href":"https:\/\/semmelweis.hu\/dft\/wp-json\/wp\/v2\/tags?post=9234"}],"curies":[{"name":"wp","href":"https:\/\/api.w.org\/{rel}","templated":true}]}}