{"id":9231,"date":"2024-06-14T14:44:25","date_gmt":"2024-06-14T12:44:25","guid":{"rendered":"https:\/\/semmelweis.hu\/dft\/?page_id=9231"},"modified":"2025-07-09T15:00:46","modified_gmt":"2025-07-09T13:00:46","slug":"parodontologiai-alapismeretek","status":"publish","type":"page","link":"https:\/\/semmelweis.hu\/dft\/3-evfolyam\/5-felev\/parodontologiai-alapismeretek\/","title":{"rendered":"Parodontol\u00f3giai alapismeretek"},"content":{"rendered":"<div class=\"keretes w-100\">\n<p><strong>Szemin\u00e1riumok helye:<\/strong> Fogorvostudom\u00e1nyi Kar Oktat\u00e1si Centrum Parodontol\u00f3giai Klinika Refer\u00e1l\u00f3 terme<br \/>\n(1088 Budapest, Szentkir\u00e1lyi u. 47. IV. emelet)<\/p>\n<p><strong>Szemin\u00e1riumok ideje:<\/strong> 2025.09.22., 2025.12.01.\u00a0<\/p>\n<\/div>\n<h3>Dokumentumok:<\/h3>\n<ul style=\"list-style-type: square\">\n<li><a href=\"https:\/\/semmelweis.hu\/dft\/files\/2024\/08\/Parodontologiai-Alapismeretek.pdf\">Tant\u00e1rgyi program<\/a><\/li>\n<li>Beadand\u00f3 t\u00e9m\u00e1k<\/li>\n<li><a href=\"https:\/\/semmelweis.hu\/dft\/files\/2024\/08\/PARODONTOLOGIAI-ALAPISMERETEK-TETELSOR.pdf\">T\u00e9telsor<\/a><\/li>\n<li><a href=\"https:\/\/semmelweis.hu\/dft\/files\/2024\/08\/DFT_Parodontologia-tematika.pdf\">Tematika<\/a><\/li>\n<\/ul>\n<h5><span style=\"color: #ff0000\">Szeptember<\/span><\/h5>\n<table style=\"border-collapse: collapse;width: 100%;height: 165px\">\n<thead>\n<tr style=\"height: 33px\">\n<td style=\"width: 7.83636%;height: 33px;text-align: center\"><strong>D\u00e1tum<\/strong><\/td>\n<td style=\"width: 9.29087%;height: 33px;text-align: center\"><strong>Id\u0151pont<\/strong><\/td>\n<td style=\"width: 18.6727%;height: 33px;text-align: center\"><strong>El\u0151ad\u00f3<\/strong><\/td>\n<td style=\"width: 64.2%;height: 33px;text-align: center\"><strong>El\u0151ad\u00e1s c\u00edme<\/strong><\/td>\n<\/tr>\n<\/thead>\n<tbody>\n<tr style=\"height: 33px\">\n<td style=\"width: 7.83636%;height: 33px\">2025.09.22.<\/td>\n<td style=\"width: 9.29087%;height: 33px\">13:00 &#8211; 13:45<\/td>\n<td style=\"width: 18.6727%;height: 33px\">Prof. Dr. Windisch P\u00e9ter<br \/>\nProf. Dr. Gera Istv\u00e1n<\/td>\n<td style=\"width: 64.2%;height: 33px\"><a href=\"https:\/\/semmelweis.hu\/dft\/files\/2024\/11\/BEVEZETO-digi-fogaszat-III.-EV-2024.-MAGYAR-1.pdf\">Bevezet\u00e9s a parodontol\u00f3gi\u00e1ba: Parodontium anat\u00f3mi\u00e1ja. Parodontitis patomechanizmusa \u00e9s kezel\u00e9se<\/a><\/td>\n<\/tr>\n<tr style=\"height: 33px\">\n<td style=\"width: 7.83636%;height: 33px\">2025.09.22.<\/td>\n<td style=\"width: 9.29087%;height: 33px\">14:00 &#8211; 14:45<\/td>\n<td style=\"width: 18.6727%;height: 33px\">Dr. Somodi Krist\u00f3f<\/td>\n<td style=\"width: 64.2%;height: 33px\">Parodont\u00e1lis diagnosztikai m\u00f3dszerek a hagyom\u00e1nyost\u00f3l a digit\u00e1lis megold\u00e1sokig<\/td>\n<\/tr>\n<tr style=\"height: 33px\">\n<td style=\"width: 7.83636%;height: 33px\">2025.09.22.<\/td>\n<td style=\"width: 9.29087%;height: 33px\">15:00 &#8211; 15:45<\/td>\n<td style=\"width: 18.6727%;height: 33px\">Dr. Forg\u00f3 Krist\u00f3f<\/td>\n<td style=\"width: 64.2%;height: 33px\"><a href=\"https:\/\/semmelweis.hu\/dft\/files\/2024\/11\/Sebeszet_PDF-1.pdf\">Parodont\u00e1lis seb\u00e9szet alapjai, klinikai d\u00f6nt\u00e9shozatali folyamatok<\/a><\/td>\n<\/tr>\n<tr style=\"height: 33px\">\n<td style=\"width: 7.83636%;height: 33px\">2025.09.22.<\/td>\n<td style=\"width: 9.29087%;height: 33px\">16:00 &#8211; 16:45<\/td>\n<td style=\"width: 18.6727%;height: 33px\">Dr. Palkovics D\u00e1niel<\/td>\n<td style=\"width: 64.2%;height: 33px\"><a href=\"https:\/\/semmelweis.hu\/dft\/files\/2024\/12\/Szegmentacio-1.pdf\">Digit\u00e1lis adatfeldolgoz\u00e1s jelent\u0151s\u00e9ge a parodont\u00e1lis rehabilit\u00e1ci\u00f3ban<\/a><\/td>\n<\/tr>\n<\/tbody>\n<\/table>\n<h5>\u00a0<\/h5>\n<h5><span style=\"color: #ff0000\">December<\/span><\/h5>\n<table style=\"border-collapse: collapse;width: 100%;height: 165px\">\n<thead>\n<tr style=\"height: 33px\">\n<td style=\"width: 7.83636%;height: 33px;text-align: center\"><strong>D\u00e1tum<\/strong><\/td>\n<td style=\"width: 9.29087%;height: 33px;text-align: center\"><strong>Id\u0151pont<\/strong><\/td>\n<td style=\"width: 19.0364%;height: 33px;text-align: center\"><strong>El\u0151ad\u00f3<\/strong><\/td>\n<td style=\"width: 63.8363%;height: 33px;text-align: center\"><strong>El\u0151ad\u00e1s c\u00edme<\/strong><\/td>\n<\/tr>\n<\/thead>\n<tbody>\n<tr style=\"height: 33px\">\n<td style=\"width: 7.83636%;height: 33px\">2025.12.01.<\/td>\n<td style=\"width: 9.29087%;height: 33px\">8:00 &#8211; 8:45<\/td>\n<td style=\"width: 19.0364%;height: 33px\">Prof. Dr. Windisch P\u00e9ter<\/td>\n<td style=\"width: 63.8363%;height: 33px\">El\u0151rehaladott parodont\u00e1lis \u00e1llapotok komplex rehabilit\u00e1ci\u00f3ja<\/td>\n<\/tr>\n<tr style=\"height: 33px\">\n<td style=\"width: 7.83636%;height: 33px\">2025.12.01.<\/td>\n<td style=\"width: 9.29087%;height: 33px\">9:00 &#8211; 9:45<\/td>\n<td style=\"width: 19.0364%;height: 33px\">Dr. Bolya-Orosz Fanni<\/td>\n<td style=\"width: 63.8363%;height: 33px\">Alveol\u00e1ris csont rekonstrukci\u00f3 digit\u00e1lisan vez\u00e9relt lehet\u0151s\u00e9gei<\/td>\n<\/tr>\n<tr style=\"height: 33px\">\n<td style=\"width: 7.83636%;height: 33px\">2025.12.01.<\/td>\n<td style=\"width: 9.29087%;height: 33px\">10:00 &#8211; 10:45<\/td>\n<td style=\"width: 19.0364%;height: 33px\">Dr. Moln\u00e1r B\u00e1lint<\/td>\n<td style=\"width: 63.8363%;height: 33px\">Parodont\u00e1lisan \u00e9rintett p\u00e1ciensek implantol\u00f3giai rehabilit\u00e1ci\u00f3ja. Navig\u00e1lt seb\u00e9szet jelent\u0151s\u00e9ge.<\/td>\n<\/tr>\n<tr style=\"height: 33px\">\n<td style=\"width: 7.83636%;height: 33px\">2025.12.01.<\/td>\n<td style=\"width: 9.29087%;height: 33px\">11:00 &#8211; 11:45<\/td>\n<td style=\"width: 19.0364%;height: 33px\">Dr. Palkovics D\u00e1niel<\/td>\n<td style=\"width: 63.8363%;height: 33px\">3D nyomtat\u00e1s alkalmaz\u00e1s a rekonstrukt\u00edv parodont\u00e1lis seb\u00e9szetben<\/td>\n<\/tr>\n<tr>\n<td style=\"width: 7.83636%\">2025.12.01.<\/td>\n<td style=\"width: 9.29087%\">12:00 &#8211; 12:45<\/td>\n<td style=\"width: 19.0364%\">Dr. Palkovics D\u00e1niel<\/td>\n<td style=\"width: 63.8363%\">Mesters\u00e9ges intelligencia szerepe \u00e9s jelent\u0151s\u00e9ge a parodontol\u00f3gi\u00e1ban<\/td>\n<\/tr>\n<\/tbody>\n<\/table>\n<h5>\u00a0<\/h5>\n","protected":false},"excerpt":{"rendered":"<p>Szemin\u00e1riumok helye: Fogorvostudom\u00e1nyi Kar Oktat\u00e1si Centrum Parodontol\u00f3giai Klinika Refer\u00e1l\u00f3 terme (1088 Budapest, Szentkir\u00e1lyi u. 47. IV. emelet) Szemin\u00e1riumok ideje: 2025.09.22., 2025.12.01.\u00a0 Dokumentumok: <a href=\"https:\/\/semmelweis.hu\/dft\/files\/2024\/08\/Parodontologiai-Alapismeretek.pdf\">Tant\u00e1rgyi program<\/a> Beadand\u00f3 t\u00e9m\u00e1k <a href=\"https:\/\/semmelweis.hu\/dft\/files\/2024\/08\/PARODONTOLOGIAI-ALAPISMERETEK-TETELSOR.pdf\">T\u00e9telsor<\/a> <a href=\"https:\/\/semmelweis.hu\/dft\/files\/2024\/08\/DFT_Parodontologia-tematika.pdf\">Tematika<\/a> Szeptember D\u00e1tum Id\u0151pont El\u0151ad\u00f3 El\u0151ad\u00e1s c\u00edme 2025.09.22. 13:00 &#8211; 13:45 Prof. Dr. Windisch P\u00e9ter Prof. Dr. Gera Istv\u00e1n <a href=\"https:\/\/semmelweis.hu\/dft\/files\/2024\/11\/BEVEZETO-digi-fogaszat-III.-EV-2024.-MAGYAR-1.pdf\">Bevezet\u00e9s a parodontol\u00f3gi\u00e1ba: Parodontium anat\u00f3mi\u00e1ja. Parodontitis patomechanizmusa \u00e9s kezel\u00e9se<\/a> 2025.09.22. 14:00 &#8211; 14:45 Dr. Somodi Krist\u00f3f Parodont\u00e1lis diagnosztikai m\u00f3dszerek a hagyom\u00e1nyost\u00f3l a &hellip;<\/p>\n","protected":false},"author":101231,"featured_media":0,"parent":9180,"menu_order":0,"comment_status":"closed","ping_status":"closed","template":"","meta":{"_acf_changed":false,"footnotes":""},"categories":[],"tags":[],"class_list":["post-9231","page","type-page","status-publish","hentry"],"acf":[],"_links":{"self":[{"href":"https:\/\/semmelweis.hu\/dft\/wp-json\/wp\/v2\/pages\/9231","targetHints":{"allow":["GET"]}}],"collection":[{"href":"https:\/\/semmelweis.hu\/dft\/wp-json\/wp\/v2\/pages"}],"about":[{"href":"https:\/\/semmelweis.hu\/dft\/wp-json\/wp\/v2\/types\/page"}],"author":[{"embeddable":true,"href":"https:\/\/semmelweis.hu\/dft\/wp-json\/wp\/v2\/users\/101231"}],"replies":[{"embeddable":true,"href":"https:\/\/semmelweis.hu\/dft\/wp-json\/wp\/v2\/comments?post=9231"}],"version-history":[{"count":8,"href":"https:\/\/semmelweis.hu\/dft\/wp-json\/wp\/v2\/pages\/9231\/revisions"}],"predecessor-version":[{"id":9569,"href":"https:\/\/semmelweis.hu\/dft\/wp-json\/wp\/v2\/pages\/9231\/revisions\/9569"}],"up":[{"embeddable":true,"href":"https:\/\/semmelweis.hu\/dft\/wp-json\/wp\/v2\/pages\/9180"}],"wp:attachment":[{"href":"https:\/\/semmelweis.hu\/dft\/wp-json\/wp\/v2\/media?parent=9231"}],"wp:term":[{"taxonomy":"category","embeddable":true,"href":"https:\/\/semmelweis.hu\/dft\/wp-json\/wp\/v2\/categories?post=9231"},{"taxonomy":"post_tag","embeddable":true,"href":"https:\/\/semmelweis.hu\/dft\/wp-json\/wp\/v2\/tags?post=9231"}],"curies":[{"name":"wp","href":"https:\/\/api.w.org\/{rel}","templated":true}]}}