{"id":9228,"date":"2024-06-14T14:37:30","date_gmt":"2024-06-14T12:37:30","guid":{"rendered":"https:\/\/semmelweis.hu\/dft\/?page_id=9228"},"modified":"2025-08-29T10:36:19","modified_gmt":"2025-08-29T08:36:19","slug":"szajsebeszeti-es-dentalis-implantologiai-alapismeretek","status":"publish","type":"page","link":"https:\/\/semmelweis.hu\/dft\/3-evfolyam\/5-felev\/szajsebeszeti-es-dentalis-implantologiai-alapismeretek\/","title":{"rendered":"Sz\u00e1jseb\u00e9szeti \u00e9s dent\u00e1lis implantol\u00f3giai alapismeretek"},"content":{"rendered":"<div class=\"keretes w-100\">\n<p><strong>Szemin\u00e1riumok helye:<\/strong> Fogorvostudom\u00e1nyi Kar Arc-\u00c1llcsont-Sz\u00e1jseb\u00e9szeti \u00e9s Fog\u00e1szati Klinika<br \/>\n(1085. Budapest, M\u00e1ria u. 52.)<\/p>\n<p><strong>Szemin\u00e1riumok ideje:<\/strong> 2025.09.23., 2025.10.14., 2025.12.02.\u00a0<\/p>\n<\/div>\n<h3>Dokumentumok:<\/h3>\n<ul style=\"list-style-type: square\">\n<li><a href=\"https:\/\/semmelweis.hu\/dft\/files\/2025\/08\/Szajebeszet-tantargyi-program.pdf\">Tant\u00e1rgyi program\u00a0<\/a><\/li>\n<li><a href=\"https:\/\/semmelweis.hu\/dft\/files\/2024\/08\/DFT-szajsebeszet-beadando.pdf\">Beadand\u00f3 t\u00e9m\u00e1k<\/a><\/li>\n<li><a href=\"https:\/\/semmelweis.hu\/dft\/files\/2024\/08\/DFT-szajsebeszet-kollokvium-tetelsor.pdf\">T\u00e9telsor<\/a><\/li>\n<li><a href=\"https:\/\/semmelweis.hu\/dft\/files\/2024\/08\/DFT-szajsebeszet-szeminariumok.pdf\">Szemin\u00e1riumok<\/a><\/li>\n<li><a href=\"https:\/\/semmelweis.hu\/dft\/files\/2024\/08\/DFT-szajsebeszet-orarend.pdf\">\u00d3rarend<\/a><\/li>\n<\/ul>\n<h5><span style=\"color: #ff0000\">Szeptember<\/span><\/h5>\n<table style=\"border-collapse: collapse;width: 100%;height: 165px\">\n<thead>\n<tr style=\"height: 33px\">\n<td style=\"width: 7.83636%;height: 33px;text-align: center\"><strong>D\u00e1tum<\/strong><\/td>\n<td style=\"width: 9.29087%;height: 33px;text-align: center\"><strong>Id\u0151pont<\/strong><\/td>\n<td style=\"width: 12.7091%;height: 33px;text-align: center\"><strong>El\u0151ad\u00f3<\/strong><\/td>\n<td style=\"width: 70.1636%;height: 33px;text-align: center\"><strong>El\u0151ad\u00e1s c\u00edme<\/strong><\/td>\n<\/tr>\n<\/thead>\n<tbody>\n<tr style=\"height: 33px\">\n<td style=\"width: 7.83636%;height: 33px\">2025.09.23.<\/td>\n<td style=\"width: 9.29087%;height: 33px\">13:00 &#8211; 13:45<\/td>\n<td style=\"width: 12.7091%;height: 33px\">Dr. Csurgay Katalin<\/td>\n<td style=\"width: 70.1636%;height: 33px\"><a href=\"https:\/\/semmelweis.hu\/dft\/files\/2024\/12\/A-fej-nyak-regio-sebeszi-anatomiaja_1.pptx.pdf\">A fej-nyak r\u00e9gi\u00f3 seb\u00e9szi anat\u00f3mi\u00e1ja<\/a><\/td>\n<\/tr>\n<tr style=\"height: 33px\">\n<td style=\"width: 7.83636%;height: 33px\">2025.09.23.<\/td>\n<td style=\"width: 9.29087%;height: 33px\">14:00 &#8211; 14:45<\/td>\n<td style=\"width: 12.7091%;height: 33px\">Dr. K\u00f6rm\u00f6czi Kinga<\/td>\n<td style=\"width: 70.1636%;height: 33px\"><a href=\"https:\/\/semmelweis.hu\/dft\/files\/2024\/12\/Digita_lis-foga_szati-kurzus-ve_gleges.pdf\">Az implant\u00e1ci\u00f3s beavatkoz\u00e1sok lehets\u00e9ges sz\u00f6v\u0151dm\u00e9nyei I.<\/a><\/td>\n<\/tr>\n<tr style=\"height: 33px\">\n<td style=\"width: 7.83636%;height: 33px\">2025.09.23.<\/td>\n<td style=\"width: 9.29087%;height: 33px\">15:00 &#8211; 15:45<\/td>\n<td style=\"width: 12.7091%;height: 33px\">Dr. K\u00f6rm\u00f6czi Kinga<\/td>\n<td style=\"width: 70.1636%;height: 33px\"><a href=\"https:\/\/semmelweis.hu\/dft\/files\/2024\/12\/Digita_lis-foga_szati-kurzus-ve_gleges.pdf\">Az implant\u00e1ci\u00f3s beavatkoz\u00e1sok lehets\u00e9ges sz\u00f6v\u0151dm\u00e9nyei II.<\/a><\/td>\n<\/tr>\n<tr style=\"height: 33px\">\n<td style=\"width: 7.83636%;height: 33px\">2025.09.23.<\/td>\n<td style=\"width: 9.29087%;height: 33px\">16:00 &#8211; 16:45<\/td>\n<td style=\"width: 12.7091%;height: 33px\">Dr. Jo\u00f3b-Fancsaly \u00c1rp\u00e1d<\/td>\n<td style=\"width: 70.1636%;height: 33px\"><a href=\"https:\/\/semmelweis.hu\/dft\/files\/2024\/12\/Joob.pdf\">A sz\u00e1jseb\u00e9szeti m\u0171t\u00e9tek lehets\u00e9ges sz\u00f6v\u0151dm\u00e9nyei<\/a><\/td>\n<\/tr>\n<\/tbody>\n<\/table>\n<h5>\u00a0<\/h5>\n<h5><span style=\"color: #ff0000\">Okt\u00f3ber<\/span><\/h5>\n<table style=\"border-collapse: collapse;width: 100%;height: 165px\">\n<thead>\n<tr style=\"height: 33px\">\n<td style=\"width: 7.83636%;height: 33px;text-align: center\"><strong>D\u00e1tum<\/strong><\/td>\n<td style=\"width: 9.29087%;height: 33px;text-align: center\"><strong>Id\u0151pont<\/strong><\/td>\n<td style=\"width: 12.7091%;height: 33px;text-align: center\"><strong>El\u0151ad\u00f3<\/strong><\/td>\n<td style=\"width: 70.1636%;height: 33px;text-align: center\"><strong>El\u0151ad\u00e1s c\u00edme<\/strong><\/td>\n<\/tr>\n<\/thead>\n<tbody>\n<tr style=\"height: 33px\">\n<td style=\"width: 7.83636%;height: 33px\">2025.10.14.<\/td>\n<td style=\"width: 9.29087%;height: 33px\">13:00 &#8211; 13:45<\/td>\n<td style=\"width: 12.7091%;height: 33px\">Dr. Kopp\u00e1ny Ferenc<\/td>\n<td style=\"width: 70.1636%;height: 33px\"><a href=\"https:\/\/semmelweis.hu\/dft\/files\/2024\/12\/digit_sjaseb.pdf\">A digitaliz\u00e1ci\u00f3 lehet\u0151s\u00e9gei a sz\u00e1jseb\u00e9szeti gyakorlatban<\/a><\/td>\n<\/tr>\n<tr style=\"height: 33px\">\n<td style=\"width: 7.83636%;height: 33px\">2025.10.14.<\/td>\n<td style=\"width: 9.29087%;height: 33px\">14:00 &#8211; 14:45<\/td>\n<td style=\"width: 12.7091%;height: 33px\">Dr. Kopp\u00e1ny Ferenc<\/td>\n<td style=\"width: 70.1636%;height: 33px\"><a href=\"https:\/\/semmelweis.hu\/dft\/files\/2024\/12\/digit_implnt.pdf\">A digitaliz\u00e1ci\u00f3 lehet\u0151s\u00e9gei az implantol\u00f3giai gyakorlatban<\/a><\/td>\n<\/tr>\n<tr style=\"height: 33px\">\n<td style=\"width: 7.83636%;height: 33px\">2025.10.14.<\/td>\n<td style=\"width: 9.29087%;height: 33px\">15:00 &#8211; 15:45<\/td>\n<td style=\"width: 12.7091%;height: 33px\">Dr. Bogd\u00e1n S\u00e1ndor<\/td>\n<td style=\"width: 70.1636%;height: 33px\">A digitaliz\u00e1ci\u00f3 lehet\u0151s\u00e9gei a fej-nyak seb\u00e9szeti gyakorlatban I.<\/td>\n<\/tr>\n<tr style=\"height: 33px\">\n<td style=\"width: 7.83636%;height: 33px\">2025.10.14.<\/td>\n<td style=\"width: 9.29087%;height: 33px\">16:00 &#8211; 16:45<\/td>\n<td style=\"width: 12.7091%;height: 33px\">Dr. W\u00fcrsching T.<\/td>\n<td style=\"width: 70.1636%;height: 33px\"><a href=\"https:\/\/semmelweis.hu\/dft\/files\/2024\/12\/Virtualis-tervezes-alapjai-WT.pdf\">A digitaliz\u00e1ci\u00f3 lehet\u0151s\u00e9gei a fej-nyak seb\u00e9szeti gyakorlatban II.<\/a><\/td>\n<\/tr>\n<\/tbody>\n<\/table>\n<h5>\u00a0<\/h5>\n<h5><span style=\"color: #ff0000\">December<\/span><\/h5>\n<table style=\"border-collapse: collapse;width: 99.9273%;height: 82px\">\n<thead>\n<tr>\n<td style=\"width: 7.83636%;text-align: center\"><strong>D\u00e1tum<\/strong><\/td>\n<td style=\"width: 9.29087%;text-align: center\"><strong>Id\u0151pont<\/strong><\/td>\n<td style=\"width: 12.9231%;text-align: center\"><strong>El\u0151ad\u00f3<\/strong><\/td>\n<td style=\"width: 69.9496%;text-align: center\"><strong>El\u0151ad\u00e1s c\u00edme<\/strong><\/td>\n<\/tr>\n<\/thead>\n<tbody>\n<tr>\n<td style=\"width: 7.83636%;height: 33px\">2025.12.02.<\/td>\n<td style=\"width: 9.29087%;height: 33px\">8:00 &#8211; 8:45<\/td>\n<td style=\"width: 12.9231%;height: 33px\">Dr. Varga E.<\/td>\n<td style=\"width: 69.9496%;height: 33px\"><a href=\"https:\/\/semmelweis.hu\/dft\/files\/2024\/12\/Prezi_SE_2024_VargaEndre.pdf\">Sablon vez\u00e9relt implant\u00e1ci\u00f3 (statikus sablonok)<\/a><\/td>\n<\/tr>\n<tr>\n<td style=\"width: 7.83636%;height: 33px\">2025.12.02.<\/td>\n<td style=\"width: 9.29087%;height: 33px\">9:00 &#8211; 9:45<\/td>\n<td style=\"width: 12.9231%;height: 33px\">Varjas D.<\/td>\n<td style=\"width: 69.9496%;height: 33px\">Sablon vez\u00e9relt implant\u00e1ci\u00f3 (dinamikus sablonok)<\/td>\n<\/tr>\n<tr>\n<td style=\"width: 7.83636%\">2025.12.02.<\/td>\n<td style=\"width: 9.29087%\">10:00 &#8211; 10:45<\/td>\n<td style=\"width: 12.9231%\">Luther E.<\/td>\n<td style=\"width: 69.9496%\"><a href=\"https:\/\/semmelweis.hu\/dft\/files\/2024\/12\/StackableGuides_Workflow.keynote.pdf\">Sablon vez\u00e9relt implant\u00e1ci\u00f3 (stackable seb\u00e9szi sablonok)<\/a><\/td>\n<\/tr>\n<tr>\n<td style=\"width: 7.83636%\">2025.12.02.<\/td>\n<td style=\"width: 9.29087%\">11:00 &#8211; 11:45<\/td>\n<td style=\"width: 12.9231%\">\u00a0<\/td>\n<td style=\"width: 69.9496%\">TERVEZ\u00c9S<\/td>\n<\/tr>\n<tr>\n<td style=\"width: 7.83636%\">2025.12.02.<\/td>\n<td style=\"width: 9.29087%\">12:00 &#8211; 12:45<\/td>\n<td style=\"width: 12.9231%\">\u00a0<\/td>\n<td style=\"width: 69.9496%\">TERVEZ\u00c9S<\/td>\n<\/tr>\n<\/tbody>\n<\/table>\n","protected":false},"excerpt":{"rendered":"<p>Szemin\u00e1riumok helye: Fogorvostudom\u00e1nyi Kar Arc-\u00c1llcsont-Sz\u00e1jseb\u00e9szeti \u00e9s Fog\u00e1szati Klinika (1085. Budapest, M\u00e1ria u. 52.) Szemin\u00e1riumok ideje: 2025.09.23., 2025.10.14., 2025.12.02.\u00a0 Dokumentumok: <a href=\"https:\/\/semmelweis.hu\/dft\/files\/2025\/08\/Szajebeszet-tantargyi-program.pdf\">Tant\u00e1rgyi program\u00a0<\/a> <a href=\"https:\/\/semmelweis.hu\/dft\/files\/2024\/08\/DFT-szajsebeszet-beadando.pdf\">Beadand\u00f3 t\u00e9m\u00e1k<\/a> <a href=\"https:\/\/semmelweis.hu\/dft\/files\/2024\/08\/DFT-szajsebeszet-kollokvium-tetelsor.pdf\">T\u00e9telsor<\/a> <a href=\"https:\/\/semmelweis.hu\/dft\/files\/2024\/08\/DFT-szajsebeszet-szeminariumok.pdf\">Szemin\u00e1riumok<\/a> <a href=\"https:\/\/semmelweis.hu\/dft\/files\/2024\/08\/DFT-szajsebeszet-orarend.pdf\">\u00d3rarend<\/a> Szeptember D\u00e1tum Id\u0151pont El\u0151ad\u00f3 El\u0151ad\u00e1s c\u00edme 2025.09.23. 13:00 &#8211; 13:45 Dr. Csurgay Katalin <a href=\"https:\/\/semmelweis.hu\/dft\/files\/2024\/12\/A-fej-nyak-regio-sebeszi-anatomiaja_1.pptx.pdf\">A fej-nyak r\u00e9gi\u00f3 seb\u00e9szi anat\u00f3mi\u00e1ja<\/a> 2025.09.23. 14:00 &#8211; 14:45 Dr. K\u00f6rm\u00f6czi Kinga <a href=\"https:\/\/semmelweis.hu\/dft\/files\/2024\/12\/Digita_lis-foga_szati-kurzus-ve_gleges.pdf\">Az implant\u00e1ci\u00f3s beavatkoz\u00e1sok lehets\u00e9ges sz\u00f6v\u0151dm\u00e9nyei I.<\/a> 2025.09.23. 15:00 &#8211; 15:45 Dr. K\u00f6rm\u00f6czi Kinga <a href=\"https:\/\/semmelweis.hu\/dft\/files\/2024\/12\/Digita_lis-foga_szati-kurzus-ve_gleges.pdf\">Az implant\u00e1ci\u00f3s beavatkoz\u00e1sok lehets\u00e9ges sz\u00f6v\u0151dm\u00e9nyei II.<\/a> 2025.09.23. 16:00 &#8211; 16:45 Dr. Jo\u00f3b-Fancsaly \u00c1rp\u00e1d <a href=\"https:\/\/semmelweis.hu\/dft\/files\/2024\/12\/Joob.pdf\">A sz\u00e1jseb\u00e9szeti m\u0171t\u00e9tek lehets\u00e9ges sz\u00f6v\u0151dm\u00e9nyei<\/a> \u00a0 Okt\u00f3ber &hellip;<\/p>\n","protected":false},"author":101231,"featured_media":0,"parent":9180,"menu_order":0,"comment_status":"closed","ping_status":"closed","template":"","meta":{"_acf_changed":false,"footnotes":""},"categories":[],"tags":[],"class_list":["post-9228","page","type-page","status-publish","hentry"],"acf":[],"_links":{"self":[{"href":"https:\/\/semmelweis.hu\/dft\/wp-json\/wp\/v2\/pages\/9228","targetHints":{"allow":["GET"]}}],"collection":[{"href":"https:\/\/semmelweis.hu\/dft\/wp-json\/wp\/v2\/pages"}],"about":[{"href":"https:\/\/semmelweis.hu\/dft\/wp-json\/wp\/v2\/types\/page"}],"author":[{"embeddable":true,"href":"https:\/\/semmelweis.hu\/dft\/wp-json\/wp\/v2\/users\/101231"}],"replies":[{"embeddable":true,"href":"https:\/\/semmelweis.hu\/dft\/wp-json\/wp\/v2\/comments?post=9228"}],"version-history":[{"count":10,"href":"https:\/\/semmelweis.hu\/dft\/wp-json\/wp\/v2\/pages\/9228\/revisions"}],"predecessor-version":[{"id":9582,"href":"https:\/\/semmelweis.hu\/dft\/wp-json\/wp\/v2\/pages\/9228\/revisions\/9582"}],"up":[{"embeddable":true,"href":"https:\/\/semmelweis.hu\/dft\/wp-json\/wp\/v2\/pages\/9180"}],"wp:attachment":[{"href":"https:\/\/semmelweis.hu\/dft\/wp-json\/wp\/v2\/media?parent=9228"}],"wp:term":[{"taxonomy":"category","embeddable":true,"href":"https:\/\/semmelweis.hu\/dft\/wp-json\/wp\/v2\/categories?post=9228"},{"taxonomy":"post_tag","embeddable":true,"href":"https:\/\/semmelweis.hu\/dft\/wp-json\/wp\/v2\/tags?post=9228"}],"curies":[{"name":"wp","href":"https:\/\/api.w.org\/{rel}","templated":true}]}}