{"id":9161,"date":"2024-03-11T15:13:49","date_gmt":"2024-03-11T14:13:49","guid":{"rendered":"https:\/\/semmelweis.hu\/dft\/?page_id=9161"},"modified":"2026-02-11T11:41:11","modified_gmt":"2026-02-11T10:41:11","slug":"gnatologia","status":"publish","type":"page","link":"https:\/\/semmelweis.hu\/dft\/2-evfolyam\/iv-felev\/gnatologia\/","title":{"rendered":"Gnatol\u00f3gia"},"content":{"rendered":"<div class=\"keretes w-100\">\n<p><strong>Szemin\u00e1riumok helye:<\/strong> Semmelweis Egyetem Fogorvostudom\u00e1nyi Kar Oktat\u00e1si Centrum V. emelet nagy digit\u00e1lis labor<br \/>\n(1088 Budapest, Szentkir\u00e1lyi u. 47. V. emelet)<\/p>\n<p><strong>Szemin\u00e1riumok ideje:<\/strong> 2026.02.16.<\/p>\n<p><strong>Gyakorlatok helye:<\/strong> Semmelweis Egyetem Fogorvostudom\u00e1nyi Kar Oktat\u00e1si Centrum 211<br \/>\n(1088 Budapest, Szentkir\u00e1lyi u. 47. II. emelet)<\/p>\n<p><strong>Gyakorlatok ideje:<\/strong> 2026.02.17., 2026.03.17., 2026.04.14.<\/p>\n<\/div>\n<h3>Dokumentumok:<\/h3>\n<ul>\n<li><a href=\"https:\/\/semmelweis.hu\/dft\/files\/2024\/05\/Gnatologia-tetelsor-dft-2024.pdf\">T\u00e9telsor<\/a><\/li>\n<\/ul>\n<table style=\"border-collapse: collapse;width: 100%;height: 165px\">\n<thead>\n<tr style=\"height: 33px\">\n<td style=\"width: 9.14545%;height: 33px;text-align: center\"><strong>D\u00e1tum<\/strong><\/td>\n<td style=\"width: 11.0363%;height: 33px;text-align: center\"><strong>Id\u0151pont<\/strong><\/td>\n<td style=\"width: 20.2727%;height: 33px;text-align: center\"><strong>El\u0151ad\u00f3<\/strong><\/td>\n<td style=\"width: 59.5455%;height: 33px;text-align: center\"><strong>El\u0151ad\u00e1s\u00a0<\/strong><\/td>\n<\/tr>\n<\/thead>\n<tbody>\n<tr style=\"height: 33px\">\n<td style=\"width: 9.14545%;height: 33px\">2026.02.16.<\/td>\n<td style=\"width: 11.0363%;height: 33px\">8:00-8:45<\/td>\n<td style=\"width: 20.2727%;height: 33px\">Dr. Schmidt P\u00e9ter<\/td>\n<td style=\"width: 59.5455%;height: 33px\">Alapfogalmak, \u00e1llkapocshelyzetek<\/td>\n<\/tr>\n<tr style=\"height: 33px\">\n<td style=\"width: 9.14545%;height: 33px\">2026.02.16.<\/td>\n<td style=\"width: 11.0363%;height: 33px\">9:00-9:45<\/td>\n<td style=\"width: 20.2727%;height: 33px\">Dr. Schmidt P\u00e9ter<\/td>\n<td style=\"width: 59.5455%;height: 33px\">A mandibula mozg\u00e1sai<\/td>\n<\/tr>\n<tr style=\"height: 33px\">\n<td style=\"width: 9.14545%;height: 33px\">2026.02.16.<\/td>\n<td style=\"width: 11.0363%;height: 33px\">10:00-10:45<\/td>\n<td style=\"width: 20.2727%;height: 33px\">Dr. Schmidt P\u00e9ter<\/td>\n<td style=\"width: 59.5455%;height: 33px\">Foganat\u00f3mia, okkl\u00fazi\u00f3, artikul\u00e1ci\u00f3<\/td>\n<\/tr>\n<tr style=\"height: 33px\">\n<td style=\"width: 9.14545%;height: 33px\">2026.02.16.<\/td>\n<td style=\"width: 11.0363%;height: 33px\">11:00-11:45<\/td>\n<td style=\"width: 20.2727%;height: 33px\">Dr. Schmidt P\u00e9ter<\/td>\n<td style=\"width: 59.5455%;height: 33px\">Digit\u00e1lis gnatol\u00f3gia a gyakorlatban<\/td>\n<\/tr>\n<tr>\n<td style=\"width: 9.14545%\">2026.02.16.<\/td>\n<td style=\"width: 11.0363%\">12:00-12:45<\/td>\n<td style=\"width: 20.2727%\">Dr. K\u00f6rmendi Szandra<\/td>\n<td style=\"width: 59.5455%\">Arc\u00edvek, artikul\u00e1torok<\/td>\n<\/tr>\n<\/tbody>\n<\/table>\n<p>&nbsp;<\/p>\n<table style=\"border-collapse: collapse;width: 100%;height: 76px\">\n<thead>\n<tr style=\"height: 33px\">\n<td style=\"width: 125.641px;height: 33px;text-align: center\"><strong>D\u00e1tum<\/strong><\/td>\n<td style=\"width: 151.625px;height: 33px;text-align: center\"><strong>Id\u0151pont<\/strong><\/td>\n<td style=\"width: 278.547px;height: 33px;text-align: center\"><strong>El\u0151ad\u00f3<\/strong><\/td>\n<td style=\"width: 818.188px;height: 33px;text-align: center\"><strong>El\u0151ad\u00e1s\u00a0<\/strong><\/td>\n<\/tr>\n<\/thead>\n<tbody>\n<tr style=\"height: 33px\">\n<td style=\"width: 125.641px;height: 10px\">2026.02.17.<\/td>\n<td style=\"width: 151.625px;height: 10px\">8:00-8:45<\/td>\n<td style=\"width: 278.547px;height: 10px\">Dr. J\u00e1sz M\u00e1t\u00e9<\/td>\n<td style=\"width: 818.188px;height: 10px\">Arc\u00edv alkalmaz\u00e1sa, bemutat\u00e1s<\/td>\n<\/tr>\n<tr style=\"height: 33px\">\n<td style=\"width: 125.641px;height: 33px\">2026.02.17.<\/td>\n<td style=\"width: 151.625px;height: 33px\">9:00-9:45<\/td>\n<td style=\"width: 278.547px;height: 33px\">Dr. J\u00e1sz M\u00e1t\u00e9<\/td>\n<td style=\"width: 818.188px;height: 33px\">Lenyomatv\u00e9tel, ki\u00f6nt\u00e9s<\/td>\n<\/tr>\n<\/tbody>\n<\/table>\n<p>&nbsp;<\/p>\n<table style=\"border-collapse: collapse;width: 100%;height: 43px\">\n<thead>\n<tr style=\"height: 33px\">\n<td style=\"width: 9.14545%;height: 33px;text-align: center\"><strong>D\u00e1tum<\/strong><\/td>\n<td style=\"width: 11.0363%;height: 33px;text-align: center\"><strong>Id\u0151pont<\/strong><\/td>\n<td style=\"width: 20.2727%;height: 33px;text-align: center\"><strong>El\u0151ad\u00f3<\/strong><\/td>\n<td style=\"width: 59.5455%;height: 33px;text-align: center\"><strong>El\u0151ad\u00e1s\u00a0<\/strong><\/td>\n<\/tr>\n<\/thead>\n<tbody>\n<tr style=\"height: 33px\">\n<td style=\"width: 9.14545%;height: 10px\">2026.03.17.<\/td>\n<td style=\"width: 11.0363%;height: 10px\">8:00-8:45<\/td>\n<td style=\"width: 20.2727%;height: 10px\">Dr. K\u00f6rmendi Szandra<\/td>\n<td style=\"width: 59.5455%;height: 10px\" rowspan=\"2\">Lenyomatv\u00e9tel, ki\u00f6nt\u00e9s, arc\u00edv<\/td>\n<\/tr>\n<tr>\n<td style=\"width: 9.14545%\">2026.03.17.<\/td>\n<td style=\"width: 11.0363%\">9:00-9:45<\/td>\n<td style=\"width: 20.2727%\">Dr. K\u00f6rmendi Szandra<\/td>\n<\/tr>\n<\/tbody>\n<\/table>\n<p>&nbsp;<\/p>\n<table style=\"border-collapse: collapse;width: 100%;height: 90px\">\n<thead>\n<tr style=\"height: 33px\">\n<td style=\"width: 9.14545%;height: 33px;text-align: center\"><strong>D\u00e1tum<\/strong><\/td>\n<td style=\"width: 11.0363%;height: 33px;text-align: center\"><strong>Id\u0151pont<\/strong><\/td>\n<td style=\"width: 20.2727%;height: 33px;text-align: center\"><strong>El\u0151ad\u00f3<\/strong><\/td>\n<td style=\"width: 59.5455%;height: 33px;text-align: center\"><strong>El\u0151ad\u00e1s\u00a0<\/strong><\/td>\n<\/tr>\n<\/thead>\n<tbody>\n<tr style=\"height: 33px\">\n<td style=\"width: 9.14545%;height: 10px\">2026.04.14.<\/td>\n<td style=\"width: 11.0363%;height: 10px\">8:00-8:45<\/td>\n<td style=\"width: 20.2727%;height: 10px\">Dr. Schmidt P\u00e9ter<\/td>\n<td style=\"width: 59.5455%;height: 10px\" rowspan=\"2\">Mint\u00e1k begipszel\u00e9se<\/td>\n<\/tr>\n<tr>\n<td style=\"width: 9.14545%\">2026.04.14.<\/td>\n<td style=\"width: 11.0363%\">9:00-9:45<\/td>\n<td style=\"width: 20.2727%\">Dr. Schmidt P\u00e9ter<\/td>\n<\/tr>\n<tr style=\"height: 33px\">\n<td style=\"width: 9.14545%;height: 14px\">2026.04.14.<\/td>\n<td style=\"width: 11.0363%;height: 14px\">10:00-10:45<\/td>\n<td style=\"width: 20.2727%;height: 14px\">Dr. K\u00f6rmendi Szandra<\/td>\n<td style=\"height: 14px;width: 59.5455%\" rowspan=\"2\">Artikul\u00e1torok programoz\u00e1sa<\/td>\n<\/tr>\n<tr style=\"height: 33px\">\n<td style=\"width: 9.14545%;height: 33px\">2026.04.14.<\/td>\n<td style=\"width: 11.0363%;height: 33px\">11:00-11:45<\/td>\n<td style=\"width: 20.2727%;height: 33px\">Dr. K\u00f6rmendi Szandra<\/td>\n<\/tr>\n<\/tbody>\n<\/table>\n","protected":false},"excerpt":{"rendered":"<p>Szemin\u00e1riumok helye: Semmelweis Egyetem Fogorvostudom\u00e1nyi Kar Oktat\u00e1si Centrum V. emelet nagy digit\u00e1lis labor (1088 Budapest, Szentkir\u00e1lyi u. 47. V. emelet) Szemin\u00e1riumok ideje: 2026.02.16. Gyakorlatok helye: Semmelweis Egyetem Fogorvostudom\u00e1nyi Kar Oktat\u00e1si Centrum 211 (1088 Budapest, Szentkir\u00e1lyi u. 47. II. emelet) Gyakorlatok ideje: 2026.02.17., 2026.03.17., 2026.04.14. Dokumentumok: <a href=\"https:\/\/semmelweis.hu\/dft\/files\/2024\/05\/Gnatologia-tetelsor-dft-2024.pdf\">T\u00e9telsor<\/a> D\u00e1tum Id\u0151pont El\u0151ad\u00f3 El\u0151ad\u00e1s\u00a0 2026.02.16. 8:00-8:45 Dr. Schmidt P\u00e9ter Alapfogalmak, &hellip;<\/p>\n","protected":false},"author":101231,"featured_media":0,"parent":9059,"menu_order":4,"comment_status":"closed","ping_status":"closed","template":"","meta":{"_acf_changed":false,"footnotes":""},"categories":[],"tags":[],"class_list":["post-9161","page","type-page","status-publish","hentry"],"acf":[],"_links":{"self":[{"href":"https:\/\/semmelweis.hu\/dft\/wp-json\/wp\/v2\/pages\/9161","targetHints":{"allow":["GET"]}}],"collection":[{"href":"https:\/\/semmelweis.hu\/dft\/wp-json\/wp\/v2\/pages"}],"about":[{"href":"https:\/\/semmelweis.hu\/dft\/wp-json\/wp\/v2\/types\/page"}],"author":[{"embeddable":true,"href":"https:\/\/semmelweis.hu\/dft\/wp-json\/wp\/v2\/users\/101231"}],"replies":[{"embeddable":true,"href":"https:\/\/semmelweis.hu\/dft\/wp-json\/wp\/v2\/comments?post=9161"}],"version-history":[{"count":10,"href":"https:\/\/semmelweis.hu\/dft\/wp-json\/wp\/v2\/pages\/9161\/revisions"}],"predecessor-version":[{"id":9731,"href":"https:\/\/semmelweis.hu\/dft\/wp-json\/wp\/v2\/pages\/9161\/revisions\/9731"}],"up":[{"embeddable":true,"href":"https:\/\/semmelweis.hu\/dft\/wp-json\/wp\/v2\/pages\/9059"}],"wp:attachment":[{"href":"https:\/\/semmelweis.hu\/dft\/wp-json\/wp\/v2\/media?parent=9161"}],"wp:term":[{"taxonomy":"category","embeddable":true,"href":"https:\/\/semmelweis.hu\/dft\/wp-json\/wp\/v2\/categories?post=9161"},{"taxonomy":"post_tag","embeddable":true,"href":"https:\/\/semmelweis.hu\/dft\/wp-json\/wp\/v2\/tags?post=9161"}],"curies":[{"name":"wp","href":"https:\/\/api.w.org\/{rel}","templated":true}]}}