{"id":9141,"date":"2024-03-06T15:13:02","date_gmt":"2024-03-06T14:13:02","guid":{"rendered":"https:\/\/semmelweis.hu\/dft\/?page_id=9141"},"modified":"2026-01-07T13:56:01","modified_gmt":"2026-01-07T12:56:01","slug":"fej-es-nyak-anatomiaja","status":"publish","type":"page","link":"https:\/\/semmelweis.hu\/dft\/1-evfolyam\/2-felev\/fej-es-nyak-anatomiaja\/","title":{"rendered":"Fej- \u00e9s nyak anat\u00f3mi\u00e1ja"},"content":{"rendered":"<div class=\"keretes w-100\">\n<p><strong>Szemin\u00e1riumok helye:<\/strong> Semmelweis Egyetem Fogorvostudom\u00e1nyi Kar Oktat\u00e1si Centrum V. emelet nagy digit\u00e1lis labor (1088 Budapest, Szentkir\u00e1lyi u. 47. V. emelet)<\/p>\n<p><strong>Szemin\u00e1riumok ideje:<\/strong> 2026.02.09., 2026.03.30.<\/p>\n<\/div>\n<h3>Dokumentumok:<\/h3>\n<ul style=\"list-style-type: square\">\n<li><a href=\"https:\/\/semmelweis.hu\/dft\/files\/2024\/03\/DFT-Kovrend_Fej-nyak-Anat-1M-2023.pdf\">Tant\u00e1rgyi program<\/a><\/li>\n<li><a href=\"https:\/\/semmelweis.hu\/dft\/files\/2024\/03\/A-beadando-temak-listaja-Fej-es-nyak-anatomiaja.pdf\">Beadand\u00f3 t\u00e9m\u00e1k<\/a><\/li>\n<li><a href=\"https:\/\/semmelweis.hu\/dft\/files\/2024\/03\/Fej-nagy-anatomiaja-Tetelsor.pdf\">T\u00e9telsor<\/a><\/li>\n<\/ul>\n<p>Tematika<\/p>\n<ol>\n<li>Az anat\u00f3mia, sz\u00f6vettan \u00e9s fejl\u0151d\u00e9stan bevezet\u00e9s, terminol\u00f3gia (Sz\u00f6vetek fogalma, alapsz\u00f6vetek) <em>(dr. Gerber G\u00e1bor)<\/em><\/li>\n<li>A koponya fel\u00e9p\u00edt\u00e9se r\u00e9szei, agykoponya (\u00c1ltal\u00e1nos csonttan, \u00edz\u00fclettan \u00e9s izomtan)<em> (dr. GerberG\u00e1bor)<\/em><\/li>\n<li>Az arckoponya \u00fcregei \u00e9s k\u00e9pletei, fejl\u0151d\u00e9se<em> (dr. Gerber G\u00e1bor)<\/em><\/li>\n<li>Fej, nyak izmai fasciarekeszei, nyaki gerinc<em>(dr. Lendvai D\u00e1vid)<\/em><\/li>\n<li>A sz\u00e1j\u00fcreg falai, r\u00e9szei, ny\u00e1lmirigyek topogr\u00e1fi\u00e1ja<em>(dr. Lendvai D\u00e1vid)<\/em><\/li>\n<li>Agy makroszk\u00f3pi\u00e1ja, burkai<em> (dr. Gerber G\u00e1bor)<\/em><\/li>\n<li>Agyidegek, \u00e9rz\u00e9kszervek <em>(dr. Gerber G\u00e1bor)<\/em><\/li>\n<li>Em\u00e9szt\u0151- \u00e9s l\u00e9gz\u0151rendszer fels\u0151 szakasza (sz\u00e1j\u00fcregi ny\u00e1lkah\u00e1rtya szerkezete, nyelv)<em> (dr. Lendvai D\u00e1vid)<\/em><\/li>\n<li>A fogak anat\u00f3mi\u00e1ja, sz\u00f6vettana, parodontium<em> (dr. Lendvai D\u00e1vid)<\/em><\/li>\n<\/ol>\n","protected":false},"excerpt":{"rendered":"<p>Szemin\u00e1riumok helye: Semmelweis Egyetem Fogorvostudom\u00e1nyi Kar Oktat\u00e1si Centrum V. emelet nagy digit\u00e1lis labor (1088 Budapest, Szentkir\u00e1lyi u. 47. V. emelet) Szemin\u00e1riumok ideje: 2026.02.09., 2026.03.30. Dokumentumok: <a href=\"https:\/\/semmelweis.hu\/dft\/files\/2024\/03\/DFT-Kovrend_Fej-nyak-Anat-1M-2023.pdf\">Tant\u00e1rgyi program<\/a> <a href=\"https:\/\/semmelweis.hu\/dft\/files\/2024\/03\/A-beadando-temak-listaja-Fej-es-nyak-anatomiaja.pdf\">Beadand\u00f3 t\u00e9m\u00e1k<\/a> <a href=\"https:\/\/semmelweis.hu\/dft\/files\/2024\/03\/Fej-nagy-anatomiaja-Tetelsor.pdf\">T\u00e9telsor<\/a> Tematika Az anat\u00f3mia, sz\u00f6vettan \u00e9s fejl\u0151d\u00e9stan bevezet\u00e9s, terminol\u00f3gia (Sz\u00f6vetek fogalma, alapsz\u00f6vetek) (dr. Gerber G\u00e1bor) A koponya fel\u00e9p\u00edt\u00e9se r\u00e9szei, agykoponya (\u00c1ltal\u00e1nos csonttan, \u00edz\u00fclettan \u00e9s izomtan) (dr. GerberG\u00e1bor) Az arckoponya \u00fcregei \u00e9s &hellip;<\/p>\n","protected":false},"author":101231,"featured_media":0,"parent":8726,"menu_order":3,"comment_status":"closed","ping_status":"closed","template":"","meta":{"_acf_changed":false,"footnotes":""},"categories":[],"tags":[],"class_list":["post-9141","page","type-page","status-publish","hentry"],"acf":[],"_links":{"self":[{"href":"https:\/\/semmelweis.hu\/dft\/wp-json\/wp\/v2\/pages\/9141","targetHints":{"allow":["GET"]}}],"collection":[{"href":"https:\/\/semmelweis.hu\/dft\/wp-json\/wp\/v2\/pages"}],"about":[{"href":"https:\/\/semmelweis.hu\/dft\/wp-json\/wp\/v2\/types\/page"}],"author":[{"embeddable":true,"href":"https:\/\/semmelweis.hu\/dft\/wp-json\/wp\/v2\/users\/101231"}],"replies":[{"embeddable":true,"href":"https:\/\/semmelweis.hu\/dft\/wp-json\/wp\/v2\/comments?post=9141"}],"version-history":[{"count":10,"href":"https:\/\/semmelweis.hu\/dft\/wp-json\/wp\/v2\/pages\/9141\/revisions"}],"predecessor-version":[{"id":9666,"href":"https:\/\/semmelweis.hu\/dft\/wp-json\/wp\/v2\/pages\/9141\/revisions\/9666"}],"up":[{"embeddable":true,"href":"https:\/\/semmelweis.hu\/dft\/wp-json\/wp\/v2\/pages\/8726"}],"wp:attachment":[{"href":"https:\/\/semmelweis.hu\/dft\/wp-json\/wp\/v2\/media?parent=9141"}],"wp:term":[{"taxonomy":"category","embeddable":true,"href":"https:\/\/semmelweis.hu\/dft\/wp-json\/wp\/v2\/categories?post=9141"},{"taxonomy":"post_tag","embeddable":true,"href":"https:\/\/semmelweis.hu\/dft\/wp-json\/wp\/v2\/tags?post=9141"}],"curies":[{"name":"wp","href":"https:\/\/api.w.org\/{rel}","templated":true}]}}