{"id":9107,"date":"2024-02-01T09:17:26","date_gmt":"2024-02-01T08:17:26","guid":{"rendered":"https:\/\/semmelweis.hu\/dft\/?page_id=9107"},"modified":"2026-01-23T13:56:00","modified_gmt":"2026-01-23T12:56:00","slug":"fogszabalyozasi-alapismeretek","status":"publish","type":"page","link":"https:\/\/semmelweis.hu\/dft\/2-evfolyam\/iv-felev\/fogszabalyozasi-alapismeretek\/","title":{"rendered":"Fogszab\u00e1lyoz\u00e1si alapismeretek"},"content":{"rendered":"<div class=\"keretes w-100\">\n<p><strong>Szemin\u00e1riumok helye:<\/strong> Semmelweis Egyetem Fogorvostudom\u00e1nyi Kar Oktat\u00e1si Centrum Gyermekfog\u00e1szati \u00e9s Fogszab\u00e1lyoz\u00e1si Klinika refer\u00e1l\u00f3 terme<br \/>\n(1088 Budapest, Szentkir\u00e1lyi u. 47. V. emelet)<\/p>\n<p><strong>Szemin\u00e1riumok ideje:<\/strong> 2026.02.18., 2026.04.15.<\/p>\n<\/div>\n<h3>Dokumentumok:<\/h3>\n<ul style=\"list-style-type: square\">\n<li><a href=\"https:\/\/semmelweis.hu\/dft\/files\/2026\/01\/Fogszabalyozasi-alapismeretek-tantargyi-program.pdf\">Tant\u00e1rgyi program<\/a><\/li>\n<li><a href=\"https:\/\/semmelweis.hu\/dft\/files\/2026\/01\/Fogszabalyozasi-alapismeretek-Beadando-temak.pdf\">Beadand\u00f3 t\u00e9m\u00e1k<\/a><\/li>\n<li><a href=\"https:\/\/semmelweis.hu\/dft\/files\/2026\/01\/Fogszabalyozasi-alapismeretek-TEMATIKA-leadott.pdf\">Tematika<\/a><\/li>\n<li><a href=\"https:\/\/semmelweis.hu\/dft\/files\/2026\/01\/Fogszabalyozasi-alapismeretek-Tetelsor.pdf\">T\u00e9telsor<\/a><\/li>\n<\/ul>\n<h5><span style=\"color: #ff0000\">Febru\u00e1r<\/span><\/h5>\n<table style=\"border-collapse: collapse;width: 100%;height: 198px\">\n<thead>\n<tr style=\"height: 33px\">\n<td style=\"width: 8.50909%;text-align: center;height: 33px\"><strong>D\u00e1tum<\/strong><\/td>\n<td style=\"width: 9.52726%;text-align: center;height: 33px\"><strong>Id\u0151pont<\/strong><\/td>\n<td style=\"width: 15.0545%;text-align: center;height: 33px\"><strong>El\u0151ad\u00f3<\/strong><\/td>\n<td style=\"width: 52%;text-align: center;height: 33px\"><strong>El\u0151ad\u00e1s (pdf-ben)<\/strong><\/td>\n<\/tr>\n<\/thead>\n<tbody>\n<tr style=\"height: 33px\">\n<td style=\"width: 8.50909%;height: 33px\">2026.02.18.<\/td>\n<td style=\"width: 9.52726%;height: 33px\">8:00-8:45<\/td>\n<td style=\"width: 15.0545%;height: 33px\">Dr. Szegedi Levente<\/td>\n<td style=\"width: 52%;height: 33px\" width=\"167\"><a href=\"https:\/\/semmelweis.hu\/dft\/files\/2025\/01\/Bevezetes-a-fogszabalyozasba.pdf\">Bevezet\u00e9s az ortodonci\u00e1ba, t\u00f6rt\u00e9neti \u00e1ttekint\u00e9s. Digit\u00e1lis \u00fat a fogszab\u00e1lyoz\u00e1sban, a digitaliz\u00e1l\u00e1s fogalma \u00e9s alkalmaz\u00e1sa a fogszab\u00e1lyoz\u00e1sban<\/a><\/td>\n<\/tr>\n<tr style=\"height: 33px\">\n<td style=\"width: 8.50909%;height: 33px\">2026.02.18.<\/td>\n<td style=\"width: 9.52726%;height: 33px\">9:00-9:45<\/td>\n<td style=\"width: 15.0545%;height: 33px\">Dr. Szegedi Levente<\/td>\n<td style=\"width: 52%;height: 33px\" width=\"167\"><a href=\"https:\/\/semmelweis.hu\/dft\/files\/2025\/01\/Fogszabalyozasi-alapfogalmak.pdf\">Fogszab\u00e1lyoz\u00e1si alapfogalmak<\/a><\/td>\n<\/tr>\n<tr style=\"height: 33px\">\n<td style=\"width: 8.50909%;height: 33px\">2026.02.18.<\/td>\n<td style=\"width: 9.52726%;height: 33px\">10:00-10:45<\/td>\n<td style=\"width: 15.0545%;height: 33px\">Dr. Szegedi Levente<\/td>\n<td style=\"width: 52%;height: 33px\" width=\"167\"><a href=\"https:\/\/semmelweis.hu\/dft\/files\/2025\/01\/Biomechanika.pdf\">A fogszab\u00e1lyoz\u00e1s biomechanikai alapelvei, az ortodonciai fogmozgat\u00e1s lehet\u0151s\u00e9gei<\/a><\/td>\n<\/tr>\n<tr style=\"height: 33px\">\n<td style=\"width: 8.50909%;height: 33px\">2026.02.18.<\/td>\n<td style=\"width: 9.52726%;height: 33px\">11:00-11:45<\/td>\n<td style=\"width: 15.0545%;height: 33px\">\u00a0<\/td>\n<td style=\"width: 52%;height: 33px\" width=\"167\"><a href=\"https:\/\/semmelweis.hu\/dft\/files\/2025\/01\/Digitalis-diagnosztikai-munkafolyamatok.pdf\">A diagnosztikai, kezel\u00e9s tervez\u00e9si \u00e9s egy\u00e9b kapcsol\u00f3d\u00f3 szoftverek, a digit\u00e1lis szimul\u00e1ci\u00f3 lehet\u0151s\u00e9gei \u00e9s validit\u00e1sa.<\/a><\/p>\n<p style=\"margin: 0cm;text-align: justify;text-indent: 35.4pt;line-height: 150%\"><span style=\"font-size: 11.0pt;line-height: 150%;color: black\">a. RTG elemz\u00e9s OnyxCeph programban vide\u00f3n<\/span><\/p>\n<p style=\"margin: 0cm;text-align: justify;text-indent: 35.4pt;line-height: 150%\"><span style=\"font-size: 11.0pt;line-height: 150%;color: black\">b. Modellanal\u00edzis OnyxCeph programban vide\u00f3n<\/span><\/p>\n<\/td>\n<\/tr>\n<tr style=\"height: 33px\">\n<td style=\"width: 8.50909%;height: 33px\">2026.02.18.<\/td>\n<td style=\"width: 9.52726%;height: 33px\">12:00-12:45<\/td>\n<td style=\"width: 15.0545%;height: 33px\">Dr. Szegedi Levente<\/td>\n<td style=\"width: 52%;height: 33px\" width=\"167\"><a href=\"https:\/\/semmelweis.hu\/dft\/files\/2025\/01\/Invisalign-technika.pdf\">A relev\u00e1ns, digit\u00e1lis alap\u00fa gy\u00e1rt\u00e1si m\u00f3dszerek \u00e9s folyamatok \u2013 3D nyomtat\u00e1s<\/a><\/td>\n<\/tr>\n<\/tbody>\n<\/table>\n<p>&nbsp;<\/p>\n<h5><span style=\"color: #ff0000\">\u00c1prilis<\/span><\/h5>\n<table style=\"border-collapse: collapse;width: 100%;height: 157px\">\n<thead>\n<tr style=\"height: 33px\">\n<td style=\"width: 8.50909%;text-align: center;height: 33px\"><strong>D\u00e1tum<\/strong><\/td>\n<td style=\"width: 9.52726%;text-align: center;height: 33px\"><strong>Id\u0151pont<\/strong><\/td>\n<td style=\"width: 15.0545%;text-align: center;height: 33px\"><strong>El\u0151ad\u00f3<\/strong><\/td>\n<td style=\"width: 52%;text-align: center;height: 33px\"><strong>El\u0151ad\u00e1s (pdf-ben)<\/strong><\/td>\n<\/tr>\n<\/thead>\n<tbody>\n<tr style=\"height: 33px\">\n<td style=\"width: 8.50909%;height: 25px\">2026.04.15.<\/td>\n<td style=\"width: 9.52726%;height: 25px\">8:00-8:45<\/td>\n<td style=\"width: 15.0545%;height: 25px\">Dr. Szegedi Levente<\/td>\n<td style=\"width: 52%;height: 25px\" width=\"167\"><a href=\"https:\/\/semmelweis.hu\/dft\/files\/2025\/01\/Digitalis-alapu-gyartasi-modszerek.pdf\">A digit\u00e1lis technol\u00f3gia alkalmaz\u00e1sa a kivehet\u0151 \u00e9s a r\u00f6gz\u00edtett k\u00e9sz\u00fcl\u00e9kes kezel\u00e9sek ter\u00fclet\u00e9n. Multibond technika elemei.<\/a><\/td>\n<\/tr>\n<tr style=\"height: 33px\">\n<td style=\"width: 8.50909%;height: 33px\">2026.04.15.<\/td>\n<td style=\"width: 9.52726%;height: 33px\">9:00-9:45<\/td>\n<td style=\"width: 15.0545%;height: 33px\">Dr. Szegedi Levente<\/td>\n<td style=\"width: 52%;height: 33px\" width=\"167\"><a href=\"https:\/\/semmelweis.hu\/dft\/files\/2025\/01\/Helyteremtes-a-fogszabalyozasban-MARPE-disztalizalas.pdf\">Helyteremt\u00e9sre alkalmas orthodontiai k\u00e9sz\u00fcl\u00e9kek \u2013 A fog\u00edvek t\u00e1g\u00edt\u00e1s\u00e1nak \u00e9s az \u0151rl\u0151fogak disztaliz\u00e1l\u00e1s\u00e1nak lehet\u0151s\u00e9gei.<\/a><\/td>\n<\/tr>\n<tr style=\"height: 33px\">\n<td style=\"width: 8.50909%;height: 33px\">2026.04.15.<\/td>\n<td style=\"width: 9.52726%;height: 33px\">10:00-10:45<\/td>\n<td style=\"width: 15.0545%;height: 33px\">Dr. Szegedi Levente<\/td>\n<td style=\"width: 52%;height: 33px\" width=\"167\"><a href=\"https:\/\/semmelweis.hu\/dft\/files\/2025\/01\/A-sines-fogszabalyozo-rendszerek-bemutatasa-1.pdf\">A s\u00ednes fogszab\u00e1lyoz\u00f3 rendszerek \u00e1ltal\u00e1nos ismertet\u00e9se, saj\u00e1toss\u00e1gai (anyagtan, biomechanika)<\/a><\/td>\n<\/tr>\n<tr style=\"height: 33px\">\n<td style=\"width: 8.50909%;height: 33px\">2026.04.15.<\/td>\n<td style=\"width: 9.52726%;height: 33px\">11:00-11:45<\/td>\n<td style=\"width: 15.0545%;height: 33px\">Dr. Szegedi Levente<\/td>\n<td style=\"width: 52%;height: 33px\" width=\"167\"><a href=\"https:\/\/semmelweis.hu\/dft\/files\/2025\/01\/A-digitalis-orthodoncia-varhato-trendjei-es-aktualis-fejlesztesei.pdf\">A digit\u00e1lis technol\u00f3gia v\u00e1rhat\u00f3 trendjei \u00e9s aktu\u00e1lis fejleszt\u00e9sei<\/a><\/td>\n<\/tr>\n<\/tbody>\n<\/table>\n","protected":false},"excerpt":{"rendered":"<p>Szemin\u00e1riumok helye: Semmelweis Egyetem Fogorvostudom\u00e1nyi Kar Oktat\u00e1si Centrum Gyermekfog\u00e1szati \u00e9s Fogszab\u00e1lyoz\u00e1si Klinika refer\u00e1l\u00f3 terme (1088 Budapest, Szentkir\u00e1lyi u. 47. V. emelet) Szemin\u00e1riumok ideje: 2026.02.18., 2026.04.15. Dokumentumok: <a href=\"https:\/\/semmelweis.hu\/dft\/files\/2026\/01\/Fogszabalyozasi-alapismeretek-tantargyi-program.pdf\">Tant\u00e1rgyi program<\/a> <a href=\"https:\/\/semmelweis.hu\/dft\/files\/2026\/01\/Fogszabalyozasi-alapismeretek-Beadando-temak.pdf\">Beadand\u00f3 t\u00e9m\u00e1k<\/a> <a href=\"https:\/\/semmelweis.hu\/dft\/files\/2026\/01\/Fogszabalyozasi-alapismeretek-TEMATIKA-leadott.pdf\">Tematika<\/a> <a href=\"https:\/\/semmelweis.hu\/dft\/files\/2026\/01\/Fogszabalyozasi-alapismeretek-Tetelsor.pdf\">T\u00e9telsor<\/a> Febru\u00e1r D\u00e1tum Id\u0151pont El\u0151ad\u00f3 El\u0151ad\u00e1s (pdf-ben) 2026.02.18. 8:00-8:45 Dr. Szegedi Levente <a href=\"https:\/\/semmelweis.hu\/dft\/files\/2025\/01\/Bevezetes-a-fogszabalyozasba.pdf\">Bevezet\u00e9s az ortodonci\u00e1ba, t\u00f6rt\u00e9neti \u00e1ttekint\u00e9s. Digit\u00e1lis \u00fat a fogszab\u00e1lyoz\u00e1sban, a digitaliz\u00e1l\u00e1s fogalma \u00e9s alkalmaz\u00e1sa a fogszab\u00e1lyoz\u00e1sban<\/a> 2026.02.18. 9:00-9:45 Dr. Szegedi Levente <a href=\"https:\/\/semmelweis.hu\/dft\/files\/2025\/01\/Fogszabalyozasi-alapfogalmak.pdf\">Fogszab\u00e1lyoz\u00e1si alapfogalmak<\/a> 2026.02.18. 10:00-10:45 Dr. Szegedi Levente <a href=\"https:\/\/semmelweis.hu\/dft\/files\/2025\/01\/Biomechanika.pdf\">A fogszab\u00e1lyoz\u00e1s biomechanikai alapelvei, az ortodonciai fogmozgat\u00e1s lehet\u0151s\u00e9gei<\/a> 2026.02.18. 11:00-11:45 \u00a0 <a href=\"https:\/\/semmelweis.hu\/dft\/files\/2025\/01\/Digitalis-diagnosztikai-munkafolyamatok.pdf\">A diagnosztikai, kezel\u00e9s tervez\u00e9si \u00e9s egy\u00e9b kapcsol\u00f3d\u00f3 szoftverek, a digit\u00e1lis szimul\u00e1ci\u00f3 lehet\u0151s\u00e9gei \u00e9s validit\u00e1sa.<\/a> a. RTG elemz\u00e9s OnyxCeph programban &hellip;<\/p>\n","protected":false},"author":101231,"featured_media":0,"parent":9059,"menu_order":3,"comment_status":"closed","ping_status":"closed","template":"","meta":{"_acf_changed":false,"footnotes":""},"categories":[],"tags":[],"class_list":["post-9107","page","type-page","status-publish","hentry"],"acf":[],"_links":{"self":[{"href":"https:\/\/semmelweis.hu\/dft\/wp-json\/wp\/v2\/pages\/9107","targetHints":{"allow":["GET"]}}],"collection":[{"href":"https:\/\/semmelweis.hu\/dft\/wp-json\/wp\/v2\/pages"}],"about":[{"href":"https:\/\/semmelweis.hu\/dft\/wp-json\/wp\/v2\/types\/page"}],"author":[{"embeddable":true,"href":"https:\/\/semmelweis.hu\/dft\/wp-json\/wp\/v2\/users\/101231"}],"replies":[{"embeddable":true,"href":"https:\/\/semmelweis.hu\/dft\/wp-json\/wp\/v2\/comments?post=9107"}],"version-history":[{"count":10,"href":"https:\/\/semmelweis.hu\/dft\/wp-json\/wp\/v2\/pages\/9107\/revisions"}],"predecessor-version":[{"id":9717,"href":"https:\/\/semmelweis.hu\/dft\/wp-json\/wp\/v2\/pages\/9107\/revisions\/9717"}],"up":[{"embeddable":true,"href":"https:\/\/semmelweis.hu\/dft\/wp-json\/wp\/v2\/pages\/9059"}],"wp:attachment":[{"href":"https:\/\/semmelweis.hu\/dft\/wp-json\/wp\/v2\/media?parent=9107"}],"wp:term":[{"taxonomy":"category","embeddable":true,"href":"https:\/\/semmelweis.hu\/dft\/wp-json\/wp\/v2\/categories?post=9107"},{"taxonomy":"post_tag","embeddable":true,"href":"https:\/\/semmelweis.hu\/dft\/wp-json\/wp\/v2\/tags?post=9107"}],"curies":[{"name":"wp","href":"https:\/\/api.w.org\/{rel}","templated":true}]}}