{"id":9094,"date":"2024-01-29T14:06:44","date_gmt":"2024-01-29T13:06:44","guid":{"rendered":"https:\/\/semmelweis.hu\/dft\/?page_id=9094"},"modified":"2026-01-15T14:39:57","modified_gmt":"2026-01-15T13:39:57","slug":"fogaszati-anyagtan-es-odontotechnologia-iv","status":"publish","type":"page","link":"https:\/\/semmelweis.hu\/dft\/2-evfolyam\/iv-felev\/fogaszati-anyagtan-es-odontotechnologia-iv\/","title":{"rendered":"Fog\u00e1szati anyagtan \u00e9s odontotechnol\u00f3gia IV."},"content":{"rendered":"<div class=\"keretes w-100\">\n<p><strong>Szemin\u00e1riumok helye:<\/strong> Semmelweis Egyetem Fogorvostudom\u00e1nyi Kar Oktat\u00e1si Centrum V. emelet nagy digit\u00e1lis labor\u00a0<br \/>\n(1088 Budapest, Szentkir\u00e1lyi u. 47. V. emelet)<\/p>\n<p><strong>Szemin\u00e1riumok ideje:<\/strong> 2026.02.17., 2026.03.19., 2026.04.16.<\/p>\n<p><strong>Gyakorlatok helye:<\/strong> Semmelweis Egyetem Fogorvostudom\u00e1nyi Kar Oktat\u00e1si Centrum Propedeutikai tanlabor<br \/>\n(1088 Budapest, Szentkir\u00e1lyi u. 47.)<\/p>\n<p><strong>Gyakorlatok ideje:<\/strong> 2026.02.20., 2026.03.20., 2026.04.17.<\/p>\n<\/div>\n<p>&nbsp;<\/p>\n<h3>Dokumentumok<\/h3>\n<ul style=\"list-style-type: square\">\n<li><a href=\"https:\/\/semmelweis.hu\/dft\/files\/2025\/01\/FAOT-IV-tantargyi-program-2025.pdf\">Tant\u00e1rgyi program<\/a><\/li>\n<\/ul>\n<h5><span style=\"color: #ff0000\">Febru\u00e1r<\/span><\/h5>\n<h6><strong>Elm\u00e9leti tematika:<\/strong><\/h6>\n<table style=\"border-collapse: collapse;width: 100%;height: 201px\">\n<thead>\n<tr style=\"height: 33px\">\n<td style=\"width: 12.5%;text-align: center;height: 33px\"><strong>D\u00e1tum<\/strong><\/td>\n<td style=\"width: 12.5%;text-align: center;height: 33px\"><strong>Id\u0151pont<\/strong><\/td>\n<td style=\"width: 25%;text-align: center;height: 33px\"><strong>El\u0151ad\u00f3<\/strong><\/td>\n<td style=\"text-align: center;height: 33px;width: 49.9636%\"><strong>El\u0151ad\u00e1s\u00a0<\/strong><\/td>\n<\/tr>\n<\/thead>\n<tbody>\n<tr style=\"height: 33px\">\n<td style=\"width: 12.5%;height: 33px\">2026.02.17.<\/td>\n<td style=\"height: 33px;width: 12.5%\">10:00-10:45<\/td>\n<td style=\"height: 33px;width: 25%\">Dr. Palaszk\u00f3 D\u00e9nes<\/td>\n<td style=\"height: 33px;width: 49.9636%\">Gy\u00f6k\u00e9rcsapos fogm\u0171vek k\u00e9sz\u00edt\u00e9s\u00e9nek m\u00f3dozatai<\/td>\n<\/tr>\n<tr style=\"height: 33px\">\n<td style=\"width: 12.5%;height: 33px\">2026.02.17.<\/td>\n<td style=\"height: 33px;width: 12.5%\">11:00-11:45<\/td>\n<td style=\"height: 33px;width: 25%\">Dr. Palaszk\u00f3 D\u00e9nes<\/td>\n<td style=\"height: 33px;width: 49.9636%\">Gy\u00f6k\u00e9rcsapos fogm\u0171vek fogtechnikai vonatkoz\u00e1sai<\/td>\n<\/tr>\n<tr style=\"height: 33px\">\n<td style=\"width: 12.5%;height: 33px\">2026.02.17.<\/td>\n<td style=\"width: 12.5%;height: 33px\">12:00-12:45<\/td>\n<td style=\"width: 25%;height: 33px\">Dr. Palaszk\u00f3 D\u00e9nes<\/td>\n<td style=\"width: 49.9636%;height: 33px\">Gy\u00f6k\u00e9rcsapos fogm\u0171vek \u00e9rtelme, vesz\u00e9lyei, kontraindik\u00e1ci\u00f3k<\/td>\n<\/tr>\n<tr style=\"height: 33px\">\n<td style=\"width: 12.5%;height: 33px\">2026.02.17.<\/td>\n<td style=\"height: 33px;width: 12.5%\">13:00-13:45<\/td>\n<td style=\"height: 33px;width: 25%\">R\u00f3th Lajos<\/td>\n<td style=\"height: 33px;width: 49.9636%\">R\u00f6gz\u00edtett fogp\u00f3tl\u00e1sok jav\u00edt\u00e1s\u00e1nak lehet\u0151s\u00e9gei<\/td>\n<\/tr>\n<tr style=\"height: 36px\">\n<td style=\"width: 12.5%;height: 36px\">2026.02.17.<\/td>\n<td style=\"width: 12.5%;height: 36px\">14:00-14:45<\/td>\n<td style=\"width: 25%;height: 36px\">R\u00f3th Lajos<\/td>\n<td style=\"width: 49.9636%;height: 36px\">Kivehet\u0151 fogp\u00f3tl\u00e1sok jav\u00edt\u00e1s\u00e1nak lehet\u0151s\u00e9gei<\/td>\n<\/tr>\n<\/tbody>\n<\/table>\n<h5>\u00a0<\/h5>\n<h5><span style=\"color: #ff0000\">M\u00e1rcius<\/span><\/h5>\n<table style=\"border-collapse: collapse;width: 100%;height: 267px\">\n<thead>\n<tr style=\"height: 33px\">\n<td style=\"width: 12.5%;text-align: center;height: 33px\"><strong>D\u00e1tum<\/strong><\/td>\n<td style=\"width: 12.5%;text-align: center;height: 33px\"><strong>Id\u0151pont<\/strong><\/td>\n<td style=\"width: 25%;text-align: center;height: 33px\"><strong>El\u0151ad\u00f3<\/strong><\/td>\n<td style=\"text-align: center;height: 33px;width: 49.9636%\"><strong>El\u0151ad\u00e1s\u00a0<\/strong><\/td>\n<td style=\"width: 0.872727%;height: 33px\">\u00a0<\/td>\n<td style=\"width: 0.872727%;height: 33px\">\u00a0<\/td>\n<td style=\"width: 0.727273%;height: 33px\">\u00a0<\/td>\n<td style=\"width: 1.01818%;height: 33px\">\u00a0<\/td>\n<td style=\"width: 0.872727%;height: 33px\">\u00a0<\/td>\n<td style=\"width: 0.872727%;height: 33px\">\u00a0<\/td>\n<\/tr>\n<\/thead>\n<tbody>\n<tr style=\"height: 33px\">\n<td style=\"width: 12.5%;height: 33px\">2026.03.19.<\/td>\n<td style=\"height: 33px;width: 12.5%\">8:00-8:45<\/td>\n<td style=\"height: 33px;width: 25%\">Dr. J\u00e1sz M\u00e1t\u00e9<\/td>\n<td class=\"xl63\" style=\"height: 33px\" colspan=\"7\" width=\"616\" height=\"21\">R\u00f6gz\u00edt\u0151cementek I.<\/td>\n<\/tr>\n<tr style=\"height: 33px\">\n<td style=\"width: 12.5%;height: 33px\">2026.03.19.<\/td>\n<td style=\"height: 33px;width: 12.5%\">9:00-9:45<\/td>\n<td style=\"height: 33px;width: 25%\">Dr. J\u00e1sz M\u00e1t\u00e9<\/td>\n<td class=\"xl63\" style=\"height: 33px;width: 55.2%\" colspan=\"7\" width=\"616\" height=\"21\">R\u00f6gz\u00edt\u0151cementek II.<\/td>\n<\/tr>\n<tr style=\"height: 33px\">\n<td style=\"width: 12.5%;height: 33px\">2026.03.19.<\/td>\n<td style=\"height: 33px;width: 12.5%\">10:00-10:45<\/td>\n<td style=\"height: 33px;width: 25%\">Dr. J\u00e1sz M\u00e1t\u00e9<\/td>\n<td class=\"xl63\" style=\"height: 33px;width: 55.2%\" colspan=\"7\" width=\"616\" height=\"21\">R\u00f6gz\u00edt\u0151cementek III.<\/td>\n<\/tr>\n<tr style=\"height: 33px\">\n<td style=\"width: 12.5%;height: 33px\">2026.03.19.<\/td>\n<td style=\"height: 33px;width: 12.5%\">11:00-11:45<\/td>\n<td style=\"height: 33px;width: 25%\">Dr. K\u00f6nig J\u00e1nos\u00a0<\/td>\n<td style=\"height: 33px;width: 49.9636%\" width=\"88\" height=\"21\">Kivehet\u0151 fogp\u00f3tl\u00e1sok tervez\u00e9se I.<\/td>\n<td style=\"width: 0.872727%;height: 33px\">\u00a0<\/td>\n<td style=\"width: 0.872727%;height: 33px\">\u00a0<\/td>\n<td style=\"width: 0.727273%;height: 33px\">\u00a0<\/td>\n<td style=\"width: 1.01818%;height: 33px\">\u00a0<\/td>\n<td style=\"width: 0.872727%;height: 33px\">\u00a0<\/td>\n<td style=\"width: 0.872727%;height: 33px\">\u00a0<\/td>\n<\/tr>\n<tr style=\"height: 36px\">\n<td style=\"width: 12.5%;height: 36px\">2026.03.19.<\/td>\n<td style=\"width: 12.5%;height: 36px\">12:00-12:45<\/td>\n<td style=\"width: 25%;height: 36px\">Dr. K\u00f6nig J\u00e1nos\u00a0<\/td>\n<td class=\"xl65\" style=\"height: 36px;width: 55.2%\" colspan=\"7\" width=\"616\" height=\"21\">Kivehet\u0151 fogp\u00f3tl\u00e1sok tervez\u00e9se II.<\/td>\n<\/tr>\n<tr style=\"height: 33px\">\n<td style=\"width: 12.5%;height: 33px\">2026.03.19.<\/td>\n<td style=\"width: 12.5%;height: 33px\">13:00-13:45<\/td>\n<td style=\"width: 25%;height: 33px\">Dr. K\u00f6nig J\u00e1nos\u00a0<\/td>\n<td class=\"xl65\" style=\"height: 33px;width: 55.2%\" colspan=\"7\" width=\"616\" height=\"21\">Kivehet\u0151 fogp\u00f3tl\u00e1sok tervez\u00e9se III.<\/td>\n<\/tr>\n<tr style=\"height: 33px\">\n<td style=\"width: 12.5%;height: 33px\">2026.03.19.<\/td>\n<td style=\"width: 12.5%;height: 33px\">14:00-14:45<\/td>\n<td style=\"width: 25%;height: 33px\">Dr. K\u00f6nig J\u00e1nos\u00a0<\/td>\n<td style=\"width: 55.2%;height: 33px\" colspan=\"7\" width=\"616\">Kivehet\u0151 fogp\u00f3tl\u00e1sok tervez\u00e9se IV.<\/td>\n<\/tr>\n<\/tbody>\n<\/table>\n<h5>\u00a0<\/h5>\n<h5><span style=\"color: #ff0000\">\u00c1prilis<\/span><\/h5>\n<table style=\"border-collapse: collapse;width: 100%;height: 95px\">\n<thead>\n<tr style=\"height: 33px\">\n<td style=\"width: 12.5%;text-align: center;height: 33px\"><strong>D\u00e1tum<\/strong><\/td>\n<td style=\"width: 12.5%;text-align: center;height: 33px\"><strong>Id\u0151pont<\/strong><\/td>\n<td style=\"width: 25%;text-align: center;height: 33px\"><strong>El\u0151ad\u00f3<\/strong><\/td>\n<td style=\"text-align: center;height: 33px;width: 49.9636%\"><strong>El\u0151ad\u00e1s\u00a0<\/strong><\/td>\n<td style=\"width: 0.290909%;height: 33px\">\u00a0<\/td>\n<td style=\"width: 0.290909%;height: 33px\">\u00a0<\/td>\n<td style=\"width: 0.290909%;height: 33px\">\u00a0<\/td>\n<td style=\"width: 0.290909%;height: 33px\">\u00a0<\/td>\n<td style=\"width: 0.290909%;height: 33px\">\u00a0<\/td>\n<td style=\"width: 0.363636%;height: 33px\">\u00a0<\/td>\n<\/tr>\n<\/thead>\n<tbody>\n<tr style=\"height: 33px\">\n<td style=\"width: 12.5%;height: 33px\">2026.04.16.<\/td>\n<td style=\"height: 33px;width: 12.5%\">12:00-12:45<\/td>\n<td style=\"height: 33px;width: 25%\">Dr. Palkovics D\u00e1niel<\/td>\n<td class=\"xl65\" style=\"height: 33px;width: 51.7818%\" colspan=\"7\" width=\"616\" height=\"21\">Dent\u00e1lis implant\u00e1ci\u00f3 digit\u00e1lis tervez\u00e9se<\/td>\n<\/tr>\n<tr style=\"height: 33px\">\n<td style=\"width: 12.5%;height: 19px\">2026.04.16.<\/td>\n<td style=\"height: 19px;width: 12.5%\">13:00-13:45<\/td>\n<td style=\"height: 19px;width: 25%\">Dr. Palkovics D\u00e1niel<\/td>\n<td class=\"xl65\" style=\"height: 19px;width: 51.7818%\" colspan=\"7\" width=\"616\" height=\"21\">Navig\u00e1lt implant\u00e1ci\u00f3s seb\u00e9szet<\/td>\n<\/tr>\n<tr style=\"height: 33px\">\n<td style=\"width: 12.5%;height: 10px\">2026.04.16.<\/td>\n<td style=\"height: 10px;width: 12.5%\">14:00-14:45<\/td>\n<td style=\"height: 10px;width: 25%\">Dr. Palkovics D\u00e1niel<\/td>\n<td class=\"xl65\" style=\"height: 10px;width: 51.7818%\" colspan=\"7\" width=\"616\" height=\"21\">Maxillofaci\u00e1lis helyre\u00e1ll\u00edt\u00f3 seb\u00e9szet \u00e9s protetika<\/td>\n<\/tr>\n<\/tbody>\n<\/table>\n<p>&nbsp;<\/p>\n<h6><strong>Gyakorlati tematika:<\/strong><\/h6>\n<h5><span style=\"color: #ff0000\">Febru\u00e1r<\/span><\/h5>\n<table style=\"border-collapse: collapse;width: 100%;height: 125px\">\n<tbody>\n<tr style=\"height: 33px\">\n<td style=\"width: 11.9515%;height: 33px;text-align: center\"><strong>2026.02.16.<\/strong><\/td>\n<td style=\"width: 22.3515%;height: 33px;text-align: center\"><strong>El\u0151ad\u00f3<\/strong><\/td>\n<td style=\"width: 65.6969%;height: 33px;text-align: center\"><strong>C\u00edm<\/strong><\/td>\n<\/tr>\n<tr style=\"height: 46px\">\n<td style=\"width: 11.9515%;height: 46px\">13:00-16:00<\/td>\n<td style=\"width: 22.3515%;height: 92px\" rowspan=\"2\">Dr. K\u00f6nig J\u00e1nos<br \/>\nDr. Palaszk\u00f3 D\u00e9nes<\/p>\n<\/td>\n<td style=\"width: 65.6969%;height: 92px\" rowspan=\"2\">Mint\u00e1ra \u00f6nt\u00f6tt technol\u00f3gia I.: fels\u0151 f\u00e9mlemez tervez\u00e9se, mint\u00e1z\u00e1sa<\/td>\n<\/tr>\n<tr style=\"height: 46px\">\n<td style=\"width: 11.9515%;height: 46px\">16:00-19:00<\/td>\n<\/tr>\n<\/tbody>\n<\/table>\n<p>&nbsp;<\/p>\n<h5><span style=\"color: #ff0000\">M\u00e1rcius<\/span><\/h5>\n<table style=\"border-collapse: collapse;width: 100%;height: 120px\">\n<tbody>\n<tr style=\"height: 33px\">\n<td style=\"width: 11.9515%;height: 33px;text-align: center\"><strong>2026.03.20.<\/strong><\/td>\n<td style=\"width: 22.3515%;height: 33px;text-align: center\"><strong>El\u0151ad\u00f3<\/strong><\/td>\n<td style=\"width: 65.6969%;height: 33px;text-align: center\"><strong>C\u00edm<\/strong><\/td>\n<\/tr>\n<tr style=\"height: 46px\">\n<td style=\"width: 11.9515%;height: 41px\">12:30-15:30<\/td>\n<td style=\"width: 22.3515%;height: 87px\" rowspan=\"2\">Dr. K\u00f6nig J\u00e1nos<br \/>\nDr. Palaszk\u00f3 D\u00e9nes<\/p>\n<\/td>\n<td style=\"height: 41px;width: 65.6969%\">Mint\u00e1ra \u00f6nt\u00f6tt technol\u00f3gia II.: als\u00f3 f\u00e9mlemez tervez\u00e9se, mint\u00e1z\u00e1sa<\/td>\n<\/tr>\n<tr style=\"height: 46px\">\n<td style=\"width: 11.9515%;height: 46px\">15:30-18:30<\/td>\n<td style=\"width: 65.6969%;height: 46px\">Fr\u00e9zel\u0151 technika ismertet\u00e9se, demonstr\u00e1ci\u00f3ja<\/td>\n<\/tr>\n<\/tbody>\n<\/table>\n<p>&nbsp;<\/p>\n<h5><span style=\"color: #ff0000\">\u00c1prilis<\/span><\/h5>\n<table style=\"border-collapse: collapse;width: 100%;height: 125px\">\n<tbody>\n<tr style=\"height: 33px\">\n<td style=\"width: 11.9515%;height: 33px;text-align: center\"><strong>2026.04.15.<\/strong><\/td>\n<td style=\"width: 22.3515%;height: 33px;text-align: center\"><strong>El\u0151ad\u00f3<\/strong><\/td>\n<td style=\"width: 65.6969%;height: 33px;text-align: center\"><strong>C\u00edm<\/strong><\/td>\n<\/tr>\n<tr style=\"height: 46px\">\n<td style=\"width: 11.9515%;height: 46px\" rowspan=\"2\">12:30-14:00<\/td>\n<td style=\"width: 22.3515%;height: 92px\" rowspan=\"2\">Dr. K\u00f6nig J\u00e1nos<\/td>\n<td style=\"width: 65.6969%;height: 92px\" rowspan=\"2\">Nyitott kanalas implant\u00e1ci\u00f3s lenyomat als\u00f3 \u00e1llcsontmul\u00e1zsr\u00f3l<\/td>\n<\/tr>\n<\/tbody>\n<\/table>\n<p>&nbsp;<\/p>\n<p>&nbsp;<\/p>\n","protected":false},"excerpt":{"rendered":"<p>Szemin\u00e1riumok helye: Semmelweis Egyetem Fogorvostudom\u00e1nyi Kar Oktat\u00e1si Centrum V. emelet nagy digit\u00e1lis labor\u00a0 (1088 Budapest, Szentkir\u00e1lyi u. 47. V. emelet) Szemin\u00e1riumok ideje: 2026.02.17., 2026.03.19., 2026.04.16. Gyakorlatok helye: Semmelweis Egyetem Fogorvostudom\u00e1nyi Kar Oktat\u00e1si Centrum Propedeutikai tanlabor (1088 Budapest, Szentkir\u00e1lyi u. 47.) Gyakorlatok ideje: 2026.02.20., 2026.03.20., 2026.04.17. &nbsp; Dokumentumok <a href=\"https:\/\/semmelweis.hu\/dft\/files\/2025\/01\/FAOT-IV-tantargyi-program-2025.pdf\">Tant\u00e1rgyi program<\/a> Febru\u00e1r Elm\u00e9leti tematika: D\u00e1tum Id\u0151pont El\u0151ad\u00f3 El\u0151ad\u00e1s\u00a0 2026.02.17. &hellip;<\/p>\n","protected":false},"author":101231,"featured_media":0,"parent":9059,"menu_order":2,"comment_status":"closed","ping_status":"closed","template":"","meta":{"_acf_changed":false,"footnotes":""},"categories":[],"tags":[],"class_list":["post-9094","page","type-page","status-publish","hentry"],"acf":[],"_links":{"self":[{"href":"https:\/\/semmelweis.hu\/dft\/wp-json\/wp\/v2\/pages\/9094","targetHints":{"allow":["GET"]}}],"collection":[{"href":"https:\/\/semmelweis.hu\/dft\/wp-json\/wp\/v2\/pages"}],"about":[{"href":"https:\/\/semmelweis.hu\/dft\/wp-json\/wp\/v2\/types\/page"}],"author":[{"embeddable":true,"href":"https:\/\/semmelweis.hu\/dft\/wp-json\/wp\/v2\/users\/101231"}],"replies":[{"embeddable":true,"href":"https:\/\/semmelweis.hu\/dft\/wp-json\/wp\/v2\/comments?post=9094"}],"version-history":[{"count":10,"href":"https:\/\/semmelweis.hu\/dft\/wp-json\/wp\/v2\/pages\/9094\/revisions"}],"predecessor-version":[{"id":9696,"href":"https:\/\/semmelweis.hu\/dft\/wp-json\/wp\/v2\/pages\/9094\/revisions\/9696"}],"up":[{"embeddable":true,"href":"https:\/\/semmelweis.hu\/dft\/wp-json\/wp\/v2\/pages\/9059"}],"wp:attachment":[{"href":"https:\/\/semmelweis.hu\/dft\/wp-json\/wp\/v2\/media?parent=9094"}],"wp:term":[{"taxonomy":"category","embeddable":true,"href":"https:\/\/semmelweis.hu\/dft\/wp-json\/wp\/v2\/categories?post=9094"},{"taxonomy":"post_tag","embeddable":true,"href":"https:\/\/semmelweis.hu\/dft\/wp-json\/wp\/v2\/tags?post=9094"}],"curies":[{"name":"wp","href":"https:\/\/api.w.org\/{rel}","templated":true}]}}