{"id":9052,"date":"2024-01-26T14:39:29","date_gmt":"2024-01-26T13:39:29","guid":{"rendered":"https:\/\/semmelweis.hu\/dft\/?page_id=9052"},"modified":"2026-01-15T14:36:04","modified_gmt":"2026-01-15T13:36:04","slug":"fogaszati-anyagtan-es-odontotechnologia-ii","status":"publish","type":"page","link":"https:\/\/semmelweis.hu\/dft\/1-evfolyam\/2-felev\/fogaszati-anyagtan-es-odontotechnologia-ii\/","title":{"rendered":"Fog\u00e1szati anyagtan \u00e9s odontotechnol\u00f3gia II"},"content":{"rendered":"<div class=\"keretes w-100\">\n<p><strong>Szemin\u00e1riumok helye:<\/strong> Semmelweis Egyetem Fogorvostudom\u00e1nyi Kar Oktat\u00e1si Centrum V. emelet nagy digit\u00e1lis labor (1088 Budapest, Szentkir\u00e1lyi u. 47. V. emelet)<\/p>\n<p><strong>Szemin\u00e1riumok ideje:<\/strong> 2026.02.11-12. \u00e9s 2026.03.31.<\/p>\n<p><strong>Gyakorlatok helye:<\/strong> Semmelweis Egyetem Fogorvostudom\u00e1nyi Kar Oktat\u00e1si Centrum Propedeutikai tanlabor (1088 Budapest, Szentkir\u00e1lyi u. 47.)<\/p>\n<p><strong>Gyakorlatok ideje:<\/strong> 2026.02.11. \u00e9s 2026.04.02.<\/p>\n<\/div>\n<h3>Dokumentumok:<\/h3>\n<ul style=\"list-style-type: square\">\n<li><a href=\"https:\/\/semmelweis.hu\/dft\/files\/2025\/01\/FAOT-II-tantargyi-program-2025.pdf\">Tant\u00e1rgyi program\u00a0<\/a><\/li>\n<li>Beadand\u00f3 t\u00e9m\u00e1k<\/li>\n<li>T\u00e9telsor<\/li>\n<\/ul>\n<table style=\"border-collapse: collapse;width: 100%;height: 294px\">\n<thead>\n<tr style=\"height: 33px\">\n<td style=\"width: 9.07273%;text-align: center;height: 33px\"><strong>D\u00e1tum\u00a0<\/strong><\/td>\n<td style=\"width: 10.6%;text-align: center;height: 33px\"><strong>Id\u0151pont<\/strong><\/td>\n<td style=\"width: 20.8546%;text-align: center;height: 33px\"><strong>El\u0151ad\u00f3<\/strong><\/td>\n<td style=\"width: 59.4727%;text-align: center;height: 33px\"><strong>El\u0151ad\u00e1s c\u00edme<\/strong><\/td>\n<\/tr>\n<\/thead>\n<tbody>\n<tr style=\"height: 33px\">\n<td style=\"width: 9.07273%;height: 10px\">2026.02.11.<\/td>\n<td style=\"width: 10.6%;height: 10px\">8:00-8:45<\/td>\n<td style=\"width: 20.8546%;height: 10px\">Dr. J\u00e1sz M\u00e1t\u00e9<\/td>\n<td style=\"width: 59.4727%;height: 10px\"><a href=\"https:\/\/semmelweis.hu\/dft\/files\/2024\/03\/Ja\u0301sz-Lenyomatanyagok-anyagtana.pdf\">Hagyom\u00e1nyos lenyomatanyagok anyagtana (Rugalmatlan)<\/a><\/td>\n<\/tr>\n<tr style=\"height: 33px\">\n<td style=\"width: 9.07273%;height: 33px\">2026.02.11.<\/td>\n<td style=\"width: 10.6%;height: 33px\">9:00-9:45<\/td>\n<td style=\"width: 20.8546%;height: 33px\">Dr. J\u00e1sz M\u00e1t\u00e9<\/td>\n<td style=\"width: 59.4727%;height: 33px\"><a href=\"https:\/\/semmelweis.hu\/dft\/files\/2024\/03\/Ja\u0301sz-Lenyomatanyagok-anyagtana.pdf\">Hagyom\u00e1nyos lenyomatanyagok anyagtana (Rugalmas)<\/a><\/td>\n<\/tr>\n<tr style=\"height: 33px\">\n<td style=\"width: 9.07273%;height: 33px\">2026.02.11.<\/td>\n<td style=\"width: 10.6%;height: 33px\">10:00-10:45<\/td>\n<td style=\"width: 20.8546%;height: 33px\">Dr. K\u00f6nig J\u00e1nos<\/td>\n<td style=\"width: 59.4727%;height: 33px\"><a href=\"https:\/\/semmelweis.hu\/dft\/files\/2024\/03\/Ko\u0308nig-Hagyoma\u0301nyos-mintake\u0301szi\u0301te\u0301s-1.pdf\">Hagyom\u00e1nyos mintak\u00e9sz\u00edt\u00e9s anyagtana (tanulm\u00e1nyi, antagonista, szekci\u00f3s)<\/a><\/td>\n<\/tr>\n<tr style=\"height: 33px\">\n<td style=\"width: 9.07273%;height: 33px\">2026.02.11.<\/td>\n<td style=\"width: 10.6%;height: 33px\">11:00-11:45<\/td>\n<td style=\"width: 20.8546%;height: 33px\">Dr. K\u00f6nig J\u00e1nos<\/td>\n<td style=\"width: 59.4727%;height: 33px\"><a href=\"https:\/\/semmelweis.hu\/dft\/files\/2024\/03\/Ko\u0308nig-Hagyoma\u0301nyos-mintake\u0301szi\u0301te\u0301s-2.pdf\">Hagyom\u00e1nyos mintak\u00e9sz\u00edt\u00e9s anyagtana (speci\u00e1lis mint\u00e1k, implant\u00e1tum anal\u00f3gos mint\u00e1k)<\/a><\/td>\n<\/tr>\n<tr style=\"height: 33px\">\n<td style=\"width: 9.07273%;height: 10px\">2026.02.11.<\/td>\n<td style=\"width: 10.6%;height: 10px\">12:00-12:45<\/td>\n<td style=\"width: 20.8546%;height: 10px\">Dr. Palaszk\u00f3 D\u00e9nes<\/td>\n<td style=\"width: 59.4727%;height: 10px\"><a href=\"https:\/\/semmelweis.hu\/fogpotlastan\/files\/2023\/02\/3d-nyomtatok-anyagai-DFT.pdf\">Digit\u00e1lis mintak\u00e9sz\u00edt\u00e9s anyagai (Szubtrakt\u00edv)<\/a><\/td>\n<\/tr>\n<tr style=\"height: 33px\">\n<td style=\"width: 9.07273%;height: 33px\">2026.02.12.<\/td>\n<td style=\"width: 10.6%;height: 33px\">8:00-8:45<\/td>\n<td style=\"width: 20.8546%;height: 33px\">Dr. Palaszk\u00f3 D\u00e9nes<\/td>\n<td style=\"width: 59.4727%;height: 33px\"><a href=\"https:\/\/semmelweis.hu\/fogpotlastan\/files\/2023\/02\/3d-nyomtatok-anyagai-DFT.pdf\">Digit\u00e1lis mintak\u00e9sz\u00edt\u00e9s anyagai (Addit\u00edv)<\/a><\/td>\n<\/tr>\n<tr style=\"height: 33px\">\n<td style=\"width: 9.07273%;height: 33px\">2026.02.12.<\/td>\n<td style=\"width: 10.6%;height: 33px\">9:00-9:45<\/td>\n<td style=\"width: 20.8546%;height: 33px\">Dr. Linninger Mercedes<\/td>\n<td style=\"width: 59.4727%;height: 33px\">\u00c1ltal\u00e1nos fog\u00e1szati f\u00e9mtan<\/td>\n<\/tr>\n<tr style=\"height: 33px\">\n<td style=\"width: 9.07273%;height: 33px\">2026.02.12.<\/td>\n<td style=\"width: 10.6%;height: 33px\">10:00-10:45<\/td>\n<td style=\"width: 20.8546%;height: 33px\">Dr. Linninger Mercedes<\/td>\n<td style=\"width: 59.4727%;height: 33px\">Fog\u00e1szati prec\u00edzi\u00f3s \u00f6nt\u00e9s, be\u00e1gyaz\u00f3 anyagok<\/td>\n<\/tr>\n<tr style=\"height: 33px\">\n<td style=\"width: 9.07273%;height: 33px\">2026.02.12.<\/td>\n<td style=\"width: 10.6%;height: 33px\">11:00-11:45<\/td>\n<td style=\"width: 20.8546%;height: 33px\">Dr. Linninger Mercedes<\/td>\n<td style=\"width: 59.4727%;height: 33px\">Nemesf\u00e9mek \u00e9s nem nemesf\u00e9mek<\/td>\n<\/tr>\n<tr style=\"height: 10px\">\n<td style=\"width: 9.07273%;height: 10px\">2026.02.12.<\/td>\n<td style=\"width: 10.6%;height: 10px\">12:00-12:45<\/td>\n<td style=\"width: 20.8546%;height: 10px\">Dr. \u00c1br\u00e1m Emese<\/td>\n<td style=\"width: 59.4727%;height: 10px\">Digit\u00e1lis mintak\u00e9sz\u00edt\u00e9s anyagai &#8211; Fog\u00e1szati cad\/cam anyagok<\/td>\n<\/tr>\n<\/tbody>\n<\/table>\n<p>&nbsp;<\/p>\n<table style=\"border-collapse: collapse;width: 100%;height: 198px\">\n<thead>\n<tr style=\"height: 33px\">\n<td style=\"width: 9.07273%;text-align: center;height: 33px\"><strong>D\u00e1tum\u00a0<\/strong><\/td>\n<td style=\"width: 10.5273%;text-align: center;height: 33px\"><strong>Id\u0151pont<\/strong><\/td>\n<td style=\"width: 20.9273%;text-align: center;height: 33px\"><strong>El\u0151ad\u00f3<\/strong><\/td>\n<td style=\"width: 59.4727%;text-align: center;height: 33px\"><strong>El\u0151ad\u00e1s c\u00edme<\/strong><\/td>\n<\/tr>\n<\/thead>\n<tbody>\n<tr style=\"height: 33px\">\n<td style=\"width: 9.07273%;height: 33px\">2026.03.31.<\/td>\n<td style=\"width: 10.5273%;height: 33px\">10:00-10:45<\/td>\n<td style=\"width: 20.9273%;height: 33px\">Dr. K\u00f6rmendi Szandra<\/td>\n<td style=\"width: 59.4727%;height: 33px\"><a href=\"https:\/\/semmelweis.hu\/dft\/files\/2024\/03\/Ko\u0308rmendi-Munkafolyamatok.pdf\">R\u00f6gz\u00edtett fogp\u00f3tl\u00e1sok munkaf\u00e1zisai I.<\/a><\/td>\n<\/tr>\n<tr style=\"height: 33px\">\n<td style=\"width: 9.07273%;height: 33px\">2026.03.31.<\/td>\n<td style=\"width: 10.5273%;height: 33px\">11:00-11:45<\/td>\n<td style=\"width: 20.9273%;height: 33px\">Dr. K\u00f6rmendi Szandra<\/td>\n<td style=\"width: 59.4727%;height: 33px\"><a href=\"https:\/\/semmelweis.hu\/dft\/files\/2024\/03\/Ko\u0308rmendi-Munkafolyamatok.pdf\">R\u00f6gz\u00edtett fogp\u00f3tl\u00e1sok munkaf\u00e1zisai II.<\/a><\/td>\n<\/tr>\n<tr style=\"height: 33px\">\n<td style=\"width: 9.07273%;height: 33px\">2026.03.31.<\/td>\n<td style=\"width: 10.5273%;height: 33px\">12:00-12:45<\/td>\n<td style=\"width: 20.9273%;height: 33px\">Dr. Kisp\u00e9lyi Barbara<\/td>\n<td style=\"width: 59.4727%;height: 33px\"><a href=\"https:\/\/semmelweis.hu\/dft\/files\/2024\/03\/Kispe\u0301lyi-Implanta\u0301tumok-anyagai-va\u0301zlat.pdf\">Implant\u00e1ci\u00f3s fogp\u00f3tl\u00e1sok anyagai \u00e9s t\u00edpusai<\/a><\/td>\n<\/tr>\n<tr>\n<td style=\"width: 9.07273%\">2026.03.31.<\/td>\n<td style=\"width: 10.5273%\">13:00-13:45<\/td>\n<td style=\"width: 20.9273%\">sz\u00fcnet<\/td>\n<td style=\"width: 59.4727%\">\u00a0<\/td>\n<\/tr>\n<tr>\n<td style=\"width: 9.07273%\">2026.03.31.<\/td>\n<td style=\"width: 10.5273%\">14:00-14:45<\/td>\n<td style=\"width: 20.9273%\">Dr. Borb\u00e9ly Judit<\/td>\n<td style=\"width: 59.4727%\">CAD\/CAM ker\u00e1mi\u00e1k anyagtana<\/td>\n<\/tr>\n<tr>\n<td style=\"width: 9.07273%\">2026.03.31.<\/td>\n<td style=\"width: 10.5273%\">15:00-15:45<\/td>\n<td style=\"width: 20.9273%\">Dr. Borb\u00e9ly Judit<\/td>\n<td style=\"width: 59.4727%\">Szilik\u00e1t ker\u00e1mi\u00e1k \u00e9s Oxidker\u00e1mi\u00e1k anyagtana<\/td>\n<\/tr>\n<tr>\n<td style=\"width: 9.07273%\">2026.03.31.<\/td>\n<td style=\"width: 10.5273%\">16:00-16:45<\/td>\n<td style=\"width: 20.9273%\">Dr. Borb\u00e9ly Judit<\/td>\n<td style=\"width: 59.4727%\">Leplez\u0151 ker\u00e1mi\u00e1k anyagtana \u00e9s feldolgoz\u00e1sa<\/td>\n<\/tr>\n<\/tbody>\n<\/table>\n<p>&nbsp;<\/p>\n<p><span style=\"font-size: 14pt\"><strong>Gyakorlati tematika:<\/strong><\/span><\/p>\n<table style=\"border-collapse: collapse;width: 100%;height: 135px\">\n<tbody>\n<tr style=\"height: 33px\">\n<td style=\"width: 9.07273%;height: 33px\" rowspan=\"3\">2026.02.11.<\/td>\n<td style=\"width: 10.5273%;height: 33px\" rowspan=\"2\">12:30-15:30<\/td>\n<td style=\"width: 20.9273%;height: 33px\">Dr. K\u00f6nig J\u00e1nos<br \/>\nDr. Palaszk\u00f3 D\u00e9nes<\/td>\n<td style=\"width: 59.4727%;height: 33px\">M\u0171szerfelv\u00e9tel \u00e9s a tanlabor szab\u00e1lyainak feleleven\u00edt\u00e9se<\/td>\n<\/tr>\n<tr style=\"height: 33px\">\n<td style=\"width: 20.9273%;height: 33px\">Dr. K\u00f6nig J\u00e1nos<br \/>\nDr. Palaszk\u00f3 D\u00e9nes<\/td>\n<td style=\"width: 59.4727%;height: 33px\">36-os fog r\u00e1g\u00f3felsz\u00edn mint\u00e1zata viaszfelcsepegtet\u00e9ses m\u00f3dszerrel<\/td>\n<\/tr>\n<tr style=\"height: 33px\">\n<td style=\"width: 10.5273%;height: 33px\">15:30-18:30<\/td>\n<td style=\"width: 20.9273%;height: 33px\">Dr. K\u00f6nig J\u00e1nos<br \/>\nDr. Palaszk\u00f3 D\u00e9nes<\/td>\n<td style=\"width: 59.4727%;height: 33px\">4 tag\u00fa h\u00eddmint\u00e1zat k\u00e9sz\u00edt\u00e9se (adapt\u00e1z\u00e1s , cervik\u00e1loz\u00e1s mint\u00e1z\u00e1s)<\/td>\n<\/tr>\n<tr style=\"height: 36px\">\n<td style=\"width: 9.07273%;height: 36px\">2026.04.02.<\/td>\n<td style=\"width: 10.5273%;height: 36px\">14:00-17:00<\/td>\n<td style=\"width: 20.9273%;height: 36px\">Dr. Bencze Bulcs\u00fa<br \/>\nDr. K\u00f6nig J\u00e1nos<br \/>\nDr. Palaszk\u00f3 D\u00e9nes<\/td>\n<td style=\"width: 59.4727%;height: 36px\">A 3Sape dental designer program haszn\u00e1lata r\u00f6gz\u00edtett p\u00f3tl\u00e1s v\u00e1zk\u00e9sz\u00ed\u00e9s\u00e9hez.<\/td>\n<\/tr>\n<\/tbody>\n<\/table>\n<p>&nbsp;<\/p>\n<p>&nbsp;<\/p>\n","protected":false},"excerpt":{"rendered":"<p>Szemin\u00e1riumok helye: Semmelweis Egyetem Fogorvostudom\u00e1nyi Kar Oktat\u00e1si Centrum V. emelet nagy digit\u00e1lis labor (1088 Budapest, Szentkir\u00e1lyi u. 47. V. emelet) Szemin\u00e1riumok ideje: 2026.02.11-12. \u00e9s 2026.03.31. Gyakorlatok helye: Semmelweis Egyetem Fogorvostudom\u00e1nyi Kar Oktat\u00e1si Centrum Propedeutikai tanlabor (1088 Budapest, Szentkir\u00e1lyi u. 47.) Gyakorlatok ideje: 2026.02.11. \u00e9s 2026.04.02. Dokumentumok: <a href=\"https:\/\/semmelweis.hu\/dft\/files\/2025\/01\/FAOT-II-tantargyi-program-2025.pdf\">Tant\u00e1rgyi program\u00a0<\/a> Beadand\u00f3 t\u00e9m\u00e1k T\u00e9telsor D\u00e1tum\u00a0 Id\u0151pont El\u0151ad\u00f3 El\u0151ad\u00e1s c\u00edme 2026.02.11. &hellip;<\/p>\n","protected":false},"author":101231,"featured_media":0,"parent":8726,"menu_order":0,"comment_status":"closed","ping_status":"closed","template":"","meta":{"_acf_changed":false,"footnotes":""},"categories":[],"tags":[],"class_list":["post-9052","page","type-page","status-publish","hentry"],"acf":[],"_links":{"self":[{"href":"https:\/\/semmelweis.hu\/dft\/wp-json\/wp\/v2\/pages\/9052","targetHints":{"allow":["GET"]}}],"collection":[{"href":"https:\/\/semmelweis.hu\/dft\/wp-json\/wp\/v2\/pages"}],"about":[{"href":"https:\/\/semmelweis.hu\/dft\/wp-json\/wp\/v2\/types\/page"}],"author":[{"embeddable":true,"href":"https:\/\/semmelweis.hu\/dft\/wp-json\/wp\/v2\/users\/101231"}],"replies":[{"embeddable":true,"href":"https:\/\/semmelweis.hu\/dft\/wp-json\/wp\/v2\/comments?post=9052"}],"version-history":[{"count":10,"href":"https:\/\/semmelweis.hu\/dft\/wp-json\/wp\/v2\/pages\/9052\/revisions"}],"predecessor-version":[{"id":9693,"href":"https:\/\/semmelweis.hu\/dft\/wp-json\/wp\/v2\/pages\/9052\/revisions\/9693"}],"up":[{"embeddable":true,"href":"https:\/\/semmelweis.hu\/dft\/wp-json\/wp\/v2\/pages\/8726"}],"wp:attachment":[{"href":"https:\/\/semmelweis.hu\/dft\/wp-json\/wp\/v2\/media?parent=9052"}],"wp:term":[{"taxonomy":"category","embeddable":true,"href":"https:\/\/semmelweis.hu\/dft\/wp-json\/wp\/v2\/categories?post=9052"},{"taxonomy":"post_tag","embeddable":true,"href":"https:\/\/semmelweis.hu\/dft\/wp-json\/wp\/v2\/tags?post=9052"}],"curies":[{"name":"wp","href":"https:\/\/api.w.org\/{rel}","templated":true}]}}