{"id":9043,"date":"2024-01-26T11:36:32","date_gmt":"2024-01-26T10:36:32","guid":{"rendered":"https:\/\/semmelweis.hu\/dft\/?page_id=9043"},"modified":"2026-01-30T09:53:27","modified_gmt":"2026-01-30T08:53:27","slug":"fogpotlastan-ii","status":"publish","type":"page","link":"https:\/\/semmelweis.hu\/dft\/1-evfolyam\/2-felev\/fogpotlastan-ii\/","title":{"rendered":"Fogp\u00f3tl\u00e1stan II"},"content":{"rendered":"<div class=\"keretes w-100\">\n<p><strong>Szemin\u00e1riumok helye:<\/strong> Semmelweis Egyetem Fogorvostudom\u00e1nyi Kar Oktat\u00e1si Centrum V. emelet nagy digit\u00e1lis labor<br \/>\n(1088 Budapest, Szentkir\u00e1lyi u. 47., V. emelet)<\/p>\n<p><strong>Szemin\u00e1riumok ideje:<\/strong> 2026.02.09-10., 2026.03.30.\u00a0<\/p>\n<p><strong>Gyakorlatok helye:<\/strong> Semmelweis Egyetem Fogorvostudom\u00e1nyi Kar Oktat\u00e1si Centrum 211-es kezel\u0151 (gyakorlat 1-4.) \u00e9s V. emelet kis digit\u00e1lis labor (gyakorlat 5-11.)<br \/>\n(1088 Budapest, Szentkir\u00e1lyi u. 47., II. \u00e9s V. emelet)<\/p>\n<p><strong>Gyakorlatok ideje:<\/strong> 2026.02.10., 2026.02.13. 2026.03.31., 2026.04.01-02.\u00a0<\/p>\n<\/div>\n<h3>Dokumentumok:<\/h3>\n<ul style=\"list-style-type: square\">\n<li><a href=\"https:\/\/semmelweis.hu\/dft\/files\/2023\/02\/kovetelmenyrendszer_2.pdf\">Tant\u00e1rgyi program<\/a><\/li>\n<li>Beadand\u00f3 t\u00e9m\u00e1k<\/li>\n<li>T\u00e9telsor<\/li>\n<\/ul>\n<table style=\"border-collapse: collapse;width: 100%;height: 528px\">\n<tbody>\n<tr style=\"height: 33px\">\n<td style=\"width: 11.1273%;text-align: center;height: 33px\"><span style=\"font-size: 14pt\"><strong>D\u00e1tum<\/strong><\/span><\/td>\n<td style=\"width: 8.65455%;text-align: center;height: 33px\"><span style=\"font-size: 14pt\"><strong>Id\u0151pont<\/strong><\/span><\/td>\n<td style=\"width: 15.0545%;text-align: center;height: 33px\"><span style=\"font-size: 14pt\"><strong>El\u0151ad\u00f3\u00a0<\/strong><\/span><\/td>\n<td style=\"width: 38.1818%;text-align: center;height: 33px\"><span style=\"font-size: 14pt\"><strong>T\u00e9ma\u00a0<\/strong><\/span><\/td>\n<\/tr>\n<tr style=\"height: 33px\">\n<td style=\"width: 11.1273%;height: 33px\">2026.02.09.<\/td>\n<td style=\"width: 8.65455%;height: 33px\"><span style=\"font-size: 14pt\">14:00-14:45<\/span><\/td>\n<td style=\"width: 15.0545%;height: 33px\"><span style=\"font-size: 14pt\">Dr. Sal\u00e1ta J\u00f3zsef<\/span><\/td>\n<td style=\"width: 38.1818%;height: 33px\"><span style=\"font-size: 14pt\"><a href=\"https:\/\/semmelweis.hu\/dft\/files\/2023\/02\/Salata-Fenykepeszeti-alapfogalmak-es-eszkozok_2.pdf\">F\u00e9nyk\u00e9p\u00e9szeti alapfogalmak \u00e9s eszk\u00f6z\u00f6k<\/a><\/span><\/td>\n<\/tr>\n<tr style=\"height: 33px\">\n<td style=\"width: 11.1273%;height: 33px\">2026.02.09.<\/td>\n<td style=\"width: 8.65455%;height: 33px\"><span style=\"font-size: 14pt\">15:00-15:45<\/span><\/td>\n<td style=\"width: 15.0545%;height: 33px\"><span style=\"font-size: 14pt\">Dr. Sal\u00e1ta J\u00f3zsef<\/span><\/td>\n<td style=\"width: 38.1818%;height: 33px\"><span style=\"font-size: 14pt\"><a href=\"https:\/\/semmelweis.hu\/dft\/files\/2023\/02\/Salata-Fogaszati-fotodokumentacios-protokollok-es-targyfotozas_2.pdf\">Fog\u00e1szati fot\u00f3dokument\u00e1ci\u00f3s protokollok \u00e9s t\u00e1rgyfot\u00f3z\u00e1s<\/a><\/span><\/td>\n<\/tr>\n<tr style=\"height: 33px\">\n<td style=\"width: 11.1273%;height: 33px\">2026.02.09.<\/td>\n<td style=\"width: 8.65455%;height: 33px\"><span style=\"font-size: 14pt\">16:00-16:45<\/span><\/td>\n<td style=\"width: 15.0545%;height: 33px\"><span style=\"font-size: 14pt\">Dr. Tak\u00e1cs Em\u0151ke<\/span><\/td>\n<td style=\"width: 38.1818%;height: 33px\"><span style=\"font-size: 14pt\"><a href=\"https:\/\/semmelweis.hu\/dft\/files\/2023\/02\/SomogyiA-Preparacios-alapelvek.pdf\">Prepar\u00e1ci\u00f3s ir\u00e1nyelvek intrakoron\u00e1lis fogm\u0171vekhez<\/a><\/span><\/td>\n<\/tr>\n<tr style=\"height: 33px\">\n<td style=\"width: 11.1273%;height: 33px\">2026.02.10.<\/td>\n<td style=\"width: 8.65455%;height: 33px\"><span style=\"font-size: 14pt\">8:00-9:30<\/span><\/td>\n<td style=\"width: 15.0545%;height: 33px\"><span style=\"font-size: 14pt\">Dr. K\u00f6rmendi Szandra<br \/>\nDr. J\u00e1sz B\u00e1lint<\/span><\/td>\n<td style=\"width: 38.1818%;height: 33px\"><span style=\"font-size: 14pt\">Intraor\u00e1lis szkennel\u00e9s<\/span><\/td>\n<\/tr>\n<tr style=\"height: 33px\">\n<td style=\"width: 11.1273%;height: 33px\">2026.02.10.<\/td>\n<td style=\"width: 8.65455%;height: 33px\"><span style=\"font-size: 14pt\">10:00-10:45<\/span><\/td>\n<td style=\"width: 15.0545%;height: 33px\"><span style=\"font-size: 14pt\">Dr. G\u00e1sp\u00e1r Orsolya<\/span><\/td>\n<td style=\"width: 38.1818%;height: 33px\"><span style=\"font-size: 14pt\">Prepar\u00e1ci\u00f3s ir\u00e1nyelvek koron\u00e1lis fogm\u0171vekhez<\/span><\/td>\n<\/tr>\n<tr>\n<td style=\"width: 11.1273%\">2026.02.10.<\/td>\n<td style=\"width: 8.65455%\"><span style=\"font-size: 14pt\">11:00-11:45<\/span><\/td>\n<td style=\"width: 15.0545%\"><span style=\"font-size: 14pt\">Dr. J\u00e1sz B\u00e1lint<\/span><\/td>\n<td style=\"width: 38.1818%\"><span style=\"font-size: 14pt\"><a href=\"https:\/\/semmelweis.hu\/dft\/files\/2023\/02\/JaszB-Hagyomanyos-lenyomatok-12_2.pdf\">Hagyom\u00e1nyos lenyomatv\u00e9tel eszk\u00f6zei \u00e9s anyagai<\/a><\/span><\/td>\n<\/tr>\n<tr>\n<td style=\"width: 11.1273%\">2026.02.10.<\/td>\n<td style=\"width: 8.65455%\"><span style=\"font-size: 14pt\">12:00-12:45<\/span><\/td>\n<td style=\"width: 15.0545%\"><span style=\"font-size: 14pt\">Dr. J\u00e1sz B\u00e1lint<\/span><\/td>\n<td style=\"width: 38.1818%\"><span style=\"font-size: 14pt\">Hagyom\u00e1nyos lenyomatv\u00e9teli technik\u00e1k<\/span><\/td>\n<\/tr>\n<tr style=\"height: 33px\">\n<td style=\"width: 11.1273%;height: 33px\">2026.02.10.<\/td>\n<td style=\"width: 8.65455%;height: 33px\"><span style=\"font-size: 14pt\">13:00-13:45<\/span><\/td>\n<td style=\"width: 15.0545%;height: 33px\"><span style=\"font-size: 14pt\">Dr. K\u00f6rmendi Szandra<\/span><\/td>\n<td style=\"width: 38.1818%;height: 33px\"><span style=\"font-size: 14pt\"><a href=\"https:\/\/semmelweis.hu\/dft\/files\/2023\/02\/Kormendi-Korona-hid.pdf\">Koronap\u00f3tl\u00e1sok<\/a><\/span><\/td>\n<\/tr>\n<tr style=\"height: 33px\">\n<td style=\"width: 11.1273%;height: 33px\">2026.02.10.<\/td>\n<td style=\"width: 8.65455%;height: 33px\"><span style=\"font-size: 14pt\">14:00-14:45<\/span><\/td>\n<td style=\"width: 15.0545%;height: 33px\"><span style=\"font-size: 14pt\">Dr. K\u00f6rmendi Szandra<\/span><\/td>\n<td style=\"width: 38.1818%;height: 33px\"><span style=\"font-size: 14pt\"><a href=\"https:\/\/semmelweis.hu\/dft\/files\/2023\/02\/Kormendi-Korona-hid.pdf\">H\u00eddp\u00f3tl\u00e1sok<\/a><\/span><\/td>\n<\/tr>\n<tr style=\"height: 33px\">\n<td style=\"width: 11.1273%;height: 33px\">2026.03.30.<\/td>\n<td style=\"width: 8.65455%;height: 33px\"><span style=\"font-size: 14pt\">13:00-13:45<\/span><\/td>\n<td style=\"width: 15.0545%;height: 33px\"><span style=\"font-size: 14pt\">Dr. Kisgergely Mirjam<\/span><\/td>\n<td style=\"width: 38.1818%;height: 33px\"><span style=\"font-size: 14pt\"><a href=\"https:\/\/semmelweis.hu\/dft\/files\/2023\/02\/Vitai-Chairside-rendszerek-helye-a-digitalis-fogaszatban.pdf\">Chairside rendszerek helye a digit\u00e1lis fog\u00e1szatban<\/a><\/span><\/td>\n<\/tr>\n<tr style=\"height: 33px\">\n<td style=\"width: 11.1273%;height: 33px\">2026.03.30.<\/td>\n<td style=\"width: 8.65455%;height: 33px\"><span style=\"font-size: 14pt\">14:00-14:45<\/span><\/td>\n<td style=\"width: 15.0545%;height: 33px\"><span style=\"font-size: 14pt\">Dr. Kisgergely Mirjam<\/span><\/td>\n<td style=\"width: 38.1818%;height: 33px\"><span style=\"font-size: 14pt\"><a href=\"https:\/\/semmelweis.hu\/dft\/files\/2023\/02\/Vitai-Chairside-rendszerek-felepitese-jellemzese.pdf\">Chairside rendszerek jellemz\u00e9se \u00e9s fel\u00e9p\u00edt\u00e9se<\/a><\/span><\/td>\n<\/tr>\n<tr style=\"height: 33px\">\n<td style=\"width: 11.1273%;height: 33px\">2026.03.30.<\/td>\n<td style=\"width: 8.65455%;height: 33px\"><span style=\"font-size: 14pt\">15:00-15:45<\/span><\/td>\n<td style=\"width: 15.0545%;height: 33px\"><span style=\"font-size: 14pt\">Dr. Kisgergely Mirjam<\/span><\/td>\n<td style=\"width: 38.1818%;height: 33px\"><span style=\"font-size: 14pt\"><a href=\"https:\/\/semmelweis.hu\/dft\/files\/2023\/02\/Vitai-Chairside-rendszerekhez-kapcsolodo-munkafolyamatok.pdf\">Chairside rendszerekhez kapcsol\u00f3d\u00f3 munkafolyamatok<\/a><\/span><\/td>\n<\/tr>\n<tr style=\"height: 33px\">\n<td style=\"width: 11.1273%;height: 33px\">2026.03.30.<\/td>\n<td style=\"width: 8.65455%;height: 33px\"><span style=\"font-size: 14pt\">16:00-16:45<\/span><\/td>\n<td style=\"width: 15.0545%;height: 33px\"><span style=\"font-size: 14pt\">Dr. Jo\u00f3s-Kov\u00e1cs Gell\u00e9rt<\/span><\/td>\n<td style=\"width: 38.1818%;height: 33px\"><span style=\"font-size: 14pt\"><a href=\"https:\/\/semmelweis.hu\/dft\/files\/2023\/02\/JKG-Chairside-tervezes.pdf\">Chairside fogp\u00f3tl\u00e1sok tervez\u00e9se<\/a><\/span><\/td>\n<\/tr>\n<tr style=\"height: 33px\">\n<td style=\"width: 11.1273%;height: 33px\">2026.03.30.<\/td>\n<td style=\"width: 8.65455%;height: 33px\"><span style=\"font-size: 14pt\">17:00-17:45<\/span><\/td>\n<td style=\"width: 15.0545%;height: 33px\"><span style=\"font-size: 14pt\">Dr. Jo\u00f3s-Kov\u00e1cs Gell\u00e9rt<\/span><\/td>\n<td style=\"width: 38.1818%;height: 33px\"><span style=\"font-size: 14pt\"><a href=\"https:\/\/semmelweis.hu\/dft\/files\/2023\/02\/JKG-Chairside-fogpotlasok-anyagtani-vonatkozasai_2.pdf\">Chairside fogp\u00f3tl\u00e1sok anyagtani vonatkoz\u00e1sai<\/a><\/span><\/td>\n<\/tr>\n<tr style=\"height: 33px\">\n<td style=\"width: 11.1273%;height: 33px\">2026.03.31.<\/td>\n<td style=\"width: 8.65455%;height: 33px\"><span style=\"font-size: 14pt\">8:00-9:30<\/span><\/td>\n<td style=\"width: 15.0545%;height: 33px\"><span style=\"font-size: 14pt\">Dr. K\u00f6rmendi Szandra<br \/>\nDr. J\u00e1sz B\u00e1lint<\/span><\/td>\n<td style=\"width: 38.1818%;height: 33px\"><span style=\"font-size: 14pt\">Intraor\u00e1lis szkennel\u00e9s<\/span><\/td>\n<\/tr>\n<\/tbody>\n<\/table>\n<p>\n<strong>A csoport<\/strong><\/p>\n<table style=\"border-collapse: collapse;width: 100%;height: 43px\">\n<tbody>\n<tr style=\"height: 33px\">\n<td style=\"width: 11.1273%;height: 33px\"><span style=\"font-size: 14pt\">2026.04.01.<\/span><\/td>\n<td style=\"width: 8.65455%;height: 33px\"><span style=\"font-size: 14pt\">8:00-12:15<\/span><\/td>\n<td style=\"width: 15.0545%;height: 33px\"><span style=\"font-size: 14pt\">Dr. Jo\u00f3s-Kov\u00e1cs Gell\u00e9rt<br \/>\nDr. Keskeny Gy\u00f6rgy<br \/>\nDr. Schlick-Szab\u00f3 \u00c1ron<\/span><\/td>\n<td style=\"width: 38.1818%;height: 33px\"><span style=\"font-size: 14pt\">CEREC rendszerrel t\u00f6rt\u00e9n\u0151 tervez\u00e9s A<\/span><\/td>\n<\/tr>\n<tr style=\"height: 33px\">\n<td style=\"width: 11.1273%;height: 10px\"><span style=\"font-size: 14pt\">2026.04.01.<\/span><\/td>\n<td style=\"width: 8.65455%;height: 10px\"><span style=\"font-size: 14pt\">12:15-13:45<\/span><\/td>\n<td style=\"width: 15.0545%;height: 10px\"><span style=\"font-size: 14pt\">Dr. Sal\u00e1ta J\u00f3zsef<br \/>\nDr. J\u00e1sz B\u00e1lint<br \/>\n<\/span><\/td>\n<td style=\"width: 38.1818%;height: 10px\"><span style=\"font-size: 14pt\">T\u00e1rgyfot\u00f3z\u00e1s A<\/span><\/td>\n<\/tr>\n<\/tbody>\n<\/table>\n<p>&nbsp;<\/p>\n<p><strong>B csoport<\/strong><\/p>\n<table style=\"border-collapse: collapse;width: 100%;height: 43px\">\n<tbody>\n<tr style=\"height: 33px\">\n<td style=\"width: 11.1273%;height: 33px\"><span style=\"font-size: 14pt\">2026.04.02.<\/span><\/td>\n<td style=\"width: 8.65455%;height: 33px\"><span style=\"font-size: 14pt\">8:00-12:15<\/span><\/td>\n<td style=\"width: 15.0545%;height: 33px\"><span style=\"font-size: 14pt\">Dr. Jo\u00f3s-Kov\u00e1cs Gell\u00e9rt<br \/>\nDr. Keskeny Gy\u00f6rgy<br \/>\nDr. Schlick-Szab\u00f3 \u00c1ron<br \/>\n<\/span><\/td>\n<td style=\"width: 38.1818%;height: 33px\"><span style=\"font-size: 14pt\">CEREC rendszerrel t\u00f6rt\u00e9n\u0151 tervez\u00e9s B<\/span><\/td>\n<\/tr>\n<tr style=\"height: 33px\">\n<td style=\"width: 11.1273%;height: 10px\"><span style=\"font-size: 14pt\">2026.04.02.<\/span><\/td>\n<td style=\"width: 8.65455%;height: 10px\"><span style=\"font-size: 14pt\">12:15-13:45<\/span><\/td>\n<td style=\"width: 15.0545%;height: 10px\"><span style=\"font-size: 14pt\">Dr. Bogn\u00e1r Katalin<br \/>\nDr. P\u00e1l Adrienn<br \/>\n<\/span><\/td>\n<td style=\"width: 38.1818%;height: 10px\"><span style=\"font-size: 14pt\">T\u00e1rgyfot\u00f3z\u00e1s B<\/span><\/td>\n<\/tr>\n<\/tbody>\n<\/table>\n<p>&nbsp;<\/p>\n<p><strong>A csoport<\/strong><\/p>\n<table style=\"border-collapse: collapse;width: 100%;height: 43px\">\n<tbody>\n<tr style=\"height: 33px\">\n<td style=\"width: 11.1273%;height: 33px\"><span style=\"font-size: 14pt\">2026.02.13.<\/span><\/td>\n<td style=\"width: 8.65455%;height: 33px\"><span style=\"font-size: 14pt\">8:00-12:15<\/span><\/td>\n<td style=\"width: 15.0545%;height: 33px\">Dr. Jo\u00f3s-Kov\u00e1cs Gell\u00e9rt<br \/>\nDr. Keskeny Gy\u00f6rgy<br \/>\nDr. Schlick-Szab\u00f3 \u00c1ron<\/td>\n<td style=\"width: 38.1818%;height: 33px\"><span style=\"font-size: 14pt\">CEREC rendszerrel t\u00f6rt\u00e9n\u0151 tervez\u00e9s A<\/span><\/td>\n<\/tr>\n<tr style=\"height: 33px\">\n<td style=\"width: 11.1273%;height: 10px\"><span style=\"font-size: 14pt\">2026.02.13.<\/span><\/td>\n<td style=\"width: 8.65455%;height: 10px\"><span style=\"font-size: 14pt\">12:15-13:45<\/span><\/td>\n<td style=\"width: 15.0545%;height: 10px\">Dr. Sz\u00e9ll Adrienn<br \/>\nDr. Tasi Laura<\/td>\n<td style=\"width: 38.1818%;height: 10px\"><span style=\"font-size: 14pt\">T\u00e1rgyfot\u00f3z\u00e1s C<\/span><\/td>\n<\/tr>\n<\/tbody>\n<\/table>\n","protected":false},"excerpt":{"rendered":"<p>Szemin\u00e1riumok helye: Semmelweis Egyetem Fogorvostudom\u00e1nyi Kar Oktat\u00e1si Centrum V. emelet nagy digit\u00e1lis labor (1088 Budapest, Szentkir\u00e1lyi u. 47., V. emelet) Szemin\u00e1riumok ideje: 2026.02.09-10., 2026.03.30.\u00a0 Gyakorlatok helye: Semmelweis Egyetem Fogorvostudom\u00e1nyi Kar Oktat\u00e1si Centrum 211-es kezel\u0151 (gyakorlat 1-4.) \u00e9s V. emelet kis digit\u00e1lis labor (gyakorlat 5-11.) (1088 Budapest, Szentkir\u00e1lyi u. 47., II. \u00e9s V. emelet) Gyakorlatok ideje: &hellip;<\/p>\n","protected":false},"author":101231,"featured_media":0,"parent":8726,"menu_order":1,"comment_status":"closed","ping_status":"closed","template":"","meta":{"_acf_changed":false,"footnotes":""},"categories":[],"tags":[],"class_list":["post-9043","page","type-page","status-publish","hentry"],"acf":[],"_links":{"self":[{"href":"https:\/\/semmelweis.hu\/dft\/wp-json\/wp\/v2\/pages\/9043","targetHints":{"allow":["GET"]}}],"collection":[{"href":"https:\/\/semmelweis.hu\/dft\/wp-json\/wp\/v2\/pages"}],"about":[{"href":"https:\/\/semmelweis.hu\/dft\/wp-json\/wp\/v2\/types\/page"}],"author":[{"embeddable":true,"href":"https:\/\/semmelweis.hu\/dft\/wp-json\/wp\/v2\/users\/101231"}],"replies":[{"embeddable":true,"href":"https:\/\/semmelweis.hu\/dft\/wp-json\/wp\/v2\/comments?post=9043"}],"version-history":[{"count":10,"href":"https:\/\/semmelweis.hu\/dft\/wp-json\/wp\/v2\/pages\/9043\/revisions"}],"predecessor-version":[{"id":9721,"href":"https:\/\/semmelweis.hu\/dft\/wp-json\/wp\/v2\/pages\/9043\/revisions\/9721"}],"up":[{"embeddable":true,"href":"https:\/\/semmelweis.hu\/dft\/wp-json\/wp\/v2\/pages\/8726"}],"wp:attachment":[{"href":"https:\/\/semmelweis.hu\/dft\/wp-json\/wp\/v2\/media?parent=9043"}],"wp:term":[{"taxonomy":"category","embeddable":true,"href":"https:\/\/semmelweis.hu\/dft\/wp-json\/wp\/v2\/categories?post=9043"},{"taxonomy":"post_tag","embeddable":true,"href":"https:\/\/semmelweis.hu\/dft\/wp-json\/wp\/v2\/tags?post=9043"}],"curies":[{"name":"wp","href":"https:\/\/api.w.org\/{rel}","templated":true}]}}