{"id":8992,"date":"2023-09-14T13:13:19","date_gmt":"2023-09-14T11:13:19","guid":{"rendered":"https:\/\/semmelweis.hu\/dft\/?page_id=8992"},"modified":"2026-01-07T13:59:14","modified_gmt":"2026-01-07T12:59:14","slug":"jogi-alapismeretek-es-egeszsegugyi-alapfogalmak","status":"publish","type":"page","link":"https:\/\/semmelweis.hu\/dft\/2-evfolyam\/3-felev\/jogi-alapismeretek-es-egeszsegugyi-alapfogalmak\/","title":{"rendered":"Jogi alapismeretek \u00e9s eg\u00e9szs\u00e9g\u00fcgyi alapfogalmak"},"content":{"rendered":"<div class=\"keretes w-100\">\n<p><strong>Szemin\u00e1riumok helye:<\/strong> Semmelweis Egyetem Fogorvostudom\u00e1nyi Kar Oktat\u00e1si Centrum <span style=\"font-size: 14pt\">V. emelet nagy digit\u00e1lis labor<\/span><br \/>\n<span style=\"font-size: 14pt\">(1088 Budapest, Szentkir\u00e1lyi u. 47., V. emelet)<\/span><\/p>\n<p><strong>Szemin\u00e1riumok ideje:<\/strong> 2025.09.19., 2025.11.07.<\/p>\n<\/div>\n<h3>Dokumentumok<\/h3>\n<ul style=\"list-style-type: square\">\n<li><a href=\"https:\/\/semmelweis.hu\/dft\/files\/2024\/09\/Jogi-alapismeretek-adatlap-HU-digitalis-fogaszat_ORARENDDEL-2024.pdf\"><span style=\"font-size: 14pt\">Tant\u00e1rgyi program<\/span><\/a><\/li>\n<\/ul>\n<h5><span style=\"color: #ff0000\">Szeptember<\/span><\/h5>\n<table style=\"border-collapse: collapse;width: 100%\">\n<thead>\n<tr>\n<td style=\"width: 8.85455%;text-align: center\"><strong>D\u00e1tum<\/strong><\/td>\n<td style=\"width: 9.07277%;text-align: center\"><strong>Id\u0151pont<\/strong><\/td>\n<td style=\"width: 17.0727%;text-align: center\"><strong>El\u0151ad\u00f3<\/strong><\/td>\n<td style=\"width: 65%;text-align: center\"><strong>El\u0151ad\u00e1s c\u00edme<\/strong><\/td>\n<\/tr>\n<\/thead>\n<tbody>\n<tr>\n<td style=\"width: 8.85455%\">2025.09.19.<\/td>\n<td style=\"width: 9.07277%\">8.00 &#8211; 8.45<\/td>\n<td style=\"width: 17.0727%\">Dr. D\u00f3sa \u00c1gnes<\/td>\n<td style=\"width: 65%\">Bevezet\u00e9s, jogi alapfogalmak I. (jogrendszer fel\u00e9p\u00edt\u00e9se, jogforr\u00e1sok, jogszab\u00e1lyi hierarchia, EU jogforr\u00e1sa)<\/td>\n<\/tr>\n<tr>\n<td style=\"width: 8.85455%\">2025.09.19.<\/td>\n<td style=\"width: 9.07277%\">9.00 &#8211; 9.45<\/td>\n<td style=\"width: 17.0727%\">Dr. D\u00f3sa \u00c1gnes<\/td>\n<td style=\"width: 65%\">Bevezet\u00e9s, jogi alapfogalmak II. (jogszab\u00e1lyok keres\u00e9se, jogszab\u00e1lyok \u00e9rtelmez\u00e9se, eg\u00e9szs\u00e9g\u00fcgyi jog helye a jogrendszerben)<\/td>\n<\/tr>\n<tr>\n<td style=\"width: 8.85455%\">2025.09.19.<\/td>\n<td style=\"width: 9.07277%\">10.00 &#8211; 10.45<\/td>\n<td style=\"width: 17.0727%\">Dr. D\u00f3sa \u00c1gnes<\/td>\n<td style=\"width: 65%\">A betegek \u00e9s az orvosok, eg\u00e9szs\u00e9g\u00fcgyi dolgoz\u00f3k jogaira vonatkoz\u00f3 szab\u00e1lyoz\u00e1s I.<\/td>\n<\/tr>\n<tr>\n<td style=\"width: 8.85455%\">2025.09.19.<\/td>\n<td style=\"width: 9.07277%\">11.00 &#8211; 11.45<\/td>\n<td style=\"width: 17.0727%\">Dr. D\u00f3sa \u00c1gnes<\/td>\n<td style=\"width: 65%\">A betegek \u00e9s az orvosok, eg\u00e9szs\u00e9g\u00fcgyi dolgoz\u00f3k jogaira vonatkoz\u00f3 szab\u00e1lyoz\u00e1s II.<\/td>\n<\/tr>\n<\/tbody>\n<\/table>\n<h5>\u00a0<\/h5>\n<h5><span style=\"color: #ff0000\">November<\/span><\/h5>\n<table style=\"border-collapse: collapse;width: 100%;height: 198px\">\n<thead>\n<tr style=\"height: 33px\">\n<td style=\"width: 9.07273%;height: 33px;text-align: center\"><strong>D\u00e1tum<\/strong><\/td>\n<td style=\"width: 8.85457%;height: 33px;text-align: center\"><strong>Id\u0151pont<\/strong><\/td>\n<td style=\"width: 17.2182%;height: 33px;text-align: center\"><strong>El\u0151ad\u00f3<\/strong><\/td>\n<td style=\"width: 64.8545%;text-align: center;height: 33px\"><strong>El\u0151ad\u00e1s c\u00edme<\/strong><\/td>\n<\/tr>\n<\/thead>\n<tbody>\n<tr style=\"height: 33px\">\n<td style=\"width: 9.07273%;height: 33px\">2025.11.07.<\/td>\n<td style=\"width: 8.85457%;height: 33px\">8.00 &#8211; 8.45<\/td>\n<td style=\"width: 17.2182%;height: 33px\">Dr. D\u00f3sa \u00c1gnes<\/td>\n<td style=\"width: 64.8545%;height: 33px\">Felel\u0151ss\u00e9g az eg\u00e9szs\u00e9g\u00fcgyben (polg\u00e1ri jogi, b\u00fcntet\u0151jogi, munkajogi, szab\u00e1lys\u00e9rt\u00e9si felel\u0151ss\u00e9g alapfogalmai, funkci\u00f3ja, jogesetek)<\/td>\n<\/tr>\n<tr style=\"height: 33px\">\n<td style=\"width: 9.07273%;height: 33px\">2025.11.07.<\/td>\n<td style=\"width: 8.85457%;height: 33px\">9.00 &#8211; 9.45<\/td>\n<td style=\"width: 17.2182%;height: 33px\">Dr. D\u00f3sa \u00c1gnes<\/td>\n<td style=\"width: 64.8545%;height: 33px\">Felel\u0151ss\u00e9g az eg\u00e9szs\u00e9g\u00fcgyben (polg\u00e1ri jogi, b\u00fcntet\u0151jogi, munkajogi, szab\u00e1lys\u00e9rt\u00e9si felel\u0151ss\u00e9g alapfogalmai, funkci\u00f3ja, jogesetek)<\/td>\n<\/tr>\n<tr style=\"height: 33px\">\n<td style=\"width: 9.07273%;height: 33px\">2025.11.07.<\/td>\n<td style=\"width: 8.85457%;height: 33px\">10.00 &#8211; 10.45<\/td>\n<td style=\"width: 17.2182%;height: 33px\">Dr. D\u00f3sa \u00c1gnes<\/td>\n<td style=\"width: 64.8545%;height: 33px\">Eg\u00e9szs\u00e9gbiztos\u00edt\u00e1s jogi h\u00e1ttere (eg\u00e9szs\u00e9g\u00fcgyi ell\u00e1t\u00e1shoz val\u00f3 jog, eg\u00e9szs\u00e9gbiztos\u00edt\u00e1s term\u00e9szetbeni ell\u00e1t\u00e1sai, t\u00e9r\u00edt\u00e9smentesen, kieg. t\u00e9r\u00edt\u00e9s mellett, r\u00e9szleges t\u00e9r\u00edt\u00e9s mellett ig\u00e9nybe vehet\u0151 ell\u00e1t\u00e1sok, beutal\u00e1s, ter\u00fcleti ell\u00e1t\u00e1si k\u00f6telezetts\u00e9g jogi fogalma)<\/td>\n<\/tr>\n<tr style=\"height: 33px\">\n<td style=\"width: 9.07273%;height: 33px\">2025.11.07.<\/td>\n<td style=\"width: 8.85457%;height: 33px\">11.00 &#8211; 11.45<\/td>\n<td style=\"width: 17.2182%;height: 33px\">Dr. D\u00f3sa \u00c1gnes<\/td>\n<td style=\"width: 64.8545%;height: 33px\">Adatv\u00e9delem jogi szab\u00e1lyoz\u00e1sa az eg\u00e9szs\u00e9g\u00fcgyben I. (orvosi titoktart\u00e1si k\u00f6telezetts\u00e9g kialaku-l\u00e1sa, t\u00f6rt\u00e9nete, az eg\u00e9szs\u00e9g\u00fcgyi adatkezel\u00e9s jogszab\u00e1lyi h\u00e1ttere, a beteg rendelkez\u00e9si joga adatai felett, EESZT)<\/td>\n<\/tr>\n<tr style=\"height: 33px\">\n<td style=\"width: 9.07273%;height: 33px\">2025.11.07.<\/td>\n<td style=\"width: 8.85457%;height: 33px\">12.00 &#8211; 12.45<\/td>\n<td style=\"width: 17.2182%;height: 33px\">Dr. D\u00f3sa \u00c1gnes<\/td>\n<td style=\"width: 64.8545%;height: 33px\">Eg\u00e9szs\u00e9g\u00fcgyi jogesetek megbesz\u00e9l\u00e9se, konzult\u00e1ci\u00f3<\/td>\n<\/tr>\n<\/tbody>\n<\/table>\n","protected":false},"excerpt":{"rendered":"<p>Szemin\u00e1riumok helye: Semmelweis Egyetem Fogorvostudom\u00e1nyi Kar Oktat\u00e1si Centrum V. emelet nagy digit\u00e1lis labor (1088 Budapest, Szentkir\u00e1lyi u. 47., V. emelet) Szemin\u00e1riumok ideje: 2025.09.19., 2025.11.07. Dokumentumok <a href=\"https:\/\/semmelweis.hu\/dft\/files\/2024\/09\/Jogi-alapismeretek-adatlap-HU-digitalis-fogaszat_ORARENDDEL-2024.pdf\">Tant\u00e1rgyi program<\/a> Szeptember D\u00e1tum Id\u0151pont El\u0151ad\u00f3 El\u0151ad\u00e1s c\u00edme 2025.09.19. 8.00 &#8211; 8.45 Dr. D\u00f3sa \u00c1gnes Bevezet\u00e9s, jogi alapfogalmak I. (jogrendszer fel\u00e9p\u00edt\u00e9se, jogforr\u00e1sok, jogszab\u00e1lyi hierarchia, EU jogforr\u00e1sa) 2025.09.19. 9.00 &#8211; 9.45 Dr. D\u00f3sa &hellip;<\/p>\n","protected":false},"author":101231,"featured_media":0,"parent":8745,"menu_order":5,"comment_status":"closed","ping_status":"closed","template":"","meta":{"_acf_changed":false,"footnotes":""},"categories":[],"tags":[],"class_list":["post-8992","page","type-page","status-publish","hentry"],"acf":[],"_links":{"self":[{"href":"https:\/\/semmelweis.hu\/dft\/wp-json\/wp\/v2\/pages\/8992","targetHints":{"allow":["GET"]}}],"collection":[{"href":"https:\/\/semmelweis.hu\/dft\/wp-json\/wp\/v2\/pages"}],"about":[{"href":"https:\/\/semmelweis.hu\/dft\/wp-json\/wp\/v2\/types\/page"}],"author":[{"embeddable":true,"href":"https:\/\/semmelweis.hu\/dft\/wp-json\/wp\/v2\/users\/101231"}],"replies":[{"embeddable":true,"href":"https:\/\/semmelweis.hu\/dft\/wp-json\/wp\/v2\/comments?post=8992"}],"version-history":[{"count":10,"href":"https:\/\/semmelweis.hu\/dft\/wp-json\/wp\/v2\/pages\/8992\/revisions"}],"predecessor-version":[{"id":9672,"href":"https:\/\/semmelweis.hu\/dft\/wp-json\/wp\/v2\/pages\/8992\/revisions\/9672"}],"up":[{"embeddable":true,"href":"https:\/\/semmelweis.hu\/dft\/wp-json\/wp\/v2\/pages\/8745"}],"wp:attachment":[{"href":"https:\/\/semmelweis.hu\/dft\/wp-json\/wp\/v2\/media?parent=8992"}],"wp:term":[{"taxonomy":"category","embeddable":true,"href":"https:\/\/semmelweis.hu\/dft\/wp-json\/wp\/v2\/categories?post=8992"},{"taxonomy":"post_tag","embeddable":true,"href":"https:\/\/semmelweis.hu\/dft\/wp-json\/wp\/v2\/tags?post=8992"}],"curies":[{"name":"wp","href":"https:\/\/api.w.org\/{rel}","templated":true}]}}