{"id":8894,"date":"2023-09-04T13:35:09","date_gmt":"2023-09-04T11:35:09","guid":{"rendered":"https:\/\/semmelweis.hu\/dft\/?page_id=8894"},"modified":"2026-01-07T13:59:40","modified_gmt":"2026-01-07T12:59:40","slug":"pszichologia-szabadon-valaszthato","status":"publish","type":"page","link":"https:\/\/semmelweis.hu\/dft\/2-evfolyam\/3-felev\/pszichologia-szabadon-valaszthato\/","title":{"rendered":"Pszichol\u00f3gia &#8211; szabadon v\u00e1laszthat\u00f3"},"content":{"rendered":"<div class=\"keretes w-100\">\n<p><strong>Szemin\u00e1riumok helye:<\/strong> Semmelweis Egyetem Fogorvostudom\u00e1nyi Kar Oktat\u00e1si Centrum <span style=\"font-size: 14pt\">V. emelet nagy digit\u00e1lis labor<\/span><br \/>\n<span style=\"font-size: 14pt\">(1088 Budapest, Szentkir\u00e1lyi u. 47., V. emelet)<\/span><\/p>\n<p><strong>Szemin\u00e1riumok ideje:<\/strong> 2025.10.10., 2025.11.07.<\/p>\n<\/div>\n<h3>Dokumentumok:<\/h3>\n<ul style=\"list-style-type: square\">\n<li><a href=\"https:\/\/semmelweis.hu\/dft\/files\/2025\/08\/Magyar-FOK-DFT-pszichologia_2025_26_osz-002.pdf\">Tant\u00e1rgyi program<\/a><\/li>\n<li><a href=\"https:\/\/semmelweis.hu\/dft\/files\/2024\/08\/Magyar-FOK-DFT-pszichologia-beadando-temak.pdf\">Beadand\u00f3 t\u00e9m\u00e1k<\/a><\/li>\n<li><a href=\"https:\/\/semmelweis.hu\/dft\/files\/2024\/08\/SE-FOK-DFT-pszichologia-tetelsor.pdf\">T\u00e9telsor<\/a><\/li>\n<\/ul>\n<h5><span style=\"color: #ff0000\">Okt\u00f3ber<\/span><\/h5>\n<table style=\"border-collapse: collapse;width: 100%;height: 264px\">\n<thead>\n<tr style=\"height: 33px\">\n<td style=\"width: 7.83636%;height: 33px;text-align: center\"><strong>D\u00e1tum<\/strong><\/td>\n<td style=\"width: 9.29087%;height: 33px;text-align: center\"><strong>Id\u0151pont<\/strong><\/td>\n<td style=\"width: 12.7091%;height: 33px;text-align: center\"><strong>El\u0151ad\u00f3<\/strong><\/td>\n<td style=\"width: 70.1636%;height: 33px;text-align: center\"><strong>El\u0151ad\u00e1s c\u00edme<\/strong><\/td>\n<\/tr>\n<\/thead>\n<tbody>\n<tr style=\"height: 63px\">\n<td style=\"width: 7.83636%;height: 33px\">2025.10.10.<\/td>\n<td style=\"width: 9.29087%;height: 33px\">8.00 &#8211; 8.45<\/td>\n<td style=\"width: 12.7091%;height: 33px\">Mezei \u00c1gnes<\/td>\n<td style=\"width: 70.1636%;height: 33px\"><a href=\"https:\/\/semmelweis.hu\/dft\/files\/2023\/09\/1.-Bio-pszicho-szocialis-modell-a-gyogyitasban.-Az-orvosi-hivatas-kihivasai-es-szepsegei.-Mentalhigieniai-kerdesek_.pdf\">Bio-pszicho-szoci\u00e1lis modell a gy\u00f3gy\u00edt\u00e1sban. Az orvosi hivat\u00e1s kih\u00edv\u00e1sai \u00e9s sz\u00e9ps\u00e9gei. Ment\u00e1lhigi\u00e9niai k\u00e9rd\u00e9sek.<\/a><\/td>\n<\/tr>\n<tr style=\"height: 33px\">\n<td style=\"width: 7.83636%;height: 33px\">2025.10.10.<\/td>\n<td style=\"width: 9.29087%;height: 33px\">9.00 &#8211; 9.45<\/td>\n<td style=\"width: 12.7091%;height: 33px\">Mezei \u00c1gnes<\/td>\n<td style=\"width: 70.1636%;height: 33px\"><a href=\"https:\/\/semmelweis.hu\/dft\/files\/2023\/09\/2.-Szemelyiseg-szemelyisegfejlodes..pdf\">Szem\u00e9lyis\u00e9g, szem\u00e9lyis\u00e9gfejl\u0151d\u00e9s.<\/a><\/td>\n<\/tr>\n<tr style=\"height: 33px\">\n<td style=\"width: 7.83636%;height: 33px\">2025.10.10.<\/td>\n<td style=\"width: 9.29087%;height: 33px\">10.00 &#8211; 10.45<\/td>\n<td style=\"width: 12.7091%;height: 33px\">Mezei \u00c1gnes<\/td>\n<td style=\"width: 70.1636%;height: 33px\"><a href=\"https:\/\/semmelweis.hu\/dft\/files\/2023\/09\/3.-A-fajdalom-pszichologiaja-es-pszichoterapias-befolyasolasa..pdf\">A f\u00e1jdalom pszichol\u00f3gi\u00e1ja \u00e9s pszichoter\u00e1pi\u00e1s befoly\u00e1sol\u00e1sa.<\/a><\/td>\n<\/tr>\n<tr style=\"height: 33px\">\n<td style=\"width: 7.83636%;height: 33px\">2025.10.10.<\/td>\n<td style=\"width: 9.29087%;height: 33px\">11.00 &#8211; 11.45<\/td>\n<td style=\"width: 12.7091%;height: 33px\">Mezei \u00c1gnes<\/td>\n<td style=\"width: 70.1636%;height: 33px\"><a href=\"https:\/\/semmelweis.hu\/dft\/files\/2023\/11\/4.-A-szorongas-pszichologiai-elmeletei.-Szorongasos-korkepek.-Motivacio..pdf\">A szorong\u00e1s pszichol\u00f3giai elm\u00e9letei. Szorong\u00e1sos k\u00f3rk\u00e9pek. Motiv\u00e1ci\u00f3.<\/a><\/td>\n<\/tr>\n<tr style=\"height: 33px\">\n<td style=\"width: 7.83636%;height: 33px\">2025.10.10.<\/td>\n<td style=\"width: 9.29087%;height: 33px\">12.00 &#8211; 12.45<\/td>\n<td style=\"width: 12.7091%;height: 33px\">Mezei \u00c1gnes<\/td>\n<td style=\"width: 70.1636%;height: 33px\"><a href=\"https:\/\/semmelweis.hu\/dft\/files\/2023\/11\/5.-Felelem-szorongas-fajdalom-es-ezek-kommunikacios-kezelese-a-fogaszatban.-Kulonleges-esetek-a-fogaszati-gyakorlatban..pdf\">F\u00e9lelem, szorong\u00e1s, f\u00e1jdalom, \u00e9s ezek kommunik\u00e1ci\u00f3s kezel\u00e9se a fog\u00e1szatban. K\u00fcl\u00f6nleges esetek a fog\u00e1szati gyakorlatban.<\/a><\/td>\n<\/tr>\n<tr style=\"height: 33px\">\n<td style=\"width: 7.83636%;height: 33px\">2025.10.10.<\/td>\n<td style=\"width: 9.29087%;height: 33px\">13.00 &#8211; 13.45<\/td>\n<td style=\"width: 12.7091%;height: 33px\">Mezei \u00c1gnes<\/td>\n<td style=\"width: 70.1636%;height: 33px\"><a href=\"https:\/\/semmelweis.hu\/dft\/files\/2023\/11\/6.-Kommunikacio-kulonbozo-korosztalyu-paciensekkel..pdf\">Kommunik\u00e1ci\u00f3 k\u00fcl\u00f6nb\u00f6z\u0151 koroszt\u00e1ly\u00fa p\u00e1ciensekkel.<\/a><\/td>\n<\/tr>\n<tr style=\"height: 33px\">\n<td style=\"width: 7.83636%;height: 33px\">2025.10.10.<\/td>\n<td style=\"width: 9.29087%;height: 33px\">14.00 &#8211; 14.45<\/td>\n<td style=\"width: 12.7091%;height: 33px\">Mezei \u00c1gnes<\/td>\n<td style=\"width: 70.1636%;height: 33px\"><a href=\"https:\/\/semmelweis.hu\/dft\/files\/2023\/11\/7.-Pszichoterapias-keszsegek-es-ezek-hasznalata-a-fogorvosi-gyakorlatban.-Prevencio..pdf\">Pszichoter\u00e1pi\u00e1s k\u00e9szs\u00e9gek \u00e9s ezek haszn\u00e1lata a fogorvosi gyakorlatban. Prevenci\u00f3.<\/a><\/td>\n<\/tr>\n<\/tbody>\n<\/table>\n<h5>\u00a0<\/h5>\n<h5><span style=\"color: #ff0000\">November<\/span><\/h5>\n<table style=\"border-collapse: collapse;width: 99.9273%;height: 82px\">\n<thead>\n<tr>\n<td style=\"width: 7.83636%;text-align: center\"><strong>D\u00e1tum<\/strong><\/td>\n<td style=\"width: 9.29087%;text-align: center\"><strong>Id\u0151pont<\/strong><\/td>\n<td style=\"width: 12.9231%;text-align: center\"><strong>El\u0151ad\u00f3<\/strong><\/td>\n<td style=\"width: 69.9496%;text-align: center\"><strong>El\u0151ad\u00e1s c\u00edme<\/strong><\/td>\n<\/tr>\n<\/thead>\n<tbody>\n<tr>\n<td style=\"width: 7.83636%;height: 33px\">2025.11.07.<\/td>\n<td style=\"width: 9.29087%;height: 33px\">13.00 &#8211; 13.45<\/td>\n<td style=\"width: 12.9231%;height: 33px\">Mezei \u00c1gnes<\/td>\n<td style=\"width: 69.9496%;height: 33px\"><a href=\"https:\/\/semmelweis.hu\/dft\/files\/2023\/11\/8.-Relaxacio-hipnozis-es-szimbolumterapiak-a-fogorvosi-gyakorlatban..pdf\">Relax\u00e1ci\u00f3, hipn\u00f3zis \u00e9s szimb\u00f3lumter\u00e1pi\u00e1k a fogorvosi gyakorlatban.<\/a><\/td>\n<\/tr>\n<tr>\n<td style=\"width: 7.83636%;height: 33px\">2025.11.07.<\/td>\n<td style=\"width: 9.29087%;height: 33px\">14.00 &#8211; 14.45<\/td>\n<td style=\"width: 12.9231%;height: 33px\">Mezei \u00c1gnes<\/td>\n<td style=\"width: 69.9496%;height: 33px\"><a href=\"https:\/\/semmelweis.hu\/dft\/files\/2023\/11\/9.-Stressz-a-stresszkezeles-technikai.-Kieges-es-megelozese..pdf\">Stressz, a stresszkezel\u00e9s technik\u00e1i. Ki\u00e9g\u00e9s \u00e9s megel\u0151z\u00e9se.<\/a><\/td>\n<\/tr>\n<\/tbody>\n<\/table>\n","protected":false},"excerpt":{"rendered":"<p>Szemin\u00e1riumok helye: Semmelweis Egyetem Fogorvostudom\u00e1nyi Kar Oktat\u00e1si Centrum V. emelet nagy digit\u00e1lis labor (1088 Budapest, Szentkir\u00e1lyi u. 47., V. emelet) Szemin\u00e1riumok ideje: 2025.10.10., 2025.11.07. Dokumentumok: <a href=\"https:\/\/semmelweis.hu\/dft\/files\/2025\/08\/Magyar-FOK-DFT-pszichologia_2025_26_osz-002.pdf\">Tant\u00e1rgyi program<\/a> <a href=\"https:\/\/semmelweis.hu\/dft\/files\/2024\/08\/Magyar-FOK-DFT-pszichologia-beadando-temak.pdf\">Beadand\u00f3 t\u00e9m\u00e1k<\/a> <a href=\"https:\/\/semmelweis.hu\/dft\/files\/2024\/08\/SE-FOK-DFT-pszichologia-tetelsor.pdf\">T\u00e9telsor<\/a> Okt\u00f3ber D\u00e1tum Id\u0151pont El\u0151ad\u00f3 El\u0151ad\u00e1s c\u00edme 2025.10.10. 8.00 &#8211; 8.45 Mezei \u00c1gnes <a href=\"https:\/\/semmelweis.hu\/dft\/files\/2023\/09\/1.-Bio-pszicho-szocialis-modell-a-gyogyitasban.-Az-orvosi-hivatas-kihivasai-es-szepsegei.-Mentalhigieniai-kerdesek_.pdf\">Bio-pszicho-szoci\u00e1lis modell a gy\u00f3gy\u00edt\u00e1sban. Az orvosi hivat\u00e1s kih\u00edv\u00e1sai \u00e9s sz\u00e9ps\u00e9gei. Ment\u00e1lhigi\u00e9niai k\u00e9rd\u00e9sek.<\/a> 2025.10.10. 9.00 &#8211; 9.45 Mezei \u00c1gnes <a href=\"https:\/\/semmelweis.hu\/dft\/files\/2023\/09\/2.-Szemelyiseg-szemelyisegfejlodes..pdf\">Szem\u00e9lyis\u00e9g, szem\u00e9lyis\u00e9gfejl\u0151d\u00e9s.<\/a> 2025.10.10. 10.00 &#8211; 10.45 Mezei \u00c1gnes <a href=\"https:\/\/semmelweis.hu\/dft\/files\/2023\/09\/3.-A-fajdalom-pszichologiaja-es-pszichoterapias-befolyasolasa..pdf\">A f\u00e1jdalom pszichol\u00f3gi\u00e1ja \u00e9s pszichoter\u00e1pi\u00e1s befoly\u00e1sol\u00e1sa.<\/a> 2025.10.10. 11.00 &#8211; 11.45 Mezei \u00c1gnes &hellip;<\/p>\n","protected":false},"author":101231,"featured_media":0,"parent":8745,"menu_order":5,"comment_status":"closed","ping_status":"closed","template":"","meta":{"_acf_changed":false,"footnotes":""},"categories":[],"tags":[],"class_list":["post-8894","page","type-page","status-publish","hentry"],"acf":[],"_links":{"self":[{"href":"https:\/\/semmelweis.hu\/dft\/wp-json\/wp\/v2\/pages\/8894","targetHints":{"allow":["GET"]}}],"collection":[{"href":"https:\/\/semmelweis.hu\/dft\/wp-json\/wp\/v2\/pages"}],"about":[{"href":"https:\/\/semmelweis.hu\/dft\/wp-json\/wp\/v2\/types\/page"}],"author":[{"embeddable":true,"href":"https:\/\/semmelweis.hu\/dft\/wp-json\/wp\/v2\/users\/101231"}],"replies":[{"embeddable":true,"href":"https:\/\/semmelweis.hu\/dft\/wp-json\/wp\/v2\/comments?post=8894"}],"version-history":[{"count":10,"href":"https:\/\/semmelweis.hu\/dft\/wp-json\/wp\/v2\/pages\/8894\/revisions"}],"predecessor-version":[{"id":9673,"href":"https:\/\/semmelweis.hu\/dft\/wp-json\/wp\/v2\/pages\/8894\/revisions\/9673"}],"up":[{"embeddable":true,"href":"https:\/\/semmelweis.hu\/dft\/wp-json\/wp\/v2\/pages\/8745"}],"wp:attachment":[{"href":"https:\/\/semmelweis.hu\/dft\/wp-json\/wp\/v2\/media?parent=8894"}],"wp:term":[{"taxonomy":"category","embeddable":true,"href":"https:\/\/semmelweis.hu\/dft\/wp-json\/wp\/v2\/categories?post=8894"},{"taxonomy":"post_tag","embeddable":true,"href":"https:\/\/semmelweis.hu\/dft\/wp-json\/wp\/v2\/tags?post=8894"}],"curies":[{"name":"wp","href":"https:\/\/api.w.org\/{rel}","templated":true}]}}