{"id":8843,"date":"2023-08-31T12:45:42","date_gmt":"2023-08-31T10:45:42","guid":{"rendered":"https:\/\/semmelweis.hu\/dft\/?page_id=8843"},"modified":"2026-01-07T13:58:47","modified_gmt":"2026-01-07T12:58:47","slug":"fogpotlastan-iii","status":"publish","type":"page","link":"https:\/\/semmelweis.hu\/dft\/2-evfolyam\/3-felev\/fogpotlastan-iii\/","title":{"rendered":"Fogp\u00f3tl\u00e1stan III"},"content":{"rendered":"<div class=\"keretes w-100\">\n<p><strong>Szemin\u00e1riumok helye 1 &#8211; 5:<\/strong> Semmelweis Egyetem Fogorvostudom\u00e1nyi Kar Oktat\u00e1si Centrum Dr. Schranz D\u00e9nes tan\u00e1csterem\u00a0\u00a0<br \/>\n(1088 Budapest, Szentkir\u00e1lyi u. 47. VI. emelet 647-es szoba)<\/p>\n<p><strong>Szemin\u00e1riumok helye 6 &#8211; 15:<\/strong> Semmelweis Egyetem Fogorvostudom\u00e1nyi Kar Oktat\u00e1si Centrum V. emelet nagy digit\u00e1lis labor<br \/>\n(1088 Budapest, Szentkir\u00e1lyi u. 47. V. emelet)<\/p>\n<p><strong>Szemin\u00e1riumok ideje:<\/strong> 2025.09.15., 2025.09.17-19., 2025.11.03., 2025.11.05-06.<\/p>\n<\/div>\n<h3>Dokumentumok:<\/h3>\n<ul style=\"list-style-type: square\">\n<li><a href=\"https:\/\/semmelweis.hu\/dft\/files\/2023\/09\/kovetelmenyrendszer-DFT-Fogpotlastan-II.pdf\">Tant\u00e1rgyi program<\/a><\/li>\n<li><a href=\"https:\/\/semmelweis.hu\/dft\/files\/2023\/09\/Fogpotlastan-III-beadandok-listaja.pdf\">Beadand\u00f3 t\u00e9m\u00e1k<\/a><\/li>\n<li><a href=\"https:\/\/semmelweis.hu\/dft\/files\/2023\/09\/Fogpotlastan-III-tetelsor.pdf\">T\u00e9telsor<\/a><\/li>\n<\/ul>\n<h5><span style=\"color: #ff0000\">Szeptember<\/span><\/h5>\n<table style=\"border-collapse: collapse;width: 100%;height: 198px\">\n<thead>\n<tr style=\"height: 33px\">\n<td style=\"width: 8.50909%;text-align: center;height: 33px\"><span style=\"font-size: 12pt\"><strong>D\u00e1tum<\/strong><\/span><\/td>\n<td style=\"width: 9.52726%;text-align: center;height: 33px\"><span style=\"font-size: 12pt\"><strong>Id\u0151pont<\/strong><\/span><\/td>\n<td style=\"width: 15.0545%;text-align: center;height: 33px\"><span style=\"font-size: 12pt\"><strong>El\u0151ad\u00f3<\/strong><\/span><\/td>\n<td style=\"width: 14.9091%;text-align: center;height: 33px\"><span style=\"font-size: 12pt\"><strong>C\u00edm<\/strong><\/span><\/td>\n<td style=\"width: 52%;text-align: center;height: 33px\"><span style=\"font-size: 12pt\"><strong>El\u0151ad\u00e1s c\u00edme<\/strong><\/span><\/td>\n<\/tr>\n<\/thead>\n<tbody>\n<tr style=\"height: 33px\">\n<td style=\"width: 8.50909%;height: 33px\"><span style=\"font-size: 12pt\">2025.09.15.<\/span><\/td>\n<td style=\"width: 9.52726%;height: 33px\"><span style=\"font-size: 12pt\">12.00 &#8211; 12.45<\/span><\/td>\n<td style=\"width: 15.0545%;height: 33px\"><span style=\"font-size: 12pt\">Dr. Mikul\u00e1s Krisztina<\/span><\/td>\n<td style=\"width: 14.9091%;height: 33px\"><span style=\"font-size: 12pt\">Implant\u00e1ci\u00f3s protetika 1.<\/span><\/td>\n<td style=\"width: 52%;height: 33px\" width=\"167\"><span style=\"font-size: 12pt\"><a href=\"https:\/\/semmelweis.hu\/dft\/files\/2023\/09\/Dr.-Mikulas-Implanta\u0301tumok-e\u0301s-ro\u0308gzi\u0301tett-fogpo\u0301tla\u0301sok..pdf\">Implant\u00e1tumok \u00e9s r\u00f6gz\u00edtett fogp\u00f3tl\u00e1sok: anal\u00f3g vs digit\u00e1lis<\/a><\/span><\/td>\n<\/tr>\n<tr style=\"height: 33px\">\n<td style=\"width: 8.50909%;height: 33px\"><span style=\"font-size: 12pt\">2025.09.15.<\/span><\/td>\n<td style=\"width: 9.52726%;height: 33px\"><span style=\"font-size: 12pt\">13.00 &#8211; 13.45<\/span><\/td>\n<td style=\"width: 15.0545%;height: 33px\"><span style=\"font-size: 12pt\">Dr. Nagy Zsanett<\/span><\/td>\n<td style=\"width: 14.9091%;height: 33px\"><span style=\"font-size: 12pt\">Implant\u00e1ci\u00f3s protetika 2.<\/span><\/td>\n<td style=\"width: 52%;height: 33px\" width=\"167\"><span style=\"font-size: 12pt\"><a href=\"https:\/\/semmelweis.hu\/dft\/files\/2023\/09\/Dr.NagyZs-Implantatumok-kiveheto.pdf\">Implant\u00e1tumon elhorgonyzott kivehet\u0151 fogp\u00f3tl\u00e1sok<\/a><\/span><\/td>\n<\/tr>\n<tr style=\"height: 33px\">\n<td style=\"width: 8.50909%;height: 33px\"><span style=\"font-size: 12pt\">2025.09.17.<\/span><\/td>\n<td style=\"width: 9.52726%;height: 33px\"><span style=\"font-size: 12pt\">13.00 &#8211; 13.45<\/span><\/td>\n<td style=\"width: 15.0545%;height: 33px\"><span style=\"font-size: 12pt\">Dr. Borb\u00e9ly Judit<\/span><\/td>\n<td style=\"width: 14.9091%;height: 33px\"><span style=\"font-size: 12pt\">Fogsz\u00edn II.<\/span><\/td>\n<td style=\"width: 52%;height: 33px\" width=\"167\"><span style=\"font-size: 12pt\"><a href=\"https:\/\/semmelweis.hu\/dft\/files\/2023\/09\/Dr.Borbely-Fogszi\u0301n-a-gyakorlatban.pdf\">Fogsz\u00ednmeghat\u00e1roz\u00e1s<\/a><\/span><\/td>\n<\/tr>\n<tr style=\"height: 33px\">\n<td style=\"width: 8.50909%;height: 33px\"><span style=\"font-size: 12pt\">2025.09.18.<\/span><\/td>\n<td style=\"width: 9.52726%;height: 33px\"><span style=\"font-size: 12pt\">12.00 &#8211; 12.45<\/span><\/td>\n<td style=\"width: 15.0545%;height: 33px\"><span style=\"font-size: 12pt\">Dr. K\u00f6rmendi Szandra<\/span><\/td>\n<td style=\"width: 14.9091%;height: 33px\"><span style=\"font-size: 12pt\">Implant\u00e1ci\u00f3s protetika 3.<\/span><\/td>\n<td style=\"width: 52%;height: 33px\" width=\"167\"><span style=\"font-size: 12pt\"><a href=\"https:\/\/semmelweis.hu\/dft\/files\/2023\/09\/Dr.Deri-Rehabilitacios-protetika-implantatumok-segitsegevel.pdf\">Rehabilit\u00e1ci\u00f3s protetika implant\u00e1tumok seg\u00edts\u00e9g\u00e9vel 1.<\/a><\/span><\/td>\n<\/tr>\n<tr style=\"height: 33px\">\n<td style=\"width: 8.50909%;height: 33px\"><span style=\"font-size: 12pt\">2025.09.18.<\/span><\/td>\n<td style=\"width: 9.52726%;height: 33px\"><span style=\"font-size: 12pt\">13.00 &#8211; 13.45<\/span><\/td>\n<td style=\"width: 15.0545%;height: 33px\"><span style=\"font-size: 12pt\">Dr. V\u00e9gh D\u00e1niel<\/span><\/td>\n<td style=\"width: 14.9091%;height: 33px\"><span style=\"font-size: 12pt\">Implant\u00e1ci\u00f3s protetika 4.<\/span><\/td>\n<td style=\"width: 52%;height: 33px\" width=\"167\"><span style=\"font-size: 12pt\"><a href=\"https:\/\/semmelweis.hu\/dft\/files\/2023\/09\/Dr.Vegh-Implantologia-anyagtan.pdf\">Implant\u00e1tumon elhorgonyzott fogp\u00f3tl\u00e1sok anyagtana<\/a><\/span><\/td>\n<\/tr>\n<tr>\n<td style=\"width: 8.50909%\"><span style=\"font-size: 12pt\">2025.09.19.<\/span><\/td>\n<td style=\"width: 9.52726%\"><span style=\"font-size: 12pt\">12.00 &#8211; 12.45<\/span><\/td>\n<td style=\"width: 15.0545%\"><span style=\"font-size: 12pt\">Dr. K\u00f6rmendi Szandra<\/span><\/td>\n<td style=\"width: 14.9091%\"><span style=\"font-size: 12pt\">Implant\u00e1ci\u00f3s protetika 5.<\/span><\/td>\n<td style=\"width: 52%\"><span style=\"font-size: 12pt\">ExoCAD<\/span><\/td>\n<\/tr>\n<tr>\n<td style=\"width: 8.50909%\"><span style=\"font-size: 12pt\">2025.09.19.<\/span><\/td>\n<td style=\"width: 9.52726%\"><span style=\"font-size: 12pt\">12:45 &#8211; 13:30<\/span><\/td>\n<td style=\"width: 15.0545%\"><span style=\"font-size: 12pt\">Dr. Jo\u00f3s-Kov\u00e1cs Gell\u00e9rt<\/span><\/td>\n<td style=\"width: 14.9091%\"><span style=\"font-size: 12pt\">Implant\u00e1ci\u00f3s protetika 6.<\/span><\/td>\n<td style=\"width: 52%\"><span style=\"font-size: 12pt\">ExoCAD<\/span><\/td>\n<\/tr>\n<tr>\n<td style=\"width: 8.50909%\"><span style=\"font-size: 12pt\">2025.09.19.<\/span><\/td>\n<td style=\"width: 9.52726%\"><span style=\"font-size: 12pt\">13:30 &#8211; 14:15<\/span><\/td>\n<td style=\"width: 15.0545%\"><span style=\"font-size: 12pt\">Dr. K\u00f6rmendi Szandra<\/span><\/td>\n<td style=\"width: 14.9091%\">\u00a0<\/td>\n<td style=\"width: 52%\"><span style=\"font-size: 12pt\">ExoCAD<\/span><\/td>\n<\/tr>\n<tr>\n<td style=\"width: 8.50909%\"><span style=\"font-size: 12pt\">2025.09.19.<\/span><\/td>\n<td style=\"width: 9.52726%\"><span style=\"font-size: 12pt\">14:15 &#8211; 15:00<\/span><\/td>\n<td style=\"width: 15.0545%\"><span style=\"font-size: 12pt\">Dr. Jo\u00f3s-Kov\u00e1cs Gell\u00e9rt<\/span><\/td>\n<td style=\"width: 14.9091%\">\u00a0<\/td>\n<td style=\"width: 52%\"><span style=\"font-size: 12pt\">ExoCAD<\/span><\/td>\n<\/tr>\n<\/tbody>\n<\/table>\n<p>&nbsp;<\/p>\n<h5><span style=\"color: #ff0000\">November<\/span><\/h5>\n<table style=\"color: #1e2326;font-family: 'PT serif', serif;font-size: 1rem;font-weight: 400;width: 100%;height: 297px\">\n<thead>\n<tr style=\"height: 33px\">\n<td style=\"width: 116.078px;text-align: center;height: 33px\"><span style=\"font-size: 12pt\"><strong>D\u00e1tum<\/strong><\/span><\/td>\n<td style=\"width: 132.094px;text-align: center;height: 33px\"><span style=\"font-size: 12pt\"><strong>Id\u0151pont<\/strong><\/span><\/td>\n<td style=\"width: 207.141px;text-align: center;height: 33px\"><span style=\"font-size: 12pt\"><strong>El\u0151ad\u00f3<\/strong><\/span><\/td>\n<td style=\"width: 205.141px;text-align: center;height: 33px\"><span style=\"font-size: 12pt\"><strong>C\u00edm<\/strong><\/span><\/td>\n<td style=\"width: 715.547px;text-align: center;height: 33px\"><span style=\"font-size: 12pt\"><strong>El\u0151ad\u00e1s c\u00edme<\/strong><\/span><\/td>\n<\/tr>\n<\/thead>\n<tbody>\n<tr style=\"height: 33px\">\n<td style=\"width: 116.078px;height: 33px\"><span style=\"font-size: 12pt\">2025.11.03.<\/span><\/td>\n<td style=\"width: 132.094px;height: 33px\"><span style=\"font-size: 12pt\">13.00 &#8211; 13.45<\/span><\/td>\n<td style=\"width: 207.141px;height: 33px\"><span style=\"font-size: 12pt\">Dr. Mikul\u00e1s Krisztina<\/span><\/td>\n<td style=\"width: 205.141px;height: 33px\"><span style=\"font-size: 12pt\">Implant\u00e1ci\u00f3s protetika 7.<\/span><\/td>\n<td style=\"width: 715.547px;height: 33px\"><span style=\"font-size: 12pt\">Digit\u00e1lis tervez\u00e9s implant\u00e1tumokra &#8211; Digit\u00e1lis tervez\u00e9s coDiagnostiX seg\u00edts\u00e9g\u00e9vel<\/span><\/td>\n<\/tr>\n<tr style=\"height: 33px\">\n<td style=\"width: 116.078px;height: 33px\"><span style=\"font-size: 12pt\">2025.11.03.<\/span><\/td>\n<td style=\"width: 132.094px;height: 33px\"><span style=\"font-size: 12pt\">14.00 &#8211; 14.45<\/span><\/td>\n<td style=\"width: 207.141px;height: 33px\"><span style=\"font-size: 12pt\">Dr. Mikul\u00e1s Krisztina<\/span><\/td>\n<td style=\"width: 205.141px;height: 33px\"><span style=\"font-size: 12pt\">Implant\u00e1ci\u00f3s protetika 8.<\/span><\/td>\n<td style=\"width: 715.547px;height: 33px\"><span style=\"font-size: 12pt\">Digit\u00e1lis tervez\u00e9s implant\u00e1tumokra &#8211; implant\u00e1tumfej v\u00e1laszt\u00e1s, ideiglenes restaur\u00e1tum<\/span><\/td>\n<\/tr>\n<tr style=\"height: 33px\">\n<td style=\"width: 116.078px;height: 33px\"><span style=\"font-size: 12pt\">2025.11.05.<\/span><\/td>\n<td style=\"width: 132.094px;height: 33px\"><span style=\"font-size: 12pt\">11:00 &#8211; 11:45<\/span><\/td>\n<td style=\"width: 207.141px;height: 33px\"><span style=\"font-size: 12pt\">Dr. Mikul\u00e1s Krisztina<\/span><\/td>\n<td style=\"width: 205.141px;height: 33px\"><span style=\"font-size: 12pt\">Implant\u00e1ci\u00f3s protetika 9.<\/span><\/td>\n<td style=\"width: 715.547px;height: 33px\"><span style=\"font-size: 12pt\">Digit\u00e1lis tervez\u00e9s implant\u00e1tumokra &#8211; definit\u00edv restaur\u00e1tum<\/span><\/td>\n<\/tr>\n<tr style=\"height: 33px\">\n<td style=\"width: 116.078px;height: 33px\"><span style=\"font-size: 12pt\">2025.11.05.<\/span><\/td>\n<td style=\"width: 132.094px;height: 33px\"><span style=\"font-size: 12pt\">12.00 &#8211; 12.45<\/span><\/td>\n<td style=\"width: 207.141px;height: 33px\"><span style=\"font-size: 12pt\">Dr. Borb\u00e9ly Judit<\/span><\/td>\n<td style=\"width: 205.141px;height: 33px\"><span style=\"font-size: 12pt\">Mosolytervez\u00e9s 1.<\/span><\/td>\n<td style=\"width: 715.547px;height: 33px\"><span style=\"font-size: 12pt\"><a href=\"https:\/\/semmelweis.hu\/dft\/files\/2023\/09\/Dr.Feher-Mosolytervezes-I..pdf\">Mosolytervez\u00e9s szoftverek seg\u00edts\u00e9g\u00e9vel<\/a><\/span><\/td>\n<\/tr>\n<tr style=\"height: 33px\">\n<td style=\"width: 116.078px;height: 33px\"><span style=\"font-size: 12pt\">2025.11.05.<\/span><\/td>\n<td style=\"width: 132.094px;height: 33px\"><span style=\"font-size: 12pt\">13.00 &#8211; 13.45<\/span><\/td>\n<td style=\"width: 207.141px;height: 33px\"><span style=\"font-size: 12pt\">Dr. Borb\u00e9ly Judit<\/span><\/td>\n<td style=\"width: 205.141px;height: 33px\"><span style=\"font-size: 12pt\">Mosolytervez\u00e9s 2.<\/span><\/td>\n<td style=\"width: 715.547px;height: 33px\"><span style=\"font-size: 12pt\">Mosolytervez\u00e9s szoftverek seg\u00edts\u00e9g\u00e9vel<\/span><\/td>\n<\/tr>\n<tr style=\"height: 33px\">\n<td style=\"width: 116.078px;height: 33px\"><span style=\"font-size: 12pt\">2025.11.05.<\/span><\/td>\n<td style=\"width: 132.094px;height: 33px\"><span style=\"font-size: 12pt\">14.00 &#8211; 14.45<\/span><\/td>\n<td style=\"width: 207.141px;height: 33px\"><span style=\"font-size: 12pt\">Dr. Borb\u00e9ly Judit<\/span><\/td>\n<td style=\"width: 205.141px;height: 33px\"><span style=\"font-size: 12pt\">Mosolytervez\u00e9s 3.<\/span><\/td>\n<td style=\"width: 715.547px;height: 33px\"><span style=\"font-size: 12pt\"><a href=\"https:\/\/semmelweis.hu\/dft\/files\/2023\/09\/Dr.FeherMosolytervezes-III.pdf\">Mosolytervez\u00e9s szoftverek seg\u00edts\u00e9g\u00e9vel<\/a><\/span><\/td>\n<\/tr>\n<tr style=\"height: 33px\">\n<td style=\"width: 116.078px;height: 33px\"><span style=\"font-size: 12pt\">2025.11.06.<\/span><\/td>\n<td style=\"width: 132.094px;height: 33px\"><span style=\"font-size: 12pt\">13.00 &#8211; 13.45<\/span><\/td>\n<td style=\"width: 207.141px;height: 33px\"><span style=\"font-size: 12pt\">Dr. Kisp\u00e9lyi Barbara<\/span><\/td>\n<td style=\"width: 205.141px;height: 33px\">\u00a0<\/td>\n<td style=\"width: 715.547px;height: 33px\"><span style=\"font-size: 12pt\">Digit\u00e1lis tervez\u00e9s implant\u00e1tumokra II. &#8211; Implant studio, 3Shape Trios<\/span><\/td>\n<\/tr>\n<tr style=\"height: 33px\">\n<td style=\"width: 116.078px;height: 33px\">2025.11.06.<\/td>\n<td style=\"width: 132.094px;height: 33px\">14.00 &#8211; 14.45<\/td>\n<td style=\"width: 207.141px;height: 33px\"><span style=\"font-size: 14pt\">Dr. Kisp\u00e9lyi Barbara<\/span><\/td>\n<td style=\"width: 205.141px;height: 33px\">\u00a0<\/td>\n<td style=\"width: 715.547px;height: 33px\"><span style=\"font-size: 14pt\">Digit\u00e1lis tervez\u00e9s implant\u00e1tumokra II. &#8211; Implant studio, 3Shape Trios<\/span><\/td>\n<\/tr>\n<\/tbody>\n<\/table>\n","protected":false},"excerpt":{"rendered":"<p>Szemin\u00e1riumok helye 1 &#8211; 5: Semmelweis Egyetem Fogorvostudom\u00e1nyi Kar Oktat\u00e1si Centrum Dr. Schranz D\u00e9nes tan\u00e1csterem\u00a0\u00a0 (1088 Budapest, Szentkir\u00e1lyi u. 47. VI. emelet 647-es szoba) Szemin\u00e1riumok helye 6 &#8211; 15: Semmelweis Egyetem Fogorvostudom\u00e1nyi Kar Oktat\u00e1si Centrum V. emelet nagy digit\u00e1lis labor (1088 Budapest, Szentkir\u00e1lyi u. 47. V. emelet) Szemin\u00e1riumok ideje: 2025.09.15., 2025.09.17-19., 2025.11.03., 2025.11.05-06. Dokumentumok: <a href=\"https:\/\/semmelweis.hu\/dft\/files\/2023\/09\/kovetelmenyrendszer-DFT-Fogpotlastan-II.pdf\">Tant\u00e1rgyi program<\/a> <a href=\"https:\/\/semmelweis.hu\/dft\/files\/2023\/09\/Fogpotlastan-III-beadandok-listaja.pdf\">Beadand\u00f3 t\u00e9m\u00e1k<\/a> <a href=\"https:\/\/semmelweis.hu\/dft\/files\/2023\/09\/Fogpotlastan-III-tetelsor.pdf\">T\u00e9telsor<\/a> Szeptember &hellip;<\/p>\n","protected":false},"author":101231,"featured_media":0,"parent":8745,"menu_order":4,"comment_status":"closed","ping_status":"closed","template":"","meta":{"_acf_changed":false,"footnotes":""},"categories":[],"tags":[],"class_list":["post-8843","page","type-page","status-publish","hentry"],"acf":[],"_links":{"self":[{"href":"https:\/\/semmelweis.hu\/dft\/wp-json\/wp\/v2\/pages\/8843","targetHints":{"allow":["GET"]}}],"collection":[{"href":"https:\/\/semmelweis.hu\/dft\/wp-json\/wp\/v2\/pages"}],"about":[{"href":"https:\/\/semmelweis.hu\/dft\/wp-json\/wp\/v2\/types\/page"}],"author":[{"embeddable":true,"href":"https:\/\/semmelweis.hu\/dft\/wp-json\/wp\/v2\/users\/101231"}],"replies":[{"embeddable":true,"href":"https:\/\/semmelweis.hu\/dft\/wp-json\/wp\/v2\/comments?post=8843"}],"version-history":[{"count":10,"href":"https:\/\/semmelweis.hu\/dft\/wp-json\/wp\/v2\/pages\/8843\/revisions"}],"predecessor-version":[{"id":9671,"href":"https:\/\/semmelweis.hu\/dft\/wp-json\/wp\/v2\/pages\/8843\/revisions\/9671"}],"up":[{"embeddable":true,"href":"https:\/\/semmelweis.hu\/dft\/wp-json\/wp\/v2\/pages\/8745"}],"wp:attachment":[{"href":"https:\/\/semmelweis.hu\/dft\/wp-json\/wp\/v2\/media?parent=8843"}],"wp:term":[{"taxonomy":"category","embeddable":true,"href":"https:\/\/semmelweis.hu\/dft\/wp-json\/wp\/v2\/categories?post=8843"},{"taxonomy":"post_tag","embeddable":true,"href":"https:\/\/semmelweis.hu\/dft\/wp-json\/wp\/v2\/tags?post=8843"}],"curies":[{"name":"wp","href":"https:\/\/api.w.org\/{rel}","templated":true}]}}