{"id":8839,"date":"2023-08-31T11:47:26","date_gmt":"2023-08-31T09:47:26","guid":{"rendered":"https:\/\/semmelweis.hu\/dft\/?page_id=8839"},"modified":"2026-01-07T13:58:14","modified_gmt":"2026-01-07T12:58:14","slug":"oralis-diagnosztika","status":"publish","type":"page","link":"https:\/\/semmelweis.hu\/dft\/2-evfolyam\/3-felev\/oralis-diagnosztika\/","title":{"rendered":"Or\u00e1lis Diagnosztika"},"content":{"rendered":"<div class=\"keretes w-100\">\n<p><span style=\"font-size: 14pt\"><strong>Szemin\u00e1riumok helye:<\/strong> Semmelweis Egyetem Fogorvostudom\u00e1nyi Kar Oktat\u00e1si Centrum V. emelet nagy digit\u00e1lis labor<br \/>\n(1088 Budapest, Szentkir\u00e1lyi u. 47., V. emelet)<\/span><\/p>\n<p><span style=\"font-size: 14pt\"><strong>Szemin\u00e1riumok ideje:<\/strong> 2025.09.18., 2025.11.06.<\/span><\/p>\n<\/div>\n<h3>Dokumentumok:<\/h3>\n<ul style=\"list-style-type: square\">\n<li><a href=\"https:\/\/semmelweis.hu\/dft\/files\/2024\/09\/DF-Oralis-Diagnosztika-tantargyleiras.pdf\">Tant\u00e1rgyi program<\/a><\/li>\n<li><a href=\"https:\/\/semmelweis.hu\/dft\/files\/2024\/09\/DFT-OD-tetelek.pdf\">T\u00e9telek<\/a><\/li>\n<li><a href=\"https:\/\/semmelweis.hu\/dft\/files\/2024\/09\/DF-OD-beadandok.pdf\">Beadand\u00f3 t\u00e9m\u00e1k<\/a><\/li>\n<li><a href=\"https:\/\/semmelweis.hu\/dft\/files\/2024\/09\/tematika_Diagnosztika_20242025.pdf\">Tematika<\/a><\/li>\n<\/ul>\n<h5><span style=\"color: #ff0000\">Szeptember<\/span><\/h5>\n<table style=\"border-collapse: collapse;width: 100%;height: 165px\">\n<thead>\n<tr style=\"height: 33px\">\n<td style=\"width: 9.14545%;height: 33px;text-align: center\"><strong>D\u00e1tum<\/strong><\/td>\n<td style=\"width: 11.0363%;height: 33px;text-align: center\"><strong>Id\u0151pont<\/strong><\/td>\n<td style=\"width: 20.2727%;height: 33px;text-align: center\"><strong>El\u0151ad\u00f3<\/strong><\/td>\n<td style=\"width: 59.5455%;height: 33px;text-align: center\"><strong>El\u0151ad\u00e1s c\u00edme<\/strong><\/td>\n<\/tr>\n<\/thead>\n<tbody>\n<tr style=\"height: 33px\">\n<td style=\"width: 9.14545%;height: 33px\"><span style=\"font-size: 14pt\">2025.09.18.<\/span><\/td>\n<td style=\"width: 11.0363%;height: 33px\">8.00 &#8211; 8.45<\/td>\n<td style=\"width: 20.2727%;height: 33px\">Prof. Dr. Dob\u00f3 Nagy Csaba<\/td>\n<td style=\"width: 59.5455%;height: 33px\"><a href=\"https:\/\/semmelweis.hu\/dft\/files\/2023\/09\/Diagnosztika-bevezetes.pdf\">Bevezet\u00e9s a diagnosztikai ismeretekebe<\/a><\/td>\n<\/tr>\n<tr style=\"height: 33px\">\n<td style=\"width: 9.14545%;height: 33px\"><span style=\"font-size: 14pt\">2025.09.18.<\/span><\/td>\n<td style=\"width: 11.0363%;height: 33px\">9.00 &#8211; 9.45<\/td>\n<td style=\"width: 20.2727%;height: 33px\">Dr. Horv\u00e1th D\u00e1niel<\/td>\n<td style=\"width: 59.5455%;height: 33px\">Telemedicina jelent\u0151s\u00e9ge a fogorvosi diagnosztik\u00e1ban<\/td>\n<\/tr>\n<tr style=\"height: 33px\">\n<td style=\"width: 9.14545%;height: 33px\"><span style=\"font-size: 14pt\">2025.09.18.<\/span><\/td>\n<td style=\"width: 11.0363%;height: 33px\">10.00 &#8211; 10.45<\/td>\n<td style=\"width: 20.2727%;height: 33px\">Dr. Horv\u00e1th D\u00e1niel<\/td>\n<td style=\"width: 59.5455%;height: 33px\"><a href=\"https:\/\/semmelweis.hu\/dft\/files\/2023\/09\/Digitalis-fotozas.pdf\">A sz\u00e1j\u00fcreg digit\u00e1lis f\u00e9nyk\u00e9pez\u00e9se<\/a><\/td>\n<\/tr>\n<tr style=\"height: 33px\">\n<td style=\"width: 9.14545%;height: 33px\"><span style=\"font-size: 14pt\">2025.09.18.<\/span><\/td>\n<td style=\"width: 11.0363%;height: 33px\">11.00 &#8211; 11.45<\/td>\n<td style=\"width: 20.2727%;height: 33px\">Dr. V\u00e1lyi P\u00e9ter<\/td>\n<td style=\"width: 59.5455%;height: 33px\"><a href=\"https:\/\/semmelweis.hu\/dft\/files\/2023\/09\/DF-EA-Parodontologiai-diagnosztika.pdf\">Parodontol\u00f3giai diagnosztika<\/a><\/td>\n<\/tr>\n<\/tbody>\n<\/table>\n<p>&nbsp;<\/p>\n<h5><span style=\"color: #ff0000\">November\u00a0<\/span><\/h5>\n<table style=\"border-collapse: collapse;width: 100%;height: 198px\">\n<thead>\n<tr style=\"height: 33px\">\n<td style=\"width: 9.14545%;height: 33px;text-align: center\"><strong>D\u00e1tum<\/strong><\/td>\n<td style=\"width: 11.0363%;height: 33px;text-align: center\"><strong>Id\u0151pont<\/strong><\/td>\n<td style=\"width: 20.2727%;height: 33px;text-align: center\"><strong>El\u0151ad\u00f3<\/strong><\/td>\n<td style=\"width: 59.5455%;height: 33px;text-align: center\"><strong>El\u0151ad\u00e1s c\u00edme<\/strong><\/td>\n<\/tr>\n<\/thead>\n<tbody>\n<tr style=\"height: 33px\">\n<td style=\"width: 9.14545%;height: 33px\"><span style=\"font-size: 14pt\">2025.11.06.<\/span><\/td>\n<td style=\"width: 11.0363%;height: 33px\">8.00 &#8211; 8.45<\/td>\n<td style=\"width: 20.2727%;height: 33px\">Prof. Dr. Dob\u00f3 Nagy Csaba<\/td>\n<td style=\"width: 59.5455%;height: 33px\"><a href=\"https:\/\/semmelweis.hu\/dft\/files\/2023\/09\/Cariologiai-es-Endodontiai-diagnosztika.pdf\">Kariol\u00f3giai \u00e9s endodonciai diagnosztika<\/a><\/td>\n<\/tr>\n<tr style=\"height: 33px\">\n<td style=\"width: 9.14545%;height: 33px\"><span style=\"font-size: 14pt\">2025.11.06.<\/span><\/td>\n<td style=\"width: 11.0363%;height: 33px\">9.00 &#8211; 9.45<\/td>\n<td style=\"width: 20.2727%;height: 33px\">Dr. Dobai Adrienn<\/td>\n<td style=\"width: 59.5455%;height: 33px\">Ortodonciai diagnosztika<\/td>\n<\/tr>\n<tr style=\"height: 33px\">\n<td style=\"width: 9.14545%;height: 33px\"><span style=\"font-size: 14pt\">2025.11.06.<\/span><\/td>\n<td style=\"width: 11.0363%;height: 33px\">10.00 &#8211; 10.45<\/td>\n<td style=\"width: 20.2727%;height: 33px\">Dr. V\u00e1lyi P\u00e9ter<\/td>\n<td style=\"width: 59.5455%;height: 33px\"><a href=\"https:\/\/semmelweis.hu\/dft\/files\/2023\/09\/DF-EA-Mikrobiologiai-es-klinikai-kemiai-diagnosztika.pdf\">Ny\u00e1l jelent\u0151s\u00e9ge a diagnosztik\u00e1ban<\/a><\/td>\n<\/tr>\n<tr style=\"height: 33px\">\n<td style=\"width: 9.14545%;height: 33px\"><span style=\"font-size: 14pt\">2025.11.06.<\/span><\/td>\n<td style=\"width: 11.0363%;height: 33px\">11.00 &#8211; 11.45<\/td>\n<td style=\"width: 20.2727%;height: 33px\">Dr. Schmidt P\u00e9ter<\/td>\n<td style=\"width: 59.5455%;height: 33px\"><a href=\"https:\/\/semmelweis.hu\/dft\/files\/2024\/09\/A-TMD-diagnosztikaja.pdf\">R\u00e1g\u00f3\u00edz\u00fclet diagnosztik\u00e1ja<\/a><\/td>\n<\/tr>\n<tr style=\"height: 33px\">\n<td style=\"width: 9.14545%;height: 33px\"><span style=\"font-size: 14pt\">2025.11.06.<\/span><\/td>\n<td style=\"width: 11.0363%;height: 33px\">12.00 &#8211; 12.45<\/td>\n<td style=\"width: 20.2727%;height: 33px\">Dr. Mensch K\u00e1roly<\/td>\n<td style=\"width: 59.5455%;height: 33px\"><a href=\"https:\/\/semmelweis.hu\/dft\/files\/2023\/09\/DigitalisfogaszatOralmedMensch.pdf\">Or\u00e1lis medicina vizsg\u00e1l\u00f3 eszk\u00f6zei<\/a><\/td>\n<\/tr>\n<\/tbody>\n<\/table>\n","protected":false},"excerpt":{"rendered":"<p>Szemin\u00e1riumok helye: Semmelweis Egyetem Fogorvostudom\u00e1nyi Kar Oktat\u00e1si Centrum V. emelet nagy digit\u00e1lis labor (1088 Budapest, Szentkir\u00e1lyi u. 47., V. emelet) Szemin\u00e1riumok ideje: 2025.09.18., 2025.11.06. Dokumentumok: <a href=\"https:\/\/semmelweis.hu\/dft\/files\/2024\/09\/DF-Oralis-Diagnosztika-tantargyleiras.pdf\">Tant\u00e1rgyi program<\/a> <a href=\"https:\/\/semmelweis.hu\/dft\/files\/2024\/09\/DFT-OD-tetelek.pdf\">T\u00e9telek<\/a> <a href=\"https:\/\/semmelweis.hu\/dft\/files\/2024\/09\/DF-OD-beadandok.pdf\">Beadand\u00f3 t\u00e9m\u00e1k<\/a> <a href=\"https:\/\/semmelweis.hu\/dft\/files\/2024\/09\/tematika_Diagnosztika_20242025.pdf\">Tematika<\/a> Szeptember D\u00e1tum Id\u0151pont El\u0151ad\u00f3 El\u0151ad\u00e1s c\u00edme 2025.09.18. 8.00 &#8211; 8.45 Prof. Dr. Dob\u00f3 Nagy Csaba <a href=\"https:\/\/semmelweis.hu\/dft\/files\/2023\/09\/Diagnosztika-bevezetes.pdf\">Bevezet\u00e9s a diagnosztikai ismeretekebe<\/a> 2025.09.18. 9.00 &#8211; 9.45 Dr. Horv\u00e1th D\u00e1niel Telemedicina jelent\u0151s\u00e9ge a fogorvosi diagnosztik\u00e1ban 2025.09.18. 10.00 &#8211; &hellip;<\/p>\n","protected":false},"author":101231,"featured_media":0,"parent":8745,"menu_order":3,"comment_status":"closed","ping_status":"closed","template":"","meta":{"_acf_changed":false,"footnotes":""},"categories":[],"tags":[],"class_list":["post-8839","page","type-page","status-publish","hentry"],"acf":[],"_links":{"self":[{"href":"https:\/\/semmelweis.hu\/dft\/wp-json\/wp\/v2\/pages\/8839","targetHints":{"allow":["GET"]}}],"collection":[{"href":"https:\/\/semmelweis.hu\/dft\/wp-json\/wp\/v2\/pages"}],"about":[{"href":"https:\/\/semmelweis.hu\/dft\/wp-json\/wp\/v2\/types\/page"}],"author":[{"embeddable":true,"href":"https:\/\/semmelweis.hu\/dft\/wp-json\/wp\/v2\/users\/101231"}],"replies":[{"embeddable":true,"href":"https:\/\/semmelweis.hu\/dft\/wp-json\/wp\/v2\/comments?post=8839"}],"version-history":[{"count":10,"href":"https:\/\/semmelweis.hu\/dft\/wp-json\/wp\/v2\/pages\/8839\/revisions"}],"predecessor-version":[{"id":9670,"href":"https:\/\/semmelweis.hu\/dft\/wp-json\/wp\/v2\/pages\/8839\/revisions\/9670"}],"up":[{"embeddable":true,"href":"https:\/\/semmelweis.hu\/dft\/wp-json\/wp\/v2\/pages\/8745"}],"wp:attachment":[{"href":"https:\/\/semmelweis.hu\/dft\/wp-json\/wp\/v2\/media?parent=8839"}],"wp:term":[{"taxonomy":"category","embeddable":true,"href":"https:\/\/semmelweis.hu\/dft\/wp-json\/wp\/v2\/categories?post=8839"},{"taxonomy":"post_tag","embeddable":true,"href":"https:\/\/semmelweis.hu\/dft\/wp-json\/wp\/v2\/tags?post=8839"}],"curies":[{"name":"wp","href":"https:\/\/api.w.org\/{rel}","templated":true}]}}