{"id":8824,"date":"2023-08-31T11:23:13","date_gmt":"2023-08-31T09:23:13","guid":{"rendered":"https:\/\/semmelweis.hu\/dft\/?page_id=8824"},"modified":"2026-01-07T13:57:42","modified_gmt":"2026-01-07T12:57:42","slug":"biofizika","status":"publish","type":"page","link":"https:\/\/semmelweis.hu\/dft\/2-evfolyam\/3-felev\/biofizika\/","title":{"rendered":"Biofizika"},"content":{"rendered":"<div class=\"keretes w-100\">\n<p><strong>Szemin\u00e1riumok helye:<\/strong> Semmelweis Egyetem Fogorvostudom\u00e1nyi Kar Oktat\u00e1si Centrum V. emelet<br \/>\n(1088 Budapest, Szentkir\u00e1lyi u. 47., V. emelet)<\/p>\n<p><strong>Szemin\u00e1riumok ideje:<\/strong> 2025.09.16.<\/p>\n<p><strong>Gyakorlatok helye:<\/strong> Semmelweis Egyetem Elm\u00e9leti Orvostudom\u00e1nyi K\u00f6zpont A-f\u00e9s\u0171 II. emelet<br \/>\n(1094 Budapest, T\u0171zolt\u00f3 utca 37-47.)<\/p>\n<p><strong>Szemin\u00e1riumok ideje:<\/strong> 2025.11.04.<\/p>\n<\/div>\n<h3>Dokumentumok:<\/h3>\n<ul style=\"list-style-type: square\">\n<li><a href=\"https:\/\/semmelweis.hu\/dft\/files\/2025\/09\/DFT-Biofizika-2025z.pdf\">2025 \u0151sz<\/a><\/li>\n<li><a href=\"https:\/\/semmelweis.hu\/dft\/files\/2023\/09\/ko\u0308vetelme\u0301nyrendszer-DFT-Biofizika.pdf\">Tant\u00e1rgyi program<\/a><\/li>\n<li><a href=\"https:\/\/semmelweis.hu\/dft\/files\/2023\/08\/Biofizika-tetelsor.pdf\">T\u00e9telsor<\/a><\/li>\n<li><a href=\"https:\/\/semmelweis.hu\/dft\/files\/2023\/08\/Biofizika-beadando-temak-listaja.pdf\">Beadand\u00f3 t\u00e9m\u00e1k<\/a><\/li>\n<\/ul>\n<h5><span style=\"color: #ff0000\">Szeptember<\/span><\/h5>\n<table style=\"border-collapse: collapse;width: 100%;height: 198px\">\n<thead>\n<tr style=\"height: 33px\">\n<td style=\"width: 9.07273%;text-align: center;height: 33px\"><strong>D\u00e1tum\u00a0<\/strong><\/td>\n<td style=\"width: 18.8061%;text-align: center;height: 33px\"><strong>Id\u0151pont<\/strong><\/td>\n<td style=\"width: 27.5359%;text-align: center;height: 33px\"><strong>El\u0151ad\u00f3<\/strong><\/td>\n<td style=\"width: 44.5853%;text-align: center;height: 33px\"><strong>El\u0151ad\u00e1s\u00a0<\/strong><\/td>\n<\/tr>\n<\/thead>\n<tbody>\n<tr style=\"height: 33px\">\n<td style=\"width: 9.07273%;height: 33px\">2025.09.16.<\/td>\n<td style=\"width: 18.8061%;height: 33px\">8.00 &#8211; 8.45<\/td>\n<td style=\"width: 27.5359%;height: 33px\">Dr. Liliom K\u00e1roly<\/td>\n<td style=\"width: 44.5853%;height: 33px\">F\u00e9ny \u00e9s anyag k\u00f6lcs\u00f6nhat\u00e1sai<\/td>\n<\/tr>\n<tr style=\"height: 33px\">\n<td style=\"width: 9.07273%;height: 33px\">2025.09.16.<\/td>\n<td style=\"width: 18.8061%;height: 33px\">9.00 &#8211; 9.45<\/td>\n<td style=\"width: 27.5359%;height: 33px\">Dr. Liliom K\u00e1roly<\/td>\n<td style=\"width: 44.5853%;height: 33px\"><a href=\"https:\/\/semmelweis.hu\/dft\/files\/2025\/09\/DFT25z-Biofizika2-Lumineszcencia.pdf\">Lumineszcencia, l\u00e9zer<\/a><\/td>\n<\/tr>\n<tr style=\"height: 33px\">\n<td style=\"width: 9.07273%;height: 33px\">2025.09.16.<\/td>\n<td style=\"width: 18.8061%;height: 33px\">10.00 &#8211; 10.45<\/td>\n<td style=\"width: 27.5359%;height: 33px\">Dr. Liliom K\u00e1roly<\/td>\n<td style=\"width: 44.5853%;height: 33px\"><a href=\"https:\/\/semmelweis.hu\/dft\/files\/2025\/09\/DFT25z-Biofizika3-Rontgensugarzas.pdf\">R\u00f6ntgensug\u00e1rz\u00e1s<\/a><\/td>\n<\/tr>\n<tr style=\"height: 33px\">\n<td style=\"width: 9.07273%;height: 33px\">2025.09.16.<\/td>\n<td style=\"width: 18.8061%;height: 33px\">11.00 &#8211; 11.45<\/td>\n<td style=\"width: 27.5359%;height: 33px\">Dr. Liliom K\u00e1roly<\/td>\n<td style=\"width: 44.5853%;height: 33px\"><a href=\"https:\/\/semmelweis.hu\/dft\/files\/2025\/09\/DFT25z-Biofizika4-Magsugarzasok.pdf\">Magsug\u00e1rz\u00e1sok<\/a><\/td>\n<\/tr>\n<tr style=\"height: 33px\">\n<td style=\"width: 9.07273%;height: 33px\">2025.09.16.<\/td>\n<td style=\"width: 18.8061%;height: 33px\">12.00 &#8211; 12.45<\/td>\n<td style=\"width: 27.5359%;height: 33px\">Dr. Liliom K\u00e1roly<\/td>\n<td style=\"width: 44.5853%;height: 33px\"><a href=\"https:\/\/semmelweis.hu\/dft\/files\/2025\/09\/DFT25z-Biofizika5-Transzportfolyamatok.pdf\">Transzportfolyamatok<\/a><\/td>\n<\/tr>\n<\/tbody>\n<\/table>\n<h5>\u00a0<\/h5>\n<h5><span style=\"color: #ff0000\">November<\/span><\/h5>\n<table style=\"border-collapse: collapse;width: 99.5636%;height: 165px\">\n<thead>\n<tr style=\"height: 33px\">\n<td style=\"width: 9.07273%;text-align: center;height: 33px\"><strong>D\u00e1tum\u00a0<\/strong><\/td>\n<td style=\"width: 17.0918%;text-align: center;height: 33px\"><strong>Id\u0151pont<\/strong><\/td>\n<td style=\"width: 29.6801%;text-align: center;height: 33px\"><strong>El\u0151ad\u00f3<\/strong><\/td>\n<td style=\"width: 44.1554%;text-align: center;height: 33px\"><strong>El\u0151ad\u00e1s<\/strong><\/td>\n<\/tr>\n<\/thead>\n<tbody>\n<tr style=\"height: 33px\">\n<td style=\"width: 9.07273%;height: 33px\">2025.11.04.<\/td>\n<td style=\"width: 17.0918%;height: 33px\">9.00 &#8211; 9.45<\/td>\n<td style=\"width: 29.6801%;height: 33px\">Dr. Liliom K\u00e1roly \/ Dr. Gresits Iv\u00e1n<\/td>\n<td style=\"width: 44.1554%;height: 33px\"><a href=\"https:\/\/semmelweis.hu\/dft\/files\/2025\/09\/DFT25z-Biofizika6-Membranpotencial.pdf\">Membr\u00e1npotenci\u00e1l<\/a><\/td>\n<\/tr>\n<tr style=\"height: 33px\">\n<td style=\"width: 9.07273%;height: 33px\">2025.11.04.<\/td>\n<td style=\"width: 17.0918%;height: 33px\">10.00 &#8211; 10.45<\/td>\n<td style=\"width: 29.6801%;height: 33px\">Dr. Liliom K\u00e1roly \/ Dr. Gresits Iv\u00e1n<\/td>\n<td style=\"width: 44.1554%;height: 33px\"><a href=\"https:\/\/semmelweis.hu\/dft\/files\/2025\/09\/DFT25z-Biofizika7-Erzekeles.pdf\">\u00c9rz\u00e9kel\u00e9s<\/a><\/td>\n<\/tr>\n<tr style=\"height: 33px\">\n<td style=\"width: 9.07273%;height: 33px\">2025.11.04.<\/td>\n<td style=\"width: 17.0918%;height: 33px\">11.00 &#8211; 11.45<\/td>\n<td style=\"width: 29.6801%;height: 33px\">Dr. Liliom K\u00e1roly \/ Dr. Gresits Iv\u00e1n<\/td>\n<td style=\"width: 44.1554%;height: 33px\"><a href=\"https:\/\/semmelweis.hu\/dft\/files\/2025\/09\/DFT25z-Biofizika8-Optikai-gyakorlatok.pdf\">Optika<\/a><\/td>\n<\/tr>\n<tr style=\"height: 33px\">\n<td style=\"width: 9.07273%;height: 33px\">2025.11.04.<\/td>\n<td style=\"width: 17.0918%;height: 33px\">12.00 &#8211; 12.45<\/td>\n<td style=\"width: 29.6801%;height: 33px\">Dr. Liliom K\u00e1roly \/ Dr. Gresits Iv\u00e1n<\/td>\n<td style=\"width: 44.1554%;height: 33px\">A szem optik\u00e1ja<\/td>\n<\/tr>\n<\/tbody>\n<\/table>\n","protected":false},"excerpt":{"rendered":"<p>Szemin\u00e1riumok helye: Semmelweis Egyetem Fogorvostudom\u00e1nyi Kar Oktat\u00e1si Centrum V. emelet (1088 Budapest, Szentkir\u00e1lyi u. 47., V. emelet) Szemin\u00e1riumok ideje: 2025.09.16. Gyakorlatok helye: Semmelweis Egyetem Elm\u00e9leti Orvostudom\u00e1nyi K\u00f6zpont A-f\u00e9s\u0171 II. emelet (1094 Budapest, T\u0171zolt\u00f3 utca 37-47.) Szemin\u00e1riumok ideje: 2025.11.04. Dokumentumok: <a href=\"https:\/\/semmelweis.hu\/dft\/files\/2025\/09\/DFT-Biofizika-2025z.pdf\">2025 \u0151sz<\/a> <a href=\"https:\/\/semmelweis.hu\/dft\/files\/2023\/09\/ko\u0308vetelme\u0301nyrendszer-DFT-Biofizika.pdf\">Tant\u00e1rgyi program<\/a> <a href=\"https:\/\/semmelweis.hu\/dft\/files\/2023\/08\/Biofizika-tetelsor.pdf\">T\u00e9telsor<\/a> <a href=\"https:\/\/semmelweis.hu\/dft\/files\/2023\/08\/Biofizika-beadando-temak-listaja.pdf\">Beadand\u00f3 t\u00e9m\u00e1k<\/a> Szeptember D\u00e1tum\u00a0 Id\u0151pont El\u0151ad\u00f3 El\u0151ad\u00e1s\u00a0 2025.09.16. 8.00 &#8211; 8.45 Dr. Liliom K\u00e1roly F\u00e9ny \u00e9s anyag k\u00f6lcs\u00f6nhat\u00e1sai &hellip;<\/p>\n","protected":false},"author":101231,"featured_media":0,"parent":8745,"menu_order":2,"comment_status":"closed","ping_status":"closed","template":"","meta":{"_acf_changed":false,"footnotes":""},"categories":[],"tags":[],"class_list":["post-8824","page","type-page","status-publish","hentry"],"acf":[],"_links":{"self":[{"href":"https:\/\/semmelweis.hu\/dft\/wp-json\/wp\/v2\/pages\/8824","targetHints":{"allow":["GET"]}}],"collection":[{"href":"https:\/\/semmelweis.hu\/dft\/wp-json\/wp\/v2\/pages"}],"about":[{"href":"https:\/\/semmelweis.hu\/dft\/wp-json\/wp\/v2\/types\/page"}],"author":[{"embeddable":true,"href":"https:\/\/semmelweis.hu\/dft\/wp-json\/wp\/v2\/users\/101231"}],"replies":[{"embeddable":true,"href":"https:\/\/semmelweis.hu\/dft\/wp-json\/wp\/v2\/comments?post=8824"}],"version-history":[{"count":10,"href":"https:\/\/semmelweis.hu\/dft\/wp-json\/wp\/v2\/pages\/8824\/revisions"}],"predecessor-version":[{"id":9669,"href":"https:\/\/semmelweis.hu\/dft\/wp-json\/wp\/v2\/pages\/8824\/revisions\/9669"}],"up":[{"embeddable":true,"href":"https:\/\/semmelweis.hu\/dft\/wp-json\/wp\/v2\/pages\/8745"}],"wp:attachment":[{"href":"https:\/\/semmelweis.hu\/dft\/wp-json\/wp\/v2\/media?parent=8824"}],"wp:term":[{"taxonomy":"category","embeddable":true,"href":"https:\/\/semmelweis.hu\/dft\/wp-json\/wp\/v2\/categories?post=8824"},{"taxonomy":"post_tag","embeddable":true,"href":"https:\/\/semmelweis.hu\/dft\/wp-json\/wp\/v2\/tags?post=8824"}],"curies":[{"name":"wp","href":"https:\/\/api.w.org\/{rel}","templated":true}]}}