{"id":8812,"date":"2023-08-31T10:57:26","date_gmt":"2023-08-31T08:57:26","guid":{"rendered":"https:\/\/semmelweis.hu\/dft\/?page_id=8812"},"modified":"2026-01-07T13:57:20","modified_gmt":"2026-01-07T12:57:20","slug":"elettan","status":"publish","type":"page","link":"https:\/\/semmelweis.hu\/dft\/2-evfolyam\/3-felev\/elettan\/","title":{"rendered":"\u00c9lettan"},"content":{"rendered":"<div class=\"keretes w-100\">\n<p><strong>Szemin\u00e1riumok helye:<\/strong> Semmelweis Egyetem Fogorvostudom\u00e1nyi Kar Oktat\u00e1si Centrum <span style=\"font-size: 14pt\">V. emelet nagy digit\u00e1lis labor<\/span><br \/>\n<span style=\"font-size: 14pt\">(1088 Budapest, Szentkir\u00e1lyi u. 47., V. emelet)<\/span><\/p>\n<p><strong>Szemin\u00e1riumok ideje:<\/strong> 2025.09.15., 2025.11.06.<\/p>\n<\/div>\n<h3>Dokumentumok:<\/h3>\n<ul style=\"list-style-type: square\">\n<li>Tant\u00e1rgyi program<\/li>\n<li><a href=\"https:\/\/semmelweis.hu\/dft\/files\/2023\/08\/Elettan-beadando-temak-2023-oszi-felev.pdf\">Beadand\u00f3 t\u00e9m\u00e1k<\/a><\/li>\n<li><a href=\"https:\/\/semmelweis.hu\/dft\/files\/2023\/08\/Elettan-tetelek-2023-oszi-felev.pdf\">T\u00e9telsor<\/a><\/li>\n<\/ul>\n<h5><span style=\"color: #ff0000\">Szeptember<\/span><\/h5>\n<table style=\"border-collapse: collapse;width: 100%;height: 165px\">\n<thead>\n<tr style=\"height: 33px\">\n<td style=\"width: 10.6727%;height: 33px;text-align: center\"><strong>D\u00e1tum<\/strong><\/td>\n<td style=\"width: 10.0909%;height: 33px;text-align: center\"><strong>Id\u0151pont<\/strong><\/td>\n<td style=\"width: 15.3273%;height: 33px;text-align: center\"><strong>El\u0151ad\u00f3<\/strong><\/td>\n<td style=\"width: 63.9091%;height: 33px;text-align: center\"><strong>El\u0151ad\u00e1s c\u00edme<\/strong><\/td>\n<\/tr>\n<\/thead>\n<tbody>\n<tr style=\"height: 33px\">\n<td style=\"width: 10.6727%;height: 33px\">2025.09.15.<\/td>\n<td style=\"width: 10.0909%;height: 33px\">8.00 &#8211; 8.45<\/td>\n<td style=\"width: 15.3273%;height: 33px\">Dr. Zsembery \u00c1kos<\/td>\n<td style=\"width: 63.9091%;height: 33px\">A jel\u00e1tvitel alapjai<\/td>\n<\/tr>\n<tr style=\"height: 33px\">\n<td style=\"width: 10.6727%;height: 33px\">2025.09.15.<\/td>\n<td style=\"width: 10.0909%;height: 33px\">9.00 &#8211; 9.45<\/td>\n<td style=\"width: 15.3273%;height: 33px\">Dr. Zsembery \u00c1kos<\/td>\n<td style=\"width: 63.9091%;height: 33px\">Izomsejtek t\u00edpusai \u00e9s m\u0171k\u00f6d\u00e9s\u00fck<\/td>\n<\/tr>\n<tr style=\"height: 33px\">\n<td style=\"width: 10.6727%;height: 33px\">2025.09.15.<\/td>\n<td style=\"width: 10.0909%;height: 33px\">10.00 &#8211; 10.45<\/td>\n<td style=\"width: 15.3273%;height: 33px\">Dr. Zsembery \u00c1kos<\/td>\n<td style=\"width: 63.9091%;height: 33px\">Az auton\u00f3m \u00e9s a szomatomotoros idegrendszeri m\u0171k\u00f6d\u00e9sek<\/td>\n<\/tr>\n<tr style=\"height: 33px\">\n<td style=\"width: 10.6727%;height: 33px\">2025.09.15.<\/td>\n<td style=\"width: 10.0909%;height: 33px\">11.00 &#8211; 11.45<\/td>\n<td style=\"width: 15.3273%;height: 33px\">Dr. Zsembery \u00c1kos<\/td>\n<td style=\"width: 63.9091%;height: 33px\">A sz\u00edv m\u0171k\u00f6d\u00e9s\u00e9nek alapelvei, a v\u00e9rkering\u00e9s \u00e9lettana<\/td>\n<\/tr>\n<\/tbody>\n<\/table>\n<h5>\u00a0<\/h5>\n<h5><span style=\"color: #ff0000\">November<\/span><\/h5>\n<table style=\"border-collapse: collapse;width: 100%;height: 165px\">\n<thead>\n<tr style=\"height: 33px\">\n<td style=\"width: 10.6727%;height: 33px;text-align: center\"><strong>D\u00e1tum<\/strong><\/td>\n<td style=\"width: 10.0909%;height: 33px;text-align: center\"><strong>Id\u0151pont<\/strong><\/td>\n<td style=\"width: 15.3273%;height: 33px;text-align: center\"><strong>El\u0151ad\u00f3<\/strong><\/td>\n<td style=\"width: 63.9091%;height: 33px;text-align: center\"><strong>El\u0151ad\u00e1s c\u00edme<\/strong><\/td>\n<\/tr>\n<\/thead>\n<tbody>\n<tr style=\"height: 33px\">\n<td style=\"width: 10.6727%;height: 33px\">2025.11.03.<\/td>\n<td style=\"width: 10.0909%;height: 33px\">8.00 &#8211; 8.45<\/td>\n<td style=\"width: 15.3273%;height: 33px\">Dr. Zsembery \u00c1kos<\/td>\n<td style=\"width: 63.9091%;height: 33px\">A l\u00e9gz\u0151rendszer fel\u00e9p\u00edt\u00e9se \u00e9s feladatai<\/td>\n<\/tr>\n<tr style=\"height: 33px\">\n<td style=\"width: 10.6727%;height: 33px\">2025.11.03.<\/td>\n<td style=\"width: 10.0909%;height: 33px\">9.00 &#8211; 9.45<\/td>\n<td style=\"width: 15.3273%;height: 33px\">Dr. Zsembery \u00c1kos<\/td>\n<td style=\"width: 63.9091%;height: 33px\">Endokrinol\u00f3giai alapfogalmak. A kalcium- \u00e9s foszf\u00e1tforgalom hormon\u00e1lis szab\u00e1lyoz\u00e1sa<\/td>\n<\/tr>\n<tr style=\"height: 33px\">\n<td style=\"width: 10.6727%;height: 33px\">2025.11.03.<\/td>\n<td style=\"width: 10.0909%;height: 33px\">10.00 &#8211; 10.45<\/td>\n<td style=\"width: 15.3273%;height: 33px\">Dr. Zsembery \u00c1kos<\/td>\n<td style=\"width: 63.9091%;height: 33px\">F\u00e1jdalom<\/td>\n<\/tr>\n<tr style=\"height: 33px\">\n<td style=\"width: 10.6727%;height: 33px\">2025.11.04.<\/td>\n<td style=\"width: 10.0909%;height: 33px\">13:15 &#8211; 14:00<\/td>\n<td style=\"width: 15.3273%;height: 33px\">Dr. Ker\u00e9mi Be\u00e1ta<\/td>\n<td style=\"width: 63.9091%;height: 33px\">A fert\u0151z\u00e9sek behatol\u00e1si kapui \u00e9s a szervezet v\u00e9dekez\u0151 mechanizmusai<\/td>\n<\/tr>\n<tr>\n<td style=\"width: 10.6727%\">2025.11.04.<\/td>\n<td style=\"width: 10.0909%\">14:00 &#8211; 14:45<\/td>\n<td style=\"width: 15.3273%\">Dr. Ker\u00e9mi Be\u00e1ta<\/td>\n<td style=\"width: 63.9091%\">A v\u00e9rsejtek feladatai \u00e9s a gyullad\u00e1s<\/td>\n<\/tr>\n<\/tbody>\n<\/table>\n","protected":false},"excerpt":{"rendered":"<p>Szemin\u00e1riumok helye: Semmelweis Egyetem Fogorvostudom\u00e1nyi Kar Oktat\u00e1si Centrum V. emelet nagy digit\u00e1lis labor (1088 Budapest, Szentkir\u00e1lyi u. 47., V. emelet) Szemin\u00e1riumok ideje: 2025.09.15., 2025.11.06. Dokumentumok: Tant\u00e1rgyi program <a href=\"https:\/\/semmelweis.hu\/dft\/files\/2023\/08\/Elettan-beadando-temak-2023-oszi-felev.pdf\">Beadand\u00f3 t\u00e9m\u00e1k<\/a> <a href=\"https:\/\/semmelweis.hu\/dft\/files\/2023\/08\/Elettan-tetelek-2023-oszi-felev.pdf\">T\u00e9telsor<\/a> Szeptember D\u00e1tum Id\u0151pont El\u0151ad\u00f3 El\u0151ad\u00e1s c\u00edme 2025.09.15. 8.00 &#8211; 8.45 Dr. Zsembery \u00c1kos A jel\u00e1tvitel alapjai 2025.09.15. 9.00 &#8211; 9.45 Dr. Zsembery \u00c1kos Izomsejtek t\u00edpusai \u00e9s m\u0171k\u00f6d\u00e9s\u00fck 2025.09.15. &hellip;<\/p>\n","protected":false},"author":101231,"featured_media":0,"parent":8745,"menu_order":1,"comment_status":"closed","ping_status":"closed","template":"","meta":{"_acf_changed":false,"footnotes":""},"categories":[],"tags":[],"class_list":["post-8812","page","type-page","status-publish","hentry"],"acf":[],"_links":{"self":[{"href":"https:\/\/semmelweis.hu\/dft\/wp-json\/wp\/v2\/pages\/8812","targetHints":{"allow":["GET"]}}],"collection":[{"href":"https:\/\/semmelweis.hu\/dft\/wp-json\/wp\/v2\/pages"}],"about":[{"href":"https:\/\/semmelweis.hu\/dft\/wp-json\/wp\/v2\/types\/page"}],"author":[{"embeddable":true,"href":"https:\/\/semmelweis.hu\/dft\/wp-json\/wp\/v2\/users\/101231"}],"replies":[{"embeddable":true,"href":"https:\/\/semmelweis.hu\/dft\/wp-json\/wp\/v2\/comments?post=8812"}],"version-history":[{"count":11,"href":"https:\/\/semmelweis.hu\/dft\/wp-json\/wp\/v2\/pages\/8812\/revisions"}],"predecessor-version":[{"id":9668,"href":"https:\/\/semmelweis.hu\/dft\/wp-json\/wp\/v2\/pages\/8812\/revisions\/9668"}],"up":[{"embeddable":true,"href":"https:\/\/semmelweis.hu\/dft\/wp-json\/wp\/v2\/pages\/8745"}],"wp:attachment":[{"href":"https:\/\/semmelweis.hu\/dft\/wp-json\/wp\/v2\/media?parent=8812"}],"wp:term":[{"taxonomy":"category","embeddable":true,"href":"https:\/\/semmelweis.hu\/dft\/wp-json\/wp\/v2\/categories?post=8812"},{"taxonomy":"post_tag","embeddable":true,"href":"https:\/\/semmelweis.hu\/dft\/wp-json\/wp\/v2\/tags?post=8812"}],"curies":[{"name":"wp","href":"https:\/\/api.w.org\/{rel}","templated":true}]}}