{"id":8800,"date":"2023-08-31T09:42:15","date_gmt":"2023-08-31T07:42:15","guid":{"rendered":"https:\/\/semmelweis.hu\/dft\/?page_id=8800"},"modified":"2026-01-07T13:54:39","modified_gmt":"2026-01-07T12:54:39","slug":"fogaszati-anyagtan-es-odontotechnologia-i","status":"publish","type":"page","link":"https:\/\/semmelweis.hu\/dft\/1-evfolyam\/1-felev\/fogaszati-anyagtan-es-odontotechnologia-i\/","title":{"rendered":"Fog\u00e1szati anyagtan \u00e9s odontotechnol\u00f3gia I"},"content":{"rendered":"<div class=\"keretes w-100\">\n<p><strong>Szemin\u00e1riumok \u00e9s konzult\u00e1ci\u00f3 helye:<\/strong> Semmelweis Egyetem Fogorvostudom\u00e1nyi Kar Oktat\u00e1si Centrum<br \/>\n(1088 Budapest, Szentkir\u00e1lyi u. 47., VI. emelet 647-es szoba)<\/p>\n<p><strong>Szemin\u00e1riumok ideje:<\/strong> 2025.09.10., 2025.09.12.<\/p>\n<p><strong>Konzult\u00e1ci\u00f3 ideje:<\/strong> 2025.12.05. 16:00 \u00f3ra<\/p>\n<p><strong>Gyakorlatok helye:<\/strong> Semmelweis Egyetem Fogorvostudom\u00e1nyi Kar Oktat\u00e1si Centrum Dr. F\u00f6ldv\u00e1ri Imre tanlaborat\u00f3rium<br \/>\n(1088 Budapest, Szentkir\u00e1lyi u. 47. II. emelet)<\/p>\n<p><strong>Gyakorlatok ideje:<\/strong> 2025.09.12., 2025.12.01-05.<\/p>\n<\/div>\n<h3>Dokumentumok<\/h3>\n<ul style=\"list-style-type: square\">\n<li><a href=\"https:\/\/semmelweis.hu\/dft\/files\/2025\/09\/TP-DFT-FAOT-I.pdf\">Tant\u00e1rgyi program<\/a><\/li>\n<li><a href=\"https:\/\/semmelweis.hu\/dft\/files\/2024\/08\/beadandok-FAOT-I_.pdf\">Beadand\u00f3k<\/a><\/li>\n<li><a href=\"https:\/\/semmelweis.hu\/dft\/files\/2024\/08\/FAOT-I-tematika-2024.pdf\">Tematika\u00a0<\/a><\/li>\n<\/ul>\n<h5><span style=\"color: #ff0000\">Szeptember<\/span><\/h5>\n<h6><strong>Elm\u00e9leti tematika:<\/strong><\/h6>\n<table style=\"border-collapse: collapse;width: 100%;height: 357px\">\n<thead>\n<tr style=\"height: 33px\">\n<td style=\"width: 12.5%;text-align: center;height: 33px\"><strong>D\u00e1tum<\/strong><\/td>\n<td style=\"width: 12.5%;text-align: center;height: 33px\"><strong>Id\u0151pont<\/strong><\/td>\n<td style=\"width: 25%;text-align: center;height: 33px\"><strong>El\u0151ad\u00f3<\/strong><\/td>\n<td style=\"text-align: center;height: 33px;width: 49.9636%\"><strong>El\u0151ad\u00e1s c\u00edme<\/strong><\/td>\n<\/tr>\n<\/thead>\n<tbody>\n<tr style=\"height: 33px\">\n<td style=\"width: 12.5%;height: 33px\">2025.09.10.<\/td>\n<td style=\"height: 33px;width: 12.5%\">8:00 &#8211; 8:45<\/td>\n<td style=\"height: 33px;width: 25%\">Dr. K\u00f6nig J\u00e1nos<\/td>\n<td style=\"height: 33px;width: 49.9636%\"><a href=\"https:\/\/semmelweis.hu\/dft\/files\/2022\/09\/Nemeth_-klinikaianatomia_digitalis.pdf\">Klinikai anat\u00f3miai ismeretek teljes foghi\u00e1nyos p\u00e1ciensek eset\u00e9n<\/a><\/td>\n<\/tr>\n<tr style=\"height: 33px\">\n<td style=\"width: 12.5%;height: 33px\">2025.09.10.<\/td>\n<td style=\"height: 33px;width: 12.5%\">8:45 &#8211; 9:30<\/td>\n<td style=\"height: 33px;width: 25%\">Dr. K\u00f6nig J\u00e1nos<\/td>\n<td style=\"height: 33px;width: 49.9636%\"><a href=\"https:\/\/semmelweis.hu\/dft\/files\/2023\/09\/Nemeth_14092022_M.pdf\">Az anat\u00f3miai lenyomatv\u00e9tel<\/a><\/td>\n<\/tr>\n<tr style=\"height: 33px\">\n<td style=\"width: 12.5%;height: 33px\">2025.09.10.<\/td>\n<td style=\"height: 33px;width: 12.5%\">9:45 &#8211; 10:30<\/td>\n<td style=\"height: 33px;width: 25%\">Dr. K\u00f6nig J\u00e1nos<\/td>\n<td style=\"height: 33px;width: 49.9636%\"><a href=\"https:\/\/semmelweis.hu\/dft\/files\/2023\/09\/Nemeth_14092022_M.pdf\">A mintak\u00e9sz\u00edt\u00e9si elj\u00e1r\u00e1sok<\/a><\/td>\n<\/tr>\n<tr style=\"height: 33px\">\n<td style=\"width: 12.5%;height: 63px\">2025.09.10.<\/td>\n<td style=\"height: 63px;width: 12.5%\">10:30 &#8211; 11:15<\/td>\n<td style=\"height: 63px;width: 25%\">Dr. K\u00f6nig J\u00e1nos<\/td>\n<td style=\"height: 63px;width: 49.9636%\"><a href=\"https:\/\/semmelweis.hu\/dft\/files\/2022\/09\/Konig-Az-egyeni-kanal-hatarainak-FAOT-I-reduced.pdf\">Az egy\u00e9ni kan\u00e1l hat\u00e1rainak berajzol\u00e1sa, digit\u00e1lis el\u0151\u00e1ll\u00edt\u00e1s\u00e1nak lehet\u0151s\u00e9gei. Az egy\u00e9ni kan\u00e1l funkci\u00f3s kan\u00e1ll\u00e1 t\u00f6rt\u00e9n\u0151 alak\u00edt\u00e1sa<\/a><\/td>\n<\/tr>\n<tr style=\"height: 59px\">\n<td style=\"width: 12.5%;height: 63px\">2025.09.10.<\/td>\n<td style=\"height: 63px;width: 12.5%\">11:30 &#8211; 12:15<\/td>\n<td style=\"height: 63px;width: 25%\">Dr. K\u00f6nig J\u00e1nos<\/td>\n<td style=\"height: 63px;width: 49.9636%\"><a href=\"https:\/\/semmelweis.hu\/dft\/files\/2022\/09\/Konig-Az-egyeni-kanal-hatarainak-FAOT-I-reduced.pdf\">A funkci\u00f3s lenyomat k\u00e9sz\u00edt\u00e9se, mukokompressz\u00edv \u00e9s mukostatikus lenyomatv\u00e9teli technika<\/a><\/td>\n<\/tr>\n<tr style=\"height: 33px\">\n<td style=\"width: 12.5%;height: 33px\">2025.09.10.<\/td>\n<td style=\"height: 33px;width: 12.5%\">13:00 &#8211; 13:45<\/td>\n<td style=\"height: 33px;width: 25%\">Dr. K\u00f6nig J\u00e1nos<\/td>\n<td style=\"height: 33px;width: 49.9636%\">Funkci\u00f3s minta elk\u00e9sz\u00edt\u00e9se, \u00e9s a harap\u00e1si sablon k\u00e9sz\u00edt\u00e9s\u00e9nek digit\u00e1lis lehet\u0151s\u00e9gei<\/td>\n<\/tr>\n<tr>\n<td style=\"width: 12.5%\">2025.09.10.<\/td>\n<td style=\"width: 12.5%\">14:00 &#8211; 14:45<\/td>\n<td style=\"width: 25%\">Dr. K\u00f6nig J\u00e1nos<\/td>\n<td style=\"width: 49.9636%\">A fed\u0151lemezes fogp\u00f3tl\u00e1sok elhorgonyz\u00e1s\u00e1nak egy\u00e9ni lehet\u0151s\u00e9gei<\/td>\n<\/tr>\n<tr style=\"height: 33px\">\n<td style=\"width: 12.5%;height: 33px\">2025.09.10.<\/td>\n<td style=\"height: 33px;width: 12.5%\">15:00 &#8211; 15:45<\/td>\n<td style=\"height: 33px;width: 25%\">Dr. K\u00f6nig J\u00e1nos<\/td>\n<td style=\"height: 33px;width: 49.9636%\">A centr\u00e1lis okkl\u00fazi\u00f3s helyzet meghat\u00e1roz\u00e1sa \u00e9s eszk\u00f6zei<\/td>\n<\/tr>\n<\/tbody>\n<\/table>\n<p>&nbsp;<\/p>\n<table style=\"border-collapse: collapse;width: 100%;height: 235px\">\n<thead>\n<tr style=\"height: 33px\">\n<td style=\"width: 12.5%;text-align: center;height: 33px\"><strong>D\u00e1tum<\/strong><\/td>\n<td style=\"width: 12.5%;text-align: center;height: 33px\"><strong>Id\u0151pont<\/strong><\/td>\n<td style=\"width: 25%;text-align: center;height: 33px\"><strong>El\u0151ad\u00f3<\/strong><\/td>\n<td style=\"text-align: center;width: 49.9636%;height: 33px\"><strong>El\u0151ad\u00e1s c\u00edme<\/strong><\/td>\n<\/tr>\n<\/thead>\n<tbody>\n<tr style=\"height: 33px\">\n<td style=\"width: 12.5%;height: 63px\">2025.09.12.<\/td>\n<td style=\"width: 12.5%;height: 63px\">8:00 &#8211; 8:45<\/td>\n<td style=\"width: 25%;height: 63px\">Dr. Palaszk\u00f3 D\u00e9nes<\/td>\n<td style=\"width: 49.9636%;height: 63px\"><a href=\"https:\/\/semmelweis.hu\/dft\/files\/2022\/09\/Konig-A-harapasi-sablon-FAOT-IV-reduced.pdf\">A harap\u00e1si sablon adta inform\u00e1ci\u00f3k \u00e9rtelmez\u00e9se a virtu\u00e1lis t\u00e9rben, a pr\u00f3bafogsor tervez\u00e9se<\/a><\/td>\n<\/tr>\n<tr style=\"height: 33px\">\n<td style=\"width: 12.5%;height: 33px\">2025.09.12.<\/td>\n<td style=\"width: 12.5%;height: 33px\">8:45 &#8211; 9:30<\/td>\n<td style=\"width: 25%;height: 33px\">Dr. Palaszk\u00f3 D\u00e9nes<\/td>\n<td style=\"width: 49.9636%;height: 33px\"><a href=\"https:\/\/semmelweis.hu\/dft\/files\/2022\/09\/Konig-A-harapasi-sablon-FAOT-IV-reduced.pdf\">Artikul\u00e1torok t\u00edpusai, a fogfel\u00e1ll\u00edt\u00e1s elm\u00e9lete<\/a><\/td>\n<\/tr>\n<tr style=\"height: 33px\">\n<td style=\"width: 12.5%;height: 33px\">2025.09.12.<\/td>\n<td style=\"width: 12.5%;height: 33px\">9:45 &#8211; 10:30<\/td>\n<td style=\"width: 25%;height: 33px\">Dr. Palaszk\u00f3 D\u00e9nes<\/td>\n<td style=\"width: 49.9636%;height: 33px\">K\u00e9szrevitel \u00e9s \u00e1tad\u00e1s teljes lemezes fogp\u00f3tl\u00e1sok eset\u00e9n<\/td>\n<\/tr>\n<tr style=\"height: 33px\">\n<td style=\"width: 12.5%;height: 33px\">2025.09.12.<\/td>\n<td style=\"width: 12.5%;height: 33px\">10:30 &#8211; 11:15<\/td>\n<td style=\"width: 25%;height: 33px\">Dr. Palaszk\u00f3 D\u00e9nes<\/td>\n<td style=\"width: 49.9636%;height: 33px\"><a href=\"https:\/\/semmelweis.hu\/dft\/files\/2022\/09\/Palaszko-Digitalis-fogsormasolat-keszitese-es-annak-klinikai-jelentosege.pdf\">Digit\u00e1lis fogsorm\u00e1solat k\u00e9sz\u00edt\u00e9se, \u00e9s annak klinikai jelent\u0151s\u00e9ge<\/a><\/td>\n<\/tr>\n<tr style=\"height: 55px\">\n<td style=\"width: 12.5%;height: 40px\">2025.09.12.<\/td>\n<td style=\"width: 12.5%;height: 40px\">11:30 &#8211; 12:15<\/td>\n<td style=\"width: 25%;height: 40px\">Dr. S\u00fcveges Ibolya<\/td>\n<td style=\"width: 49.9636%;height: 40px\"><a href=\"https:\/\/semmelweis.hu\/dft\/files\/2022\/09\/Suveges-Specialis-fogpotlasok.pdf\">Speci\u00e1lis fogsorfajt\u00e1k \u00e9s azok klinikai ter\u00fcletei, Immedi\u00e1t fogsor k\u00e9sz\u00edt\u00e9se<\/a><\/td>\n<\/tr>\n<\/tbody>\n<\/table>\n<p>&nbsp;<\/p>\n<h6><strong>Gyakorlati tematika:<\/strong><\/h6>\n<table style=\"border-collapse: collapse;width: 100%\">\n<thead>\n<tr>\n<td style=\"width: 25%;text-align: center\"><strong>2025.09.12.<\/strong><\/td>\n<td style=\"width: 25%;text-align: center\"><strong>El\u0151ad\u00f3<\/strong><\/td>\n<td style=\"text-align: center\"><strong>C\u00edm<\/strong><\/td>\n<\/tr>\n<\/thead>\n<tbody>\n<tr style=\"height: 33px\">\n<td>15:00 &#8211; 15:45<\/td>\n<td>Dr. Ors\u00f3s Merc\u00e9desz<br \/>\nDr. K\u00f6nig J\u00e1nos<br \/>\nDr. Palaszk\u00f3 D\u00e9nes<\/td>\n<td>M\u0171szerfelv\u00e9tel, \u00e9s a tanlabor megismer\u00e9se<\/td>\n<\/tr>\n<\/tbody>\n<\/table>\n<h5>\u00a0<\/h5>\n<table style=\"border-collapse: collapse;width: 100%;height: 132px\">\n<thead>\n<tr style=\"height: 33px\">\n<td style=\"width: 25%;text-align: center;height: 33px\"><strong>2025.12.01.<\/strong><\/td>\n<td style=\"width: 25%;text-align: center;height: 33px\"><strong>El\u0151ad\u00f3<\/strong><\/td>\n<td style=\"text-align: center;height: 33px\"><strong>C\u00edm<\/strong><\/td>\n<\/tr>\n<\/thead>\n<tbody>\n<tr style=\"height: 33px\">\n<td style=\"height: 33px\">17:15 &#8211; 18:00<\/td>\n<td style=\"height: 99px\" rowspan=\"3\">Dr. K\u00f6nig J\u00e1nos<br \/>\nDr. Palaszk\u00f3 D\u00e9nes<\/td>\n<td style=\"height: 99px\" rowspan=\"3\">Anat\u00f3miai lenyomatt\u00f3l a k\u00e9sz fogsorig<\/td>\n<\/tr>\n<tr style=\"height: 33px\">\n<td style=\"height: 33px\">18:00 &#8211; 18:45<\/td>\n<\/tr>\n<tr style=\"height: 33px\">\n<td style=\"height: 33px\">18:45 &#8211; 19:30<\/td>\n<\/tr>\n<\/tbody>\n<\/table>\n<p>&nbsp;<\/p>\n<table style=\"border-collapse: collapse;width: 100%\">\n<thead>\n<tr>\n<td style=\"width: 25%;text-align: center\"><strong>2025.12.02.<\/strong><\/td>\n<td style=\"width: 25%;text-align: center\"><strong>El\u0151ad\u00f3<\/strong><\/td>\n<td style=\"text-align: center\"><strong>C\u00edm<\/strong><\/td>\n<\/tr>\n<\/thead>\n<tbody>\n<tr style=\"height: 33px\">\n<td>17:15 &#8211; 18:00<\/td>\n<td rowspan=\"3\">Dr. Ors\u00f3s Merc\u00e9desz<br \/>\nDr. K\u00f6nig J\u00e1nos<br \/>\nDr. Palaszk\u00f3 D\u00e9nes<\/td>\n<td rowspan=\"3\">Digit\u00e1lis anat\u00f3miai lenyomat \u00e9rt\u00e9kel\u00e9se, digit\u00e1lis hat\u00e1rberajzol\u00e1s, EK. tervez\u00e9se, funkci\u00f3s lenyomat (\u00e9l\u0151 betegen)<\/td>\n<\/tr>\n<tr style=\"height: 33px\">\n<td>18:00 &#8211; 18:45<\/td>\n<\/tr>\n<tr style=\"height: 33px\">\n<td>18:45 &#8211; 19:30<\/td>\n<\/tr>\n<\/tbody>\n<\/table>\n<p>&nbsp;<\/p>\n<table style=\"border-collapse: collapse;width: 100%;height: 129px\">\n<thead>\n<tr style=\"height: 33px\">\n<td style=\"width: 25%;text-align: center;height: 33px\"><strong>2025.12.03.<\/strong><\/td>\n<td style=\"width: 25%;text-align: center;height: 33px\"><strong>El\u0151ad\u00f3<\/strong><\/td>\n<td style=\"text-align: center;height: 33px\"><strong>C\u00edm<\/strong><\/td>\n<\/tr>\n<\/thead>\n<tbody>\n<tr style=\"height: 33px\">\n<td style=\"height: 32px\">17:15 &#8211; 18:00<\/td>\n<td style=\"height: 96px\" rowspan=\"3\">Dr. K\u00f6nig J\u00e1nos<br \/>\nDr. Palaszk\u00f3 D\u00e9nes<\/td>\n<td style=\"height: 96px\" rowspan=\"3\">A k\u00e9sz 3D alaplemez viaszs\u00e1nccal fel\u00e9p\u00edt\u00e9se &#8211; anal\u00f3g m\u00f3don<\/td>\n<\/tr>\n<tr style=\"height: 33px\">\n<td style=\"height: 31px\">18:00 &#8211; 18:45<\/td>\n<\/tr>\n<tr style=\"height: 33px\">\n<td style=\"height: 33px\">18:45 &#8211; 19:30<\/td>\n<\/tr>\n<\/tbody>\n<\/table>\n<p>&nbsp;<\/p>\n<table style=\"border-collapse: collapse;width: 100%;height: 132px\">\n<thead>\n<tr style=\"height: 33px\">\n<td style=\"width: 25%;text-align: center;height: 33px\"><strong>2025.12.04.<\/strong><\/td>\n<td style=\"width: 25%;text-align: center;height: 33px\"><strong>El\u0151ad\u00f3<\/strong><\/td>\n<td style=\"text-align: center;height: 33px\"><strong>C\u00edm<\/strong><\/td>\n<\/tr>\n<\/thead>\n<tbody>\n<tr style=\"height: 33px\">\n<td style=\"height: 33px\">17:15 &#8211; 18:00<\/td>\n<td style=\"height: 99px\" rowspan=\"3\">Dr. K\u00f6nig J\u00e1nos<br \/>\nDr. Palaszk\u00f3 D\u00e9nes<\/td>\n<td style=\"height: 99px\" rowspan=\"3\">CO meghat\u00e1roz\u00e1s a bab\u00e1n \u00e9s harap\u00e1si sablon jel\u00f6l\u00e9seinek \u00e9rt\u00e9kel\u00e9se \u00e9s digit\u00e1lis \u00e9rtelmez\u00e9se<\/td>\n<\/tr>\n<tr style=\"height: 33px\">\n<td style=\"height: 33px\">18:00 &#8211; 18:45<\/td>\n<\/tr>\n<tr style=\"height: 33px\">\n<td style=\"height: 33px\">18:45 &#8211; 19:30<\/td>\n<\/tr>\n<\/tbody>\n<\/table>\n<p>&nbsp;<\/p>\n<table style=\"border-collapse: collapse;width: 100%;height: 127px\">\n<thead>\n<tr style=\"height: 33px\">\n<td style=\"width: 25%;text-align: center;height: 33px\"><strong>2025.12.05.<\/strong><\/td>\n<td style=\"width: 25%;text-align: center;height: 33px\"><strong>El\u0151ad\u00f3<\/strong><\/td>\n<td style=\"text-align: center;height: 33px\"><strong>C\u00edm<\/strong><\/td>\n<\/tr>\n<\/thead>\n<tbody>\n<tr style=\"height: 33px\">\n<td style=\"height: 33px\">17:15 &#8211; 18:00<\/td>\n<td style=\"height: 94px\" rowspan=\"3\">Dr. Ors\u00f3s Merc\u00e9desz<br \/>\nDr. K\u00f6nig J\u00e1nos<br \/>\nDr. Palaszk\u00f3 D\u00e9nes<\/td>\n<td style=\"height: 94px\" rowspan=\"3\">A k\u00e9sz 3D pr\u00f3bafogsor tervez\u00e9se \u00e9s fogsor \u00f6ssze\u00e1ll\u00edt\u00e1sa &#8222;k\u00e9szrevitel&#8221;\u00a0<\/td>\n<\/tr>\n<tr style=\"height: 33px\">\n<td style=\"height: 28px\">18:00 &#8211; 18:45<\/td>\n<\/tr>\n<tr style=\"height: 33px\">\n<td style=\"height: 33px\">18:45 &#8211; 19:30<\/td>\n<\/tr>\n<\/tbody>\n<\/table>\n<p>&nbsp;<\/p>\n","protected":false},"excerpt":{"rendered":"<p>Szemin\u00e1riumok \u00e9s konzult\u00e1ci\u00f3 helye: Semmelweis Egyetem Fogorvostudom\u00e1nyi Kar Oktat\u00e1si Centrum (1088 Budapest, Szentkir\u00e1lyi u. 47., VI. emelet 647-es szoba) Szemin\u00e1riumok ideje: 2025.09.10., 2025.09.12. Konzult\u00e1ci\u00f3 ideje: 2025.12.05. 16:00 \u00f3ra Gyakorlatok helye: Semmelweis Egyetem Fogorvostudom\u00e1nyi Kar Oktat\u00e1si Centrum Dr. F\u00f6ldv\u00e1ri Imre tanlaborat\u00f3rium (1088 Budapest, Szentkir\u00e1lyi u. 47. II. emelet) Gyakorlatok ideje: 2025.09.12., 2025.12.01-05. Dokumentumok <a href=\"https:\/\/semmelweis.hu\/dft\/files\/2025\/09\/TP-DFT-FAOT-I.pdf\">Tant\u00e1rgyi program<\/a> <a href=\"https:\/\/semmelweis.hu\/dft\/files\/2024\/08\/beadandok-FAOT-I_.pdf\">Beadand\u00f3k<\/a> <a href=\"https:\/\/semmelweis.hu\/dft\/files\/2024\/08\/FAOT-I-tematika-2024.pdf\">Tematika\u00a0<\/a> Szeptember Elm\u00e9leti tematika: &hellip;<\/p>\n","protected":false},"author":101231,"featured_media":0,"parent":8724,"menu_order":4,"comment_status":"closed","ping_status":"closed","template":"","meta":{"_acf_changed":false,"footnotes":""},"categories":[],"tags":[],"class_list":["post-8800","page","type-page","status-publish","hentry"],"acf":[],"_links":{"self":[{"href":"https:\/\/semmelweis.hu\/dft\/wp-json\/wp\/v2\/pages\/8800","targetHints":{"allow":["GET"]}}],"collection":[{"href":"https:\/\/semmelweis.hu\/dft\/wp-json\/wp\/v2\/pages"}],"about":[{"href":"https:\/\/semmelweis.hu\/dft\/wp-json\/wp\/v2\/types\/page"}],"author":[{"embeddable":true,"href":"https:\/\/semmelweis.hu\/dft\/wp-json\/wp\/v2\/users\/101231"}],"replies":[{"embeddable":true,"href":"https:\/\/semmelweis.hu\/dft\/wp-json\/wp\/v2\/comments?post=8800"}],"version-history":[{"count":11,"href":"https:\/\/semmelweis.hu\/dft\/wp-json\/wp\/v2\/pages\/8800\/revisions"}],"predecessor-version":[{"id":9663,"href":"https:\/\/semmelweis.hu\/dft\/wp-json\/wp\/v2\/pages\/8800\/revisions\/9663"}],"up":[{"embeddable":true,"href":"https:\/\/semmelweis.hu\/dft\/wp-json\/wp\/v2\/pages\/8724"}],"wp:attachment":[{"href":"https:\/\/semmelweis.hu\/dft\/wp-json\/wp\/v2\/media?parent=8800"}],"wp:term":[{"taxonomy":"category","embeddable":true,"href":"https:\/\/semmelweis.hu\/dft\/wp-json\/wp\/v2\/categories?post=8800"},{"taxonomy":"post_tag","embeddable":true,"href":"https:\/\/semmelweis.hu\/dft\/wp-json\/wp\/v2\/tags?post=8800"}],"curies":[{"name":"wp","href":"https:\/\/api.w.org\/{rel}","templated":true}]}}