{"id":8798,"date":"2023-08-31T08:53:05","date_gmt":"2023-08-31T06:53:05","guid":{"rendered":"https:\/\/semmelweis.hu\/dft\/?page_id=8798"},"modified":"2026-01-07T13:54:05","modified_gmt":"2026-01-07T12:54:05","slug":"fogpotlastan-i","status":"publish","type":"page","link":"https:\/\/semmelweis.hu\/dft\/1-evfolyam\/1-felev\/fogpotlastan-i\/","title":{"rendered":"Fogp\u00f3tl\u00e1stan I"},"content":{"rendered":"<div class=\"keretes w-100\">\n<p><span style=\"font-size: 14pt\"><strong>Szemin\u00e1riumok helye:<\/strong> Semmelweis Egyetem Fogorvostudom\u00e1nyi Kar Oktat\u00e1si Centrum V. emelet nagy digit\u00e1lis labor<br \/>\n(1088 Budapest, Szentkir\u00e1lyi u. 47., V. emelet)<\/span><\/p>\n<p><span style=\"font-size: 14pt\"><strong>Szemin\u00e1riumok ideje:<\/strong> 2025.09.11., 2025.12.03-04.<\/span><\/p>\n<p><span style=\"font-size: 14pt\"><strong>Konzult\u00e1ci\u00f3 helye:<\/strong> ZOOM<\/span><\/p>\n<p><span style=\"font-size: 14pt\"><strong>Konzult\u00e1ci\u00f3 ideje:<\/strong> 2025.12.05.15:00 \u00f3ra<\/span><\/p>\n<\/div>\n<h3><span style=\"font-size: 14pt\">Dokumentumok<\/span><\/h3>\n<ul style=\"list-style-type: square\">\n<li><a href=\"https:\/\/semmelweis.hu\/dft\/files\/2025\/09\/TP-DFT-Fogpotlastan-I.pdf\"><span style=\"font-size: 14pt\">Tant\u00e1rgyi program\u00a0<\/span><\/a><\/li>\n<li><span style=\"font-size: 14pt\"><a href=\"https:\/\/semmelweis.hu\/dft\/files\/2022\/08\/Tetelsor-DFT-Fogpotlastan-I..pdf\">T\u00e9telsor\u00a0<\/a><\/span><\/li>\n<\/ul>\n<h5><span style=\"color: #ff0000;font-size: 14pt\">Szeptember<\/span><\/h5>\n<table style=\"border-collapse: collapse;width: 100%;height: 274px\">\n<thead>\n<tr>\n<td style=\"width: 144.641px;text-align: center;height: 33px\"><span style=\"font-size: 14pt\"><strong>D\u00e1tum<\/strong><\/span><\/td>\n<td style=\"width: 236.562px;text-align: center;height: 33px\"><span style=\"font-size: 14pt\"><strong>Id\u0151pont<\/strong><\/span><\/td>\n<td style=\"width: 322.5px;text-align: center;height: 33px\"><span style=\"font-size: 14pt\"><strong>El\u0151ad\u00f3<\/strong><\/span><\/td>\n<td style=\"width: 670.297px;text-align: center;height: 33px\"><span style=\"font-size: 14pt\"><strong>El\u0151ad\u00e1s c\u00edme<\/strong><\/span><\/td>\n<\/tr>\n<\/thead>\n<tbody>\n<tr style=\"height: 33px\">\n<td style=\"width: 144.641px;height: 33px\">2025.09.11.<\/td>\n<td style=\"width: 236.562px;height: 33px\"><span style=\"font-size: 14pt\">8.00 &#8211; 8.45<\/span><\/td>\n<td style=\"width: 322.5px;height: 33px\"><span style=\"font-size: 14pt\">Prof. Dr. Hermann P\u00e9ter<\/span><\/td>\n<td style=\"width: 670.297px;height: 33px\"><a href=\"https:\/\/semmelweis.hu\/dft\/files\/2023\/09\/HermanFogpotlastan1.pdf\">Fogp\u00f3tl\u00e1sok t\u00edpusai 1. &#8211; R\u00f6gz\u00edtett fogp\u00f3tl\u00e1sok<\/a><\/td>\n<\/tr>\n<tr>\n<td style=\"width: 144.641px\">2025.09.11.<\/td>\n<td style=\"width: 236.562px\"><span style=\"font-size: 14pt\">9.00 &#8211; 9.45<\/span><\/td>\n<td style=\"width: 322.5px\"><span style=\"font-size: 14pt\">Dr. Linninger Mercedes<\/span><\/td>\n<td style=\"width: 670.297px\"><span style=\"font-size: 14pt\"><a href=\"https:\/\/semmelweis.hu\/dft\/files\/2022\/09\/foganatomia-handout.pdf\">Fogak anat\u00f3mi\u00e1ja 1. &#8211; Fogak, fogcsoportok feladat, hi\u00e1nyuk k\u00f6vetkezm\u00e9nyei<\/a><\/span><\/td>\n<\/tr>\n<tr style=\"height: 33px\">\n<td style=\"width: 144.641px;height: 33px\">2025.09.11.<\/td>\n<td style=\"width: 236.562px;height: 33px\"><span style=\"font-size: 14pt\">10.00 &#8211; 10.45<\/span><\/td>\n<td style=\"width: 322.5px;height: 33px\"><span style=\"font-size: 14pt\">Dr. J\u00e1sz M\u00e1t\u00e9<\/span><\/td>\n<td style=\"width: 670.297px;height: 33px\"><span style=\"font-size: 14pt\"><a href=\"https:\/\/semmelweis.hu\/dft\/files\/2022\/09\/JaszM-TMI.pdf\">Az \u00e1llkapocs\u00edz\u00fclet anat\u00f3mi\u00e1ja<\/a><\/span><\/td>\n<\/tr>\n<tr style=\"height: 33px\">\n<td style=\"width: 144.641px;height: 33px\">2025.09.11.<\/td>\n<td style=\"width: 236.562px;height: 33px\"><span style=\"font-size: 14pt\">11.00 &#8211; 11.45<\/span><\/td>\n<td style=\"width: 322.5px;height: 33px\"><span style=\"font-size: 14pt\">Dr. Schmidt P\u00e9ter<\/span><\/td>\n<td style=\"width: 670.297px;height: 33px\"><span style=\"font-size: 14pt\"><a href=\"https:\/\/semmelweis.hu\/dft\/files\/2022\/09\/Schmidt.Gnatologia1..pdf\">Gnatol\u00f3giai alapfogalmak 1. &#8211; Referencias\u00edkok \u00e9s kit\u00fcntetett poz\u00edci\u00f3k<\/a><\/span><\/td>\n<\/tr>\n<tr style=\"height: 33px\">\n<td style=\"width: 144.641px;height: 33px\">2025.09.11.<\/td>\n<td style=\"width: 236.562px;height: 33px\"><span style=\"font-size: 14pt\">11.45 &#8211; 13.00<\/span><\/td>\n<td style=\"width: 322.5px;height: 33px\">\u00a0<\/td>\n<td style=\"width: 670.297px;height: 33px\"><span style=\"font-size: 14pt\">Eb\u00e9dsz\u00fcnet<\/span><\/td>\n<\/tr>\n<tr>\n<td style=\"width: 144.641px\">2025.09.11.<\/td>\n<td style=\"width: 236.562px\"><span style=\"font-size: 14pt\">13.00 &#8211; 13.45<\/span><\/td>\n<td style=\"width: 322.5px\"><span style=\"font-size: 14pt\">Dr. Sal\u00e1ta J\u00f3zsef<\/span><\/td>\n<td style=\"width: 670.297px\"><span style=\"font-size: 14pt\">Fogsz\u00ednmeghat\u00e1roz\u00e1s 1.\u00a0<\/span><\/td>\n<\/tr>\n<tr style=\"height: 33px\">\n<td style=\"width: 144.641px;height: 33px\">2025.09.11.<\/td>\n<td style=\"width: 236.562px;height: 33px\"><span style=\"font-size: 14pt\">14.00 &#8211; 14.45<\/span><\/td>\n<td style=\"width: 322.5px;height: 33px\"><span style=\"font-size: 14pt\">Dr. Borb\u00e9ly Judit<\/span><\/td>\n<td style=\"width: 670.297px;height: 33px\"><span style=\"font-size: 14pt\"><a href=\"https:\/\/semmelweis.hu\/dft\/files\/2022\/09\/Borbely.Arcesztetikai-iranyelvek-12.pdf\">Arceszt\u00e9tikai ir\u00e1nyelvek 1.<\/a><\/span><\/td>\n<\/tr>\n<tr style=\"height: 33px\">\n<td style=\"width: 144.641px;height: 33px\">2025.09.11.<\/td>\n<td style=\"width: 236.562px;height: 33px\"><span style=\"font-size: 14pt\">15.00 &#8211; 15.45<\/span><\/td>\n<td style=\"width: 322.5px;height: 33px\"><span style=\"font-size: 14pt\">Dr. K\u00f6rmendi Szandra<\/span><\/td>\n<td style=\"width: 670.297px;height: 33px\"><a href=\"https:\/\/semmelweis.hu\/dft\/files\/2023\/09\/artikulatorokSzandra.pdf\">Artikul\u00e1torok, arc\u00edvek 1.<\/a><\/td>\n<\/tr>\n<\/tbody>\n<\/table>\n<h5>\u00a0<\/h5>\n<h5><span style=\"color: #ff0000;font-size: 14pt\">December<\/span><\/h5>\n<table style=\"border-collapse: collapse;width: 100%;height: 99px\">\n<tbody>\n<tr>\n<td style=\"width: 10.6%\">2025.12.03.<\/td>\n<td style=\"width: 17.0727%\"><span style=\"font-size: 14pt\">11.00 &#8211; 11.45<\/span><\/td>\n<td style=\"width: 23.6909%\"><span style=\"font-size: 14pt\">Dr. Borb\u00e9ly Judit<\/span><\/td>\n<td style=\"width: 48.6364%\"><span style=\"font-size: 14pt\"><a href=\"https:\/\/semmelweis.hu\/dft\/files\/2022\/09\/Borbely.Arcesztetikai-iranyelvek-12.pdf\">Arceszt\u00e9tikai ir\u00e1nyelvek 2.<\/a><\/span><\/td>\n<\/tr>\n<tr style=\"height: 33px\">\n<td style=\"width: 10.6%;height: 33px\">2025.12.03.<\/td>\n<td style=\"width: 17.0727%;height: 33px\"><span style=\"font-size: 14pt\">12.00 &#8211; 12.45<\/span><\/td>\n<td style=\"width: 23.6909%;height: 33px\"><span style=\"font-size: 14pt\">Dr. Kisp\u00e9lyi Barbara<\/span><\/td>\n<td style=\"width: 48.6364%;height: 33px\"><span style=\"font-size: 14pt\"><a href=\"https:\/\/semmelweis.hu\/dft\/files\/2022\/09\/Kispelyi.Kiveheto.pdf\">Fogp\u00f3tl\u00e1sok t\u00edpusai 2. &#8211; Kivehet\u0151 fogp\u00f3tl\u00e1sok<\/a><\/span><\/td>\n<\/tr>\n<tr style=\"height: 33px\">\n<td style=\"width: 10.6%;height: 33px\">2025.12.03.<\/td>\n<td style=\"width: 17.0727%;height: 33px\"><span style=\"font-size: 14pt\">13.00 &#8211; 13.45<\/span><\/td>\n<td style=\"width: 23.6909%;height: 33px\"><span style=\"font-size: 14pt\">Dr. Schmidt P\u00e9ter<\/span><\/td>\n<td style=\"width: 48.6364%;height: 33px\"><span style=\"font-size: 14pt\"><a href=\"https:\/\/semmelweis.hu\/dft\/files\/2022\/09\/Schmidt.Gnatologia2..pdf\">Gnatol\u00f3giai alapfogalmak 2. &#8211; A mandibula mozg\u00e1sai<\/a><\/span><\/td>\n<\/tr>\n<\/tbody>\n<\/table>\n<p>&nbsp;<\/p>\n<table style=\"border-collapse: collapse;width: 100%;height: 99px\">\n<tbody>\n<tr style=\"height: 33px\">\n<td style=\"width: 10.6%;height: 33px\">2025.12.04.<\/td>\n<td style=\"width: 17.0727%;height: 33px\"><span style=\"font-size: 14pt\">14.00 &#8211; 14.45<\/span><\/td>\n<td style=\"width: 23.6909%;height: 33px\"><span style=\"font-size: 14pt\">Dr. Ambrus Szilvia<\/span><\/td>\n<td style=\"width: 48.6364%;height: 33px\"><span style=\"font-size: 14pt\"><a href=\"https:\/\/semmelweis.hu\/dft\/files\/2022\/09\/Ambrus.Foganatomia2.pdf\">Fogak anat\u00f3mi\u00e1ja 2. &#8211; Fogcsoportok makromorfol\u00f3gi\u00e1ja \u00e9s a fog\u00edvek jellegzetess\u00e9gei<\/a><\/span><\/td>\n<\/tr>\n<tr style=\"height: 33px\">\n<td style=\"width: 10.6%;height: 33px\">2025.12.04.<\/td>\n<td style=\"width: 17.0727%;height: 33px\"><span style=\"font-size: 14pt\">15.00 &#8211; 15.45<\/span><\/td>\n<td style=\"width: 23.6909%;height: 33px\"><span style=\"font-size: 14pt\">Dr. J\u00e1sz B\u00e1lint<\/span><\/td>\n<td style=\"width: 48.6364%;height: 33px\"><span style=\"font-size: 14pt\"><a href=\"https:\/\/semmelweis.hu\/dft\/files\/2022\/09\/JaszB.Arcivek.pdf\">Artikul\u00e1torok, arc\u00edvek 2.<\/a><\/span><\/td>\n<\/tr>\n<tr style=\"height: 33px\">\n<td style=\"width: 10.6%;height: 33px\">2025.12.04.<\/td>\n<td style=\"width: 17.0727%;height: 33px\"><span style=\"font-size: 14pt\">16.00 &#8211; 16.45<\/span><\/td>\n<td style=\"width: 23.6909%;height: 33px\"><span style=\"font-size: 14pt\">Dr. Sal\u00e1ta J\u00f3zsef<\/span><\/td>\n<td style=\"width: 48.6364%;height: 33px\"><span style=\"font-size: 14pt\"><a href=\"https:\/\/semmelweis.hu\/dft\/files\/2022\/09\/Abram.Fogszin2.pdf\">Fogsz\u00ednmeghat\u00e1roz\u00e1s 2.<\/a><\/span><\/td>\n<\/tr>\n<\/tbody>\n<\/table>\n<p>&nbsp;<\/p>\n<table style=\"border-collapse: collapse;width: 100.073%;height: 43px\">\n<tbody>\n<tr style=\"height: 33px\">\n<td style=\"width: 10.6%;height: 33px\"><span style=\"font-size: 14pt\">2025.12.05.<\/span><\/td>\n<td style=\"width: 17.0727%;height: 33px\"><span style=\"font-size: 14pt\">15.00 &#8211; 15.45<\/span><\/td>\n<td style=\"width: 23.6909%;height: 33px\"><span style=\"font-size: 14pt\">Dr. K\u00f6rmendi Szandra<\/span><\/td>\n<td style=\"width: 48.6364%;height: 33px\"><span style=\"font-size: 14pt\">Konzult\u00e1ci\u00f3<\/span><\/td>\n<\/tr>\n<\/tbody>\n<\/table>\n","protected":false},"excerpt":{"rendered":"<p>Szemin\u00e1riumok helye: Semmelweis Egyetem Fogorvostudom\u00e1nyi Kar Oktat\u00e1si Centrum V. emelet nagy digit\u00e1lis labor (1088 Budapest, Szentkir\u00e1lyi u. 47., V. emelet) Szemin\u00e1riumok ideje: 2025.09.11., 2025.12.03-04. Konzult\u00e1ci\u00f3 helye: ZOOM Konzult\u00e1ci\u00f3 ideje: 2025.12.05.15:00 \u00f3ra Dokumentumok <a href=\"https:\/\/semmelweis.hu\/dft\/files\/2025\/09\/TP-DFT-Fogpotlastan-I.pdf\">Tant\u00e1rgyi program\u00a0<\/a> <a href=\"https:\/\/semmelweis.hu\/dft\/files\/2022\/08\/Tetelsor-DFT-Fogpotlastan-I..pdf\">T\u00e9telsor\u00a0<\/a> Szeptember D\u00e1tum Id\u0151pont El\u0151ad\u00f3 El\u0151ad\u00e1s c\u00edme 2025.09.11. 8.00 &#8211; 8.45 Prof. Dr. Hermann P\u00e9ter <a href=\"https:\/\/semmelweis.hu\/dft\/files\/2023\/09\/HermanFogpotlastan1.pdf\">Fogp\u00f3tl\u00e1sok t\u00edpusai 1. &#8211; R\u00f6gz\u00edtett fogp\u00f3tl\u00e1sok<\/a> 2025.09.11. 9.00 &#8211; 9.45 Dr. Linninger Mercedes <a href=\"https:\/\/semmelweis.hu\/dft\/files\/2022\/09\/foganatomia-handout.pdf\">Fogak anat\u00f3mi\u00e1ja 1. &#8211; Fogak, fogcsoportok feladat, hi\u00e1nyuk k\u00f6vetkezm\u00e9nyei<\/a> 2025.09.11. 10.00 &hellip;<\/p>\n","protected":false},"author":101231,"featured_media":0,"parent":8724,"menu_order":3,"comment_status":"closed","ping_status":"closed","template":"","meta":{"_acf_changed":false,"footnotes":""},"categories":[],"tags":[],"class_list":["post-8798","page","type-page","status-publish","hentry"],"acf":[],"_links":{"self":[{"href":"https:\/\/semmelweis.hu\/dft\/wp-json\/wp\/v2\/pages\/8798","targetHints":{"allow":["GET"]}}],"collection":[{"href":"https:\/\/semmelweis.hu\/dft\/wp-json\/wp\/v2\/pages"}],"about":[{"href":"https:\/\/semmelweis.hu\/dft\/wp-json\/wp\/v2\/types\/page"}],"author":[{"embeddable":true,"href":"https:\/\/semmelweis.hu\/dft\/wp-json\/wp\/v2\/users\/101231"}],"replies":[{"embeddable":true,"href":"https:\/\/semmelweis.hu\/dft\/wp-json\/wp\/v2\/comments?post=8798"}],"version-history":[{"count":10,"href":"https:\/\/semmelweis.hu\/dft\/wp-json\/wp\/v2\/pages\/8798\/revisions"}],"predecessor-version":[{"id":9662,"href":"https:\/\/semmelweis.hu\/dft\/wp-json\/wp\/v2\/pages\/8798\/revisions\/9662"}],"up":[{"embeddable":true,"href":"https:\/\/semmelweis.hu\/dft\/wp-json\/wp\/v2\/pages\/8724"}],"wp:attachment":[{"href":"https:\/\/semmelweis.hu\/dft\/wp-json\/wp\/v2\/media?parent=8798"}],"wp:term":[{"taxonomy":"category","embeddable":true,"href":"https:\/\/semmelweis.hu\/dft\/wp-json\/wp\/v2\/categories?post=8798"},{"taxonomy":"post_tag","embeddable":true,"href":"https:\/\/semmelweis.hu\/dft\/wp-json\/wp\/v2\/tags?post=8798"}],"curies":[{"name":"wp","href":"https:\/\/api.w.org\/{rel}","templated":true}]}}