{"id":8794,"date":"2023-08-31T08:48:24","date_gmt":"2023-08-31T06:48:24","guid":{"rendered":"https:\/\/semmelweis.hu\/dft\/?page_id=8794"},"modified":"2026-01-21T10:13:50","modified_gmt":"2026-01-21T09:13:50","slug":"altalanos-fogaszati-alapismeretek","status":"publish","type":"page","link":"https:\/\/semmelweis.hu\/dft\/1-evfolyam\/1-felev\/altalanos-fogaszati-alapismeretek\/","title":{"rendered":"\u00c1ltal\u00e1nos Fog\u00e1szati Ismeretek"},"content":{"rendered":"<div class=\"keretes w-100\">\n<p><span style=\"font-size: 14pt\"><strong>Szemin\u00e1riumok \u00e9s konzult\u00e1ci\u00f3 helye:<\/strong> Semmelweis Egyetem Fogorvostudom\u00e1nyi Kar Oktat\u00e1si Centrum V. emeleti nagy digit\u00e1lis labor<\/span><br \/>\n<span style=\"font-size: 14pt\">(1088 Budapest, Szentkir\u00e1lyi u. 47., V. emelet)<\/span><\/p>\n<p><span style=\"font-size: 14pt\"><strong>Szemin\u00e1riumok ideje:<\/strong> 2025.09.09., 2025.12.02.<\/span><\/p>\n<p><span style=\"font-size: 14pt\"><strong>Konzult\u00e1ci\u00f3 ideje:\u00a0<\/strong>2025.12.05. 14:00 \u00f3ra<\/span><\/p>\n<\/div>\n<h3><span style=\"font-size: 14pt\">Dokumentumok<\/span><\/h3>\n<ul style=\"list-style-type: square\">\n<li><a href=\"https:\/\/semmelweis.hu\/dft\/files\/2026\/01\/Altalanos-fogaszati-ismeretek-tantargykovetelmeny-2025-osz.pdf\">Tant\u00e1rgyi program<\/a><\/li>\n<li><a href=\"https:\/\/semmelweis.hu\/dft\/files\/2026\/01\/AFI-tetelsor-2025-osz.pdf\"><span style=\"font-size: 14pt\">T\u00e9telsor<\/span><\/a><\/li>\n<li><a href=\"https:\/\/semmelweis.hu\/dft\/files\/2026\/01\/AFI-beadando-temak.pdf\">Beadand\u00f3k\u00a0<\/a><\/li>\n<li><a href=\"https:\/\/semmelweis.hu\/dft\/files\/2026\/01\/Tematika-2025-osz-AFI.pdf\">Tematika<\/a><\/li>\n<\/ul>\n<h5><span style=\"color: #ff0000;font-size: 14pt\">Szeptember<\/span><\/h5>\n<table style=\"border-collapse: collapse;width: 99.7819%;height: 180px\">\n<thead>\n<tr>\n<td style=\"width: 144.641px;text-align: center;height: 33px\"><span style=\"font-size: 14pt\"><strong>D\u00e1tum<\/strong><\/span><\/td>\n<td style=\"width: 236.562px;text-align: center;height: 33px\"><span style=\"font-size: 14pt\"><strong>Id\u0151pont<\/strong><\/span><\/td>\n<td style=\"width: 322.5px;text-align: center;height: 33px\"><span style=\"font-size: 14pt\"><strong>El\u0151ad\u00f3<\/strong><\/span><\/td>\n<td style=\"width: 670.297px;text-align: center;height: 33px\"><span style=\"font-size: 14pt\"><strong>El\u0151ad\u00e1s c\u00edme<\/strong><\/span><\/td>\n<\/tr>\n<\/thead>\n<tbody>\n<tr style=\"height: 33px\">\n<td style=\"width: 144.641px;height: 33px\">2025.09.09.<\/td>\n<td style=\"width: 236.562px;height: 33px\"><span style=\"font-size: 14pt\">8.00 &#8211; 8.45<\/span><\/td>\n<td style=\"width: 322.5px;height: 33px\"><span style=\"font-size: 14pt\">Dr. M\u00e1rton Krisztina<\/span><\/td>\n<td style=\"width: 670.297px;height: 33px\"><span style=\"font-size: 14pt\"><a href=\"https:\/\/semmelweis.hu\/dft\/files\/2022\/09\/Marton-alapfogalmak.pdf\">Fog\u00e1szati alapfogalmak<\/a><\/span><\/td>\n<\/tr>\n<tr style=\"height: 33px\">\n<td style=\"width: 144.641px;height: 33px\">2025.09.09.<\/td>\n<td style=\"width: 236.562px;height: 33px\"><span style=\"font-size: 14pt\">9.00 &#8211; 9.45<\/span><\/td>\n<td style=\"width: 322.5px;height: 33px\"><span style=\"font-size: 14pt\">Dr. M\u00e1rton Krisztina<\/span><\/td>\n<td style=\"width: 670.297px;height: 33px\"><span style=\"font-size: 14pt\"><a href=\"https:\/\/semmelweis.hu\/dft\/files\/2022\/09\/Marton.-Foga\u0301szati-alapbetegse\u0301gek.pdf\">Sz\u00e1jbetegs\u00e9gek<\/a><\/span><\/td>\n<\/tr>\n<tr style=\"height: 33px\">\n<td style=\"width: 144.641px;height: 33px\">2025.09.09.<\/td>\n<td style=\"width: 236.562px;height: 33px\"><span style=\"font-size: 14pt\">10.00 &#8211; 10.45<\/span><\/td>\n<td style=\"width: 322.5px;height: 33px\"><span style=\"font-size: 14pt\">Dr. Jelencsics D\u00e1vid<\/span><\/td>\n<td style=\"width: 670.297px;height: 33px\"><a href=\"https:\/\/semmelweis.hu\/dft\/files\/2023\/09\/Megtarto-fogaszati-kezelesek.pdf\">A megtart\u00f3 fog\u00e1szati kezel\u00e9sek<\/a><\/td>\n<\/tr>\n<tr style=\"height: 33px\">\n<td style=\"width: 144.641px;height: 33px\">2025.09.09.<\/td>\n<td style=\"width: 236.562px;height: 33px\"><span style=\"font-size: 14pt\">11.00 &#8211; 11.45<\/span><\/td>\n<td style=\"width: 322.5px;height: 33px\"><span style=\"font-size: 14pt\">Dr. Vass Andrea Fanni<\/span><\/td>\n<td style=\"width: 670.297px;height: 33px\"><a href=\"https:\/\/semmelweis.hu\/dft\/files\/2023\/09\/Fogpotlastani-alapfogalmak.pdf\">Fogp\u00f3tl\u00e1stani alapfogalmak<\/a><\/td>\n<\/tr>\n<tr style=\"height: 33px\">\n<td style=\"width: 144.641px;height: 33px\">2025.09.09.<\/td>\n<td style=\"width: 236.562px;height: 33px\"><span style=\"font-size: 14pt\">12.00 &#8211; 12.45<\/span><\/td>\n<td style=\"width: 322.5px;height: 33px\"><span style=\"font-size: 14pt\">Dr. Erdei Csilla<br \/>\n<\/span><\/td>\n<td style=\"width: 670.297px;height: 33px\"><span style=\"font-size: 14pt\"><a href=\"https:\/\/semmelweis.hu\/dft\/files\/2022\/09\/Erdei.Szalyseb.pdf\">Sz\u00e1jseb\u00e9szeti kezel\u00e9sek<\/a><\/span><\/td>\n<\/tr>\n<\/tbody>\n<\/table>\n<h5>\u00a0<\/h5>\n<h5><span style=\"color: #ff0000;font-size: 14pt\">December<\/span><\/h5>\n<table style=\"border-collapse: collapse;width: 100%;height: 132px\">\n<tbody>\n<tr style=\"height: 33px\">\n<td style=\"width: 10.6%;height: 33px\">2025.12.02.<\/td>\n<td style=\"width: 17.8%;height: 33px\"><span style=\"font-size: 14pt\">13.00 &#8211; 13.45<\/span><\/td>\n<td style=\"width: 22.8909%;height: 33px\"><span style=\"font-size: 14pt\">Dr. Demeter Tam\u00e1s<\/span><\/td>\n<td style=\"width: 48.7091%;height: 33px\"><span style=\"font-size: 14pt\"><a href=\"https:\/\/semmelweis.hu\/dft\/files\/2022\/09\/Demeter-Dentalis-radiologiai-alapfogalmak-Handout.pdf\">Dent\u00e1lis radiol\u00f3giai alapfogalmak<\/a> <\/span><\/td>\n<\/tr>\n<tr style=\"height: 33px\">\n<td style=\"width: 10.6%;height: 33px\">2025.12.02.<\/td>\n<td style=\"width: 17.8%;height: 33px\"><span style=\"font-size: 14pt\">14.00 &#8211; 14.45<\/span><\/td>\n<td style=\"width: 22.8909%;height: 33px\"><span style=\"font-size: 14pt\">Dr. Demeter Tam\u00e1s<\/span><\/td>\n<td style=\"width: 48.7091%;height: 33px\"><a href=\"https:\/\/semmelweis.hu\/dft\/files\/2023\/12\/Demeter-Tamas-Parodontologiai-alapfogalmak-eloadas-Handout.pdf\"><span style=\"font-size: 14pt\">Parodontol\u00f3giai alapfogalmak<\/span><\/a><\/td>\n<\/tr>\n<tr style=\"height: 33px\">\n<td style=\"width: 10.6%;height: 33px\">2025.12.02.<\/td>\n<td style=\"width: 17.8%;height: 33px\"><span style=\"font-size: 14pt\">15.00 &#8211; 15.45<\/span><\/td>\n<td style=\"width: 22.8909%;height: 33px\"><span style=\"font-size: 14pt\">Dr. D\u00e9zsi Anna<\/span><\/td>\n<td style=\"width: 48.7091%;height: 33px\"><span style=\"font-size: 14pt\"><a href=\"https:\/\/semmelweis.hu\/dft\/files\/2022\/09\/Dezsi-Gyerekfogaszati-alapok.pdf\">Gyerekfog\u00e1szati alapfogalmak<\/a><\/span><\/td>\n<\/tr>\n<tr style=\"height: 33px\">\n<td style=\"width: 10.6%;height: 33px\">2025.12.02.<\/td>\n<td style=\"width: 17.8%;height: 33px\"><span style=\"font-size: 14pt\">16.00 &#8211; 16.45<\/span><\/td>\n<td style=\"width: 22.8909%;height: 33px\"><span style=\"font-size: 14pt\">Dr. D\u00e9zsi Anna<\/span><\/td>\n<td style=\"width: 48.7091%;height: 33px\"><span style=\"font-size: 14pt\"><a href=\"https:\/\/semmelweis.hu\/dft\/files\/2022\/09\/Dezsi-Fogszabalyozasi-alapok.pdf\">Fogszab\u00e1lyoz\u00e1si alapfogalmak<\/a><\/span><\/td>\n<\/tr>\n<\/tbody>\n<\/table>\n","protected":false},"excerpt":{"rendered":"<p>Szemin\u00e1riumok \u00e9s konzult\u00e1ci\u00f3 helye: Semmelweis Egyetem Fogorvostudom\u00e1nyi Kar Oktat\u00e1si Centrum V. emeleti nagy digit\u00e1lis labor (1088 Budapest, Szentkir\u00e1lyi u. 47., V. emelet) Szemin\u00e1riumok ideje: 2025.09.09., 2025.12.02. Konzult\u00e1ci\u00f3 ideje:\u00a02025.12.05. 14:00 \u00f3ra Dokumentumok <a href=\"https:\/\/semmelweis.hu\/dft\/files\/2026\/01\/Altalanos-fogaszati-ismeretek-tantargykovetelmeny-2025-osz.pdf\">Tant\u00e1rgyi program<\/a> <a href=\"https:\/\/semmelweis.hu\/dft\/files\/2026\/01\/AFI-tetelsor-2025-osz.pdf\">T\u00e9telsor<\/a> <a href=\"https:\/\/semmelweis.hu\/dft\/files\/2026\/01\/AFI-beadando-temak.pdf\">Beadand\u00f3k\u00a0<\/a> <a href=\"https:\/\/semmelweis.hu\/dft\/files\/2026\/01\/Tematika-2025-osz-AFI.pdf\">Tematika<\/a> Szeptember D\u00e1tum Id\u0151pont El\u0151ad\u00f3 El\u0151ad\u00e1s c\u00edme 2025.09.09. 8.00 &#8211; 8.45 Dr. M\u00e1rton Krisztina <a href=\"https:\/\/semmelweis.hu\/dft\/files\/2022\/09\/Marton-alapfogalmak.pdf\">Fog\u00e1szati alapfogalmak<\/a> 2025.09.09. 9.00 &#8211; 9.45 Dr. M\u00e1rton Krisztina <a href=\"https:\/\/semmelweis.hu\/dft\/files\/2022\/09\/Marton.-Foga\u0301szati-alapbetegse\u0301gek.pdf\">Sz\u00e1jbetegs\u00e9gek<\/a> 2025.09.09. 10.00 &#8211; 10.45 &hellip;<\/p>\n","protected":false},"author":101231,"featured_media":0,"parent":8724,"menu_order":2,"comment_status":"closed","ping_status":"closed","template":"","meta":{"_acf_changed":false,"footnotes":""},"categories":[],"tags":[],"class_list":["post-8794","page","type-page","status-publish","hentry"],"acf":[],"_links":{"self":[{"href":"https:\/\/semmelweis.hu\/dft\/wp-json\/wp\/v2\/pages\/8794","targetHints":{"allow":["GET"]}}],"collection":[{"href":"https:\/\/semmelweis.hu\/dft\/wp-json\/wp\/v2\/pages"}],"about":[{"href":"https:\/\/semmelweis.hu\/dft\/wp-json\/wp\/v2\/types\/page"}],"author":[{"embeddable":true,"href":"https:\/\/semmelweis.hu\/dft\/wp-json\/wp\/v2\/users\/101231"}],"replies":[{"embeddable":true,"href":"https:\/\/semmelweis.hu\/dft\/wp-json\/wp\/v2\/comments?post=8794"}],"version-history":[{"count":10,"href":"https:\/\/semmelweis.hu\/dft\/wp-json\/wp\/v2\/pages\/8794\/revisions"}],"predecessor-version":[{"id":9709,"href":"https:\/\/semmelweis.hu\/dft\/wp-json\/wp\/v2\/pages\/8794\/revisions\/9709"}],"up":[{"embeddable":true,"href":"https:\/\/semmelweis.hu\/dft\/wp-json\/wp\/v2\/pages\/8724"}],"wp:attachment":[{"href":"https:\/\/semmelweis.hu\/dft\/wp-json\/wp\/v2\/media?parent=8794"}],"wp:term":[{"taxonomy":"category","embeddable":true,"href":"https:\/\/semmelweis.hu\/dft\/wp-json\/wp\/v2\/categories?post=8794"},{"taxonomy":"post_tag","embeddable":true,"href":"https:\/\/semmelweis.hu\/dft\/wp-json\/wp\/v2\/tags?post=8794"}],"curies":[{"name":"wp","href":"https:\/\/api.w.org\/{rel}","templated":true}]}}