{"id":8726,"date":"2023-07-21T14:26:44","date_gmt":"2023-07-21T12:26:44","guid":{"rendered":"https:\/\/semmelweis.hu\/dft\/?page_id=8726"},"modified":"2026-01-26T12:47:35","modified_gmt":"2026-01-26T11:47:35","slug":"2-felev","status":"publish","type":"page","link":"https:\/\/semmelweis.hu\/dft\/1-evfolyam\/2-felev\/","title":{"rendered":"2. f\u00e9l\u00e9v"},"content":{"rendered":"<h1>2025\/2026-Os tan\u00e9v II. f\u00e9l\u00e9v<\/h1>\n<h2>Tant\u00e1rgyak<\/h2>\n<table style=\"border-collapse: collapse;width: 100%;height: 195px\">\n<thead>\n<tr style=\"height: 33px\">\n<td style=\"width: 14.2857%;height: 33px;text-align: center\"><strong>Tant\u00e1rgy neve<\/strong><\/td>\n<td style=\"width: 12.1039%;height: 33px;text-align: center\"><strong>Felv\u00e9tel t\u00edpusa<\/strong><\/td>\n<td style=\"width: 16.4675%;height: 33px;text-align: center\"><strong>Tant\u00e1rgy felel\u0151se<\/strong><\/td>\n<td style=\"width: 14.2857%;height: 33px;text-align: center\"><strong>Kredit\u00e9rt\u00e9k<\/strong><\/td>\n<td style=\"width: 14.2857%;height: 33px;text-align: center\"><strong>Kontakt \u00f3rasz\u00e1m<\/strong><\/td>\n<td style=\"width: 14.2857%;height: 33px;text-align: center\"><strong>Vizsgaforma<\/strong><\/td>\n<td style=\"width: 14.2857%;height: 33px;text-align: center\"><strong>Kurzusk\u00f3d<\/strong><\/td>\n<\/tr>\n<\/thead>\n<tbody>\n<tr style=\"height: 33px\">\n<td style=\"width: 14.2857%;height: 33px\"><a href=\"https:\/\/semmelweis.hu\/dft\/1-evfolyam\/2-felev\/fej-es-nyak-anatomiaja\/\">Fej- \u00e9s nyak anat\u00f3mi\u00e1ja<\/a><\/td>\n<td style=\"width: 12.1039%;height: 33px;text-align: center\">k\u00f6telez\u0151<\/td>\n<td style=\"width: 16.4675%;height: 33px\">Prof. Dr. Gerber G\u00e1bor<\/td>\n<td style=\"width: 14.2857%;height: 33px;text-align: center\">2<\/td>\n<td style=\"width: 14.2857%;height: 33px\">9 szemin\u00e1rium<\/td>\n<td style=\"width: 14.2857%;height: 33px\">kollokvium<\/td>\n<td style=\"width: 14.2857%;height: 33px\">FODKOANT005_1M<\/td>\n<\/tr>\n<tr style=\"height: 63px\">\n<td style=\"width: 14.2857%;height: 63px\"><a href=\"https:\/\/semmelweis.hu\/dft\/1-evfolyam\/2-felev\/fogaszati-anyagtan-es-odontotechnologia-ii\/\">Fog\u00e1szati Anyagtan \u00e9s Odontotechnol\u00f3gia II<\/a><\/td>\n<td style=\"width: 12.1039%;height: 63px;text-align: center\">k\u00f6telez\u0151<\/td>\n<td style=\"width: 16.4675%;height: 63px\">Prof. Dr. Hermann P\u00e9ter<\/td>\n<td style=\"width: 14.2857%;height: 63px;text-align: center\">7<\/td>\n<td style=\"width: 14.2857%;height: 63px\">15 szemin\u00e1rium + 13 gyakorlat<\/td>\n<td style=\"width: 14.2857%;height: 63px\">gyakorlati jegy<\/td>\n<td style=\"width: 14.2857%;height: 63px\" width=\"165\">FODKOFPK003_2M<\/td>\n<\/tr>\n<tr style=\"height: 33px\">\n<td style=\"width: 14.2857%;height: 33px\"><a href=\"https:\/\/semmelweis.hu\/dft\/1-evfolyam\/2-felev\/fogpotlastan-ii\/\">Fogp\u00f3tl\u00e1stan II<\/a><\/td>\n<td style=\"width: 12.1039%;height: 33px;text-align: center\">k\u00f6telez\u0151<\/td>\n<td style=\"width: 16.4675%;height: 33px\">Prof. Dr. Hermann P\u00e9ter<\/td>\n<td style=\"width: 14.2857%;height: 33px;text-align: center\">6<\/td>\n<td style=\"width: 14.2857%;height: 33px\">11 szemin\u00e1rium + 13 gyakorlat<\/td>\n<td style=\"width: 14.2857%;height: 33px\">gyakorlati jegy<\/td>\n<td style=\"width: 14.2857%;height: 33px\">FODKOFPK004_2M<\/td>\n<\/tr>\n<tr>\n<td style=\"width: 14.2857%\">Bioetika<\/td>\n<td style=\"width: 12.1039%;text-align: center\">szabadon v\u00e1laszthat\u00f3<\/td>\n<td style=\"width: 16.4675%\">Dr. D\u00f3sa \u00c1gnes<\/td>\n<td style=\"width: 14.2857%;text-align: center\">2<\/td>\n<td style=\"width: 14.2857%\">9 szemin\u00e1rium<\/td>\n<td style=\"width: 14.2857%\">kollokvium<\/td>\n<td style=\"width: 14.2857%\">FODSVMAG022_1M<\/td>\n<\/tr>\n<\/tbody>\n<\/table>\n<h2>\u00d3rarend<\/h2>\n<h5><span style=\"color: #ff0000\">Febru\u00e1r<\/span><\/h5>\n<table style=\"border-collapse: collapse;width: 100%;height: 577px\">\n<tbody>\n<tr style=\"height: 33px\">\n<td style=\"width: 9.03034%;height: 33px\">\u00a0<\/td>\n<td style=\"width: 19.9395%;height: 33px;text-align: center\">2026.02.09.<\/td>\n<td style=\"width: 19.3575%;height: 33px;text-align: center\">2026.02.10.<\/td>\n<td style=\"width: 18.3395%;height: 33px;text-align: center\">2026.02.11.<\/td>\n<td style=\"width: 16.6667%;height: 33px;text-align: center\">2026.02.12.<\/td>\n<td style=\"width: 16.6667%;height: 33px;text-align: center\">2026.02.13.<\/td>\n<\/tr>\n<tr style=\"height: 63px\">\n<td style=\"width: 9.03034%;height: 63px\">8:00-8:45<\/td>\n<td style=\"width: 19.9395%;height: 63px\">Anat\u00f3mia szemin\u00e1rium 1.<\/td>\n<td style=\"width: 19.3575%;height: 63px\">Fogp\u00f3tl\u00e1stan II. gyakorlat 1.<\/td>\n<td style=\"width: 18.3395%;height: 63px\">Fog\u00e1szati Anyagtan \u00e9s Odontotechnol\u00f3gia II szemin\u00e1rium 1.<\/td>\n<td style=\"width: 16.6667%;height: 63px\">Fog\u00e1szati Anyagtan \u00e9s Odontotechnol\u00f3gia II szemin\u00e1rium 6.<\/td>\n<td style=\"width: 16.6667%;height: 63px\">Fogp\u00f3tl\u00e1stan II. gyakorlat 5 C<\/td>\n<\/tr>\n<tr style=\"height: 63px\">\n<td style=\"width: 9.03034%;height: 63px\">9:00-9:45<\/td>\n<td style=\"width: 19.9395%;height: 63px\">Anat\u00f3mia szemin\u00e1rium 2.<\/td>\n<td style=\"width: 19.3575%;height: 63px\">Fogp\u00f3tl\u00e1stan II. gyakorlat 2. (9:30-ig)<\/td>\n<td style=\"width: 18.3395%;height: 63px\">Fog\u00e1szati Anyagtan \u00e9s Odontotechnol\u00f3gia II szemin\u00e1rium 2.<\/td>\n<td style=\"width: 16.6667%;height: 63px\">Fog\u00e1szati Anyagtan \u00e9s Odontotechnol\u00f3gia II szemin\u00e1rium 7.<\/td>\n<td style=\"width: 16.6667%;height: 63px\">Fogp\u00f3tl\u00e1stan II. gyakorlat 6 C<\/td>\n<\/tr>\n<tr style=\"height: 63px\">\n<td style=\"width: 9.03034%;height: 63px\">10:00-10:45<\/td>\n<td style=\"width: 19.9395%;height: 63px\">Anat\u00f3mia szemin\u00e1rium 3.<\/td>\n<td style=\"width: 19.3575%;height: 63px\">Fogp\u00f3tl\u00e1stan II. szemin\u00e1rium 4.\u00a0<\/td>\n<td style=\"width: 18.3395%;height: 63px\">Fog\u00e1szati Anyagtan \u00e9s Odontotechnol\u00f3gia II szemin\u00e1rium 3.<\/td>\n<td style=\"width: 16.6667%;height: 63px\">Fog\u00e1szati Anyagtan \u00e9s Odontotechnol\u00f3gia II szemin\u00e1rium 8.<\/td>\n<td style=\"width: 16.6667%;height: 63px\">Fogp\u00f3tl\u00e1stan II. gyakorlat 7 C<\/td>\n<\/tr>\n<tr style=\"height: 63px\">\n<td style=\"width: 9.03034%;height: 63px\">11:00-11:45<\/td>\n<td style=\"width: 19.9395%;height: 63px\">Anat\u00f3mia szemin\u00e1rium 4.<\/td>\n<td style=\"width: 19.3575%;height: 63px\">Fogp\u00f3tl\u00e1stan II. szemin\u00e1rium 5.\u00a0<\/td>\n<td style=\"width: 18.3395%;height: 63px\">Fog\u00e1szati Anyagtan \u00e9s Odontotechnol\u00f3gia II szemin\u00e1rium 4.<\/td>\n<td style=\"width: 16.6667%;height: 63px\">Fog\u00e1szati Anyagtan \u00e9s Odontotechnol\u00f3gia II szemin\u00e1rium 9.<\/td>\n<td style=\"width: 16.6667%;height: 63px\">Fogp\u00f3tl\u00e1stan II. gyakorlat 8 C<\/td>\n<\/tr>\n<tr style=\"height: 63px\">\n<td style=\"width: 9.03034%;height: 63px\">12:00-12:45<\/td>\n<td style=\"width: 19.9395%;height: 63px\">Anat\u00f3mia szemin\u00e1rium 5.<\/td>\n<td style=\"width: 19.3575%;height: 63px\">Fogp\u00f3tl\u00e1stan II. szemin\u00e1rium 6.\u00a0<\/td>\n<td style=\"width: 18.3395%;height: 63px\">Fog\u00e1szati Anyagtan \u00e9s Odontotechnol\u00f3gia II szemin\u00e1rium 5.<\/td>\n<td style=\"width: 16.6667%;height: 63px\">Fog\u00e1szati Anyagtan \u00e9s Odontotechnol\u00f3gia II szemin\u00e1rium 10.<\/td>\n<td style=\"height: 63px;width: 16.6667%\">Fogp\u00f3tl\u00e1stan II. gyakorlat 9 C<\/td>\n<\/tr>\n<tr style=\"height: 33px\">\n<td style=\"width: 9.03034%;height: 33px\">12:45-14:00<\/td>\n<td style=\"width: 19.9395%;height: 33px\">sz\u00fcnet<\/td>\n<td style=\"width: 19.3575%;height: 33px\">Fogp\u00f3tl\u00e1stan II. szemin\u00e1rium 7. (13:00-13:45)<\/td>\n<td style=\"width: 18.3395%;height: 100px\" rowspan=\"3\">12:30-15:30 Fog\u00e1szati Anyagtan \u00e9s Odontotechnol\u00f3gia II. gyakorlat 1-4.<\/td>\n<td style=\"width: 16.6667%;height: 33px\">sz\u00fcnet<\/td>\n<td style=\"height: 33px;width: 16.6667%\">Fogp\u00f3tl\u00e1stan II. gyakorlat 10-11. C\u00a0<br \/>\n14:00-15:30<\/td>\n<\/tr>\n<tr style=\"height: 63px\">\n<td style=\"width: 9.03034%;height: 34px\">14:00-14:45<\/td>\n<td style=\"width: 19.9395%;height: 34px\">Fogp\u00f3tl\u00e1stan II. szemin\u00e1rium 1.\u00a0<\/td>\n<td style=\"width: 19.3575%;height: 34px\">Fogp\u00f3tl\u00e1stan II. szemin\u00e1rium 8.<\/td>\n<td style=\"width: 16.6667%;height: 34px\">\u00a0<\/td>\n<td style=\"width: 16.6667%;height: 34px\">\u00a0<\/td>\n<\/tr>\n<tr style=\"height: 33px\">\n<td style=\"width: 9.03034%;height: 33px\">15:00-15:45<\/td>\n<td style=\"width: 19.9395%;height: 33px\">Fogp\u00f3tl\u00e1stan II. szemin\u00e1rium 2.\u00a0<\/td>\n<td style=\"width: 19.3575%;height: 33px\">\u00a0<\/td>\n<td style=\"width: 16.6667%;height: 33px\">\u00a0<\/td>\n<td style=\"width: 16.6667%;height: 33px\">\u00a0<\/td>\n<\/tr>\n<tr style=\"height: 63px\">\n<td style=\"width: 9.03034%;height: 63px\">16:00-16:45<\/td>\n<td style=\"width: 19.9395%;height: 63px\">Fogp\u00f3tl\u00e1stan II. szemin\u00e1rium 3.\u00a0<\/td>\n<td style=\"width: 19.3575%;height: 63px\">\u00a0<\/td>\n<td style=\"width: 18.3395%;height: 129px\" rowspan=\"3\">15:30-18:30 Fog\u00e1szati Anyagtan \u00e9s Odontotechnol\u00f3gia II. gyakorlat 5-8.<\/td>\n<td style=\"width: 16.6667%;height: 63px\">\u00a0<\/td>\n<td style=\"height: 63px;width: 16.6667%\">\u00a0<\/td>\n<\/tr>\n<tr style=\"height: 33px\">\n<td style=\"width: 9.03034%;height: 33px\">17:00-17:45<\/td>\n<td style=\"width: 19.9395%;height: 33px\">\u00a0<\/td>\n<td style=\"width: 19.3575%;height: 33px\">\u00a0<\/td>\n<td style=\"width: 16.6667%;height: 33px\">\u00a0<\/td>\n<td style=\"width: 16.6667%;height: 33px\">\u00a0<\/td>\n<\/tr>\n<tr style=\"height: 33px\">\n<td style=\"width: 9.03034%;height: 33px\">18:00-18:45<\/td>\n<td style=\"width: 19.9395%;height: 33px\">\u00a0<\/td>\n<td style=\"width: 19.3575%;height: 33px\">\u00a0<\/td>\n<td style=\"width: 16.6667%;height: 33px\">\u00a0<\/td>\n<td style=\"width: 16.6667%;height: 33px\">\u00a0<\/td>\n<\/tr>\n<\/tbody>\n<\/table>\n<p>&nbsp;<\/p>\n<h5><span style=\"color: #ff0000\">\u00c1prilis<\/span><\/h5>\n<table style=\"border-collapse: collapse;width: 100%;height: 338px\">\n<tbody>\n<tr style=\"height: 33px\">\n<td style=\"width: 9.10306%;height: 33px\">\u00a0<\/td>\n<td style=\"width: 20.303%;height: 33px;text-align: center\">2026.03.30.<\/td>\n<td style=\"width: 17.3213%;height: 33px;text-align: center\">2026.03.31.<\/td>\n<td style=\"width: 19.9394%;height: 33px;text-align: center\">2026.04.01.<\/td>\n<td style=\"width: 18.8485%;height: 33px;text-align: center\">2026.04.02.<\/td>\n<td style=\"width: 14.4849%;height: 33px;text-align: center\">2026.04.03.<\/td>\n<\/tr>\n<tr style=\"height: 33px\">\n<td style=\"width: 9.10306%;height: 33px\">8:00-8:45<\/td>\n<td style=\"width: 20.303%;height: 33px\">Anat\u00f3mia szemin\u00e1rium 6.<\/td>\n<td style=\"width: 17.3213%;height: 33px\">Fogp\u00f3tl\u00e1stan II. gyakorlat 3.<\/td>\n<td style=\"height: 107px;width: 19.9394%\" rowspan=\"4\">Fogp\u00f3tl\u00e1stan II. gyakorlat 5-9. A<br \/>\n8:00-11:45<\/td>\n<td style=\"height: 107px;width: 18.8485%\" rowspan=\"4\">Fogp\u00f3tl\u00e1stan II. gyakorlat 5-9. B<br \/>\n8:00-12:15<\/td>\n<td style=\"width: 14.4849%;height: 33px\">\u00a0<\/td>\n<\/tr>\n<tr style=\"height: 33px\">\n<td style=\"width: 9.10306%;height: 31px\">9:00-9:45<\/td>\n<td style=\"width: 20.303%;height: 31px\">Anat\u00f3mia szemin\u00e1rium 7.<\/td>\n<td style=\"width: 17.3213%;height: 31px\">Fogp\u00f3tl\u00e1stan II. gyakorlat 4.<\/td>\n<td style=\"width: 14.4849%;height: 31px\">\u00a0<\/td>\n<\/tr>\n<tr style=\"height: 33px\">\n<td style=\"width: 9.10306%;height: 10px\">10:00-10:45<\/td>\n<td style=\"width: 20.303%;height: 10px\">Anat\u00f3mia szemin\u00e1rium 8.<\/td>\n<td style=\"width: 17.3213%;height: 10px\">Fog\u00e1szati Anyagtan \u00e9s Odontotechnol\u00f3gia II szemin\u00e1rium 11.<\/td>\n<td style=\"width: 14.4849%;height: 10px\">\u00a0<\/td>\n<\/tr>\n<tr style=\"height: 33px\">\n<td style=\"width: 9.10306%;height: 33px\">11:00-11:45<\/td>\n<td style=\"width: 20.303%;height: 33px\">Anat\u00f3mia szemin\u00e1rium 9.<\/td>\n<td style=\"width: 17.3213%;height: 33px\">Fog\u00e1szati Anyagtan \u00e9s Odontotechnol\u00f3gia II szemin\u00e1rium 12.<\/td>\n<td style=\"width: 14.4849%;height: 33px\">\u00a0<\/td>\n<\/tr>\n<tr style=\"height: 33px\">\n<td style=\"width: 9.10306%;height: 33px\">12:00-12:45<\/td>\n<td style=\"width: 20.303%;height: 33px\">sz\u00fcnet<\/td>\n<td style=\"width: 17.3213%;height: 33px\">Fog\u00e1szati Anyagtan \u00e9s Odontotechnol\u00f3gia II szemin\u00e1rium 13.<\/td>\n<td style=\"width: 19.9394%;height: 99px\" rowspan=\"3\">Fogp\u00f3tl\u00e1stan II. gyakorlat 10-11. A<br \/>\n12:15-13:45<\/td>\n<td style=\"width: 18.8485%;height: 66px\" rowspan=\"2\">Fogp\u00f3tl\u00e1stan II. gyakorlat 10-11. B<br \/>\n12:15-13:45<\/td>\n<td style=\"width: 14.4849%;height: 132px\" rowspan=\"4\">\u00a0<\/td>\n<\/tr>\n<tr style=\"height: 33px\">\n<td style=\"width: 9.10306%;height: 33px\">13:00-13:45<\/td>\n<td style=\"width: 20.303%;height: 33px\">Fogp\u00f3tl\u00e1stan II. szemin\u00e1rium 9.\u00a0<\/td>\n<td style=\"width: 17.3213%;height: 33px\">sz\u00fcnet<\/td>\n<\/tr>\n<tr style=\"height: 33px\">\n<td style=\"width: 9.10306%;height: 33px\">14:00-14:45<\/td>\n<td style=\"width: 20.303%;height: 33px\">Fogp\u00f3tl\u00e1stan II. szemin\u00e1rium 10.\u00a0<\/td>\n<td style=\"width: 17.3213%;height: 33px\">Fog\u00e1szati Anyagtan \u00e9s Odontotechnol\u00f3gia II szemin\u00e1rium 14.<\/td>\n<td style=\"width: 18.8485%;height: 99px\" rowspan=\"3\">Fog\u00e1szati Anyagtan \u00e9s Odontotechnol\u00f3gia II gyakorlat 9-12. <br \/>\n14:00-17:00<\/td>\n<\/tr>\n<tr style=\"height: 33px\">\n<td style=\"width: 9.10306%;height: 33px\">15:00-15:45<\/td>\n<td style=\"width: 20.303%;height: 33px\">Fogp\u00f3tl\u00e1stan II. szemin\u00e1rium 11.\u00a0<\/td>\n<td style=\"width: 17.3213%;height: 33px\">Fog\u00e1szati Anyagtan \u00e9s Odontotechnol\u00f3gia II szemin\u00e1rium 15.<\/td>\n<td style=\"width: 19.9394%;height: 99px\" rowspan=\"3\">\u00a0<\/td>\n<\/tr>\n<tr style=\"height: 33px\">\n<td style=\"width: 9.10306%;height: 33px\">16:00-16:45<\/td>\n<td style=\"width: 20.303%;height: 33px\">Fogp\u00f3tl\u00e1stan II. szemin\u00e1rium 12.\u00a0<\/td>\n<td style=\"width: 17.3213%;height: 33px\">Fog\u00e1szati Anyagtan \u00e9s Odontotechnol\u00f3gia II szemin\u00e1rium 16.<\/td>\n<td style=\"width: 14.4849%;height: 33px\">\u00a0<\/td>\n<\/tr>\n<tr style=\"height: 33px\">\n<td style=\"width: 9.10306%;height: 33px\">17:00-17:45<\/td>\n<td style=\"width: 20.303%;height: 33px\">Fogp\u00f3tl\u00e1stan II. szemin\u00e1rium 13.<\/td>\n<td style=\"width: 17.3213%;height: 33px\">\u00a0<\/td>\n<td style=\"width: 18.8485%;height: 33px\">\u00a0<\/td>\n<td style=\"width: 14.4849%;height: 33px\">\u00a0<\/td>\n<\/tr>\n<\/tbody>\n<\/table>\n<p>&nbsp;<\/p>\n<h2>Terembeoszt\u00e1s<\/h2>\n<table style=\"border-collapse: collapse;width: 100%;height: 330px\">\n<tbody>\n<tr style=\"height: 33px\">\n<td style=\"width: 50%;height: 33px\">Anat\u00f3mia<\/td>\n<td style=\"width: 50%;height: 33px\">Semmelweis Egyetem Fogorvostudom\u00e1nyi Kar Oktat\u00e1si Centrum V. emeleti nagy digit\u00e1lis labor (1088 Budapest, Szentkir\u00e1lyi u. 47. V. emelet)<\/td>\n<\/tr>\n<tr style=\"height: 33px\">\n<td style=\"width: 50%;height: 33px\">Fogp\u00f3tl\u00e1stan szemin\u00e1rium<\/td>\n<td style=\"width: 50%;height: 33px\">Semmelweis Egyetem Fogorvostudom\u00e1nyi Kar Oktat\u00e1si Centrum V. emeleti nagy digit\u00e1lis labor (1088 Budapest, Szentkir\u00e1lyi u. 47. V. emelet)<\/td>\n<\/tr>\n<tr style=\"height: 33px\">\n<td style=\"width: 50%;height: 33px\">FAOT szemin\u00e1rium<\/td>\n<td style=\"width: 50%;height: 33px\">Semmelweis Egyetem Fogorvostudom\u00e1nyi Kar Oktat\u00e1si Centrum V. emeleti nagy digit\u00e1lis labor (1088 Budapest, Szentkir\u00e1lyi u. 47. V. emelet)<\/td>\n<\/tr>\n<tr style=\"height: 33px\">\n<td style=\"width: 50%;height: 33px\">FAOT gyakorlat<\/td>\n<td style=\"width: 50%;height: 33px\">Semmelweis Egyetem Fogorvostudom\u00e1nyi Kar Oktat\u00e1si Centrum Propedeutikai tanlabor<\/td>\n<\/tr>\n<tr style=\"height: 33px\">\n<td style=\"width: 50%;height: 33px\">Fogp\u00f3tl\u00e1stan gyakorlat 1 &#8211; 4.<\/td>\n<td style=\"width: 50%;height: 33px\">Semmelweis Egyetem Fogorvostudom\u00e1nyi Kar Oktat\u00e1si Centrum 211<\/td>\n<\/tr>\n<tr style=\"height: 33px\">\n<td style=\"width: 50%;height: 33px\">Fogp\u00f3tl\u00e1stan gyakorlat 5 &#8211; 11.<\/td>\n<td style=\"width: 50%;height: 33px\">Semmelweis Egyetem Fogorvostudom\u00e1nyi Kar Oktat\u00e1si Centrum V. emeleti kis digit\u00e1lis labor (1088 Budapest, Szentkir\u00e1lyi u. 47. V. emelet)<\/td>\n<\/tr>\n<\/tbody>\n<\/table>\n<p>&nbsp;<\/p>\n<p>Kontakt \u00f3r\u00e1k id\u0151pontja a Neumann J\u00e1nos Egyetemen: 2026. <span style=\"color: black\">m\u00e1rcius 16-21., 2026. m\u00e1jus 11-15.<\/span><\/p>\n","protected":false},"excerpt":{"rendered":"<p>2025\/2026-Os tan\u00e9v II. f\u00e9l\u00e9v Tant\u00e1rgyak Tant\u00e1rgy neve Felv\u00e9tel t\u00edpusa Tant\u00e1rgy felel\u0151se Kredit\u00e9rt\u00e9k Kontakt \u00f3rasz\u00e1m Vizsgaforma Kurzusk\u00f3d <a href=\"https:\/\/semmelweis.hu\/dft\/1-evfolyam\/2-felev\/fej-es-nyak-anatomiaja\/\">Fej- \u00e9s nyak anat\u00f3mi\u00e1ja<\/a> k\u00f6telez\u0151 Prof. Dr. Gerber G\u00e1bor 2 9 szemin\u00e1rium kollokvium FODKOANT005_1M <a href=\"https:\/\/semmelweis.hu\/dft\/1-evfolyam\/2-felev\/fogaszati-anyagtan-es-odontotechnologia-ii\/\">Fog\u00e1szati Anyagtan \u00e9s Odontotechnol\u00f3gia II<\/a> k\u00f6telez\u0151 Prof. Dr. Hermann P\u00e9ter 7 15 szemin\u00e1rium + 13 gyakorlat gyakorlati jegy FODKOFPK003_2M <a href=\"https:\/\/semmelweis.hu\/dft\/1-evfolyam\/2-felev\/fogpotlastan-ii\/\">Fogp\u00f3tl\u00e1stan II<\/a> k\u00f6telez\u0151 Prof. Dr. Hermann P\u00e9ter 6 11 szemin\u00e1rium + 13 gyakorlat gyakorlati jegy FODKOFPK004_2M Bioetika &hellip;<\/p>\n","protected":false},"author":101231,"featured_media":0,"parent":8773,"menu_order":2,"comment_status":"closed","ping_status":"closed","template":"","meta":{"_acf_changed":false,"footnotes":""},"categories":[],"tags":[],"class_list":["post-8726","page","type-page","status-publish","hentry"],"acf":[],"_links":{"self":[{"href":"https:\/\/semmelweis.hu\/dft\/wp-json\/wp\/v2\/pages\/8726","targetHints":{"allow":["GET"]}}],"collection":[{"href":"https:\/\/semmelweis.hu\/dft\/wp-json\/wp\/v2\/pages"}],"about":[{"href":"https:\/\/semmelweis.hu\/dft\/wp-json\/wp\/v2\/types\/page"}],"author":[{"embeddable":true,"href":"https:\/\/semmelweis.hu\/dft\/wp-json\/wp\/v2\/users\/101231"}],"replies":[{"embeddable":true,"href":"https:\/\/semmelweis.hu\/dft\/wp-json\/wp\/v2\/comments?post=8726"}],"version-history":[{"count":10,"href":"https:\/\/semmelweis.hu\/dft\/wp-json\/wp\/v2\/pages\/8726\/revisions"}],"predecessor-version":[{"id":9718,"href":"https:\/\/semmelweis.hu\/dft\/wp-json\/wp\/v2\/pages\/8726\/revisions\/9718"}],"up":[{"embeddable":true,"href":"https:\/\/semmelweis.hu\/dft\/wp-json\/wp\/v2\/pages\/8773"}],"wp:attachment":[{"href":"https:\/\/semmelweis.hu\/dft\/wp-json\/wp\/v2\/media?parent=8726"}],"wp:term":[{"taxonomy":"category","embeddable":true,"href":"https:\/\/semmelweis.hu\/dft\/wp-json\/wp\/v2\/categories?post=8726"},{"taxonomy":"post_tag","embeddable":true,"href":"https:\/\/semmelweis.hu\/dft\/wp-json\/wp\/v2\/tags?post=8726"}],"curies":[{"name":"wp","href":"https:\/\/api.w.org\/{rel}","templated":true}]}}