{"id":8724,"date":"2023-07-21T14:25:45","date_gmt":"2023-07-21T12:25:45","guid":{"rendered":"https:\/\/semmelweis.hu\/dft\/?page_id=8724"},"modified":"2025-08-21T15:02:11","modified_gmt":"2025-08-21T13:02:11","slug":"1-felev","status":"publish","type":"page","link":"https:\/\/semmelweis.hu\/dft\/1-evfolyam\/1-felev\/","title":{"rendered":"1. f\u00e9l\u00e9v"},"content":{"rendered":"<h2>2025\/2026-os tan\u00e9v I. f\u00e9l\u00e9v<\/h2>\n<h2>Tant\u00e1rgyak<\/h2>\n<table style=\"border-collapse: collapse;width: 100%;height: 195px\">\n<thead>\n<tr style=\"height: 33px\">\n<td style=\"width: 14.2857%;height: 33px;text-align: center\"><strong>Tant\u00e1rgy neve<\/strong><\/td>\n<td style=\"width: 12.1039%;height: 33px;text-align: center\"><strong>Felv\u00e9tel t\u00edpusa<\/strong><\/td>\n<td style=\"width: 16.4675%;height: 33px;text-align: center\"><strong>Tant\u00e1rgy felel\u0151se<\/strong><\/td>\n<td style=\"width: 14.2857%;height: 33px;text-align: center\"><strong>Kredit\u00e9rt\u00e9k<\/strong><\/td>\n<td style=\"width: 14.2857%;height: 33px;text-align: center\"><strong>Kontakt \u00f3rasz\u00e1m<\/strong><\/td>\n<td style=\"width: 14.2857%;height: 33px;text-align: center\"><strong>Vizsgaforma<\/strong><\/td>\n<td style=\"width: 14.2857%;height: 33px;text-align: center\"><strong>Kurzusk\u00f3d<\/strong><\/td>\n<\/tr>\n<\/thead>\n<tbody>\n<tr style=\"height: 33px\">\n<td style=\"width: 14.2857%;height: 33px\"><a href=\"https:\/\/semmelweis.hu\/dft\/1-evfolyam\/1-felev\/biologia\/\">Biol\u00f3gia<\/a><\/td>\n<td style=\"width: 12.1039%;height: 33px\">k\u00f6telez\u0151<\/td>\n<td style=\"width: 16.4675%;height: 33px\">Dr. Ker\u00e9mi Be\u00e1ta<\/td>\n<td style=\"width: 14.2857%;height: 33px\">2 kredit<\/td>\n<td style=\"width: 14.2857%;height: 33px\">9 szemin\u00e1rium<\/td>\n<td style=\"width: 14.2857%;height: 33px\">kollokvium<\/td>\n<td style=\"width: 14.2857%;height: 33px\">FODKOOBT002_1M<\/td>\n<\/tr>\n<tr style=\"height: 63px\">\n<td style=\"width: 14.2857%;height: 63px\"><a href=\"https:\/\/semmelweis.hu\/dft\/1-evfolyam\/1-felev\/altalanos-fogaszati-alapismeretek\/\">\u00c1ltal\u00e1nos Fog\u00e1szati Ismeretek<\/a><\/td>\n<td style=\"width: 12.1039%;height: 63px\">k\u00f6telez\u0151<\/td>\n<td style=\"width: 16.4675%;height: 63px\">Dr. M\u00e1rton Krisztina<\/td>\n<td style=\"width: 14.2857%;height: 63px\">2 kredit<\/td>\n<td style=\"width: 14.2857%;height: 63px\">9 szemin\u00e1rium<\/td>\n<td style=\"width: 14.2857%;height: 63px\">kollokvium<\/td>\n<td style=\"width: 14.2857%;height: 63px\" width=\"165\">FODKOPRT001_1M<\/td>\n<\/tr>\n<tr style=\"height: 33px\">\n<td style=\"width: 14.2857%;height: 33px\"><a href=\"https:\/\/semmelweis.hu\/dft\/1-evfolyam\/1-felev\/fogaszati-anyagtan-es-odontotechnologia-i\/\">Fog\u00e1szati Anyagtan \u00e9s Odontotechnol\u00f3gia I.<\/a><\/td>\n<td style=\"width: 12.1039%;height: 33px\">k\u00f6telez\u0151<\/td>\n<td style=\"width: 16.4675%;height: 33px\">Prof. Dr. Hermann P\u00e9ter<\/td>\n<td style=\"width: 14.2857%;height: 33px\">7 kredit<\/td>\n<td style=\"width: 14.2857%;height: 33px\">13 szemin\u00e1rium <br \/>\n16 gyakorlat<\/td>\n<td style=\"width: 14.2857%;height: 33px\">gyakorlati jegy<\/td>\n<td style=\"width: 14.2857%;height: 33px\">FODKOFPK003_1M<\/td>\n<\/tr>\n<tr style=\"height: 33px\">\n<td style=\"width: 14.2857%;height: 33px\"><a href=\"https:\/\/semmelweis.hu\/dft\/1-evfolyam\/1-felev\/fogpotlastan-i\/\">Fogp\u00f3tl\u00e1stan I.<\/a><\/td>\n<td style=\"width: 12.1039%;height: 33px\">k\u00f6telez\u0151<\/td>\n<td style=\"width: 16.4675%;height: 33px\">Prof. Dr. Hermann P\u00e9ter<\/td>\n<td style=\"width: 14.2857%;height: 33px\">3 kredit<\/td>\n<td style=\"width: 14.2857%;height: 33px\">13 szemin\u00e1rium<\/td>\n<td style=\"width: 14.2857%;height: 33px\">kollokvium<\/td>\n<td style=\"width: 14.2857%\" width=\"165\">FODKOFPK004_1M<\/td>\n<\/tr>\n<\/tbody>\n<\/table>\n<h2>\u00d3rarend<\/h2>\n<h5><span style=\"color: #ff0000\">Szeptember<\/span><\/h5>\n<table style=\"border-collapse: collapse;width: 100%;height: 297px\">\n<thead>\n<tr>\n<td style=\"width: 9.96364%;height: 33px\">\u00a0<\/td>\n<td style=\"width: 17.0182%;height: 33px;text-align: center\">2025.09.08.<\/td>\n<td style=\"width: 16.5818%;height: 33px;text-align: center\">2025.09.09.<\/td>\n<td style=\"width: 18.7636%;height: 33px;text-align: center\">2025.09.10.<\/td>\n<td style=\"width: 19.3455%;height: 33px;text-align: center\">2025.09.11.<\/td>\n<td style=\"width: 18.2545%;height: 33px;text-align: center\">2025.09.12.<\/td>\n<\/tr>\n<\/thead>\n<tbody>\n<tr style=\"height: 33px\">\n<td style=\"width: 9.96364%;height: 33px\">8:00-8:45<\/td>\n<td style=\"width: 17.0182%;height: 33px\">Nyit\u00f3 el\u0151ad\u00e1s<\/td>\n<td style=\"width: 16.5818%;height: 33px\">\u00c1ltal\u00e1nos Fog\u00e1szati Ismeretek szemin\u00e1rium 1.<\/td>\n<td style=\"width: 18.7636%;height: 33px\">Fog\u00e1szati Anyagtan \u00e9s Odontotechnol\u00f3gia I. szemin\u00e1rium 1.<\/td>\n<td style=\"width: 19.3455%;height: 33px\">Fogp\u00f3tl\u00e1stan I. szemin\u00e1rium 1.<\/td>\n<td style=\"width: 18.2545%;height: 33px\">Fog\u00e1szati Anyagtan \u00e9s Odontotechnol\u00f3gia I. szemin\u00e1rium 8.<\/td>\n<\/tr>\n<tr style=\"height: 33px\">\n<td style=\"width: 9.96364%;height: 33px\">9:00-9:45<\/td>\n<td style=\"width: 17.0182%;height: 33px\">Biol\u00f3gia szemin\u00e1rium 1.<\/td>\n<td style=\"width: 16.5818%;height: 33px\">\u00c1ltal\u00e1nos Fog\u00e1szati Ismeretek szemin\u00e1rium 2.<\/td>\n<td style=\"width: 18.7636%;height: 33px\">Fog\u00e1szati Anyagtan \u00e9s Odontotechnol\u00f3gia I. szemin\u00e1rium 2.<\/td>\n<td style=\"width: 19.3455%;height: 33px\">Fogp\u00f3tl\u00e1stan I. szemin\u00e1rium 2.<\/td>\n<td style=\"width: 18.2545%;height: 33px\">Fog\u00e1szati Anyagtan \u00e9s Odontotechnol\u00f3gia I. szemin\u00e1rium 9.<\/td>\n<\/tr>\n<tr style=\"height: 33px\">\n<td style=\"width: 9.96364%;height: 33px\">10:00-10:45<\/td>\n<td style=\"width: 17.0182%;height: 33px\">Biol\u00f3gia szemin\u00e1rium 2.<\/td>\n<td style=\"width: 16.5818%;height: 33px\">\u00c1ltal\u00e1nos Fog\u00e1szati Ismeretek szemin\u00e1rium 3.<\/td>\n<td style=\"width: 18.7636%;height: 33px\">Fog\u00e1szati Anyagtan \u00e9s Odontotechnol\u00f3gia I. szemin\u00e1rium 3.<\/td>\n<td style=\"width: 19.3455%;height: 33px\">Fogp\u00f3tl\u00e1stan I. szemin\u00e1rium 3.<\/td>\n<td style=\"width: 18.2545%;height: 33px\">Fog\u00e1szati Anyagtan \u00e9s Odontotechnol\u00f3gia I. szemin\u00e1rium 10.<\/td>\n<\/tr>\n<tr style=\"height: 33px\">\n<td style=\"width: 9.96364%;height: 33px\">11:00-11:45<\/td>\n<td style=\"width: 17.0182%;height: 33px\">sz\u00fcnet<\/td>\n<td style=\"width: 16.5818%;height: 33px\">\u00c1ltal\u00e1nos Fog\u00e1szati Ismeretek szemin\u00e1rium 4.<\/td>\n<td style=\"width: 18.7636%;height: 33px\">Fog\u00e1szati Anyagtan \u00e9s Odontotechnol\u00f3gia I. szemin\u00e1rium 4.<\/td>\n<td style=\"width: 19.3455%;height: 33px\">Fogp\u00f3tl\u00e1stan I. szemin\u00e1rium 4.<\/td>\n<td style=\"width: 18.2545%;height: 33px\">Fog\u00e1szati Anyagtan \u00e9s Odontotechnol\u00f3gia I. szemin\u00e1rium 11.<\/td>\n<\/tr>\n<tr style=\"height: 33px\">\n<td style=\"width: 9.96364%;height: 33px\">12:00-12:45<\/td>\n<td style=\"width: 17.0182%;height: 33px\">sz\u00fcnet<\/td>\n<td style=\"width: 16.5818%;height: 33px\">\u00c1ltal\u00e1nos Fog\u00e1szati Ismeretek szemin\u00e1rium 5.<\/td>\n<td style=\"width: 18.7636%;height: 33px\">sz\u00fcnet<\/td>\n<td style=\"width: 19.3455%;height: 33px\">sz\u00fcnet<\/td>\n<td style=\"width: 18.2545%;height: 33px\">sz\u00fcnet<\/td>\n<\/tr>\n<tr style=\"height: 33px\">\n<td style=\"width: 9.96364%;height: 33px\">13:00-13:45<\/td>\n<td style=\"width: 17.0182%;height: 33px\">Biol\u00f3gia szemin\u00e1rium 3.<\/td>\n<td style=\"width: 16.5818%;height: 33px\">\u00a0<\/td>\n<td style=\"width: 18.7636%;height: 33px\">Fog\u00e1szati Anyagtan \u00e9s Odontotechnol\u00f3gia I. szemin\u00e1rium 5.<\/td>\n<td style=\"width: 19.3455%;height: 33px\">Fogp\u00f3tl\u00e1stan I. szemin\u00e1rium 5.<\/td>\n<td style=\"width: 18.2545%;height: 33px\">Fog\u00e1szati Anyagtan \u00e9s Odontotechnol\u00f3gia I. szemin\u00e1rium 12.<\/td>\n<\/tr>\n<tr style=\"height: 33px\">\n<td style=\"width: 9.96364%;height: 33px\">14:00-14:45<\/td>\n<td style=\"width: 17.0182%;height: 33px\">Biol\u00f3gia szemin\u00e1rium 4.<\/td>\n<td style=\"width: 16.5818%;height: 33px\">\u00a0<\/td>\n<td style=\"width: 18.7636%;height: 33px\">Fog\u00e1szati Anyagtan \u00e9s Odontotechnol\u00f3gia I. szemin\u00e1rium 6.<\/td>\n<td style=\"width: 19.3455%;height: 33px\">Fogp\u00f3tl\u00e1stan I. szemin\u00e1rium 6.<\/td>\n<td style=\"width: 18.2545%;height: 33px\">Fog\u00e1szati Anyagtan \u00e9s Odontotechnol\u00f3gia I. szemin\u00e1rium 13.<\/td>\n<\/tr>\n<tr style=\"height: 33px\">\n<td style=\"width: 9.96364%;height: 33px\">15:00-15:45<\/td>\n<td style=\"width: 17.0182%;height: 33px\">Biol\u00f3gia szemin\u00e1rium 5.<\/td>\n<td style=\"width: 16.5818%;height: 33px\">\u00a0<\/td>\n<td style=\"width: 18.7636%;height: 33px\">Fog\u00e1szati Anyagtan \u00e9s Odontotechnol\u00f3gia I. szemin\u00e1rium 7.<\/td>\n<td style=\"width: 19.3455%;height: 33px\">Fogp\u00f3tl\u00e1stan I. szemin\u00e1rium 7.<\/td>\n<td style=\"width: 18.2545%;height: 33px\">Fog\u00e1szati Anyagtan \u00e9s Odontotechnol\u00f3gia I. gyakorlat 1.<\/td>\n<\/tr>\n<\/tbody>\n<\/table>\n<h5>\u00a0<\/h5>\n<h5><span style=\"color: #ff0000\">December<\/span><\/h5>\n<table style=\"border-collapse: collapse;width: 99.7091%;height: 231px\">\n<thead>\n<tr>\n<td style=\"width: 9.96364%;height: 33px\">\u00a0<\/td>\n<td style=\"width: 17.0182%;height: 33px;text-align: center\">2025.12.01.<\/td>\n<td style=\"width: 16.0712%;height: 33px;text-align: center\">2025.12.02.<\/td>\n<td style=\"width: 19.2742%;height: 33px;text-align: center\">2025.12.03.<\/td>\n<td style=\"width: 19.3455%;height: 33px;text-align: center\">2025.12.04.<\/td>\n<td style=\"width: 18.2545%;height: 33px;text-align: center\">2025.12.05.<\/td>\n<\/tr>\n<\/thead>\n<tbody>\n<tr style=\"height: 33px\">\n<td style=\"width: 9.96364%;height: 33px\">13:00-13:45<\/td>\n<td style=\"width: 17.0182%;height: 33px\">Biol\u00f3gia szemin\u00e1rium 6.<\/td>\n<td style=\"width: 16.0712%;height: 33px\">\u00c1ltal\u00e1nos Fog\u00e1szati Ismeretek szemin\u00e1rium 6.<\/td>\n<td style=\"width: 19.2742%;height: 33px\">\u00a0<\/td>\n<td style=\"width: 19.3455%;height: 33px\">\u00a0<\/td>\n<td style=\"width: 18.2545%;height: 33px\">Biol\u00f3gia konzult\u00e1ci\u00f3<\/td>\n<\/tr>\n<tr style=\"height: 33px\">\n<td style=\"width: 9.96364%;height: 33px\">14:00-14:45<\/td>\n<td style=\"width: 17.0182%;height: 33px\">Biol\u00f3gia szemin\u00e1rium 7.<\/td>\n<td style=\"width: 16.0712%;height: 33px\">\u00c1ltal\u00e1nos Fog\u00e1szati Ismeretek szemin\u00e1rium 7.<\/td>\n<td style=\"width: 19.2742%;height: 33px\"><strong>11:00-11:45 <\/strong>Fogp\u00f3tl\u00e1stan I. szemin\u00e1rium 8.<\/td>\n<td style=\"width: 19.3455%;height: 33px\">Fogp\u00f3tl\u00e1stan I. szemin\u00e1rium 11.<\/td>\n<td style=\"width: 18.2545%;height: 33px\">\u00c1ltal\u00e1nos Fog\u00e1szati Ismeretek konzult\u00e1ci\u00f3<\/td>\n<\/tr>\n<tr style=\"height: 33px\">\n<td style=\"width: 9.96364%;height: 33px\">15:00-15:45<\/td>\n<td style=\"width: 17.0182%;height: 33px\">Biol\u00f3gia szemin\u00e1rium 8.<\/td>\n<td style=\"width: 16.0712%;height: 33px\">\u00c1ltal\u00e1nos Fog\u00e1szati Ismeretek szemin\u00e1rium 8.<\/td>\n<td style=\"width: 19.2742%;height: 33px\"><strong>12:00-12:45 <\/strong>Fogp\u00f3tl\u00e1stan I. szemin\u00e1rium 9.<\/td>\n<td style=\"width: 19.3455%;height: 33px\">Fogp\u00f3tl\u00e1stan I. szemin\u00e1rium 12.<\/td>\n<td style=\"width: 18.2545%;height: 33px\">Fogp\u00f3tl\u00e1stan I. konzult\u00e1ci\u00f3<\/td>\n<\/tr>\n<tr style=\"height: 33px\">\n<td style=\"width: 9.96364%;height: 33px\">16:00-16:45<\/td>\n<td style=\"width: 17.0182%;height: 33px\">Biol\u00f3gia szemin\u00e1rium 9.<\/td>\n<td style=\"width: 16.0712%;height: 33px\">\u00c1ltal\u00e1nos Fog\u00e1szati Ismeretek szemin\u00e1rium 9.<\/td>\n<td style=\"width: 19.2742%;height: 33px\"><strong>13:00-13:45 <\/strong>Fogp\u00f3tl\u00e1stan I. szemin\u00e1rium 10.<\/td>\n<td style=\"width: 19.3455%;height: 33px\">Fogp\u00f3tl\u00e1stan I. szemin\u00e1rium 13.<\/td>\n<td style=\"width: 18.2545%;height: 33px\">Fog\u00e1szati Anyagtan \u00e9s Odontotechnol\u00f3gia I. konzult\u00e1ci\u00f3<\/td>\n<\/tr>\n<tr>\n<td style=\"width: 9.96364%\">16:45-17:15<\/td>\n<td style=\"width: 17.0182%\">sz\u00fcnet<\/td>\n<td style=\"width: 16.0712%\">sz\u00fcnet<\/td>\n<td style=\"width: 19.2742%\">sz\u00fcnet<\/td>\n<td style=\"width: 19.3455%\">sz\u00fcnet<\/td>\n<td style=\"width: 18.2545%\">sz\u00fcnet<\/td>\n<\/tr>\n<tr>\n<td style=\"width: 9.96364%\">17:15-19:30<\/td>\n<td style=\"width: 17.0182%\">Fog\u00e1szati Anyagtan \u00e9s Odontotechnol\u00f3gia I. gyakorlat 2-3-4.<\/td>\n<td style=\"width: 16.0712%\">Fog\u00e1szati Anyagtan \u00e9s Odontotechnol\u00f3gia I. gyakorlat 5-6-7.<\/td>\n<td style=\"width: 19.2742%\">Fog\u00e1szati Anyagtan \u00e9s Odontotechnol\u00f3gia I. gyakorlat 8-9-10.<\/td>\n<td style=\"width: 19.3455%\">Fog\u00e1szati Anyagtan \u00e9s Odontotechnol\u00f3giaI. gyakorlat 11-12-13.<\/td>\n<td style=\"width: 18.2545%\">Fog\u00e1szati Anyagtan \u00e9s Odontotechnol\u00f3gia I. gyakorlat 14-15-16.<\/td>\n<\/tr>\n<\/tbody>\n<\/table>\n<p>\n<strong>Kontakt \u00f3r\u00e1k id\u0151pontja a Neumann J\u00e1nos Egyetemen:<\/strong><br \/>\n2025.10.20-24.<br \/>\n2025.11.10-14.<\/p>\n","protected":false},"excerpt":{"rendered":"<p>2025\/2026-os tan\u00e9v I. f\u00e9l\u00e9v Tant\u00e1rgyak Tant\u00e1rgy neve Felv\u00e9tel t\u00edpusa Tant\u00e1rgy felel\u0151se Kredit\u00e9rt\u00e9k Kontakt \u00f3rasz\u00e1m Vizsgaforma Kurzusk\u00f3d <a href=\"https:\/\/semmelweis.hu\/dft\/1-evfolyam\/1-felev\/biologia\/\">Biol\u00f3gia<\/a> k\u00f6telez\u0151 Dr. Ker\u00e9mi Be\u00e1ta 2 kredit 9 szemin\u00e1rium kollokvium FODKOOBT002_1M <a href=\"https:\/\/semmelweis.hu\/dft\/1-evfolyam\/1-felev\/altalanos-fogaszati-alapismeretek\/\">\u00c1ltal\u00e1nos Fog\u00e1szati Ismeretek<\/a> k\u00f6telez\u0151 Dr. M\u00e1rton Krisztina 2 kredit 9 szemin\u00e1rium kollokvium FODKOPRT001_1M <a href=\"https:\/\/semmelweis.hu\/dft\/1-evfolyam\/1-felev\/fogaszati-anyagtan-es-odontotechnologia-i\/\">Fog\u00e1szati Anyagtan \u00e9s Odontotechnol\u00f3gia I.<\/a> k\u00f6telez\u0151 Prof. Dr. Hermann P\u00e9ter 7 kredit 13 szemin\u00e1rium 16 gyakorlat gyakorlati jegy FODKOFPK003_1M <a href=\"https:\/\/semmelweis.hu\/dft\/1-evfolyam\/1-felev\/fogpotlastan-i\/\">Fogp\u00f3tl\u00e1stan I.<\/a> k\u00f6telez\u0151 Prof. Dr. Hermann P\u00e9ter &hellip;<\/p>\n","protected":false},"author":101231,"featured_media":0,"parent":8773,"menu_order":1,"comment_status":"closed","ping_status":"closed","template":"","meta":{"_acf_changed":false,"footnotes":""},"categories":[],"tags":[],"class_list":["post-8724","page","type-page","status-publish","hentry"],"acf":[],"_links":{"self":[{"href":"https:\/\/semmelweis.hu\/dft\/wp-json\/wp\/v2\/pages\/8724","targetHints":{"allow":["GET"]}}],"collection":[{"href":"https:\/\/semmelweis.hu\/dft\/wp-json\/wp\/v2\/pages"}],"about":[{"href":"https:\/\/semmelweis.hu\/dft\/wp-json\/wp\/v2\/types\/page"}],"author":[{"embeddable":true,"href":"https:\/\/semmelweis.hu\/dft\/wp-json\/wp\/v2\/users\/101231"}],"replies":[{"embeddable":true,"href":"https:\/\/semmelweis.hu\/dft\/wp-json\/wp\/v2\/comments?post=8724"}],"version-history":[{"count":11,"href":"https:\/\/semmelweis.hu\/dft\/wp-json\/wp\/v2\/pages\/8724\/revisions"}],"predecessor-version":[{"id":9575,"href":"https:\/\/semmelweis.hu\/dft\/wp-json\/wp\/v2\/pages\/8724\/revisions\/9575"}],"up":[{"embeddable":true,"href":"https:\/\/semmelweis.hu\/dft\/wp-json\/wp\/v2\/pages\/8773"}],"wp:attachment":[{"href":"https:\/\/semmelweis.hu\/dft\/wp-json\/wp\/v2\/media?parent=8724"}],"wp:term":[{"taxonomy":"category","embeddable":true,"href":"https:\/\/semmelweis.hu\/dft\/wp-json\/wp\/v2\/categories?post=8724"},{"taxonomy":"post_tag","embeddable":true,"href":"https:\/\/semmelweis.hu\/dft\/wp-json\/wp\/v2\/tags?post=8724"}],"curies":[{"name":"wp","href":"https:\/\/api.w.org\/{rel}","templated":true}]}}