{"id":5,"date":"2023-07-18T09:27:11","date_gmt":"2023-07-18T07:27:11","guid":{"rendered":"https:\/\/semmelweis.hu\/dft\/?page_id=5"},"modified":"2025-02-10T15:50:10","modified_gmt":"2025-02-10T14:50:10","slug":"a-szakrol","status":"publish","type":"page","link":"https:\/\/semmelweis.hu\/dft\/a-szakrol\/","title":{"rendered":"A Digit\u00e1lis Fog\u00e1szati Tervez\u00e9s alapk\u00e9pz\u00e9si szakr\u00f3l"},"content":{"rendered":"<h1>Digit\u00e1lis Fog\u00e1szati Tervez\u00e9s alapk\u00e9pz\u00e9si szak<\/h1>\n<p><strong>Az orsz\u00e1gban \u00e9s a r\u00e9gi\u00f3ban is egyed\u00fcl\u00e1ll\u00f3 a Digit\u00e1lis fog\u00e1szati tervez\u00e9s (DFT) alapk\u00e9pz\u00e9si szak, amely els\u0151k\u00e9nt a budapesti Semmelweis Egyetem \u00e9s a kecskem\u00e9ti Neumann J\u00e1nos Egyetem egy\u00fcttm\u0171k\u00f6d\u00e9s\u00e9ben indult el.\u00a0<\/strong><\/p>\n<div class=\"keretes w-100\">\n<p><strong>A szak megnevez\u00e9se: <\/strong>digit\u00e1lis fog\u00e1szati tervez\u00e9s<strong><br \/>\nK\u00e9pz\u00e9si id\u0151:<\/strong> 6 szemeszter<br \/>\n<strong>Munkarend:<\/strong> levelez\u0151<br \/>\n<strong>Kredit\u00e9rt\u00e9k:<\/strong> 180<br \/>\n<strong>Finansz\u00edroz\u00e1s form\u00e1ja:<\/strong> \u00e1llami \u00f6szt\u00f6nd\u00edjas \u00e9s \u00f6nk\u00f6lts\u00e9ges\u00a0<br \/>\n<strong>A megszerezhet\u0151 diploma:<\/strong> Digit\u00e1lis Fog\u00e1szati Tervez\u0151 (BSc)<br \/>\n<strong>Kontakt\u00f3r\u00e1k helysz\u00ednei:<\/strong> Budapest \u00e9s Kecskem\u00e9t<\/p>\n<\/div>\n<p style=\"text-align: justify\">A fog\u00e1szat ter\u00fclet\u00e9nek technikai fejl\u0151d\u00e9se \u00faj t\u00edpus\u00fa szakk\u00e9pzetts\u00e9ggel rendelkez\u0151 munkaer\u0151t k\u00f6vetel. A k\u00f6zelj\u00f6v\u0151ben a klasszikus fogtechnikusi munka drasztikus v\u00e1ltoz\u00e1sokon megy majd kereszt\u00fcl: az IT t\u00e1mogat\u00e1s\u00fa gy\u00e1rt\u00e1stechnol\u00f3gia gyorsabban, olcs\u00f3bb, azonos, vagy magasabb sz\u00ednt\u0171 min\u0151s\u00e9get eredm\u00e9nyez. A fogorvos \u00e9s fogtechnikus kapcsol\u00f3d\u00e1si pontjai IT interfacekk\u00e9 alakulnak \u00e1t.<\/p>\n<h4><strong>A k\u00e9pz\u00e9s c\u00e9lja<\/strong><\/h4>\n<p style=\"text-align: justify\">A digit\u00e1lis fog\u00e1szati tervez\u00e9s alapk\u00e9pz\u00e9si szak c\u00e9lja olyan digit\u00e1lis szakemberek k\u00e9pz\u00e9se, akik az eg\u00e9szs\u00e9gtudom\u00e1ny eredm\u00e9nyei alapj\u00e1n \u00e9s a fog\u00e1szatban m\u0171k\u00f6d\u0151 modern technol\u00f3gi\u00e1k ismeret\u00e9ben az emberi eg\u00e9szs\u00e9g meg\u0151rz\u00e9s\u00e9t szolg\u00e1l\u00f3, korszer\u0171 digit\u00e1lis technol\u00f3gi\u00e1k alkalmaz\u00e1s\u00e1ra k\u00e9pesek.<\/p>\n<p style=\"text-align: justify\">A <strong>digit\u00e1lis fog\u00e1szati tervez\u00e9s<\/strong> alapk\u00e9pz\u00e9si szakon diplom\u00e1z\u00f3k birtok\u00e1ban vannak mindazon elm\u00e9leti \u00e9s gyakorlati ismereteknek, melyek seg\u00edts\u00e9g\u00e9vel k\u00e9pesek a fogorvosi team tagjak\u00e9nt tud\u00e1sukkal hozz\u00e1j\u00e1rulni a fogtechnikai laborat\u00f3riumok digitaliz\u00e1ci\u00f3j\u00e1hoz, a fog\u00e1szat egy\u00e9b ter\u00fcletein alkalmazott digit\u00e1lis technol\u00f3gi\u00e1k m\u0171k\u00f6dtet\u00e9s\u00e9hez \u00e9s fejleszt\u00e9s\u00e9hez, k\u00fcl\u00f6nb\u00f6z\u0151 innov\u00e1ci\u00f3k szakm\u00e1n bel\u00fcli telep\u00edt\u00e9s\u00e9hez.<\/p>\n<p>Tiszt\u00e1ban vannak a fogorvosl\u00e1s ter\u00fcleteinek, a fogtechnikai laborat\u00f3riumok munkafolyamatainak \u00e9s a digit\u00e1lis fog\u00e1szati technol\u00f3gia ter\u00fclet\u00e9nek kapcsol\u00f3d\u00e1si lehet\u0151s\u00e9geivel. A fogp\u00f3tl\u00e1sok k\u00e9sz\u00edt\u00e9s\u00e9nek, a fogszab\u00e1lyoz\u00e1s \u00e9s az implant\u00e1ci\u00f3s protetikai megold\u00e1sok modern, sz\u00e1m\u00edt\u00f3g\u00e9p vez\u00e9relte tervez\u00e9s\u00e9t \u00e9s gy\u00e1rt\u00e1s\u00e1t a tudom\u00e1nyos ismeretek \u00e9s gyakorlati k\u00e9pess\u00e9gek birtok\u00e1ban gyakorolj\u00e1k a folyamatosan digitaliz\u00e1l\u00f3d\u00f3 k\u00f6rnyezetben. A digit\u00e1lis fog\u00e1szati tervez\u00e9s alapk\u00e9pz\u00e9s v\u00e9g\u00e9n \u00edgy olyan magasan k\u00e9pzett szakembereket kapunk, akik a korszer\u0171 sz\u00e1m\u00edt\u00f3g\u00e9pek \u00e1ltal vez\u00e9relt fogtechnikai munkafolyamatokat nem csup\u00e1n elv\u00e9gezni k\u00e9pesek, de m\u00e9lyebb \u00e9s sz\u00e9lesebb k\u00f6r\u0171 ismereteik alapj\u00e1n ezeket fejleszteni is k\u00e9pesek. \u00cdgy munk\u00e1juk eredm\u00e9nyek\u00e9ppen, a p\u00e1ciensek sz\u00e1j\u00e1ban kiz\u00e1r\u00f3lag fogorvosok \u00e1ltal v\u00e9gezhet\u0151 tev\u00e9kenys\u00e9gek nagy r\u00e9sze r\u00f6videbb id\u0151 alatt \u00e9s pontosabban lesz kivitelezhet\u0151.<\/p>\n<p>A tud\u00e1sanyag 66%-\u00e1t az eg\u00e9szs\u00e9g- \u00e9s orvostudom\u00e1ny, 34%-\u00e1t a m\u00e9rn\u00f6ki tudom\u00e1nyok ter\u00fclet\u00e9r\u0151l oktatjuk, \u00edgy a havi egy hetet kitev\u0151 kontakt \u00f3r\u00e1kra ebben a megoszt\u00e1sban ker\u00fcl sor Budapesten illetve Kecskem\u00e9ten. Sikeres diplomav\u00e9d\u00e9s ut\u00e1n a Semmelweis Egyetem \u00e9s a Neumann J\u00e1nos Egyetem k\u00f6z\u00f6sen ki\u00e1ll\u00edtott diplom\u00e1j\u00e1t kapj\u00e1k meg v\u00e9gzett hallgat\u00f3ink \u00e9s kezdhetik meg munk\u00e1jukat ezen a napr\u00f3l-napra fejl\u0151d\u0151, izgalmas szakter\u00fcleten.<\/p>\n<div class=\"keretes w-100\">\n<h4><strong>Mintatanterv<\/strong><\/h4>\n<p><a href=\"https:\/\/semmelweis.hu\/dft\/files\/2025\/02\/DFT_mintatanterv-HONLAPRA-masolata-masolata.xlsx\">Kredit rendszer\u0171 mintatanterv let\u00f6lt\u00e9se &#8211; Digit\u00e1lis Fog\u00e1szati Tervez\u00e9s szak (xlsx)<\/a><\/p>\n<h4><strong>Tant\u00e1rgyfelel\u0151s\u00f6k<\/strong><\/h4>\n<p><a href=\"https:\/\/semmelweis.hu\/dft\/files\/2024\/09\/Tantargylista_DFT1.pdf\">Tant\u00e1rgylista<\/a><\/p>\n<\/div>\n\r\n        [slb_exclude]\r\n        <div class=\"row galeria-wrapper mx-0 h-auto\">\r\n            <div class=\"col-9 pl-0 pr-2\">\r\n            <span class=\"gallery-item frame\">\r\n\t\t\t\t<div class=\"galeria-left-img\"><a href=\"https:\/\/semmelweis.hu\/dft\/files\/2023\/07\/RS159233_C19A0659-scr.jpg\"><img src=https:\/\/semmelweis.hu\/dft\/files\/2023\/07\/RS159233_C19A0659-scr.jpg  \r\n                            alt=\"\" \r\n                            class=\"attachment-sote-gallery-big size-sote-gallery-big\" \r\n                            srcset=\"https:\/\/semmelweis.hu\/dft\/files\/2023\/07\/RS159233_C19A0659-scr-400x267.jpg 400w, https:\/\/semmelweis.hu\/dft\/files\/2023\/07\/RS159233_C19A0659-scr-1024x683.jpg 1024w, https:\/\/semmelweis.hu\/dft\/files\/2023\/07\/RS159233_C19A0659-scr-768x512.jpg 768w, https:\/\/semmelweis.hu\/dft\/files\/2023\/07\/RS159233_C19A0659-scr-753x502.jpg 753w, https:\/\/semmelweis.hu\/dft\/files\/2023\/07\/RS159233_C19A0659-scr-203x135.jpg 203w, https:\/\/semmelweis.hu\/dft\/files\/2023\/07\/RS159233_C19A0659-scr.jpg 1200w\" ><\/a><\/div>\r\n            <\/span>\r\n\r\n            <\/div>\r\n\r\n\t\t\t<div class=\"col-3 pl-0 pr-0\">\r\n\t\t\t\t<div class=\"galeria-right-img d-flex justify-content-between flex-column h-100 w-100 px-0 mx-0 \">\r\n                <div class=\"galeria-box\">\r\n\t\t\t\t\t<h3 class=\"galeria-title\">Gal\u00e9ria<\/h3>\r\n\t\t\t\t\t<div class=\"galeria-subtitle\">\r\n\r\n\t\t\t\t\t\t<div class=\"galeria-page-counter\"><span>14<\/span>k\u00e9p<\/div>\r\n                    <\/div> <\/div>\r\n                    <span class=\"gallery-item frame d-none d-md-flex\">\r\n\t\t\t\t\t<div class=\"galeria-small-img mt-0\"><a href=\"https:\/\/semmelweis.hu\/dft\/files\/2023\/07\/RS159220_C19A0600-scr.jpg\"><img src=https:\/\/semmelweis.hu\/dft\/files\/2023\/07\/RS159220_C19A0600-scr.jpg \r\n                                alt=\"\"  \r\n                                class=\"attachment-sote-gallery-small size-sote-gallery-small\" \r\n                                srcset=\"https:\/\/semmelweis.hu\/dft\/files\/2023\/07\/RS159220_C19A0600-scr-400x267.jpg 400w, https:\/\/semmelweis.hu\/dft\/files\/2023\/07\/RS159220_C19A0600-scr-1024x683.jpg 1024w, https:\/\/semmelweis.hu\/dft\/files\/2023\/07\/RS159220_C19A0600-scr-768x512.jpg 768w, https:\/\/semmelweis.hu\/dft\/files\/2023\/07\/RS159220_C19A0600-scr-753x502.jpg 753w, https:\/\/semmelweis.hu\/dft\/files\/2023\/07\/RS159220_C19A0600-scr-203x135.jpg 203w, https:\/\/semmelweis.hu\/dft\/files\/2023\/07\/RS159220_C19A0600-scr.jpg 1200w\" ><\/a><\/div>\r\n                    <\/span>\r\n                    <span class=\"gallery-item frame d-none d-md-flex\">\r\n\t\t\t\t\t<div class=\"galeria-small-img mt-0\"><a href=\"https:\/\/semmelweis.hu\/dft\/files\/2023\/08\/RS160119_C19A5200-scr.jpg\"><img src=https:\/\/semmelweis.hu\/dft\/files\/2023\/08\/RS160119_C19A5200-scr.jpg \r\n                                alt=\"\" \r\n                                class=\"attachment-sote-gallery-small size-sote-gallery-small\" \r\n                                srcset=\"https:\/\/semmelweis.hu\/dft\/files\/2023\/08\/RS160119_C19A5200-scr-400x248.jpg 400w, https:\/\/semmelweis.hu\/dft\/files\/2023\/08\/RS160119_C19A5200-scr-1024x634.jpg 1024w, https:\/\/semmelweis.hu\/dft\/files\/2023\/08\/RS160119_C19A5200-scr-768x476.jpg 768w, https:\/\/semmelweis.hu\/dft\/files\/2023\/08\/RS160119_C19A5200-scr-753x466.jpg 753w, https:\/\/semmelweis.hu\/dft\/files\/2023\/08\/RS160119_C19A5200-scr.jpg 1200w\" ><\/a><\/div>\r\n                    <\/span>\r\n\r\n                <\/div>\r\n\r\n            <\/div>\r\n\r\n            <span class=\"gallery-item\"><div class=\"hidden\"><a href=\"https:\/\/semmelweis.hu\/dft\/files\/2023\/07\/RS159214_C19A0563-scr.jpg\">\r\n        <img src=https:\/\/semmelweis.hu\/dft\/files\/2023\/07\/RS159214_C19A0563-scr.jpg alt=\"\" class=\"attachment-sote-gallery-big size-sote-gallery-big\" srcset=\"https:\/\/semmelweis.hu\/dft\/files\/2023\/07\/RS159214_C19A0563-scr-400x267.jpg 400w, https:\/\/semmelweis.hu\/dft\/files\/2023\/07\/RS159214_C19A0563-scr-1024x683.jpg 1024w, https:\/\/semmelweis.hu\/dft\/files\/2023\/07\/RS159214_C19A0563-scr-768x512.jpg 768w, https:\/\/semmelweis.hu\/dft\/files\/2023\/07\/RS159214_C19A0563-scr-753x502.jpg 753w, https:\/\/semmelweis.hu\/dft\/files\/2023\/07\/RS159214_C19A0563-scr-203x135.jpg 203w, https:\/\/semmelweis.hu\/dft\/files\/2023\/07\/RS159214_C19A0563-scr.jpg 1200w\" >\r\n        <\/a><\/div><\/span><span class=\"gallery-item\"><div class=\"hidden\"><a href=\"https:\/\/semmelweis.hu\/dft\/files\/2023\/07\/RS159238_C19A0705-scr.jpg\">\r\n        <img src=https:\/\/semmelweis.hu\/dft\/files\/2023\/07\/RS159238_C19A0705-scr.jpg alt=\"\" class=\"attachment-sote-gallery-big size-sote-gallery-big\" srcset=\"https:\/\/semmelweis.hu\/dft\/files\/2023\/07\/RS159238_C19A0705-scr-400x267.jpg 400w, https:\/\/semmelweis.hu\/dft\/files\/2023\/07\/RS159238_C19A0705-scr-1024x683.jpg 1024w, https:\/\/semmelweis.hu\/dft\/files\/2023\/07\/RS159238_C19A0705-scr-768x512.jpg 768w, https:\/\/semmelweis.hu\/dft\/files\/2023\/07\/RS159238_C19A0705-scr-753x502.jpg 753w, https:\/\/semmelweis.hu\/dft\/files\/2023\/07\/RS159238_C19A0705-scr-203x135.jpg 203w, https:\/\/semmelweis.hu\/dft\/files\/2023\/07\/RS159238_C19A0705-scr.jpg 1200w\" >\r\n        <\/a><\/div><\/span><span class=\"gallery-item\"><div class=\"hidden\"><a href=\"https:\/\/semmelweis.hu\/dft\/files\/2023\/07\/RS159234_C19A0671-scr.jpg\">\r\n        <img src=https:\/\/semmelweis.hu\/dft\/files\/2023\/07\/RS159234_C19A0671-scr.jpg alt=\"\" class=\"attachment-sote-gallery-big size-sote-gallery-big\" srcset=\"https:\/\/semmelweis.hu\/dft\/files\/2023\/07\/RS159234_C19A0671-scr-400x267.jpg 400w, https:\/\/semmelweis.hu\/dft\/files\/2023\/07\/RS159234_C19A0671-scr-1024x683.jpg 1024w, https:\/\/semmelweis.hu\/dft\/files\/2023\/07\/RS159234_C19A0671-scr-768x512.jpg 768w, https:\/\/semmelweis.hu\/dft\/files\/2023\/07\/RS159234_C19A0671-scr-753x502.jpg 753w, https:\/\/semmelweis.hu\/dft\/files\/2023\/07\/RS159234_C19A0671-scr-203x135.jpg 203w, https:\/\/semmelweis.hu\/dft\/files\/2023\/07\/RS159234_C19A0671-scr.jpg 1200w\" >\r\n        <\/a><\/div><\/span><span class=\"gallery-item\"><div class=\"hidden\"><a href=\"https:\/\/semmelweis.hu\/dft\/files\/2023\/07\/RS159226_C19A0625-scr.jpg\">\r\n        <img src=https:\/\/semmelweis.hu\/dft\/files\/2023\/07\/RS159226_C19A0625-scr.jpg alt=\"\" class=\"attachment-sote-gallery-big size-sote-gallery-big\" srcset=\"https:\/\/semmelweis.hu\/dft\/files\/2023\/07\/RS159226_C19A0625-scr-400x267.jpg 400w, https:\/\/semmelweis.hu\/dft\/files\/2023\/07\/RS159226_C19A0625-scr-1024x683.jpg 1024w, https:\/\/semmelweis.hu\/dft\/files\/2023\/07\/RS159226_C19A0625-scr-768x512.jpg 768w, https:\/\/semmelweis.hu\/dft\/files\/2023\/07\/RS159226_C19A0625-scr-753x502.jpg 753w, https:\/\/semmelweis.hu\/dft\/files\/2023\/07\/RS159226_C19A0625-scr-203x135.jpg 203w, https:\/\/semmelweis.hu\/dft\/files\/2023\/07\/RS159226_C19A0625-scr.jpg 1200w\" >\r\n        <\/a><\/div><\/span><span class=\"gallery-item\"><div class=\"hidden\"><a href=\"https:\/\/semmelweis.hu\/dft\/files\/2023\/07\/RS159224_C19A0618-scr.jpg\">\r\n        <img src=https:\/\/semmelweis.hu\/dft\/files\/2023\/07\/RS159224_C19A0618-scr.jpg alt=\"\" class=\"attachment-sote-gallery-big size-sote-gallery-big\" srcset=\"https:\/\/semmelweis.hu\/dft\/files\/2023\/07\/RS159224_C19A0618-scr-400x267.jpg 400w, https:\/\/semmelweis.hu\/dft\/files\/2023\/07\/RS159224_C19A0618-scr-1024x683.jpg 1024w, https:\/\/semmelweis.hu\/dft\/files\/2023\/07\/RS159224_C19A0618-scr-768x512.jpg 768w, https:\/\/semmelweis.hu\/dft\/files\/2023\/07\/RS159224_C19A0618-scr-753x502.jpg 753w, https:\/\/semmelweis.hu\/dft\/files\/2023\/07\/RS159224_C19A0618-scr-203x135.jpg 203w, https:\/\/semmelweis.hu\/dft\/files\/2023\/07\/RS159224_C19A0618-scr.jpg 1200w\" >\r\n        <\/a><\/div><\/span><span class=\"gallery-item\"><div class=\"hidden\"><a href=\"https:\/\/semmelweis.hu\/dft\/files\/2023\/07\/RS159239_C19A0709-scr.jpg\">\r\n        <img src=https:\/\/semmelweis.hu\/dft\/files\/2023\/07\/RS159239_C19A0709-scr.jpg alt=\"\" class=\"attachment-sote-gallery-big size-sote-gallery-big\" srcset=\"https:\/\/semmelweis.hu\/dft\/files\/2023\/07\/RS159239_C19A0709-scr-400x267.jpg 400w, https:\/\/semmelweis.hu\/dft\/files\/2023\/07\/RS159239_C19A0709-scr-1024x683.jpg 1024w, https:\/\/semmelweis.hu\/dft\/files\/2023\/07\/RS159239_C19A0709-scr-768x512.jpg 768w, https:\/\/semmelweis.hu\/dft\/files\/2023\/07\/RS159239_C19A0709-scr-753x502.jpg 753w, https:\/\/semmelweis.hu\/dft\/files\/2023\/07\/RS159239_C19A0709-scr-203x135.jpg 203w, https:\/\/semmelweis.hu\/dft\/files\/2023\/07\/RS159239_C19A0709-scr.jpg 1200w\" >\r\n        <\/a><\/div><\/span><span class=\"gallery-item\"><div class=\"hidden\"><a href=\"https:\/\/semmelweis.hu\/dft\/files\/2023\/07\/RS159240_C19A0720-scr.jpg\">\r\n        <img src=https:\/\/semmelweis.hu\/dft\/files\/2023\/07\/RS159240_C19A0720-scr.jpg alt=\"\" class=\"attachment-sote-gallery-big size-sote-gallery-big\" srcset=\"https:\/\/semmelweis.hu\/dft\/files\/2023\/07\/RS159240_C19A0720-scr-400x267.jpg 400w, https:\/\/semmelweis.hu\/dft\/files\/2023\/07\/RS159240_C19A0720-scr-1024x683.jpg 1024w, https:\/\/semmelweis.hu\/dft\/files\/2023\/07\/RS159240_C19A0720-scr-768x512.jpg 768w, https:\/\/semmelweis.hu\/dft\/files\/2023\/07\/RS159240_C19A0720-scr-753x502.jpg 753w, https:\/\/semmelweis.hu\/dft\/files\/2023\/07\/RS159240_C19A0720-scr-203x135.jpg 203w, https:\/\/semmelweis.hu\/dft\/files\/2023\/07\/RS159240_C19A0720-scr.jpg 1200w\" >\r\n        <\/a><\/div><\/span><span class=\"gallery-item\"><div class=\"hidden\"><a href=\"https:\/\/semmelweis.hu\/dft\/files\/2023\/07\/RS159241_C19A0738-scr.jpg\">\r\n        <img src=https:\/\/semmelweis.hu\/dft\/files\/2023\/07\/RS159241_C19A0738-scr.jpg alt=\"\" class=\"attachment-sote-gallery-big size-sote-gallery-big\" srcset=\"https:\/\/semmelweis.hu\/dft\/files\/2023\/07\/RS159241_C19A0738-scr-400x267.jpg 400w, https:\/\/semmelweis.hu\/dft\/files\/2023\/07\/RS159241_C19A0738-scr-1024x683.jpg 1024w, https:\/\/semmelweis.hu\/dft\/files\/2023\/07\/RS159241_C19A0738-scr-768x512.jpg 768w, https:\/\/semmelweis.hu\/dft\/files\/2023\/07\/RS159241_C19A0738-scr-753x502.jpg 753w, https:\/\/semmelweis.hu\/dft\/files\/2023\/07\/RS159241_C19A0738-scr-203x135.jpg 203w, https:\/\/semmelweis.hu\/dft\/files\/2023\/07\/RS159241_C19A0738-scr.jpg 1200w\" >\r\n        <\/a><\/div><\/span><span class=\"gallery-item\"><div class=\"hidden\"><a href=\"https:\/\/semmelweis.hu\/dft\/files\/2023\/07\/RS159206_C19A0504-scr.jpg\">\r\n        <img src=https:\/\/semmelweis.hu\/dft\/files\/2023\/07\/RS159206_C19A0504-scr.jpg alt=\"\" class=\"attachment-sote-gallery-big size-sote-gallery-big\" srcset=\"https:\/\/semmelweis.hu\/dft\/files\/2023\/07\/RS159206_C19A0504-scr-400x267.jpg 400w, https:\/\/semmelweis.hu\/dft\/files\/2023\/07\/RS159206_C19A0504-scr-1024x683.jpg 1024w, https:\/\/semmelweis.hu\/dft\/files\/2023\/07\/RS159206_C19A0504-scr-768x512.jpg 768w, https:\/\/semmelweis.hu\/dft\/files\/2023\/07\/RS159206_C19A0504-scr-753x502.jpg 753w, https:\/\/semmelweis.hu\/dft\/files\/2023\/07\/RS159206_C19A0504-scr-203x135.jpg 203w, https:\/\/semmelweis.hu\/dft\/files\/2023\/07\/RS159206_C19A0504-scr.jpg 1200w\" >\r\n        <\/a><\/div><\/span><span class=\"gallery-item\"><div class=\"hidden\"><a href=\"https:\/\/semmelweis.hu\/dft\/files\/2023\/07\/RS176243_3P1A9965-scr.jpg\">\r\n        <img src=https:\/\/semmelweis.hu\/dft\/files\/2023\/07\/RS176243_3P1A9965-scr.jpg alt=\"\" class=\"attachment-sote-gallery-big size-sote-gallery-big\" srcset=\"https:\/\/semmelweis.hu\/dft\/files\/2023\/07\/RS176243_3P1A9965-scr-400x267.jpg 400w, https:\/\/semmelweis.hu\/dft\/files\/2023\/07\/RS176243_3P1A9965-scr-1024x683.jpg 1024w, https:\/\/semmelweis.hu\/dft\/files\/2023\/07\/RS176243_3P1A9965-scr-768x512.jpg 768w, https:\/\/semmelweis.hu\/dft\/files\/2023\/07\/RS176243_3P1A9965-scr-753x502.jpg 753w, https:\/\/semmelweis.hu\/dft\/files\/2023\/07\/RS176243_3P1A9965-scr-203x135.jpg 203w, https:\/\/semmelweis.hu\/dft\/files\/2023\/07\/RS176243_3P1A9965-scr.jpg 1200w\" >\r\n        <\/a><\/div><\/span><span class=\"gallery-item\"><div class=\"hidden\"><a href=\"https:\/\/semmelweis.hu\/dft\/files\/2023\/07\/RS176244_3P1A9966-scr.jpg\">\r\n        <img src=https:\/\/semmelweis.hu\/dft\/files\/2023\/07\/RS176244_3P1A9966-scr.jpg alt=\"\" class=\"attachment-sote-gallery-big size-sote-gallery-big\" srcset=\"https:\/\/semmelweis.hu\/dft\/files\/2023\/07\/RS176244_3P1A9966-scr-400x267.jpg 400w, https:\/\/semmelweis.hu\/dft\/files\/2023\/07\/RS176244_3P1A9966-scr-1024x683.jpg 1024w, https:\/\/semmelweis.hu\/dft\/files\/2023\/07\/RS176244_3P1A9966-scr-768x512.jpg 768w, https:\/\/semmelweis.hu\/dft\/files\/2023\/07\/RS176244_3P1A9966-scr-753x502.jpg 753w, https:\/\/semmelweis.hu\/dft\/files\/2023\/07\/RS176244_3P1A9966-scr-203x135.jpg 203w, https:\/\/semmelweis.hu\/dft\/files\/2023\/07\/RS176244_3P1A9966-scr.jpg 1200w\" >\r\n        <\/a><\/div><\/span>\r\n            <\/div>\r\n\r\n            [\/slb_exclude]\r\n\t\n<p>&nbsp;<\/p>\n","protected":false},"excerpt":{"rendered":"<p>A fog\u00e1szat ter\u00fclet\u00e9nek technikai fejl\u0151d\u00e9se \u00faj t\u00edpus\u00fa szakk\u00e9pzetts\u00e9ggel rendelkez\u0151 munkaer\u0151t k\u00f6vetel. A k\u00f6zelj\u00f6v\u0151ben a klasszikus fogtechnikusi munka drasztikus v\u00e1ltoz\u00e1sokon megy majd kereszt\u00fcl: az IT t\u00e1mogat\u00e1s\u00fa gy\u00e1rt\u00e1stechnol\u00f3gia gyorsabban, olcs\u00f3bb, azonos, vagy magasabb sz\u00ednt\u0171 min\u0151s\u00e9get eredm\u00e9nyez. A fogorvos \u00e9s fogtechnikus kapcsol\u00f3d\u00e1si pontjai IT interfacekk\u00e9 alakulnak \u00e1t. <\/p>\n<p>Az orsz\u00e1gban \u00e9s a r\u00e9gi\u00f3ban is egyed\u00fcl\u00e1ll\u00f3 a <b>Digit\u00e1lis fog\u00e1szati tervez\u00e9s (DFT) alapk\u00e9pz\u00e9si szak<\/b>, amely els\u0151k\u00e9nt a budapesti Semmelweis Egyetem \u00e9s a kecskem\u00e9ti Neumann J\u00e1nos Egyetem egy\u00fcttm\u0171k\u00f6d\u00e9s\u00e9ben indult el.\u00a0A hat f\u00e9l\u00e9ves levelez\u0151 munkarend\u0171 k\u00e9pz\u00e9s v\u00e9g\u00e9n a k\u00e9t egyetem \u00e1ltal ki\u00e1ll\u00edtott diploma szerezhet\u0151 meg.<\/p>\n","protected":false},"author":101231,"featured_media":8790,"parent":0,"menu_order":0,"comment_status":"closed","ping_status":"closed","template":"","meta":{"_acf_changed":false,"footnotes":""},"categories":[],"tags":[],"class_list":["post-5","page","type-page","status-publish","has-post-thumbnail","hentry"],"acf":[],"_links":{"self":[{"href":"https:\/\/semmelweis.hu\/dft\/wp-json\/wp\/v2\/pages\/5","targetHints":{"allow":["GET"]}}],"collection":[{"href":"https:\/\/semmelweis.hu\/dft\/wp-json\/wp\/v2\/pages"}],"about":[{"href":"https:\/\/semmelweis.hu\/dft\/wp-json\/wp\/v2\/types\/page"}],"author":[{"embeddable":true,"href":"https:\/\/semmelweis.hu\/dft\/wp-json\/wp\/v2\/users\/101231"}],"replies":[{"embeddable":true,"href":"https:\/\/semmelweis.hu\/dft\/wp-json\/wp\/v2\/comments?post=5"}],"version-history":[{"count":10,"href":"https:\/\/semmelweis.hu\/dft\/wp-json\/wp\/v2\/pages\/5\/revisions"}],"predecessor-version":[{"id":9523,"href":"https:\/\/semmelweis.hu\/dft\/wp-json\/wp\/v2\/pages\/5\/revisions\/9523"}],"wp:featuredmedia":[{"embeddable":true,"href":"https:\/\/semmelweis.hu\/dft\/wp-json\/wp\/v2\/media\/8790"}],"wp:attachment":[{"href":"https:\/\/semmelweis.hu\/dft\/wp-json\/wp\/v2\/media?parent=5"}],"wp:term":[{"taxonomy":"category","embeddable":true,"href":"https:\/\/semmelweis.hu\/dft\/wp-json\/wp\/v2\/categories?post=5"},{"taxonomy":"post_tag","embeddable":true,"href":"https:\/\/semmelweis.hu\/dft\/wp-json\/wp\/v2\/tags?post=5"}],"curies":[{"name":"wp","href":"https:\/\/api.w.org\/{rel}","templated":true}]}}