{"id":8073,"date":"2022-08-19T17:16:30","date_gmt":"2022-08-19T15:16:30","guid":{"rendered":"https:\/\/semmelweis.hu\/deutsch\/?page_id=8073"},"modified":"2022-09-05T15:29:16","modified_gmt":"2022-09-05T13:29:16","slug":"verfahren-zur-beurteilung-von-antraegen-von-studierenden-auf-befreiung-von-der-teilnahme-am-sportunterricht-r-2-2022-vii-21","status":"publish","type":"page","link":"https:\/\/semmelweis.hu\/deutsch\/studium\/wissenswertes\/befreiung-vom-sportunterricht\/verfahren-zur-beurteilung-von-antraegen-von-studierenden-auf-befreiung-von-der-teilnahme-am-sportunterricht-r-2-2022-vii-21\/","title":{"rendered":"Verfahren zur Beurteilung von Antr\u00e4gen von Studierenden auf Befreiung von der Teilnahme am Sportunterricht R\/2\/2022 (VII.21.)"},"content":{"rendered":"<p style=\"text-align: center\">\u00a0<\/p>\n<p style=\"text-align: right\">Aktenzeichen: 71309-4 \/ JIF\/2022<\/p>\n<p style=\"text-align: center\"><strong>ANWEISUNG DES REKTORS Nr. R\/2\/2022 (VII. 21.)<\/strong><br \/>\n<strong>Verfahren zur Beurteilung von Antr\u00e4gen von Studierenden auf Befreiung von der Teilnahme am Sportunterricht<\/strong><\/p>\n<p style=\"text-align: left\">Gem\u00e4\u00df meiner Befugnis nach Teil I.1, \u00a7 3., Abschnitt (4), Punkt (d) der \u201aOrganisations- und Betriebsordnung der Semmelweis Universit\u00e4t\u2018 und gem\u00e4\u00df der Erm\u00e4chtigung zur Datenverarbeitung nach Anhang 3, Abschnitt I\/B, Punkt 1, Unterabschnitt bm) \u201aDie Daten von Studierenden\u2018 des Gesetzes CCIV. von 2011 \u00fcber die nationale Hochschulbildung, und gem\u00e4\u00df Artikel 6(1)(c) und Artikel 9(2)(h) der Verordnung 2016\/679 des Europ\u00e4ischen Parlaments und des Rates (GDPR) erteile ich die folgende Anweisung:<\/p>\n<p style=\"text-align: center\"><strong>\u00a7 1.<\/strong><br \/>\n<strong>Geltungsbereich der Anweisung<\/strong><\/p>\n<p style=\"text-align: left\">Der personelle Geltungsbereich dieser Anweisung erstreckt sich auf alle Studierenden der Semmelweis Universit\u00e4t (im Folgenden &#8222;Universit\u00e4t&#8220;), auf die MitarbeiterInnen der Studentensekretariate, auf die Lehrbeauftragen und auf die an der Konsultation und Beurteilung beteiligten \u00c4rzte und \u00c4rztinnen.<\/p>\n<p style=\"text-align: center\"><strong>\u00a7 2.<\/strong><\/p>\n<ul>\n<li style=\"text-align: left\">(1) Das Fach Sportunterricht ist obligatorischer Bestandteil der Vollzeitstudienpl\u00e4ne der Fakult\u00e4ten f\u00fcr Medizin, Gesundheitswissenschaften und P\u00e4dagogik. Daher ist die Teilnahme an den Stunden f\u00fcr alle Studierenden mit Aktivstatus obligatorisch.<\/li>\n<li style=\"text-align: left\">(2) Die Befreiung vom Sportunterricht kann \u00fcber das NEPTUN-System beantragt werden, indem das daf\u00fcr vorgesehene Formular wie folgt eingereicht wird:<\/li>\n<\/ul>\n<ol>\n<li style=\"list-style-type: none\">\n<ol style=\"list-style-type: lower-alpha\">\n<li style=\"text-align: left\">\u00a0aus gesundheitlichen Gr\u00fcnden, nach obligatorischer Teilnahme an der entsprechenden Konsultation mit dem \u00e4rztlichen Gutachter, gem\u00e4\u00df dem Gutachten,<\/li>\n<li style=\"text-align: left\">bei Sportlern aufgrund von aktiver Sportleistung, mit bescheinigter Mitgliedschaft in einem Sportverband.<\/li>\n<\/ol>\n<\/li>\n<\/ol>\n<ul>\n<li style=\"text-align: left\">(3) Nach Einreichung des Antrags auf Befreiung muss sich der\/die Studierende w\u00e4hrend des Anmeldezeitraums f\u00fcr den Kurs &#8222;<em>Befreit aus gesundheitlichen Gr\u00fcnden<\/em>&#8220; (\u201eHealth exempt\u201c) oder &#8222;<em>Befreit SportlerIn<\/em>&#8220; (\u201eExempted from sport\u201c) im NEPTUN-System anmelden. (Nach Erhalt des \u00e4rztlichen Gutachtens, mit der Beurteilung &#8222;<em>geeignet<\/em>&#8222;, bzw. &#8222;<em>bedingt geeignet<\/em>&#8220; ist die Anmeldung f\u00fcr den Kurs der entsprechenden Sportart erforderlich.)<\/li>\n<\/ul>\n<p style=\"text-align: center\"><strong>\u00a7 3.<\/strong><br \/>\n<strong>Verfahren zur Pr\u00fcfung von Antr\u00e4gen auf Befreiung vom Sportunterricht aus gesundheitlichen Gr\u00fcnden<\/strong><\/p>\n<ul>\n<li>(1) Studierende k\u00f6nnen einen Antrag auf Befreiung vom Sportunterricht stellen:<\/li>\n<\/ul>\n<ol>\n<li style=\"list-style-type: none\">\n<ol style=\"list-style-type: lower-alpha\">\n<li>im ersten Studienjahr nach der Immatrikulation, sp\u00e4testens jedoch am letzten Tag der Anmeldefrist f\u00fcr das betreffende Semester,<\/li>\n<li>in h\u00f6heren Semestern einen Monat vor der Einschreibungsfrist des betreffenden Semesters, sp\u00e4testens jedoch am letzten Tag vor der Einschreibungsphase, im Men\u00fc \u201eAntr\u00e4ge\u201c im Neptun System (HWEB).<\/li>\n<\/ol>\n<\/li>\n<\/ol>\n<p>Die Bearbeitung des vom Studierenden eingereichten Antrags hat aufschiebende Wirkung, die das Studentensekretariat bei der Einschreibung\/Anmeldung zu ber\u00fccksichtigen hat.<\/p>\n<ul>\n<li>(2) Weitere Informationen zum Verfahren erhalten die Studierenden bei der Einreichung des Antrags online. Das elektronische Studienverwaltungssystem sendet \u2013 automatisch \u2013 eine Benachrichtigung in Form einer NEPTUN-Nachricht \u00fcber die Verf\u00fcgbarkeit des Terminbuchungssystems f\u00fcr die Anmeldung zur \u00e4rztlichen Konsultation beim \u00e4rztlichen Gutachter.<\/li>\n<li>(3) Es obliegt den Studierenden, sich f\u00fcr die Konsultation mit dem \u00e4rztlichen Gutachter durch Buchung eines der frei verf\u00fcgbaren Termine anzumelden. F\u00fcr die Konsultation, die eine nach dem Befreiungsgrund gerichtete Fachuntersuchung (Muskel-Skelett-Erkrankungen, sonstige) ist, kann ein einziger Termin gebucht werden, den die AnmelderInnen 24 Stunden vor dem Tag der Konsultation \u00e4ndern k\u00f6nnen. Um den ausgew\u00e4hlten Termin fixieren zu k\u00f6nnen, m\u00fcssen die medizinischen Unterlagen, die als Grundlage zur Befreiung dienen, in das Terminbuchungssystem hochgeladen werden. Der Text der medizinischen Unterlagen muss entweder in ungarischer oder in englischer Sprache abgefasst sein. Die Studierenden k\u00f6nnen die, nach der Registrierung erhaltenen medizinischen Dokumente bis zu 24 Stunden vor der Konsultation nachtr\u00e4glich in das System hochladen. Dokumente, die vor der Konsultation nicht in das System hochgeladen wurden, werden bei der Konsultation nicht ber\u00fccksichtigt.<\/li>\n<li>(4) Den Studierenden wird die M\u00f6glichkeit gew\u00e4hrt, sich innerhalb von 3 Tagen nach der NEPTUN-Nachricht f\u00fcr die Konsultation mit dem \u00e4rztlichen Gutachter anzumelden. In diesem Fall werden die hochgeladenen Dokumente vom System gel\u00f6scht. Wird der Antrag auf Befreiung abgelehnt, sind die Studierenden verpflichtet, w\u00e4hrend des betreffenden Semesters am Sportunterricht teilzunehmen.<\/li>\n<li>(5) Die Studierenden sind verpflichtet, 15 Minuten vor dem gew\u00e4hlten Konsultationstermin mit dem \u00e4rztlichen Gutachter am Ort, der bei der Registration angegeben wurde, anwesend zu sein. Die zuvor hochgeladenen medizinischen Unterlagen m\u00fcssen bei der Konsultation im Original vorgelegt werden. Bei versp\u00e4tetem Eintreffen zum Konsultationstermin (maximal 5 Minuten Versp\u00e4tung) kann die Konsultation wegen Zeitmangel nur durch Buchung eines neuen Termins durchgef\u00fchrt werden.<\/li>\n<li>(6) Sollte aufgrund der Entscheidung des \u00e4rztlichen Gutachters die Vorlage zus\u00e4tzlicher Unterlagen, bzw. die Durchf\u00fchrung einer zus\u00e4tzlichen fach\u00e4rztlichen Untersuchung erforderlich sein, sind die Studierenden verpflichtet, nach Erhalt weiterer Dokumente, bzw. weiterer Ergebnisse von fach\u00e4rztlichen Untersuchungen, die Anmeldung und Konsultation erneut vorzunehmen. Die Teilnahme an den vorgeschriebenen medizinischen Untersuchungen ist obligatorisch. Die Organisation und Finanzierung dieser Untersuchungen liegt in der Verantwortung der Studierenden. Den Studierenden stehen zwei Wochen f\u00fcr die erneute Konsultation zur Verf\u00fcgung.<\/li>\n<li>(7) Der Antrag von Studierenden wird automatisch abgelehnt, wenn Studierende:<\/li>\n<\/ul>\n<ol>\n<li style=\"list-style-type: none\">\n<ol style=\"list-style-type: lower-alpha\">\n<li>Dokumente in einer anderen als in Absatz (3) angegebenen Sprachen hochladen, bzw. Dokumente hochladen, die aus einem anderen Grund f\u00fcr die Begutachtung ungeeignet sind,<\/li>\n<li>innerhalb der in Absatz (4) genannten Frist keinen Termin vereinbaren, sowie die medizinischen Unterlagen, die als Grundlage zur Befreiung dienen sollen, nicht hochladen,<\/li>\n<li>innerhalb der in Absatz (6) genannten Frist keinen neuen Konsultationstermin mit dem \u00e4rztlichen Gutachter buchen.<\/li>\n<\/ol>\n<\/li>\n<\/ol>\n<ul>\n<li>(8) Um das Fach Sportunterricht absolvieren zu k\u00f6nnen, gibt der \u00e4rztliche Gutachter nach der Konsultation, nach dem aktuellen Gesundheitszustand der\/des Studierenden eine Empfehlung bzgl. des eingereichten Antrags, die eine der folgenden Empfehlungen sein kann:<\/li>\n<\/ul>\n<ol>\n<li style=\"list-style-type: none\">\n<ol style=\"list-style-type: lower-alpha\">\n<li>geeignet;<\/li>\n<li>nicht geeignet;<\/li>\n<li>bedingt geeignet (andere alternative Bewegungsformen, wie z. B. Spezieller Sportkurs, Heilgymnastik, Schwimmen werden empfohlen).<\/li>\n<\/ol>\n<\/li>\n<\/ol>\n<ul>\n<li>(9) Der \u00e4rztliche Gutachter kann in begr\u00fcndeten Einzelf\u00e4llen beschlie\u00dfen, die Befreiung vom Sportunterricht f\u00fcr die gesamte Dauer der Ausbildung zu erteilen, wobei er in diesen Einzelf\u00e4llen die Dauer der Befreiung gesondert festh\u00e4lt.<\/li>\n<li>(10) Die Studierenden werden w\u00e4hrend der Konsultation m\u00fcndlich \u00fcber die Empfehlung des \u00e4rztlichen Gutachters informiert, und der \u00e4rztliche Gutachter tr\u00e4gt die Beurteilung \u00fcber die Eignung in das Informatiksystem \u00fcber die Befreiung vom Sportunterricht der Semmelweis Universit\u00e4t (&#8222;STEFI&#8220;) ein. Das endg\u00fcltige Ergebnis \u00fcber die Befreiung wird den Studierenden \u00fcber das NEPTUN-System in Form einer Bescheinigung mitgeteilt. Die auf der Grundlage der Empfehlung des \u00e4rztlichen Gutachters ausgestellte Bescheinigung enth\u00e4lt die Annahme\/Ablehnung der Befreiung f\u00fcr das betreffende Semester.<\/li>\n<li>(11) Das Studentensekretariat erfasst die Entscheidung der\/des Lehrbeauftragten \u00fcber die Annahme des \u00e4rztlichen Gutachtens wie folgt:<\/li>\n<\/ul>\n<ol>\n<li style=\"list-style-type: none\">\n<ol style=\"list-style-type: lower-alpha\">\n<li>im Falle eines &#8222;nicht geeigneten&#8220; Gesundheitszustandes ist die Tatsache der Befreiung im Kommentarfeld der Bewertung vom Fach \u201aSportunterricht\u2018, wof\u00fcr man sich in dem Semester angemeldet hat, zu vermerken.<\/li>\n<li>im Falle von &#8222;bedingt geeignet &#8211; Spezieller Sportkurs&#8220;, &#8222;bedingt geeignet &#8211; Heilgymnastik &#8222;, bzw. &#8222;bedingt geeignet &#8211; Schwimmen&#8220; wird das Studentensekretariat die\/den Studierenden vom Kurs &#8222;Befreit aus gesundheitlichen Gr\u00fcnden&#8220; in den Kurs &#8220; Spezieller Sportkurs &#8222;, &#8220; Heilgymnastik&#8220; oder &#8222;Schwimmen&#8220; versetzen, was dem Gesundheitszustand dieser Person entspricht.<\/li>\n<li>im Falle einer &#8222;geeigneten&#8220; Einstufung wird das Studentensekretariat die\/den Studierenden vom Kurs &#8222;Befreit aus gesundheitlichen Gr\u00fcnden&#8220; wie folgt versetzen, <br \/>\nca) Studierende, die sich f\u00fcr das Fach Sportunterricht I. angemeldet haben, werden entsprechend der Gruppenzuweisung in den entsprechenden Kurs versetzt,<br \/>\ncb) Studierende, die sich f\u00fcr das Fach Sportunterricht II. bis XII. angemeldet haben, werden entweder dazu aufgefordert, oder in den Kurs versetzt, der der im \u00e4rztlichen Gutachten festgelegten Gruppe oder Sportdisziplin entspricht.<\/li>\n<li>in Einzelf\u00e4llen, wenn der \u00e4rztliche Gutachter den Gesundheitszustand der\/des Studierenden als &#8222;nicht geeignet&#8220; bewertet hat, wird die Tatsache der Befreiung in jedem relevanten Semester, wof\u00fcr man sich angemeldet hat, im Kommentarfeld der Bewertung vom Fach vermerkt.<\/li>\n<\/ol>\n<\/li>\n<\/ol>\n<ul>\n<li>(12) F\u00fcr die Teilnahme an den Sportkursen besteht Anwesenheitspflicht, es gelten die Regeln f\u00fcr die Absolvierung des Kurses, die auf dem Datenblatt des Faches aufgef\u00fchrt sind.<\/li>\n<li>(13) Absolvierung des Kurses \u201aSpezieller Sportkurs\u2018: 10 Wochen lang, mindestens 1 Unterrichtseinheit pro Woche.<\/li>\n<li>(14) Absolvierung des Kurses \u201aHeilgymnastik\u2018: 10 Wochen lang, mindestens 1 Unterrichtseinheit pro Woche, Vorlage einer Bescheinigung \u00fcber den Abschluss des Kurses bei der\/dem Lehrbeauftragten vor Ende des Semesters.<\/li>\n<li>(15) Absolvierung des Kurses \u201aSchwimmen\u2018: 10 Wochen lang, mindestens 1 Unterrichtseinheit pro Woche.<\/li>\n<li>(16) Am Ende des Semesters h\u00e4lt der\/die Lehrbeauftragte bei der Bewertung der einzelnen Kurse fest, ob der Kurs am Ende des Semesters abgeschlossen wurde oder nicht.<\/li>\n<\/ul>\n<p>&nbsp;<\/p>\n<p style=\"text-align: center\"><strong>\u00a7 4.<\/strong><br \/>\n<strong>Verfahren zur Beurteilung von Antr\u00e4gen auf Befreiung vom Fach Sportunterricht f\u00fcr SportlerInnen aufgrund einer nachgewiesenen Mitgliedschaft in einem Sportverein<\/strong><\/p>\n<ul>\n<li>(1) Studierende, die SportlerInnen sind, k\u00f6nnen einen Antrag auf Befreiung von der Teilnahme am Sportunterricht als SportlerIn stellen:<\/li>\n<\/ul>\n<ol>\n<li style=\"list-style-type: none\">\n<ol style=\"list-style-type: lower-alpha\">\n<li>Studierende, die sich f\u00fcr das Fach Sportunterricht I. angemeldet haben, k\u00f6nnen den Antrag auf Befreiung nach der Immatrikulation, sp\u00e4testens jedoch am letzten Tag des Anmeldezeitraums f\u00fcr das betreffende Semester einreichen,<\/li>\n<li>Studierende, die sich f\u00fcr das Fach Sportunterricht II. bis XII. angemeldet haben, k\u00f6nnen den Antrag ab zwei Wochen vor dem Anmeldungszeitraum des betreffenden Semesters, sp\u00e4testens jedoch am Tag vor dem Anmeldungszeitraum, im Neptun unter dem Men\u00fcpunkt \u201aAntr\u00e4ge\u2018 (HWEB) einreichen.<\/li>\n<\/ol>\n<\/li>\n<\/ol>\n<p>Die Bearbeitung der von den Studierenden eingereichten Antr\u00e4ge hat aufschiebende Wirkung, die das Studentensekretariat bei der Einschreibung\/Anmeldung zu ber\u00fccksichtigen hat.<\/p>\n<ul>\n<li>(2) Bei der Einreichung des Formulars sind Nachweise \u00fcber die Mitgliedschaft in einem Sportverein oder Fachverband, \u00fcber aktive Leistungen (regelm\u00e4\u00dfiges Training) und, falls vorhanden, Nachweise \u00fcber Wettkampfergebnisse der letzten 2 Jahre beizuf\u00fcgen. Die Formulare k\u00f6nnen von der Webseite des Zentrums f\u00fcr K\u00f6rpererziehung und Sport heruntergeladen werden.<\/li>\n<li>(3) Auf der Grundlage der vorgelegten Bescheinigungen entscheidet der\/die Lehrbeauftragte \u00fcber die Annahme\/Ablehnung der Befreiung f\u00fcr das betreffende Semester.<\/li>\n<li>(4) Das Zentrum f\u00fcr K\u00f6rpererziehung und Sport vermerkt die Entscheidung der\/des Lehrbeauftragten \u00fcber die Anerkennung der Bescheinigung f\u00fcr SportlerInnen wie folgt:<\/li>\n<\/ul>\n<ol>\n<li style=\"list-style-type: none\">\n<ol style=\"list-style-type: lower-alpha\">\n<li>Bei &#8222;akzeptiert&#8220; wird die Tatsache der Befreiung im Kommentarfeld der Bewertung vom Fach, wof\u00fcr man sich in dem Semester angemeldet hat, vermerkt.<\/li>\n<li>Bei &#8222;abgelehnt&#8220; versetzt das Sportzentrum die Studierenden vom Kurs &#8222;Befreiung f\u00fcr SportlerInnen&#8220;<br \/>\nba) in den der Gruppenzuweisung entsprechenden Kurs, wenn sie sich f\u00fcr das Fach Sportunterricht I. angemeldet haben,<br \/>\nbb) Studierende, die sich f\u00fcr das Fach Sportunterricht II. bis XII. angemeldet haben, werden entweder dazu aufgefordert, oder in den Kurs versetzt, der der von den Studiengangverantwortlichen festgelegten Gruppe oder Sportdisziplin entspricht.<\/li>\n<\/ol>\n<\/li>\n<\/ol>\n<ul>\n<li>(5) F\u00fcr die Teilnahme an den Sportkursen besteht Anwesenheitspflicht, es gelten die Regeln f\u00fcr die Absolvierung des Kurses, die auf dem Datenblatt des Faches aufgef\u00fchrt sind.<\/li>\n<li>(6) Am Ende des Semesters h\u00e4lt der\/die Lehrbeauftragte bei der Bewertung der einzelnen Kurse fest, ob der Kurs am Ende des Semesters abgeschlossen wurde oder nicht.<\/li>\n<\/ul>\n<p style=\"text-align: center\"><strong>\u00a7 5.<\/strong><br \/>\n<strong>Diese Anweisung tritt mit der Ver\u00f6ffentlichung auf der Webseite der Universit\u00e4t in Kraft und bleibt bis auf Widerruf g\u00fcltig.<\/strong><\/p>\n<p>Budapest, 21. Juli 2022<\/p>\n<p style=\"text-align: center\"><strong>Prof. Dr. B\u00e9la Merkely<\/strong><br \/>\nRektor<\/p>\n<p style=\"text-align: left\">\u00a0<\/p>\n","protected":false},"excerpt":{"rendered":"<p>\u00a0 Aktenzeichen: 71309-4 \/ JIF\/2022 ANWEISUNG DES REKTORS Nr. R\/2\/2022 (VII. 21.) Verfahren zur Beurteilung von Antr\u00e4gen von Studierenden auf Befreiung von der Teilnahme am Sportunterricht Gem\u00e4\u00df meiner Befugnis nach Teil I.1, \u00a7 3., Abschnitt (4), Punkt (d) der \u201aOrganisations- und Betriebsordnung der Semmelweis Universit\u00e4t\u2018 und gem\u00e4\u00df der Erm\u00e4chtigung zur Datenverarbeitung nach Anhang 3, Abschnitt &hellip;<\/p>\n","protected":false},"author":101640,"featured_media":0,"parent":8066,"menu_order":1,"comment_status":"closed","ping_status":"closed","template":"","meta":{"_acf_changed":false,"footnotes":""},"categories":[],"tags":[],"class_list":["post-8073","page","type-page","status-publish","hentry"],"acf":[],"_links":{"self":[{"href":"https:\/\/semmelweis.hu\/deutsch\/wp-json\/wp\/v2\/pages\/8073","targetHints":{"allow":["GET"]}}],"collection":[{"href":"https:\/\/semmelweis.hu\/deutsch\/wp-json\/wp\/v2\/pages"}],"about":[{"href":"https:\/\/semmelweis.hu\/deutsch\/wp-json\/wp\/v2\/types\/page"}],"author":[{"embeddable":true,"href":"https:\/\/semmelweis.hu\/deutsch\/wp-json\/wp\/v2\/users\/101640"}],"replies":[{"embeddable":true,"href":"https:\/\/semmelweis.hu\/deutsch\/wp-json\/wp\/v2\/comments?post=8073"}],"version-history":[{"count":6,"href":"https:\/\/semmelweis.hu\/deutsch\/wp-json\/wp\/v2\/pages\/8073\/revisions"}],"predecessor-version":[{"id":32182,"href":"https:\/\/semmelweis.hu\/deutsch\/wp-json\/wp\/v2\/pages\/8073\/revisions\/32182"}],"up":[{"embeddable":true,"href":"https:\/\/semmelweis.hu\/deutsch\/wp-json\/wp\/v2\/pages\/8066"}],"wp:attachment":[{"href":"https:\/\/semmelweis.hu\/deutsch\/wp-json\/wp\/v2\/media?parent=8073"}],"wp:term":[{"taxonomy":"category","embeddable":true,"href":"https:\/\/semmelweis.hu\/deutsch\/wp-json\/wp\/v2\/categories?post=8073"},{"taxonomy":"post_tag","embeddable":true,"href":"https:\/\/semmelweis.hu\/deutsch\/wp-json\/wp\/v2\/tags?post=8073"}],"curies":[{"name":"wp","href":"https:\/\/api.w.org\/{rel}","templated":true}]}}