{"id":8068,"date":"2022-08-19T17:07:51","date_gmt":"2022-08-19T15:07:51","guid":{"rendered":"https:\/\/semmelweis.hu\/deutsch\/?page_id=8068"},"modified":"2024-11-06T12:13:16","modified_gmt":"2024-11-06T11:13:16","slug":"datenschutzinformation-zur-informatiksystem-stefi","status":"publish","type":"page","link":"https:\/\/semmelweis.hu\/deutsch\/studium\/wissenswertes\/befreiung-vom-sportunterricht\/datenschutzinformation-zur-informatiksystem-stefi\/","title":{"rendered":"Datenschutzinformation zur Informatiksystem STEFI"},"content":{"rendered":"<p><strong>\u00a0<\/strong><\/p>\n<p style=\"text-align: center\"><strong>DATENSCHUTZINFORMATION<br \/>\n<\/strong><strong>der Fakult\u00e4ten der Semmelweis Universit\u00e4t zur Datenverarbeitung im Zusammenhang mit der Beurteilung von Antr\u00e4gen auf Befreiung vom Sportunterricht <\/strong><\/p>\n<p><strong>\u00a0<\/strong><\/p>\n<p>Unter Bezugnahme auf Artikel 16 und 17 des Gesetzes Nr. CXII aus dem Jahr 2011 \u00fcber die informationelle Selbstbestimmung und die Informationsfreiheit (im Folgenden: InfofrG) sowie Artikel 12, Abs. (1), und Artikel 13, 14 der Verordnung (EU) 2016\/679 des Europ\u00e4ischen Parlaments und des Rates (im Folgenden: <strong>DSGVO<\/strong>) informieren <strong>die Fakult\u00e4ten der Semmelweis Universit\u00e4t die betroffenen Personen \u00fcber die Datenverarbeitung im Zusammenhang<\/strong><strong> mit der Beurteilung von Antr\u00e4gen von Studierenden auf die Befreiung vom Sportunterricht. \u00a0\u00a0<\/strong><strong>\u00a0<\/strong><\/p>\n<ol>\n<li><strong><u> Name und Kontaktdaten des Verantwortlichen: <\/u><\/strong>Semmelweis Universit\u00e4t, Sitz: 1085 Budapest, \u00dcll\u0151i \u00fat 26, Postanschrift: 1428 Budapest Pf.: 2. Telefon: 06-1-459-1500, Website: <a href=\"http:\/\/semmelweis.hu\">http:\/\/semmelweis.hu<\/a><\/li>\n<\/ol>\n<ol start=\"2\">\n<li><strong><u> Name und Kontaktdaten des Vertreters des Verantwortlichen: <\/u><\/strong>Prof. Dr. B\u00e9la Merkely, Rektor, Semmelweis Universit\u00e4t, Sitz: 1085 Budapest, \u00dcll\u0151i \u00fat 26, Postanschrift: 1428 Budapest Pf.: 2. Telefon: 06-1-459-1500, Website: <a href=\"http:\/\/semmelweis.hu\/\">http:\/\/semmelweis.hu\/<\/a><\/li>\n<\/ol>\n<ol start=\"3\">\n<li><strong><u> Name und Kontaktdaten der Datenschutzbeauftragten: <\/u><\/strong>Dr. S\u00e1ra Tr\u00f3cs\u00e1nyi, Sitz: 1085 Budapest, \u00dcll\u0151i \u00fat 26, Postanschrift: 1428 Budapest Pf.: 2. Telefon: Tel.: 06-1-224-1547 E-Mail: <a href=\"mailto:adatvedelem@semmelweis.hu\">adatvedelem@semmelweis.hu<\/a><strong style=\"font-size: 1rem\">\u00a0<\/strong><\/li>\n<\/ol>\n<p><strong><u>Name und Kontaktdaten des konkreten Datenschutzbeauftragten, Name und Kontaktdaten seines Vertreters:<\/u><\/strong><\/p>\n<p><strong>Medizinische Fakult\u00e4t<br \/>\n<\/strong><span style=\"font-size: 1rem\">1085 Budapest, \u00dcll\u0151i \u00fat 26, II. Etage Zimmer 201, Tel.: 317-9057, 459-1500\/55238<br \/>\n<\/span>Dr. P\u00e9ter Nyir\u00e1dy, Dekan, Universit\u00e4tsprofessor<\/p>\n<p><strong>Fakult\u00e4t f\u00fcr Zahnheilkunde<br \/>\n<\/strong>1085 Budapest, \u00dcll\u0151i \u00fat 26, Erdgeschoss 10, Tel.: 266-0453, 459-1500\/55269<br \/>\nDr. G\u00e1bor Gerber, Dekan, Universit\u00e4tsdozent<\/p>\n<p><strong>Fakult\u00e4t f\u00fcr Pharmazie<br \/>\n<\/strong>1085 Budapest, \u00dcll\u0151i \u00fat 26, Erdgeschoss 6, Telefon: 217-0914, E-Mail: <a href=\"mailto:gytkdhivatal@semmelweis.hu\">gytkdhivatal@semmelweis.hu<\/a><br \/>\nDr. Istv\u00e1n Antal, Dekan, Universit\u00e4tsprofessor<\/p>\n<p><strong>Fakult\u00e4t f\u00fcr Gesundheitswissenschaften<br \/>\n<\/strong>1088 Budapest, Vas u. 17, Tel.: (+36 1) 486-4800, E-Mail:\u00a0<a href=\"mailto:etk.dekanihivatal@semmelweis.hu\">etk.dekanihivatal@semmelweis.hu<\/a><br \/>\nPostanschrift: 1085 Budapest, \u00dcll\u0151i \u00fat 26, 1428 Budapest, Pf.: 2.<br \/>\nFrau Bedn\u00e1rik, Dr. Gabriella D\u00f6rnyei, Dekanin \u2013 Hochschullehrerin<br \/>\nE-Mail: <a href=\"mailto:dekan@se-etk.hu\">dekan@se-etk.hu<\/a><\/p>\n<p><strong>Fakult\u00e4t f\u00fcr Gesundheit und \u00f6ffentliche Dienste<br \/>\n<\/strong>1125 Budapest, K\u00fatv\u00f6lgyi \u00fat 2, +36-1-488-7620<br \/>\n<a href=\"mailto:dekani@ekk.sote.hu\">dekani@ekk.sote.hu<\/a><br \/>\nDr. Mikl\u00f3s Sz\u00f3cska, Dekan, Universit\u00e4tsprofessor<\/p>\n<p><strong>Fakult\u00e4t Andr\u00e1s Pet\u0151<br \/>\n<\/strong><span style=\"font-size: 1rem\">Adresse: 1125 Budapest, K\u00fatv\u00f6lgyi \u00fat 8, E-Mail: <a href=\"mailto:pak_dekan@semmelweis.hu\">pak_dekan@semmelweis.hu<\/a><\/span><span style=\"font-size: 1rem\">, Telefon: +36-1-224-1500<br \/>\n<\/span>Dr. Mikl\u00f3sn\u00e9 Tenk, Dr. Andrea Zsebe, Dekanin<\/p>\n<ol start=\"4\">\n<li><strong><u> Zweck der Datenverarbeitung:<\/u><\/strong><\/li>\n<\/ol>\n<p>Der Zweck der Datenverarbeitung besteht in der Beurteilung von Antr\u00e4gen von Studierenden der Fakult\u00e4ten der Semmelweis Universit\u00e4t auf Befreiung vom Sportunterricht.<\/p>\n<ol start=\"5\">\n<li><strong><u> Rechtm\u00e4\u00dfigkeit der Datenverarbeitung <\/u><\/strong><\/li>\n<\/ol>\n<p>Laut Artikel 6 Abs. (1) Buchstabe c) der DSGVO: Die Verarbeitung ist zur Erf\u00fcllung einer rechtlichen Verpflichtung erforderlich, der der Verantwortliche unterliegt.<\/p>\n<p>Laut Artikel 18, Abs. (1) Buchstabe b), Buchstabe bm) der Anlage Nr. 3 des Gesetzes Nr. CCIV aus dem Jahr 2011 \u00fcber das nationale Hochschulwesen, in dem die rechtliche Verpflichtung vorgeschrieben wird, die Daten zu erheben, die zur Erf\u00fcllung der sich aus dem Studentenverh\u00e4ltnis ergebenden Rechte und Pflichten erforderlich sind.<\/p>\n<ol start=\"6\">\n<li><strong><u> Kategorien personenbezogener (und falls vorhanden) besonderer Kategorien verarbeiteter personenbezogener Daten:<\/u><\/strong><\/li>\n<\/ol>\n<p>Name, Geburtsname des\/der Studierenden, M\u00e4dchenname der Mutter, Geburtsdatum und Geburtsort, E-Mail-Adresse.<\/p>\n<p>Befreiung aus gesundheitlichen Gr\u00fcnden: Eignung f\u00fcr den Sportunterricht: tauglich, nicht tauglich, beschr\u00e4nkt tauglich (Physiotherapie, Heilgymnastik, Schwimmen), Vorschlag aus \u00e4rztlicher Sicht.<\/p>\n<p>Befreiung von Sportlern: Mitgliedschaft in einem Sportverein und aktive Leistung (regelm\u00e4\u00dfiges Training), Nachweis von Wettkampfergebnissen der letzten 2 Jahre.<\/p>\n<ol start=\"7\">\n<li><strong><u> Kreis der von der Verarbeitung betroffenen Personen:<\/u><\/strong> Studierende, die einen Antrag auf Befreiung vom Sportunterricht stellen.<\/li>\n<li><strong><u> Name und Adresse der Verarbeiters<\/u><\/strong><strong>: <\/strong>Neptun, zentrale Verwaltungssoftware der ungarischen Universit\u00e4ten und Hochschulen zur Verwaltung von Studien- und Finanzangelegenheiten, zur Registrierung von Lehr- und Organisationsaufgaben. Betreiber: SDA Informatika Z\u00e1rtk\u00f6r\u0171en M\u0171k\u00f6d\u0151 R\u00e9szv\u00e9nyt\u00e1rsas\u00e1g (SDA Informatik Aktiengesellschaft im geschlossenen Kreis)<br \/>\nSteuernummer: 11684057243 Telefon: +36-1-209 4748 Fax: +36-1-279 0001 Web: www.sdainformatika.hu, E-Mail: <a href=\"mailto:info@sdainformatika.hu\">info@sdainformatika.hu<\/a><span style=\"font-size: 1rem\">, Adresse: 1117 Budapest, Hauszmann Alajos u. 3\/b.<\/span><\/li>\n<\/ol>\n<ol start=\"9\">\n<li><strong><u> Rechtm\u00e4\u00dfigkeit der Daten\u00fcbermittlung im Falle einer etwaigen \u00dcbermittlung in Drittl\u00e4nder oder an internationale Organisationen<\/u><\/strong><strong>:<\/strong><\/li>\n<\/ol>\n<p>An internationale Organisationen werden keine personenbezogenen Daten \u00fcbermittelt.<\/p>\n<ol start=\"10\">\n<li><strong><u> Allgemeine Aufbewahrungsfrist der verarbeiteten Daten<\/u><\/strong><strong>:<\/strong><\/li>\n<\/ol>\n<p>Bis zur Beurteilung des Antrags.<\/p>\n<ol start=\"11\">\n<li><strong><u> Die Aufbewahrungsfrist der Daten<\/u><\/strong><strong>:<\/strong><\/li>\n<\/ol>\n<p>Gem\u00e4\u00df dem in Anhang I der Archivierungsordnung der Semmelweis-Universit\u00e4t festgelegten Archivierungsplan 80 Jahre nach Beendigung des Rechtsverh\u00e4ltnisses.<\/p>\n<p>&nbsp;<\/p>\n<p><strong>UNTERRICHTUNG DER BETROFFENEN PERSONEN \u00dcBER IHRE GRUNDRECHTE<\/strong><\/p>\n<p><strong>\u00a01. <\/strong><strong>Auskunftsrecht<\/strong><\/p>\n<p>Die betroffene Person hat das Recht auf eine kurze, klare, verst\u00e4ndliche und leicht zug\u00e4ngliche Auskunft. Der f\u00fcr die Verarbeitung Verantwortliche kommt einem solchen Antrag der betroffenen Person schriftlich oder auf eine andere geeignete Weise nach, nachdem er die Identit\u00e4t der betroffenen Person \u00fcberpr\u00fcft hat, und zwar ohne unangemessene Verz\u00f6gerung und innerhalb von h\u00f6chstens einem Monat.<\/p>\n<p>Der f\u00fcr die Verarbeitung Verantwortliche stellt diese Daten unentgeltlich zur Verf\u00fcgung, es sei denn, die Anfrage ist unbegr\u00fcndet, \u00fcbertrieben oder wiederholt.<\/p>\n<p><strong>2. Recht auf Zugriff der betroffenen Person <\/strong><\/p>\n<p>Die betroffene Person hat das Recht auf Zugriff auf ihre personenbezogenen Daten und auf folgende Informationen: eine Kopie der personenbezogenen Daten (zus\u00e4tzliche Kopien gegen Geb\u00fchr).<\/p>\n<p><strong>3. Recht auf Berichtigung <\/strong><\/p>\n<p>Die betroffene Person hat das Recht auf die unverz\u00fcgliche Berichtigung bzw. Erg\u00e4nzung unrichtig verarbeiteter Daten.<\/p>\n<p><strong>4. Recht auf L\u00f6schung (Recht auf Vergessenwerden)<\/strong><\/p>\n<p>Die betroffene Person hat das Recht, von dem Verantwortlichen zu verlangen, dass sie betreffende personenbezogene Daten unverz\u00fcglich gel\u00f6scht werden, und der Verantwortliche ist verpflichtet, personenbezogene Daten unverz\u00fcglich zu l\u00f6schen, sofern einer der folgenden Gr\u00fcnde zutrifft:<\/p>\n<ul>\n<li>Die personenbezogenen Daten sind f\u00fcr die Zwecke, f\u00fcr die sie erhoben oder auf sonstige Weise verarbeitet wurden, nicht mehr notwendig.<\/li>\n<li>Die betroffene Person widerruft ihre Einwilligung, und es fehlt an einer anderweitigen Rechtsgrundlage f\u00fcr die Verarbeitung.<\/li>\n<li>Die betroffene Person legt Widerspruch gegen die Verarbeitung ein.<\/li>\n<li>Die personenbezogenen Daten wurden unrechtm\u00e4\u00dfig verarbeitet.<\/li>\n<li>Die L\u00f6schung der personenbezogenen Daten ist zur Erf\u00fcllung einer rechtlichen Verpflichtung erforderlich.<\/li>\n<\/ul>\n<p>Ist der f\u00fcr die Verarbeitung Verantwortliche im Rahmen des Rechts der betroffenen Person auf Vergessenwerden verpflichtet, \u00f6ffentlich gemachte personenbezogene Daten zu l\u00f6schen, so trifft er unter Ber\u00fccksichtigung der verf\u00fcgbaren Technologie und der Implementierungskosten angemessene Ma\u00dfnahmen, um andere f\u00fcr die Verarbeitung Verantwortliche zu informieren, damit diese die betreffenden Links, Kopien oder Duplikate l\u00f6schen.<\/p>\n<p>Eine Ausnahme von der Aus\u00fcbung der Rechte der betroffenen Person laut Punkt 3 und 4 besteht, wenn die Verarbeitung erforderlich ist. Die Verarbeitung ist notwendig, wenn sie f\u00fcr einen der folgenden Zwecke unerl\u00e4sslich ist:<\/p>\n<ul>\n<li>zur Aus\u00fcbung des Rechts auf freie Meinungs\u00e4u\u00dferung und Information,<\/li>\n<li>zur Erf\u00fcllung einer rechtlichen Verpflichtung oder in Aus\u00fcbung \u00f6ffentlicher Gewalt,<\/li>\n<li>aus Gr\u00fcnden des \u00f6ffentlichen Interesses im Bereich der \u00f6ffentlichen Gesundheit,<\/li>\n<li>f\u00fcr im \u00f6ffentlichen Interesse liegende Archivzwecke, wissenschaftliche oder historische Forschungszwecke,<\/li>\n<li>zur Geltendmachung von Rechtsanspr\u00fcchen.<\/li>\n<\/ul>\n<p><strong>5. Recht auf Einschr\u00e4nkung der Verarbeitung <\/strong><\/p>\n<p>Der Verantwortliche hat auf Antrag der betroffenen Person die Verarbeitung der personenbezogenen Daten einzuschr\u00e4nken, wenn<\/p>\n<ul>\n<li>die Richtigkeit der personenbezogenen Daten von der betroffenen Person bestritten wird,<\/li>\n<li>die Verarbeitung unrechtm\u00e4\u00dfig ist und die betroffene Person die L\u00f6schung der personenbezogenen Daten ablehnt,<\/li>\n<li>der Verantwortliche die personenbezogenen Daten f\u00fcr die Zwecke der Verarbeitung nicht l\u00e4nger ben\u00f6tigt, die betroffene Person sie jedoch zur Geltendmachung, Aus\u00fcbung oder Verteidigung von Rechtsanspr\u00fcchen ben\u00f6tigt,<\/li>\n<li>die betroffene Person Widerspruch gegen die Verarbeitung eingelegt hat und solange noch nicht feststeht, ob die berechtigten Gr\u00fcnde des Verantwortlichen gegen\u00fcber denen der betroffenen Person \u00fcberwiegen.<\/li>\n<\/ul>\n<p><strong>6. Recht auf Daten\u00fcbertragbarkeit <\/strong><\/p>\n<p>Die betroffene Person hat das Recht, die sie betreffenden personenbezogenen Daten, die sie einem Verantwortlichen bereitgestellt hat,<\/p>\n<ul>\n<li>in einem strukturierten, g\u00e4ngigen und maschinenlesbaren Format zu erhalten,<\/li>\n<li>sie hat das Recht, diese Daten einem anderen Verantwortlichen zu \u00fcbermitteln und<\/li>\n<li>sie hat das Recht, zu erwirken, dass die personenbezogenen Daten direkt von einem Verantwortlichen einem anderen Verantwortlichen \u00fcbermittelt werden (soweit das technisch machbar ist).<\/li>\n<\/ul>\n<p>&nbsp;<\/p>\n<p><strong><u>RECHTSMITTELBEHELF<\/u><\/strong><\/p>\n<ol>\n<li><strong>Datenschutzbeauftragter<\/strong><\/li>\n<li><strong>Das Recht auf Beschwerde bei der Aufsichtsbeh\u00f6rde <\/strong><\/li>\n<\/ol>\n<p>Aufsichtsbeh\u00f6rde: Nemzeti Adatv\u00e9delmi \u00e9s Inform\u00e1ci\u00f3szabads\u00e1g Hat\u00f3s\u00e1g (Beh\u00f6rde f\u00fcr Nationalen Datenschutz und Informationsfreiheit), 1055 Budapest, Falk Miksa utca 9- 11., Website: <a href=\"http:\/\/www.naih.hu\">www.naih.hu<\/a><\/p>\n<ol start=\"3\">\n<li><strong>Recht auf gerichtlichen Rechtsbehelf gegen Verantwortliche\/Auftragsverarbeiter<\/strong><\/li>\n<\/ol>\n<p>Unbeschadet eines verf\u00fcgbaren verwaltungsrechtlichen oder au\u00dfergerichtlichen Rechtsbehelfs kann die betroffene Person gegen Verantwortliche und Auftragsbearbeiter beim jeweils zust\u00e4ndigen Gericht gerichtlich vorgehen. Klagen k\u00f6nnen auch bei den Gerichten des Mitgliedstaates erhoben werden, in dem die betroffene Person ihren Aufenthaltsort hat. Generell zust\u00e4ndiges ordentliches Gericht gegen Verantwortliche: F\u0151v\u00e1rosi K\u00f6zigazgat\u00e1si \u00e9s Munka\u00fcgyi B\u00edr\u00f3s\u00e1g, F\u0151v\u00e1rosi T\u00f6rv\u00e9nysz\u00e9k (Hauptst\u00e4dtisches Verwaltungs- und Arbeitsgericht, Hauptst\u00e4dtischer Gerichtshof) (1055 Budapest, Mark\u00f3 u. 27.)<\/p>\n<p style=\"text-align: center\">\u00a0<\/p>\n<p>&nbsp;<\/p>\n<hr \/>\n<p><strong>Ver\u00f6ffentlichungs- und Registrierungsklausel<\/strong><\/p>\n<p>&nbsp;<\/p>\n<p>F\u00fcr die Ver\u00f6ffentlichung der vorliegenden Datenschutzinformation auf der Website der jeweiligen Organisationseinheit habe ich gesorgt. Sie ist unter folgendem Link f\u00fcr jeden kostenlos frei zug\u00e4nglich: https:\/\/semmelweis.hu\/deutsch\/studium\/wissenswertes\/befreiung-vom-sportunterricht\/datenschutzinformation-zur-informatiksystem-stefi\/;\u00a0 <a href=\"https:\/\/semmelweis.hu\/aok\/a-karrol\/kari-tanacs\/\">https:\/\/semmelweis.hu\/aok\/a-karrol\/kari-tanacs\/\u00a0<\/a><\/p>\n<p>Die vorliegende Datenschutzinformation ist unter der Nummer \u2026\u2026\u2026.. in den Datenschutzinformationen der jeweiligen Organisationseinheit registriert.<\/p>\n<p>Budapest, \u2026\u2026\u2026\u2026\u2026.. 2022<\/p>\n<p>Datenschutzbeauftragter der Organisationseinheit<\/p>\n<p>&nbsp;<\/p>\n","protected":false},"excerpt":{"rendered":"<p>\u00a0 DATENSCHUTZINFORMATION der Fakult\u00e4ten der Semmelweis Universit\u00e4t zur Datenverarbeitung im Zusammenhang mit der Beurteilung von Antr\u00e4gen auf Befreiung vom Sportunterricht \u00a0 Unter Bezugnahme auf Artikel 16 und 17 des Gesetzes Nr. CXII aus dem Jahr 2011 \u00fcber die informationelle Selbstbestimmung und die Informationsfreiheit (im Folgenden: InfofrG) sowie Artikel 12, Abs. (1), und Artikel 13, 14 &hellip;<\/p>\n","protected":false},"author":101640,"featured_media":0,"parent":8066,"menu_order":2,"comment_status":"closed","ping_status":"closed","template":"","meta":{"_acf_changed":false,"footnotes":""},"categories":[],"tags":[],"class_list":["post-8068","page","type-page","status-publish","hentry"],"acf":[],"_links":{"self":[{"href":"https:\/\/semmelweis.hu\/deutsch\/wp-json\/wp\/v2\/pages\/8068","targetHints":{"allow":["GET"]}}],"collection":[{"href":"https:\/\/semmelweis.hu\/deutsch\/wp-json\/wp\/v2\/pages"}],"about":[{"href":"https:\/\/semmelweis.hu\/deutsch\/wp-json\/wp\/v2\/types\/page"}],"author":[{"embeddable":true,"href":"https:\/\/semmelweis.hu\/deutsch\/wp-json\/wp\/v2\/users\/101640"}],"replies":[{"embeddable":true,"href":"https:\/\/semmelweis.hu\/deutsch\/wp-json\/wp\/v2\/comments?post=8068"}],"version-history":[{"count":4,"href":"https:\/\/semmelweis.hu\/deutsch\/wp-json\/wp\/v2\/pages\/8068\/revisions"}],"predecessor-version":[{"id":37697,"href":"https:\/\/semmelweis.hu\/deutsch\/wp-json\/wp\/v2\/pages\/8068\/revisions\/37697"}],"up":[{"embeddable":true,"href":"https:\/\/semmelweis.hu\/deutsch\/wp-json\/wp\/v2\/pages\/8066"}],"wp:attachment":[{"href":"https:\/\/semmelweis.hu\/deutsch\/wp-json\/wp\/v2\/media?parent=8068"}],"wp:term":[{"taxonomy":"category","embeddable":true,"href":"https:\/\/semmelweis.hu\/deutsch\/wp-json\/wp\/v2\/categories?post=8068"},{"taxonomy":"post_tag","embeddable":true,"href":"https:\/\/semmelweis.hu\/deutsch\/wp-json\/wp\/v2\/tags?post=8068"}],"curies":[{"name":"wp","href":"https:\/\/api.w.org\/{rel}","templated":true}]}}