{"id":8066,"date":"2022-08-19T16:52:02","date_gmt":"2022-08-19T14:52:02","guid":{"rendered":"https:\/\/semmelweis.hu\/deutsch\/?page_id=8066"},"modified":"2022-09-06T09:04:35","modified_gmt":"2022-09-06T07:04:35","slug":"befreiung-vom-sportunterricht","status":"publish","type":"page","link":"https:\/\/semmelweis.hu\/deutsch\/studium\/wissenswertes\/befreiung-vom-sportunterricht\/","title":{"rendered":"Befreiung vom Sportunterricht"},"content":{"rendered":"<p>Das <strong>Antragsformular f<\/strong>\u00fcr die <strong>Befreiung vom Sportunterricht <\/strong>ist im<strong> NEPTUN<\/strong> unter &#8222;<strong>Gesch\u00e4ftsabwicklung<\/strong>\u201c (<strong>Verwaltung)<\/strong> &gt; &#8222;<strong>Antr\u00e4ge<\/strong>&#8220; zu finden.<\/p>\n<p><a href=\"https:\/\/semmelweis.hu\/deutsch\/files\/2022\/09\/Informatiksystem-Befreiung-Sportunterricht_STEFI_Anleitung-06092022.pdf\" target=\"_blank\" rel=\"noopener\"><strong>Anleitung<\/strong> zur Einreichung des Antrags, Terminbuchung<\/a> (Informatiksystem der Semmelweis Universit\u00e4t \u00fcber die Befreiung vom Sportunterricht (STEFI)<\/p>\n<p><strong>Bitte beachten Sie folgende Regeln:<\/strong><\/p>\n<ul>\n<li>Sobald der Antrag auf die Befreiung im Neptun hochgeladen ist, haben Sie 72 Stunden f\u00fcr die Terminbuchung im System.<\/li>\n<li>Ein Student\/eine Studentin kann eine Sitzung buchen, d.h. einen Termin, der 24 Stunden vor Ablauf storniert und\/oder nach der Stornierung ge\u00e4ndert werden kann.<\/li>\n<li>Nimmt der Student\/die Studentin den selbst gebuchten Termin zur Konsultation nicht wahr, wird sein Antrag automatisch abgelehnt und er\/sie bekommt die Endbewertung \u201eGeeignet f\u00fcr den Sportunterricht\u201d.<\/li>\n<li>F\u00fcr die Konsultation werden ausschlie\u00dflich relevante medizinische Dokumente in englischer oder ungarischer Sprache akzeptiert, die auf den Befreiungsgrund Bezug nehmen. Die Dokumente m\u00fcssen von den Studierenden im Voraus in das System hochgeladen werden. <em>Ferner muss der Name der ausstellenden Einrichtung (Krankenhaus\/Fachambulanz), der Name des Arztes, der das Dokument ausgestellt hat, sowie das Ausstellungsdatum angegeben werden<\/em>.\u00a0<\/li>\n<li>Bringen Sie bitte die Dokumente zur Konsultation im Original mit!<\/li>\n<li>Laden Sie bitte nur echte, eigene Dokumente hoch, die eine Befreiung vom Sportunterricht rechtfertigen. Die hochgeladenen Dokumente gelten als offizielle Beweisdokumente. Die F\u00e4lschung von solchen Dokumenten ist strafbar.<\/li>\n<li>Wenn die hochgeladenen Dokumente diese Anforderungen nicht erf\u00fcllen, wird der Antrag automatisch abgelehnt und mit \u201eGeeignet f\u00fcr den Sportunterricht\u201d endbewertet.<\/li>\n<\/ul>\n<p><strong>\u00a0<\/strong><\/p>\n<p><strong>Sie k\u00f6nnen erst dann auf die Applikation Dokumenten-Uploader und Terminbuchung zugreifen, wenn Sie Ihren Antrag zuvor im Neptun hochgeladen haben.\u00a0 <\/strong><\/p>\n<p>(Nachdem Sie Ihren Antrag abgeschickt haben, k\u00f6nnen 5-10 Minuten vergehen, bis Sie auf die Applikation zugreifen k\u00f6nnen).<\/p>\n<p>Die Applikation ist unter folgendem Link zu erreichen: <a href=\"https:\/\/stefi.semmelweis.hu\">https:\/\/stefi.semmelweis.hu<\/a><\/p>\n<p><strong>\u00a0<a href=\"https:\/\/semmelweis.hu\/deutsch\/studium\/wissenswertes\/befreiung-vom-sportunterricht\/verfahren-zur-beurteilung-von-antraegen-von-studierenden-auf-befreiung-von-der-teilnahme-am-sportunterricht-r-2-2022-vii-21\/\" target=\"_blank\" rel=\"noopener\">Anweisung des Rektors<\/a>\u00a0<\/strong><\/p>\n<p><a href=\"https:\/\/semmelweis.hu\/deutsch\/studium\/wissenswertes\/befreiung-vom-sportunterricht\/datenschutzinformation-zur-informatiksystem-stefi\/\" target=\"_blank\" rel=\"noopener\">DATENSCHUTZINFORMATION<\/a> der Fakult\u00e4ten der Semmelweis Universit\u00e4t zur Datenverarbeitung im Zusammenhang mit der Beurteilung von Antr\u00e4gen auf Befreiung vom Sportunterricht<\/p>\n","protected":false},"excerpt":{"rendered":"<p>Das Antragsformular f\u00fcr die Befreiung vom Sportunterricht ist im NEPTUN unter &#8222;Gesch\u00e4ftsabwicklung\u201c (Verwaltung) &gt; &#8222;Antr\u00e4ge&#8220; zu finden. <a href=\"https:\/\/semmelweis.hu\/deutsch\/files\/2022\/09\/Informatiksystem-Befreiung-Sportunterricht_STEFI_Anleitung-06092022.pdf\" target=\"_blank\" rel=\"noopener\">Anleitung zur Einreichung des Antrags, Terminbuchung<\/a> (Informatiksystem der Semmelweis Universit\u00e4t \u00fcber die Befreiung vom Sportunterricht (STEFI) Bitte beachten Sie folgende Regeln: Sobald der Antrag auf die Befreiung im Neptun hochgeladen ist, haben Sie 72 Stunden f\u00fcr die Terminbuchung im System. Ein Student\/eine Studentin kann &hellip;<\/p>\n","protected":false},"author":101640,"featured_media":0,"parent":6177,"menu_order":3,"comment_status":"closed","ping_status":"closed","template":"","meta":{"_acf_changed":false,"footnotes":""},"categories":[],"tags":[],"class_list":["post-8066","page","type-page","status-publish","hentry"],"acf":[],"_links":{"self":[{"href":"https:\/\/semmelweis.hu\/deutsch\/wp-json\/wp\/v2\/pages\/8066","targetHints":{"allow":["GET"]}}],"collection":[{"href":"https:\/\/semmelweis.hu\/deutsch\/wp-json\/wp\/v2\/pages"}],"about":[{"href":"https:\/\/semmelweis.hu\/deutsch\/wp-json\/wp\/v2\/types\/page"}],"author":[{"embeddable":true,"href":"https:\/\/semmelweis.hu\/deutsch\/wp-json\/wp\/v2\/users\/101640"}],"replies":[{"embeddable":true,"href":"https:\/\/semmelweis.hu\/deutsch\/wp-json\/wp\/v2\/comments?post=8066"}],"version-history":[{"count":5,"href":"https:\/\/semmelweis.hu\/deutsch\/wp-json\/wp\/v2\/pages\/8066\/revisions"}],"predecessor-version":[{"id":32191,"href":"https:\/\/semmelweis.hu\/deutsch\/wp-json\/wp\/v2\/pages\/8066\/revisions\/32191"}],"up":[{"embeddable":true,"href":"https:\/\/semmelweis.hu\/deutsch\/wp-json\/wp\/v2\/pages\/6177"}],"wp:attachment":[{"href":"https:\/\/semmelweis.hu\/deutsch\/wp-json\/wp\/v2\/media?parent=8066"}],"wp:term":[{"taxonomy":"category","embeddable":true,"href":"https:\/\/semmelweis.hu\/deutsch\/wp-json\/wp\/v2\/categories?post=8066"},{"taxonomy":"post_tag","embeddable":true,"href":"https:\/\/semmelweis.hu\/deutsch\/wp-json\/wp\/v2\/tags?post=8066"}],"curies":[{"name":"wp","href":"https:\/\/api.w.org\/{rel}","templated":true}]}}