{"id":7993,"date":"2022-07-27T15:50:51","date_gmt":"2022-07-27T13:50:51","guid":{"rendered":"https:\/\/semmelweis.hu\/deutsch\/?page_id=7993"},"modified":"2022-07-27T15:50:51","modified_gmt":"2022-07-27T13:50:51","slug":"international-40-kalender","status":"publish","type":"page","link":"https:\/\/semmelweis.hu\/deutsch\/international-40-kalender\/","title":{"rendered":"International 40 &#8211; Kalender"},"content":{"rendered":"<div id=\"events-page\">\n<div class=\"event-content\" style=\"margin-top:0\">\n<div class='event-list'><article class=\"entry-content col-12 px-normal\">\n  <div class=\"row\">\n\t<div class=\"event-date col-2 px-0 eme-past-event-light\">\n\t  <div class=\"event-date-day eme-past-event\">\n\t\t<div class=\"event-date-daynum\">1<\/div>\n\t\t<div class=\"event-date-month text-uppercase\">Sep.<\/div>\n\t  <\/div>\n\t  <div class=\"event-day-name eme-past-event\">Donnerstag<\/div>\n\t<\/div>\n\t<div class=\"event-data col-10 px-2\">\n\t  <div class=\"event-day\">\n\t\t<div class=\"event-name py-2\"><a href='https:\/\/semmelweis.hu\/deutsch\/events\/internationale-sommeruniversitaet\/' title='Internationale Sommeruniversit\u00e4t'>Internationale Sommeruniversit\u00e4t<\/a><\/div>\n\t\t<div class=\"event-location py-1\"><i class=\"fa fa-map-marker\" aria-hidden=\"true\"><\/i>Zentrum f\u00fcr Vorklinik (EOK), <strong>Budapest, T\u0171zolt\u00f3 utca 37-47.<\/strong><\/div>\n\t\t<div class=\"event-start pb-2\"><i class=\"fa fa-calendar-o\" aria-hidden=\"true\"><\/i>2022. <strong>September 01.<\/strong> - Donnerstag <i class=\"fa fa-clock-o\" aria-hidden=\"true\"><\/i>00:00\n                <\/div>\n\t  <\/div>\n\t<\/div>\n  <\/div>\n<\/article><article class=\"entry-content col-12 px-normal\">\n  <div class=\"row\">\n\t<div class=\"event-date col-2 px-0 eme-past-event-light\">\n\t  <div class=\"event-date-day eme-past-event\">\n\t\t<div class=\"event-date-daynum\">2<\/div>\n\t\t<div class=\"event-date-month text-uppercase\">Sep.<\/div>\n\t  <\/div>\n\t  <div class=\"event-day-name eme-past-event\">Freitag<\/div>\n\t<\/div>\n\t<div class=\"event-data col-10 px-2\">\n\t  <div class=\"event-day\">\n\t\t<div class=\"event-name py-2\"><a href='https:\/\/semmelweis.hu\/deutsch\/events\/internationale-sommeruniversitaet-2\/' title='Internationale Sommeruniversit\u00e4t'>Internationale Sommeruniversit\u00e4t<\/a><\/div>\n\t\t<div class=\"event-location py-1\"><i class=\"fa fa-map-marker\" aria-hidden=\"true\"><\/i>EOK, <strong>Budapest, T\u0171zolt\u00f3 utca 37-47.<\/strong><\/div>\n\t\t<div class=\"event-start pb-2\"><i class=\"fa fa-calendar-o\" aria-hidden=\"true\"><\/i>2022. <strong>September 02.<\/strong> - Freitag <i class=\"fa fa-clock-o\" aria-hidden=\"true\"><\/i>00:00\n                <\/div>\n\t  <\/div>\n\t<\/div>\n  <\/div>\n<\/article><article class=\"entry-content col-12 px-normal\">\n  <div class=\"row\">\n\t<div class=\"event-date col-2 px-0 eme-past-event-light\">\n\t  <div class=\"event-date-day eme-past-event\">\n\t\t<div class=\"event-date-daynum\">3<\/div>\n\t\t<div class=\"event-date-month text-uppercase\">Sep.<\/div>\n\t  <\/div>\n\t  <div class=\"event-day-name eme-past-event\">Samstag<\/div>\n\t<\/div>\n\t<div class=\"event-data col-10 px-2\">\n\t  <div class=\"event-day\">\n\t\t<div class=\"event-name py-2\"><a href='https:\/\/semmelweis.hu\/deutsch\/events\/feierliche-eroeffnung-des-studienjahres\/' title='Feierliche Er\u00f6ffnung des Studienjahres '>Feierliche Er\u00f6ffnung des Studienjahres <\/a><\/div>\n\t\t<div class=\"event-location py-1\"><i class=\"fa fa-map-marker\" aria-hidden=\"true\"><\/i>Veranstaltungsort: s. Programmbescheibung, <strong>, <\/strong><\/div>\n\t\t<div class=\"event-start pb-2\"><i class=\"fa fa-calendar-o\" aria-hidden=\"true\"><\/i>2022. <strong>September 03.<\/strong> - Samstag <i class=\"fa fa-clock-o\" aria-hidden=\"true\"><\/i>10:00\n                <\/div>\n\t  <\/div>\n\t<\/div>\n  <\/div>\n<\/article><article class=\"entry-content col-12 px-normal\">\n  <div class=\"row\">\n\t<div class=\"event-date col-2 px-0 eme-past-event-light\">\n\t  <div class=\"event-date-day eme-past-event\">\n\t\t<div class=\"event-date-daynum\">7<\/div>\n\t\t<div class=\"event-date-month text-uppercase\">Okt.<\/div>\n\t  <\/div>\n\t  <div class=\"event-day-name eme-past-event\">Freitag<\/div>\n\t<\/div>\n\t<div class=\"event-data col-10 px-2\">\n\t  <div class=\"event-day\">\n\t\t<div class=\"event-name py-2\"><a href='https:\/\/semmelweis.hu\/deutsch\/events\/pak-benefitkonzert-in-der-liszt-akademie\/' title='PAK Benefitkonzert in der Liszt-Akademie'>PAK Benefitkonzert in der Liszt-Akademie<\/a><\/div>\n\t\t<div class=\"event-location py-1\"><i class=\"fa fa-map-marker\" aria-hidden=\"true\"><\/i>Veranstaltungsort: s. Programmbescheibung, <strong>, <\/strong><\/div>\n\t\t<div class=\"event-start pb-2\"><i class=\"fa fa-calendar-o\" aria-hidden=\"true\"><\/i>2022. <strong>Oktober 07.<\/strong> - Freitag <i class=\"fa fa-clock-o\" aria-hidden=\"true\"><\/i>00:00\n                <\/div>\n\t  <\/div>\n\t<\/div>\n  <\/div>\n<\/article><article class=\"entry-content col-12 px-normal\">\n  <div class=\"row\">\n\t<div class=\"event-date col-2 px-0 eme-past-event-light\">\n\t  <div class=\"event-date-day eme-past-event\">\n\t\t<div class=\"event-date-daynum\">13<\/div>\n\t\t<div class=\"event-date-month text-uppercase\">Okt.<\/div>\n\t  <\/div>\n\t  <div class=\"event-day-name eme-past-event\">Donnerstag<\/div>\n\t<\/div>\n\t<div class=\"event-data col-10 px-2\">\n\t  <div class=\"event-day\">\n\t\t<div class=\"event-name py-2\"><a href='https:\/\/semmelweis.hu\/deutsch\/events\/rectors-assembly-euniwell-tempus-vollversammlung\/' title='Rectors&#039; Assembly (EuniWell) &amp; Tempus Vollversammlung'>Rectors&#039; Assembly (EuniWell) &amp; Tempus Vollversammlung<\/a><\/div>\n\t\t<div class=\"event-location py-1\"><i class=\"fa fa-map-marker\" aria-hidden=\"true\"><\/i>Semmelweis Universit\u00e4t (Zentralgeb\u00e4ude), <strong>Budapest, \u00dcll\u0151i \u00fat 26.<\/strong><\/div>\n\t\t<div class=\"event-start pb-2\"><i class=\"fa fa-calendar-o\" aria-hidden=\"true\"><\/i>2022. <strong>Oktober 13.<\/strong> - Donnerstag <i class=\"fa fa-clock-o\" aria-hidden=\"true\"><\/i>00:00\n                <\/div>\n\t  <\/div>\n\t<\/div>\n  <\/div>\n<\/article><article class=\"entry-content col-12 px-normal\">\n  <div class=\"row\">\n\t<div class=\"event-date col-2 px-0 eme-past-event-light\">\n\t  <div class=\"event-date-day eme-past-event\">\n\t\t<div class=\"event-date-daynum\">14<\/div>\n\t\t<div class=\"event-date-month text-uppercase\">Okt.<\/div>\n\t  <\/div>\n\t  <div class=\"event-day-name eme-past-event\">Freitag<\/div>\n\t<\/div>\n\t<div class=\"event-data col-10 px-2\">\n\t  <div class=\"event-day\">\n\t\t<div class=\"event-name py-2\"><a href='https:\/\/semmelweis.hu\/deutsch\/events\/mental-health-symposium-euniwell\/' title='Mental Health Symposium (EUniWell)'>Mental Health Symposium (EUniWell)<\/a><\/div>\n\t\t<div class=\"event-location py-1\"><i class=\"fa fa-map-marker\" aria-hidden=\"true\"><\/i>Zentrum f\u00fcr Vorklinik (EOK), <strong>Budapest, T\u0171zolt\u00f3 utca 37-47.<\/strong><\/div>\n\t\t<div class=\"event-start pb-2\"><i class=\"fa fa-calendar-o\" aria-hidden=\"true\"><\/i>2022. <strong>Oktober 14.<\/strong> - Freitag <i class=\"fa fa-clock-o\" aria-hidden=\"true\"><\/i>00:00\n                <\/div>\n\t  <\/div>\n\t<\/div>\n  <\/div>\n<\/article><article class=\"entry-content col-12 px-normal\">\n  <div class=\"row\">\n\t<div class=\"event-date col-2 px-0 eme-past-event-light\">\n\t  <div class=\"event-date-day eme-past-event\">\n\t\t<div class=\"event-date-daynum\">15<\/div>\n\t\t<div class=\"event-date-month text-uppercase\">Okt.<\/div>\n\t  <\/div>\n\t  <div class=\"event-day-name eme-past-event\">Samstag<\/div>\n\t<\/div>\n\t<div class=\"event-data col-10 px-2\">\n\t  <div class=\"event-day\">\n\t\t<div class=\"event-name py-2\"><a href='https:\/\/semmelweis.hu\/deutsch\/events\/mental-health-symposium-euniwellkopie\/' title='Mental Health Symposium (EUniWell)'>Mental Health Symposium (EUniWell)<\/a><\/div>\n\t\t<div class=\"event-location py-1\"><i class=\"fa fa-map-marker\" aria-hidden=\"true\"><\/i>Zentrum f\u00fcr Vorklinik (EOK), <strong>Budapest, T\u0171zolt\u00f3 utca 37-47.<\/strong><\/div>\n\t\t<div class=\"event-start pb-2\"><i class=\"fa fa-calendar-o\" aria-hidden=\"true\"><\/i>2022. <strong>Oktober 15.<\/strong> - Samstag <i class=\"fa fa-clock-o\" aria-hidden=\"true\"><\/i>00:00\n                <\/div>\n\t  <\/div>\n\t<\/div>\n  <\/div>\n<\/article><article class=\"entry-content col-12 px-normal\">\n  <div class=\"row\">\n\t<div class=\"event-date col-2 px-0 eme-past-event-light\">\n\t  <div class=\"event-date-day eme-past-event\">\n\t\t<div class=\"event-date-daynum\">7<\/div>\n\t\t<div class=\"event-date-month text-uppercase\">Nov.<\/div>\n\t  <\/div>\n\t  <div class=\"event-day-name eme-past-event\">Montag<\/div>\n\t<\/div>\n\t<div class=\"event-data col-10 px-2\">\n\t  <div class=\"event-day\">\n\t\t<div class=\"event-name py-2\"><a href='https:\/\/semmelweis.hu\/deutsch\/events\/semmelweis-symposium-covid-konferenz\/' title='Semmelweis Symposium &amp; Covid Konferenz'>Semmelweis Symposium &amp; Covid Konferenz<\/a><\/div>\n\t\t<div class=\"event-location py-1\"><i class=\"fa fa-map-marker\" aria-hidden=\"true\"><\/i>Zentrum f\u00fcr Vorklinik (EOK), <strong>Budapest, T\u0171zolt\u00f3 utca 37-47.<\/strong><\/div>\n\t\t<div class=\"event-start pb-2\"><i class=\"fa fa-calendar-o\" aria-hidden=\"true\"><\/i>2022. <strong>November 07.<\/strong> - Montag <i class=\"fa fa-clock-o\" aria-hidden=\"true\"><\/i>00:00\n                <\/div>\n\t  <\/div>\n\t<\/div>\n  <\/div>\n<\/article><article class=\"entry-content col-12 px-normal\">\n  <div class=\"row\">\n\t<div class=\"event-date col-2 px-0 eme-past-event-light\">\n\t  <div class=\"event-date-day eme-past-event\">\n\t\t<div class=\"event-date-daynum\">8<\/div>\n\t\t<div class=\"event-date-month text-uppercase\">Nov.<\/div>\n\t  <\/div>\n\t  <div class=\"event-day-name eme-past-event\">Dienstag<\/div>\n\t<\/div>\n\t<div class=\"event-data col-10 px-2\">\n\t  <div class=\"event-day\">\n\t\t<div class=\"event-name py-2\"><a href='https:\/\/semmelweis.hu\/deutsch\/events\/semmelweis-symposium-covid-konferenzkopie\/' title='Semmelweis Symposium &amp; Covid Konferenz'>Semmelweis Symposium &amp; Covid Konferenz<\/a><\/div>\n\t\t<div class=\"event-location py-1\"><i class=\"fa fa-map-marker\" aria-hidden=\"true\"><\/i>Zentrum f\u00fcr Vorklinik (EOK), <strong>Budapest, T\u0171zolt\u00f3 utca 37-47.<\/strong><\/div>\n\t\t<div class=\"event-start pb-2\"><i class=\"fa fa-calendar-o\" aria-hidden=\"true\"><\/i>2022. <strong>November 08.<\/strong> - Dienstag <i class=\"fa fa-clock-o\" aria-hidden=\"true\"><\/i>00:00\n                <\/div>\n\t  <\/div>\n\t<\/div>\n  <\/div>\n<\/article><article class=\"entry-content col-12 px-normal\">\n  <div class=\"row\">\n\t<div class=\"event-date col-2 px-0 eme-past-event-light\">\n\t  <div class=\"event-date-day eme-past-event\">\n\t\t<div class=\"event-date-daynum\">25<\/div>\n\t\t<div class=\"event-date-month text-uppercase\">Nov.<\/div>\n\t  <\/div>\n\t  <div class=\"event-day-name eme-past-event\">Freitag<\/div>\n\t<\/div>\n\t<div class=\"event-data col-10 px-2\">\n\t  <div class=\"event-day\">\n\t\t<div class=\"event-name py-2\"><a href='https:\/\/semmelweis.hu\/deutsch\/events\/pak-jubilaeumsveranstaltung-xi-weltkongress-fuer-konduktive-erziehung\/' title='PAK Jubil\u00e4umsveranstaltung: XI. Weltkongress f\u00fcr Konduktive Erziehung'>PAK Jubil\u00e4umsveranstaltung: XI. Weltkongress f\u00fcr Konduktive Erziehung<\/a><\/div>\n\t\t<div class=\"event-location py-1\"><i class=\"fa fa-map-marker\" aria-hidden=\"true\"><\/i>Veranstaltungsort: s. Programmbescheibung, <strong>, <\/strong><\/div>\n\t\t<div class=\"event-start pb-2\"><i class=\"fa fa-calendar-o\" aria-hidden=\"true\"><\/i>2022. <strong>November 25.<\/strong> - Freitag <i class=\"fa fa-clock-o\" aria-hidden=\"true\"><\/i>00:00\n                <\/div>\n\t  <\/div>\n\t<\/div>\n  <\/div>\n<\/article><article class=\"entry-content col-12 px-normal\">\n  <div class=\"row\">\n\t<div class=\"event-date col-2 px-0 eme-past-event-light\">\n\t  <div class=\"event-date-day eme-past-event\">\n\t\t<div class=\"event-date-daynum\">10<\/div>\n\t\t<div class=\"event-date-month text-uppercase\">Feb.<\/div>\n\t  <\/div>\n\t  <div class=\"event-day-name eme-past-event\">Freitag<\/div>\n\t<\/div>\n\t<div class=\"event-data col-10 px-2\">\n\t  <div class=\"event-day\">\n\t\t<div class=\"event-name py-2\"><a href='https:\/\/semmelweis.hu\/deutsch\/events\/internationale-wissenschaftliche-konferenz-der-studierenden-tdk-konferenz-2\/' title='Internationale Wissenschaftliche Konferenz der Studierenden (TDK-Konferenz)'>Internationale Wissenschaftliche Konferenz der Studierenden (TDK-Konferenz)<\/a><\/div>\n\t\t<div class=\"event-location py-1\"><i class=\"fa fa-map-marker\" aria-hidden=\"true\"><\/i>Zentrum f\u00fcr Vorklinik (EOK), <strong>Budapest, T\u0171zolt\u00f3 utca 37-47.<\/strong><\/div>\n\t\t<div class=\"event-start pb-2\"><i class=\"fa fa-calendar-o\" aria-hidden=\"true\"><\/i>2023. <strong>Februar 10.<\/strong> - Freitag <i class=\"fa fa-clock-o\" aria-hidden=\"true\"><\/i>00:00\n                <\/div>\n\t  <\/div>\n\t<\/div>\n  <\/div>\n<\/article><article class=\"entry-content col-12 px-normal\">\n  <div class=\"row\">\n\t<div class=\"event-date col-2 px-0 eme-past-event-light\">\n\t  <div class=\"event-date-day eme-past-event\">\n\t\t<div class=\"event-date-daynum\">11<\/div>\n\t\t<div class=\"event-date-month text-uppercase\">Feb.<\/div>\n\t  <\/div>\n\t  <div class=\"event-day-name eme-past-event\">Samstag<\/div>\n\t<\/div>\n\t<div class=\"event-data col-10 px-2\">\n\t  <div class=\"event-day\">\n\t\t<div class=\"event-name py-2\"><a href='https:\/\/semmelweis.hu\/deutsch\/events\/internationale-wissenschaftliche-konferenz-der-studierenden-tdk-konferenz\/' title='Internationale Wissenschaftliche Konferenz der Studierenden (TDK-Konferenz)'>Internationale Wissenschaftliche Konferenz der Studierenden (TDK-Konferenz)<\/a><\/div>\n\t\t<div class=\"event-location py-1\"><i class=\"fa fa-map-marker\" aria-hidden=\"true\"><\/i>Zentrum f\u00fcr Vorklinik (EOK), <strong>Budapest, T\u0171zolt\u00f3 utca 37-47.<\/strong><\/div>\n\t\t<div class=\"event-start pb-2\"><i class=\"fa fa-calendar-o\" aria-hidden=\"true\"><\/i>2023. <strong>Februar 11.<\/strong> - Samstag <i class=\"fa fa-clock-o\" aria-hidden=\"true\"><\/i>00:00\n                <\/div>\n\t  <\/div>\n\t<\/div>\n  <\/div>\n<\/article><article class=\"entry-content col-12 px-normal\">\n  <div class=\"row\">\n\t<div class=\"event-date col-2 px-0 eme-past-event-light\">\n\t  <div class=\"event-date-day eme-past-event\">\n\t\t<div class=\"event-date-daynum\">31<\/div>\n\t\t<div class=\"event-date-month text-uppercase\">M\u00e4rz<\/div>\n\t  <\/div>\n\t  <div class=\"event-day-name eme-past-event\">Freitag<\/div>\n\t<\/div>\n\t<div class=\"event-data col-10 px-2\">\n\t  <div class=\"event-day\">\n\t\t<div class=\"event-name py-2\"><a href='https:\/\/semmelweis.hu\/deutsch\/events\/medikus-cup-sportveranstaltungen-2\/' title='Medikus Cup (Sportveranstaltungen)'>Medikus Cup (Sportveranstaltungen)<\/a><\/div>\n\t\t<div class=\"event-location py-1\"><i class=\"fa fa-map-marker\" aria-hidden=\"true\"><\/i>Veranstaltungsort: s. Programmbescheibung, <strong>, <\/strong><\/div>\n\t\t<div class=\"event-start pb-2\"><i class=\"fa fa-calendar-o\" aria-hidden=\"true\"><\/i>2023. <strong>M\u00e4rz 31.<\/strong> - Freitag <i class=\"fa fa-clock-o\" aria-hidden=\"true\"><\/i>00:00\n                <\/div>\n\t  <\/div>\n\t<\/div>\n  <\/div>\n<\/article><article class=\"entry-content col-12 px-normal\">\n  <div class=\"row\">\n\t<div class=\"event-date col-2 px-0 eme-past-event-light\">\n\t  <div class=\"event-date-day eme-past-event\">\n\t\t<div class=\"event-date-daynum\">1<\/div>\n\t\t<div class=\"event-date-month text-uppercase\">Apr.<\/div>\n\t  <\/div>\n\t  <div class=\"event-day-name eme-past-event\">Samstag<\/div>\n\t<\/div>\n\t<div class=\"event-data col-10 px-2\">\n\t  <div class=\"event-day\">\n\t\t<div class=\"event-name py-2\"><a href='https:\/\/semmelweis.hu\/deutsch\/events\/medikus-cup-sportveranstaltungen-3\/' title='Medikus Cup (Sportveranstaltungen)'>Medikus Cup (Sportveranstaltungen)<\/a><\/div>\n\t\t<div class=\"event-location py-1\"><i class=\"fa fa-map-marker\" aria-hidden=\"true\"><\/i>Veranstaltungsort: s. Programmbescheibung, <strong>, <\/strong><\/div>\n\t\t<div class=\"event-start pb-2\"><i class=\"fa fa-calendar-o\" aria-hidden=\"true\"><\/i>2023. <strong>April 01.<\/strong> - Samstag <i class=\"fa fa-clock-o\" aria-hidden=\"true\"><\/i>00:00\n                <\/div>\n\t  <\/div>\n\t<\/div>\n  <\/div>\n<\/article><article class=\"entry-content col-12 px-normal\">\n  <div class=\"row\">\n\t<div class=\"event-date col-2 px-0 eme-past-event-light\">\n\t  <div class=\"event-date-day eme-past-event\">\n\t\t<div class=\"event-date-daynum\">2<\/div>\n\t\t<div class=\"event-date-month text-uppercase\">Apr.<\/div>\n\t  <\/div>\n\t  <div class=\"event-day-name eme-past-event\">Sonntag<\/div>\n\t<\/div>\n\t<div class=\"event-data col-10 px-2\">\n\t  <div class=\"event-day\">\n\t\t<div class=\"event-name py-2\"><a href='https:\/\/semmelweis.hu\/deutsch\/events\/medikus-cup-sportveranstaltungen-4\/' title='Medikus Cup (Sportveranstaltungen)'>Medikus Cup (Sportveranstaltungen)<\/a><\/div>\n\t\t<div class=\"event-location py-1\"><i class=\"fa fa-map-marker\" aria-hidden=\"true\"><\/i>Veranstaltungsort: s. Programmbescheibung, <strong>, <\/strong><\/div>\n\t\t<div class=\"event-start pb-2\"><i class=\"fa fa-calendar-o\" aria-hidden=\"true\"><\/i>2023. <strong>April 02.<\/strong> - Sonntag <i class=\"fa fa-clock-o\" aria-hidden=\"true\"><\/i>00:00\n                <\/div>\n\t  <\/div>\n\t<\/div>\n  <\/div>\n<\/article><article class=\"entry-content col-12 px-normal\">\n  <div class=\"row\">\n\t<div class=\"event-date col-2 px-0 eme-past-event-light\">\n\t  <div class=\"event-date-day eme-past-event\">\n\t\t<div class=\"event-date-daynum\">28<\/div>\n\t\t<div class=\"event-date-month text-uppercase\">Apr.<\/div>\n\t  <\/div>\n\t  <div class=\"event-day-name eme-past-event\">Freitag<\/div>\n\t<\/div>\n\t<div class=\"event-data col-10 px-2\">\n\t  <div class=\"event-day\">\n\t\t<div class=\"event-name py-2\"><a href='https:\/\/semmelweis.hu\/deutsch\/2023\/01\/23\/save-the-date-semmelweis-internationales-alumni-treffen-28-30-april-2023\/' title='Semmelweis Internationale Alumni-Treffen'>Semmelweis Internationale Alumni-Treffen<\/a><\/div>\n\t\t<div class=\"event-location py-1\"><i class=\"fa fa-map-marker\" aria-hidden=\"true\"><\/i>EOK, <strong>Budapest, T\u0171zolt\u00f3 utca 37-47.<\/strong><\/div>\n\t\t<div class=\"event-start pb-2\"><i class=\"fa fa-calendar-o\" aria-hidden=\"true\"><\/i>2023. <strong>April 28.<\/strong> - Freitag <i class=\"fa fa-clock-o\" aria-hidden=\"true\"><\/i>00:00\n                <\/div>\n\t  <\/div>\n\t<\/div>\n  <\/div>\n<\/article><article class=\"entry-content col-12 px-normal\">\n  <div class=\"row\">\n\t<div class=\"event-date col-2 px-0 eme-past-event-light\">\n\t  <div class=\"event-date-day eme-past-event\">\n\t\t<div class=\"event-date-daynum\">29<\/div>\n\t\t<div class=\"event-date-month text-uppercase\">Apr.<\/div>\n\t  <\/div>\n\t  <div class=\"event-day-name eme-past-event\">Samstag<\/div>\n\t<\/div>\n\t<div class=\"event-data col-10 px-2\">\n\t  <div class=\"event-day\">\n\t\t<div class=\"event-name py-2\"><a href='https:\/\/semmelweis.hu\/deutsch\/2023\/01\/23\/save-the-date-semmelweis-internationales-alumni-treffen-28-30-april-2023\/' title='Semmelweis Internationale Alumni-Treffen'>Semmelweis Internationale Alumni-Treffen<\/a><\/div>\n\t\t<div class=\"event-location py-1\"><i class=\"fa fa-map-marker\" aria-hidden=\"true\"><\/i>EOK, <strong>Budapest, T\u0171zolt\u00f3 utca 37-47.<\/strong><\/div>\n\t\t<div class=\"event-start pb-2\"><i class=\"fa fa-calendar-o\" aria-hidden=\"true\"><\/i>2023. <strong>April 29.<\/strong> - Samstag <i class=\"fa fa-clock-o\" aria-hidden=\"true\"><\/i>00:00\n                <\/div>\n\t  <\/div>\n\t<\/div>\n  <\/div>\n<\/article><article class=\"entry-content col-12 px-normal\">\n  <div class=\"row\">\n\t<div class=\"event-date col-2 px-0 eme-past-event-light\">\n\t  <div class=\"event-date-day eme-past-event\">\n\t\t<div class=\"event-date-daynum\">30<\/div>\n\t\t<div class=\"event-date-month text-uppercase\">Apr.<\/div>\n\t  <\/div>\n\t  <div class=\"event-day-name eme-past-event\">Sonntag<\/div>\n\t<\/div>\n\t<div class=\"event-data col-10 px-2\">\n\t  <div class=\"event-day\">\n\t\t<div class=\"event-name py-2\"><a href='https:\/\/semmelweis.hu\/deutsch\/2023\/01\/23\/save-the-date-semmelweis-internationales-alumni-treffen-28-30-april-2023\/' title='Semmelweis Internationale Alumni-Treffen'>Semmelweis Internationale Alumni-Treffen<\/a><\/div>\n\t\t<div class=\"event-location py-1\"><i class=\"fa fa-map-marker\" aria-hidden=\"true\"><\/i>EOK, <strong>Budapest, T\u0171zolt\u00f3 utca 37-47.<\/strong><\/div>\n\t\t<div class=\"event-start pb-2\"><i class=\"fa fa-calendar-o\" aria-hidden=\"true\"><\/i>2023. <strong>April 30.<\/strong> - Sonntag <i class=\"fa fa-clock-o\" aria-hidden=\"true\"><\/i>00:00\n                <\/div>\n\t  <\/div>\n\t<\/div>\n  <\/div>\n<\/article><article class=\"entry-content col-12 px-normal\">\n  <div class=\"row\">\n\t<div class=\"event-date col-2 px-0 eme-past-event-light\">\n\t  <div class=\"event-date-day eme-past-event\">\n\t\t<div class=\"event-date-daynum\">4<\/div>\n\t\t<div class=\"event-date-month text-uppercase\">Mai<\/div>\n\t  <\/div>\n\t  <div class=\"event-day-name eme-past-event\">Donnerstag<\/div>\n\t<\/div>\n\t<div class=\"event-data col-10 px-2\">\n\t  <div class=\"event-day\">\n\t\t<div class=\"event-name py-2\"><a href='https:\/\/semmelweis.hu\/deutsch\/events\/internationale-konferenz-ueber-bildungsentwicklungkopie\/' title='Internationale Konferenz \u00fcber Bildungsentwicklung'>Internationale Konferenz \u00fcber Bildungsentwicklung<\/a><\/div>\n\t\t<div class=\"event-location py-1\"><i class=\"fa fa-map-marker\" aria-hidden=\"true\"><\/i>Block am Nagyv\u00e1rad Platz (NET), <strong>Budapest, Nagyv\u00e1rad t\u00e9r 4.<\/strong><\/div>\n\t\t<div class=\"event-start pb-2\"><i class=\"fa fa-calendar-o\" aria-hidden=\"true\"><\/i>2023. <strong>Mai 04.<\/strong> - Donnerstag <i class=\"fa fa-clock-o\" aria-hidden=\"true\"><\/i>00:00\n                <\/div>\n\t  <\/div>\n\t<\/div>\n  <\/div>\n<\/article><article class=\"entry-content col-12 px-normal\">\n  <div class=\"row\">\n\t<div class=\"event-date col-2 px-0 eme-past-event-light\">\n\t  <div class=\"event-date-day eme-past-event\">\n\t\t<div class=\"event-date-daynum\">4<\/div>\n\t\t<div class=\"event-date-month text-uppercase\">Mai<\/div>\n\t  <\/div>\n\t  <div class=\"event-day-name eme-past-event\">Donnerstag<\/div>\n\t<\/div>\n\t<div class=\"event-data col-10 px-2\">\n\t  <div class=\"event-day\">\n\t\t<div class=\"event-name py-2\"><a href='https:\/\/semmelweis.hu\/deutsch\/events\/internationale-konferenz-ueber-bildungsentwicklung\/' title='Internationale Konferenz \u00fcber Bildungsentwicklung'>Internationale Konferenz \u00fcber Bildungsentwicklung<\/a><\/div>\n\t\t<div class=\"event-location py-1\"><i class=\"fa fa-map-marker\" aria-hidden=\"true\"><\/i>Block am Nagyv\u00e1rad Platz (NET), <strong>Budapest, Nagyv\u00e1rad t\u00e9r 4.<\/strong><\/div>\n\t\t<div class=\"event-start pb-2\"><i class=\"fa fa-calendar-o\" aria-hidden=\"true\"><\/i>2023. <strong>Mai 04.<\/strong> - Donnerstag <i class=\"fa fa-clock-o\" aria-hidden=\"true\"><\/i>00:00\n                <\/div>\n\t  <\/div>\n\t<\/div>\n  <\/div>\n<\/article><p><a class=\"btn btn-sm btn-primary\" href=\"\/deutsch\/esemenyek\">Zur\u00fcck zum Veranstaltungskalender<\/a><\/p>\n<\/div>\n<\/div>\n<\/div>\n","protected":false},"excerpt":{"rendered":"","protected":false},"author":12,"featured_media":0,"parent":0,"menu_order":8,"comment_status":"closed","ping_status":"closed","template":"","meta":{"_acf_changed":false,"footnotes":""},"categories":[],"tags":[],"class_list":["post-7993","page","type-page","status-publish","hentry"],"acf":[],"_links":{"self":[{"href":"https:\/\/semmelweis.hu\/deutsch\/wp-json\/wp\/v2\/pages\/7993","targetHints":{"allow":["GET"]}}],"collection":[{"href":"https:\/\/semmelweis.hu\/deutsch\/wp-json\/wp\/v2\/pages"}],"about":[{"href":"https:\/\/semmelweis.hu\/deutsch\/wp-json\/wp\/v2\/types\/page"}],"author":[{"embeddable":true,"href":"https:\/\/semmelweis.hu\/deutsch\/wp-json\/wp\/v2\/users\/12"}],"replies":[{"embeddable":true,"href":"https:\/\/semmelweis.hu\/deutsch\/wp-json\/wp\/v2\/comments?post=7993"}],"version-history":[{"count":1,"href":"https:\/\/semmelweis.hu\/deutsch\/wp-json\/wp\/v2\/pages\/7993\/revisions"}],"predecessor-version":[{"id":7994,"href":"https:\/\/semmelweis.hu\/deutsch\/wp-json\/wp\/v2\/pages\/7993\/revisions\/7994"}],"wp:attachment":[{"href":"https:\/\/semmelweis.hu\/deutsch\/wp-json\/wp\/v2\/media?parent=7993"}],"wp:term":[{"taxonomy":"category","embeddable":true,"href":"https:\/\/semmelweis.hu\/deutsch\/wp-json\/wp\/v2\/categories?post=7993"},{"taxonomy":"post_tag","embeddable":true,"href":"https:\/\/semmelweis.hu\/deutsch\/wp-json\/wp\/v2\/tags?post=7993"}],"curies":[{"name":"wp","href":"https:\/\/api.w.org\/{rel}","templated":true}]}}