{"id":7680,"date":"2023-02-12T10:24:49","date_gmt":"2023-02-12T09:24:49","guid":{"rendered":"https:\/\/semmelweis.hu\/deutsch\/?page_id=7680"},"modified":"2026-01-19T13:13:26","modified_gmt":"2026-01-19T12:13:26","slug":"unterkunft","status":"publish","type":"page","link":"https:\/\/semmelweis.hu\/deutsch\/studentenleben\/unterkunft\/","title":{"rendered":"Wohnen w\u00e4hrend des Studiums"},"content":{"rendered":"<div class=\"keretes\">\n<h4><strong>Aufenthaltsbest\u00e4tigung<\/strong><\/h4>\n<p>Alle ausl\u00e4ndischen Studenten \u2013 auch EU-B\u00fcrger \u2013 haben sp\u00e4testens 93 Tage nach der Einreise nach Ungarn eine Aufenthaltsbest\u00e4tigung (Registrationsbest\u00e4tigung) in der Landeshauptdirektion der Ausl\u00e4nderbeh\u00f6rde zu beantragen. <span style=\"font-size: 1rem\">Zum Zeitpunkt der Beantragung der Registrationsbest\u00e4tigung muss man \u00fcber eine Miet- oder Eigentumswohnung in Ungarn verf\u00fcgen.\u00a0<\/span><\/p>\n<p><span style=\"color: #ff6600\">Online Beantragung<\/span> durch die elektronische Plattform <span style=\"color: #ff6600\"><strong>Enter Hungary<\/strong><\/span> der Ausl\u00e4nderbeh\u00f6rde\u00a0(<a href=\"https:\/\/enterhungary.gov.hu\/eh\/tajekoztato\/en\/DUMA\">Informationen<\/a>; erforderliche <a href=\"https:\/\/enterhungary.gov.hu\/eh\/tajekoztato\/en\/okmanyegtregigtanulo\">Dokumente<\/a>; <a href=\"https:\/\/enterhungary.gov.hu\/eh\/assets\/en-enter-hungary.pdf\">Benutzerhandbuch (EN).<\/a>\u00a0<\/p>\n<\/div>\n<h4><strong>Unterkunft<\/strong><\/h4>\n<p>Das Wohnungsangebot in Budapest ist ausreichend gro\u00df.<\/p>\n<ul style=\"list-style-type: square\">\n<li>\n<p><strong><a href=\"https:\/\/semmelweishousing.com\/\" target=\"_blank\" rel=\"noopener\">Offizielle Immobilienagentur<\/a> <\/strong>der Semmelweis Universit\u00e4t vermittelt Wohnungen.<\/p>\n<\/li>\n<li>\n<p>Die <a href=\"https:\/\/dsvs-semmelweis.de\/\" target=\"_blank\" rel=\"noopener\"><strong>Deutschsprachige Studentenvertretung Semmelweis (DSVS)<\/strong><\/a>\u00a0unterst\u00fctzt bei der Wohnungssuche<span style=\"font-size: 1rem\">.<\/span><\/p>\n<\/li>\n<li>\n<p><span style=\"font-size: 1rem\"><strong><a href=\"https:\/\/ungarnstudium.hu\/\" target=\"_blank\" rel=\"noopener\">College International<\/a><\/strong> vermittelt Wohnungen.<\/span><\/p>\n<\/li>\n<li>\n<p><span style=\"font-size: 1rem\"><a href=\"https:\/\/semmelweis.hu\/deutsch\/files\/2025\/04\/Deans-Home-Budapest-praesentation_SE_GER.pdf\" target=\"_blank\" rel=\"noopener\"><strong>Dean\u2019s Home Budapest<\/strong><\/a> bietet Unterk\u00fcnfte direkt neben der Semmelweis Universit\u00e4t.<\/span><\/p>\n<\/li>\n<\/ul>\n","protected":false},"excerpt":{"rendered":"<p>Aufenthaltsbest\u00e4tigung Alle ausl\u00e4ndischen Studenten \u2013 auch EU-B\u00fcrger \u2013 haben sp\u00e4testens 93 Tage nach der Einreise nach Ungarn eine Aufenthaltsbest\u00e4tigung (Registrationsbest\u00e4tigung) in der Landeshauptdirektion der Ausl\u00e4nderbeh\u00f6rde zu beantragen. Zum Zeitpunkt der Beantragung der Registrationsbest\u00e4tigung muss man \u00fcber eine Miet- oder Eigentumswohnung in Ungarn verf\u00fcgen.\u00a0 Online Beantragung durch die elektronische Plattform Enter Hungary der Ausl\u00e4nderbeh\u00f6rde\u00a0( <a href=\"https:\/\/enterhungary.gov.hu\/eh\/tajekoztato\/en\/DUMA\">Informationen<\/a> ; erforderliche &hellip;<\/p>\n","protected":false},"author":101640,"featured_media":33156,"parent":2119,"menu_order":10,"comment_status":"closed","ping_status":"closed","template":"template-fullwidth.php","meta":{"_acf_changed":false,"footnotes":""},"categories":[96,95,99],"tags":[],"class_list":["post-7680","page","type-page","status-publish","has-post-thumbnail","hentry","category-nach-der-zulassung","category-related-pages","category-studentenleben"],"acf":[],"_links":{"self":[{"href":"https:\/\/semmelweis.hu\/deutsch\/wp-json\/wp\/v2\/pages\/7680","targetHints":{"allow":["GET"]}}],"collection":[{"href":"https:\/\/semmelweis.hu\/deutsch\/wp-json\/wp\/v2\/pages"}],"about":[{"href":"https:\/\/semmelweis.hu\/deutsch\/wp-json\/wp\/v2\/types\/page"}],"author":[{"embeddable":true,"href":"https:\/\/semmelweis.hu\/deutsch\/wp-json\/wp\/v2\/users\/101640"}],"replies":[{"embeddable":true,"href":"https:\/\/semmelweis.hu\/deutsch\/wp-json\/wp\/v2\/comments?post=7680"}],"version-history":[{"count":10,"href":"https:\/\/semmelweis.hu\/deutsch\/wp-json\/wp\/v2\/pages\/7680\/revisions"}],"predecessor-version":[{"id":39765,"href":"https:\/\/semmelweis.hu\/deutsch\/wp-json\/wp\/v2\/pages\/7680\/revisions\/39765"}],"up":[{"embeddable":true,"href":"https:\/\/semmelweis.hu\/deutsch\/wp-json\/wp\/v2\/pages\/2119"}],"wp:featuredmedia":[{"embeddable":true,"href":"https:\/\/semmelweis.hu\/deutsch\/wp-json\/wp\/v2\/media\/33156"}],"wp:attachment":[{"href":"https:\/\/semmelweis.hu\/deutsch\/wp-json\/wp\/v2\/media?parent=7680"}],"wp:term":[{"taxonomy":"category","embeddable":true,"href":"https:\/\/semmelweis.hu\/deutsch\/wp-json\/wp\/v2\/categories?post=7680"},{"taxonomy":"post_tag","embeddable":true,"href":"https:\/\/semmelweis.hu\/deutsch\/wp-json\/wp\/v2\/tags?post=7680"}],"curies":[{"name":"wp","href":"https:\/\/api.w.org\/{rel}","templated":true}]}}