{"id":7244,"date":"2023-02-13T11:40:35","date_gmt":"2023-02-13T10:40:35","guid":{"rendered":"https:\/\/semmelweis.hu\/deutsch\/?page_id=7244"},"modified":"2023-02-20T15:41:55","modified_gmt":"2023-02-20T14:41:55","slug":"datenschutzinformation","status":"publish","type":"page","link":"https:\/\/semmelweis.hu\/deutsch\/studentenleben\/datenschutzinformation\/","title":{"rendered":"Datenschutzinformation"},"content":{"rendered":"<p><a href=\"https:\/\/semmelweis.hu\/deutsch\/files\/2021\/05\/Datenschutzinformation-Immunit\u00e4tsnachweis.pdf\" target=\"_blank\" rel=\"noopener noreferrer\">11\/2021 (14.05.2021)<\/a> \u2013 <strong>Datenschutzinformation<\/strong> \u00fcber die Verarbeitung personenbezogener Daten durch die Organisationseinheiten der Semmelweis Universit\u00e4t in Verbindung mit der Erkl\u00e4rung \u00fcber das Vorhandensein des <strong>Immunit\u00e4tsnachweis<\/strong>es, die Impfung, oder die vorausgehende SARS-CoV-2-Infektion binnen drei Monaten zur\u00fcckliegend<\/p>\n","protected":false},"excerpt":{"rendered":"<p><a href=\"https:\/\/semmelweis.hu\/deutsch\/files\/2021\/05\/Datenschutzinformation-Immunit\u00e4tsnachweis.pdf\" target=\"_blank\" rel=\"noopener noreferrer\">11\/2021 (14.05.2021)<\/a> \u2013 Datenschutzinformation \u00fcber die Verarbeitung personenbezogener Daten durch die Organisationseinheiten der Semmelweis Universit\u00e4t in Verbindung mit der Erkl\u00e4rung \u00fcber das Vorhandensein des Immunit\u00e4tsnachweises, die Impfung, oder die vorausgehende SARS-CoV-2-Infektion binnen drei Monaten zur\u00fcckliegend<\/p>\n","protected":false},"author":101640,"featured_media":0,"parent":2119,"menu_order":9,"comment_status":"closed","ping_status":"closed","template":"","meta":{"_acf_changed":false,"footnotes":""},"categories":[],"tags":[],"class_list":["post-7244","page","type-page","status-publish","hentry"],"acf":[],"_links":{"self":[{"href":"https:\/\/semmelweis.hu\/deutsch\/wp-json\/wp\/v2\/pages\/7244","targetHints":{"allow":["GET"]}}],"collection":[{"href":"https:\/\/semmelweis.hu\/deutsch\/wp-json\/wp\/v2\/pages"}],"about":[{"href":"https:\/\/semmelweis.hu\/deutsch\/wp-json\/wp\/v2\/types\/page"}],"author":[{"embeddable":true,"href":"https:\/\/semmelweis.hu\/deutsch\/wp-json\/wp\/v2\/users\/101640"}],"replies":[{"embeddable":true,"href":"https:\/\/semmelweis.hu\/deutsch\/wp-json\/wp\/v2\/comments?post=7244"}],"version-history":[{"count":4,"href":"https:\/\/semmelweis.hu\/deutsch\/wp-json\/wp\/v2\/pages\/7244\/revisions"}],"predecessor-version":[{"id":7251,"href":"https:\/\/semmelweis.hu\/deutsch\/wp-json\/wp\/v2\/pages\/7244\/revisions\/7251"}],"up":[{"embeddable":true,"href":"https:\/\/semmelweis.hu\/deutsch\/wp-json\/wp\/v2\/pages\/2119"}],"wp:attachment":[{"href":"https:\/\/semmelweis.hu\/deutsch\/wp-json\/wp\/v2\/media?parent=7244"}],"wp:term":[{"taxonomy":"category","embeddable":true,"href":"https:\/\/semmelweis.hu\/deutsch\/wp-json\/wp\/v2\/categories?post=7244"},{"taxonomy":"post_tag","embeddable":true,"href":"https:\/\/semmelweis.hu\/deutsch\/wp-json\/wp\/v2\/tags?post=7244"}],"curies":[{"name":"wp","href":"https:\/\/api.w.org\/{rel}","templated":true}]}}