{"id":6799,"date":"2020-11-24T15:19:49","date_gmt":"2020-11-24T14:19:49","guid":{"rendered":"https:\/\/semmelweis.hu\/deutsch\/?page_id=6799"},"modified":"2024-01-11T16:40:41","modified_gmt":"2024-01-11T15:40:41","slug":"einzahlung-gebuehren","status":"publish","type":"page","link":"https:\/\/semmelweis.hu\/deutsch\/studium\/neptun\/einzahlung-gebuehren\/","title":{"rendered":"Einzahlung von Geb\u00fchren \u00fcber das Neptun-System"},"content":{"rendered":"<div id=\"GroupWiseSection_1613993256000_gimpl.edit@semmelweis-univ.hu_D650A502132F0000A0FF000000000000_\" class=\"GroupWiseMessageBody active\">\n<h4><strong>Einzahlung der Studiengeb\u00fchren \u00fcber das Neptun System<\/strong><\/h4>\n<div><strong style=\"font-size: 1rem\">ab dem 2. Semester, d.h. f\u00fcr Studierende, die bereits \u00fcber einen Neptun-Code verf\u00fcgen<\/strong><\/div>\n<div>\u00a0<\/div>\n<div><span style=\"font-size: 1rem\">A<\/span><span style=\"font-size: 1rem\">n der Semmelweis Universit\u00e4t erfolgt die Einzahlung der Studiengeb\u00fchren \u00fcber das Studienverwaltungssystem Neptun, durch die Nutzung von Sammelkonten.<\/span><\/div>\n<div>\u00a0<\/div>\n<\/div>\n<div id=\"GroupWiseSection_1613993256000_gimpl.edit@semmelweis-univ.hu_D650A502132F0000A0FF000000000000_\" class=\"GroupWiseMessageBody active\">\n<p><strong>EUR-Sammelkonto f\u00fcr die \u00dcberweisung der Studiengeb\u00fchren <br \/>\n<\/strong><\/p>\n<div class=\"keretes w-100\">\n<p>Kontoinhaber: Semmelweis University<br \/>\nKontonummer (IBAN): HU11 1176 3842 0088 2880 0000 0000<br \/>\nBank Name: OTP Bank Nyrt.<br \/>\nBank Adresse: N\u00e1dor u. 16., 1051 Budapest, Hungary<br \/>\nSWIFT Code (BIC): OTPVHUHB<br \/>\nCorrespondent SWIFT Code (BIC): OTPVHUHB<br \/>\nVerwendungszweck\/Vermerk: NK-XXXXXX ; Name der Studentin\/des Studenten<\/p>\n<\/div>\n<p>&#8222;XXXXX&#8220; <strong>= <\/strong>Neptun Code der\/des Studierenden. <em>Die Angabe Ihres Neptuncodes am Anfang des Verwendungszwecks in der Form NK-XXXXXX ist Voraussetzung f\u00fcr die automatische Identifikation!\u00a0<\/em><\/p>\n<div class=\"w-100\">\n<div class=\"fontos_div\">\n<p style=\"text-align: left\">F\u00fcr <strong>Bewerbungsgeb\u00fchren, Immatrikulationsgeb\u00fchren sowie Studiengeb\u00fchren f\u00fcrs 1. Fachsemester<\/strong> gibt es andere Kontoangaben! Diese finden die Studieninteressierten unter <a href=\"https:\/\/semmelweis.hu\/deutsch\/faq\/wie-kann-ich-die-bewerbungsgebuehren-einzahlen\/\" target=\"_blank\" rel=\"noopener\">Bewerbungs- und Studiengeb\u00fchren<\/a>.<\/p>\n<\/div>\n<\/div>\n<p>Die Begleichung der Studiengeb\u00fchren \u00fcber das Neptun-System besteht aus zwei Schritten:<\/p>\n<p><strong>Schritt 1:<\/strong><\/p>\n<p>Die Studiengeb\u00fchren sind auf obiges Bankkonto zu \u00fcberweisen. (Die \u00dcberweisungsgeb\u00fchren gehen zu Lasten des Einzahlers\/der Einzahlerin.)<br \/>\nDie Angabe Ihres Neptuncodes am Anfang des Verwendungszwecks in der Form NK-XXXXXX ist Voraussetzung f\u00fcr die automatische Identifikation.\u00a0<\/p>\n<p>Nach erfolgter \u00dcberweisung und Neptun-Identifikation befindet sich der \u00fcberwiesene Betrag am obigen Sammelkonto und erscheint am n\u00e4chsten Arbeitstag als frei verf\u00fcgbarer Betrag im Neptun System.<\/p>\n<p><strong>Schritt 2:<\/strong><\/p>\n<p>\u00dcber die zu zahlenden Studiengeb\u00fchren wird am Anfang eines jeden Semesters ein sog. Zahlungsposten seitens des Deutschsprachigen Studentensekretariates erstellt.<br \/>\nDen von den Studierenden \u00fcberwiesenen Betrag, der nun im Neptun System erscheint, muss der\/die Studierende mit dem Zahlungsposten des ausgeschriebenen Betrages verkn\u00fcpfen. <a href=\"https:\/\/semmelweis.hu\/deutsch\/files\/2021\/09\/Zahlungsposten-verkn\u00fcpfen-im-NEPTUN.pdf\" target=\"_blank\" rel=\"noopener noreferrer\">Anleitung zur Verkn\u00fcpfung<\/a><\/p>\n<p>Nach erfolgter Einzahlung der Studiengeb\u00fchren wird der Finanzposten auf &#8222;gezahlt&#8220; (geleistet) umgestellt.<br \/>\nErst infolge der Verkn\u00fcpfung gilt die Einzahlung als ausgef\u00fchrt, d.h. erst dann sind die Studiengeb\u00fchren beglichen.<\/p>\n<\/div>\n<hr \/>\n<h4>\u00a0<\/h4>\n<h4><strong>Nachpr\u00fcfung und Vers\u00e4umnisgeb\u00fchr einzahlen:<\/strong><\/h4>\n<p><strong>Schritt 1: Einen Posten erstellen<\/strong><\/p>\n<p>Ins Neptun einloggen &gt; Men\u00fcpunkt: \u201e<strong>Finanzen<\/strong>\u201c &gt; <strong>Einzahlung<\/strong> &gt; <strong>Ausschreibung der Fragen \u00a0<\/strong>&gt; <br \/>\nZahlungsart w\u00e4hlen:<\/p>\n<ul>\n<li>Zahlungsart \u201e<strong>Nachpr\u00fcfung<\/strong>\u201c f\u00fcr Einzahlung von 4000 HUF: <br \/>\nF\u00fcr den dritten und f\u00fcr alle weiteren Pr\u00fcfungsversuche in einem Fach sind 4000 HUF\/Pr\u00fcfung <br \/>\nzu entrichten.<\/li>\n<li>Zahlungsart \u201e<strong>Typ der Dienstleistung<\/strong>\u201c; Serviceart: <strong>Vers\u00e4umnisgeb\u00fchr<\/strong> (7450 HUF):<br \/>\nF\u00fcr das unentschuldigte Fernbleiben von der Pr\u00fcfung sind 7450 HUF an Geb\u00fchren zu zahlen.<\/li>\n<\/ul>\n<p>Bitte Unterrichtsfach ausw\u00e4hlen.<br \/>\n<strong>Erstellung der ausgeschriebenen Posten.<\/strong><\/p>\n<p>&nbsp;<\/p>\n<p><strong>Schritt 2: Online bezahlen (simplepay)<\/strong><\/p>\n<p><strong>\u00a0<\/strong>\u201eEinzuzahlende ausgeschriebene Posten\u201c &#8212; bei der aktiven Zeile H\u00e4kchen setzen &#8212; <strong>Einzahlung<\/strong> &#8212; online Einzahlung mit Bankkarte.<br \/>\n\u201eM\u00f6chten sie einzahlen?\u201c \u2013 JA \u2013 Einzahlung (SimplePay).<\/p>\n<p><em>\u00a0<\/em><em>Bei Fernbleiben von der Pr\u00fcfung ist es erst <strong>nach erfolgreicher Einzahlung <\/strong>m\u00f6glich, sich f\u00fcr den n\u00e4chsten Termin anzumelden.<\/em><\/p>\n<p><img loading=\"lazy\" decoding=\"async\" class=\"\" src=\"https:\/\/semmelweis.hu\/deutsch\/files\/2021\/02\/SimplePay-OTP-NEPTUN-2021-02-16-163019.png\" alt=\"\" width=\"758\" height=\"361\" \/><\/p>\n<div id=\"GroupWiseSection_1613993256000_gimpl.edit@semmelweis-univ.hu_D650A502132F0000A0FF000000000000_\" class=\"GroupWiseMessageBody active\">\n<div>\u00a0<\/div>\n<div>\n<hr \/>\n<\/div>\n<div>\u00a0<\/div>\n<\/div>\n<div id=\"GroupWiseSection_1613993256000_gimpl.edit@semmelweis-univ.hu_D650A502132F0000A0FF000000000000_\" class=\"GroupWiseMessageBody active\">\n<p>&nbsp;<\/p>\n<\/div>\n","protected":false},"excerpt":{"rendered":"<p>Einzahlung der Studiengeb\u00fchren \u00fcber das Neptun System ab dem 2. Semester, d.h. f\u00fcr Studierende, die bereits \u00fcber einen Neptun-Code verf\u00fcgen \u00a0 An der Semmelweis Universit\u00e4t erfolgt die Einzahlung der Studiengeb\u00fchren \u00fcber das Studienverwaltungssystem Neptun, durch die Nutzung von Sammelkonten. \u00a0 EUR-Sammelkonto f\u00fcr die \u00dcberweisung der Studiengeb\u00fchren Kontoinhaber: Semmelweis University Kontonummer (IBAN): HU11 1176 3842 0088 &hellip;<\/p>\n","protected":false},"author":101640,"featured_media":0,"parent":3159,"menu_order":2,"comment_status":"closed","ping_status":"closed","template":"","meta":{"_acf_changed":false,"footnotes":""},"categories":[],"tags":[],"class_list":["post-6799","page","type-page","status-publish","hentry"],"acf":[],"_links":{"self":[{"href":"https:\/\/semmelweis.hu\/deutsch\/wp-json\/wp\/v2\/pages\/6799","targetHints":{"allow":["GET"]}}],"collection":[{"href":"https:\/\/semmelweis.hu\/deutsch\/wp-json\/wp\/v2\/pages"}],"about":[{"href":"https:\/\/semmelweis.hu\/deutsch\/wp-json\/wp\/v2\/types\/page"}],"author":[{"embeddable":true,"href":"https:\/\/semmelweis.hu\/deutsch\/wp-json\/wp\/v2\/users\/101640"}],"replies":[{"embeddable":true,"href":"https:\/\/semmelweis.hu\/deutsch\/wp-json\/wp\/v2\/comments?post=6799"}],"version-history":[{"count":10,"href":"https:\/\/semmelweis.hu\/deutsch\/wp-json\/wp\/v2\/pages\/6799\/revisions"}],"predecessor-version":[{"id":35861,"href":"https:\/\/semmelweis.hu\/deutsch\/wp-json\/wp\/v2\/pages\/6799\/revisions\/35861"}],"up":[{"embeddable":true,"href":"https:\/\/semmelweis.hu\/deutsch\/wp-json\/wp\/v2\/pages\/3159"}],"wp:attachment":[{"href":"https:\/\/semmelweis.hu\/deutsch\/wp-json\/wp\/v2\/media?parent=6799"}],"wp:term":[{"taxonomy":"category","embeddable":true,"href":"https:\/\/semmelweis.hu\/deutsch\/wp-json\/wp\/v2\/categories?post=6799"},{"taxonomy":"post_tag","embeddable":true,"href":"https:\/\/semmelweis.hu\/deutsch\/wp-json\/wp\/v2\/tags?post=6799"}],"curies":[{"name":"wp","href":"https:\/\/api.w.org\/{rel}","templated":true}]}}